{"id":369,"date":"2014-03-26T15:31:53","date_gmt":"2014-03-26T14:31:53","guid":{"rendered":"https:\/\/krets.jagareforbundet.se\/falbygden\/?page_id=369"},"modified":"2014-04-05T15:23:01","modified_gmt":"2014-04-05T13:23:01","slug":"trofebedomning","status":"publish","type":"page","link":"https:\/\/krets.jagareforbundet.se\/falbygden\/trofebedomning\/","title":{"rendered":"Trof\u00e9bed\u00f6mning"},"content":{"rendered":"<p>Andreas Lindgren \u00e4r utbildad trof\u00e9bed\u00f6mmare. Har du en trof\u00e9 som du vill ha bed\u00f6md kan du v\u00e4nda dig till<\/p>\n<p><strong>Andreas Lindgren G\u00f6teve \u00c4storp 5\u00a0 52192 Falk\u00f6ping\u00a0 070-3051977\u00a0\u00a0\u00a0\u00a0\u00a0\u00a0\u00a0 <a href=\"mailto:andreaslindgren79@yahoo.se\">andreaslindgren79@yahoo.se<\/a><\/strong><\/p>\n<p>&nbsp;<\/p>\n","protected":false},"excerpt":{"rendered":"<p>Andreas Lindgren \u00e4r utbildad trof\u00e9bed\u00f6mmare. Har du en trof\u00e9 som du vill ha bed\u00f6md kan du v\u00e4nda dig till Andreas Lindgren G\u00f6teve \u00c4storp 5\u00a0 52192 Falk\u00f6ping\u00a0 070-3051977\u00a0\u00a0\u00a0\u00a0\u00a0\u00a0\u00a0 andreaslindgren79@yahoo.se &nbsp;<\/p>\n","protected":false},"author":85,"featured_media":0,"parent":0,"menu_order":0,"comment_status":"open","ping_status":"open","template":"","meta":{"footnotes":""},"class_list":["post-369","page","type-page","status-publish","hentry"],"_links":{"self":[{"href":"https:\/\/krets.jagareforbundet.se\/falbygden\/wp-json\/wp\/v2\/pages\/369","targetHints":{"allow":["GET"]}}],"collection":[{"href":"https:\/\/krets.jagareforbundet.se\/falbygden\/wp-json\/wp\/v2\/pages"}],"about":[{"href":"https:\/\/krets.jagareforbundet.se\/falbygden\/wp-json\/wp\/v2\/types\/page"}],"author":[{"embeddable":true,"href":"https:\/\/krets.jagareforbundet.se\/falbygden\/wp-json\/wp\/v2\/users\/85"}],"replies":[{"embeddable":true,"href":"https:\/\/krets.jagareforbundet.se\/falbygden\/wp-json\/wp\/v2\/comments?post=369"}],"version-history":[{"count":0,"href":"https:\/\/krets.jagareforbundet.se\/falbygden\/wp-json\/wp\/v2\/pages\/369\/revisions"}],"wp:attachment":[{"href":"https:\/\/krets.jagareforbundet.se\/falbygden\/wp-json\/wp\/v2\/media?parent=369"}],"curies":[{"name":"wp","href":"https:\/\/api.w.org\/{rel}","templated":true}]}}