{"id":384,"date":"2015-03-26T10:58:21","date_gmt":"2015-03-26T09:58:21","guid":{"rendered":"https:\/\/krets.jagareforbundet.se\/falbygden\/?page_id=384"},"modified":"2016-05-23T20:43:56","modified_gmt":"2016-05-23T18:43:56","slug":"arsmotesprotokoll","status":"publish","type":"page","link":"https:\/\/krets.jagareforbundet.se\/falbygden\/arsmotesprotokoll\/","title":{"rendered":"\u00c5rsm\u00f6tesprotokoll"},"content":{"rendered":"<p>&nbsp;<\/p>\n<p><a href=\"https:\/\/krets.jagareforbundet.se\/falbygden\/files\/2015\/03\/arsmote-16-02-24.doc\">\u00c5rsm\u00f6te 16-02-24<\/a><\/p>\n<p><a href=\"https:\/\/krets.jagareforbundet.se\/falbygden\/files\/2015\/03\/\u00c5rsm\u00f6te-15-02-18.pdf\">\u00c5rsm\u00f6te 15-02-18<\/a><\/p>\n<p><a href=\"https:\/\/krets.jagareforbundet.se\/falbygden\/files\/2015\/03\/\u00c5rsm\u00f6te-14-02-26.pdf\">\u00c5rsm\u00f6te 14-02-26<\/a><\/p>\n<p><a href=\"https:\/\/krets.jagareforbundet.se\/falbygden\/files\/2015\/03\/\u00c5rsm\u00f6te-13-02-14.pdf\">\u00c5rsm\u00f6te 13-02-14<\/a><\/p>\n<p><a href=\"https:\/\/krets.jagareforbundet.se\/falbygden\/files\/2015\/03\/\u00c5rsm\u00f6te-12-02-09.pdf\">\u00c5rsm\u00f6te 12-02-09<\/a><\/p>\n<p>&nbsp;<\/p>\n<p>&nbsp;<\/p>\n","protected":false},"excerpt":{"rendered":"<p>&nbsp; \u00c5rsm\u00f6te 16-02-24 \u00c5rsm\u00f6te 15-02-18 \u00c5rsm\u00f6te 14-02-26 \u00c5rsm\u00f6te 13-02-14 \u00c5rsm\u00f6te 12-02-09 &nbsp; &nbsp;<\/p>\n","protected":false},"author":85,"featured_media":0,"parent":0,"menu_order":0,"comment_status":"open","ping_status":"open","template":"","meta":{"footnotes":""},"class_list":["post-384","page","type-page","status-publish","hentry"],"_links":{"self":[{"href":"https:\/\/krets.jagareforbundet.se\/falbygden\/wp-json\/wp\/v2\/pages\/384","targetHints":{"allow":["GET"]}}],"collection":[{"href":"https:\/\/krets.jagareforbundet.se\/falbygden\/wp-json\/wp\/v2\/pages"}],"about":[{"href":"https:\/\/krets.jagareforbundet.se\/falbygden\/wp-json\/wp\/v2\/types\/page"}],"author":[{"embeddable":true,"href":"https:\/\/krets.jagareforbundet.se\/falbygden\/wp-json\/wp\/v2\/users\/85"}],"replies":[{"embeddable":true,"href":"https:\/\/krets.jagareforbundet.se\/falbygden\/wp-json\/wp\/v2\/comments?post=384"}],"version-history":[{"count":1,"href":"https:\/\/krets.jagareforbundet.se\/falbygden\/wp-json\/wp\/v2\/pages\/384\/revisions"}],"predecessor-version":[{"id":421,"href":"https:\/\/krets.jagareforbundet.se\/falbygden\/wp-json\/wp\/v2\/pages\/384\/revisions\/421"}],"wp:attachment":[{"href":"https:\/\/krets.jagareforbundet.se\/falbygden\/wp-json\/wp\/v2\/media?parent=384"}],"curies":[{"name":"wp","href":"https:\/\/api.w.org\/{rel}","templated":true}]}}