{"id":1002,"date":"2013-03-19T23:38:39","date_gmt":"2013-03-19T22:38:39","guid":{"rendered":"https:\/\/krets.jagareforbundet.se\/folkarna\/?page_id=1002"},"modified":"2020-08-07T12:39:47","modified_gmt":"2020-08-07T10:39:47","slug":"eftersok","status":"publish","type":"page","link":"https:\/\/krets.jagareforbundet.se\/folkarna\/jaktfragor\/eftersok\/","title":{"rendered":"Efters\u00f6k"},"content":{"rendered":"<div>\n<table border=\"0\" cellspacing=\"1\" cellpadding=\"0\">\n<tbody>\n<tr>\n<td><a href=\"https:\/\/krets.jagareforbundet.se\/folkarna\/files\/2013\/03\/EFTERSOK.jpg\"><img loading=\"lazy\" decoding=\"async\" class=\"alignleft size-medium wp-image-1052\" title=\"EFTERSOK\" src=\"https:\/\/krets.jagareforbundet.se\/folkarna\/files\/2013\/03\/EFTERSOK-199x300.jpg\" alt=\"\" width=\"199\" height=\"300\" srcset=\"https:\/\/krets.jagareforbundet.se\/folkarna\/files\/2013\/03\/EFTERSOK-199x300.jpg 199w, https:\/\/krets.jagareforbundet.se\/folkarna\/files\/2013\/03\/EFTERSOK.jpg 360w\" sizes=\"auto, (max-width: 199px) 100vw, 199px\" \/><\/a><\/p>\n<p>Det finns juridiskt tv\u00e5 typer av efters\u00f6k, med skilda regler, efters\u00f6k vid jakt och efters\u00f6k vid viltolycka. Vid jakt \u00e4r den enskilde jaktr\u00e4ttshavaren ansvarig f\u00f6r att efters\u00f6ket startas. Vid viltolycka \u00e4r det Polisen, som med av polisen godk\u00e4nda efters\u00f6ksj\u00e4gare och hundar beslutar om efters\u00f6k. I b\u00e5da fallen g\u00e4ller regeln att skadat vilt, utan hinder av olika lagar, skall, f\u00f6r mista m\u00f6jliga lidande, kunna avlivas, skillnaden g\u00e4ller vem som f\u00e5r starta efters\u00f6ket i de b\u00e5da fallen.<\/p>\n<address><strong>Efters\u00f6k vid viltolycka<\/strong><strong> startas p\u00e5 Polisens order, och\u00a0<\/strong><strong style=\"line-height: 19px\">endast<\/strong><strong style=\"line-height: 19px\">\u00a0<\/strong><strong style=\"line-height: 19px\">med\u00a0<\/strong><strong style=\"line-height: 19px\">av Polisen godk\u00e4nda efters\u00f6ksekipage. \u00a0<\/strong><\/address>\n<p>Efters\u00f6k vid jakt efter bj\u00f6rn, varg, j\u00e4rv, lo, \u00e4lg, hjort, r\u00e5djur, mufflonf\u00e5r eller vildsvin skall j\u00e4garen f\u00f6re varje tillf\u00e4lle f\u00f6rs\u00e4kra sig om att en hund som \u00e4r s\u00e4rskilt tr\u00e4nad i att sp\u00e5ra upp skadat vilt skall kunna finnas vid skottplatsen inom h\u00f6gst tv\u00e5 timmar fr\u00e5n p\u00e5skjutningen, vid jakt efter ringduva, g\u00e4ss eller \u00e4nder ska en hund som kan apportera eller markera nedskjuten f\u00e5gel, medf\u00f6ras i enlighet med 17 \u00a7 andra stycket Jaktf\u00f6rordningen. J\u00e4garen skall vidare, om s\u00e5 beh\u00f6vs, fullg\u00f6ra den underr\u00e4ttelseskyldighet som f\u00f6ljer av 28 \u00a7 andra stycket i Jaktlagen. Sl\u00e4pp prestigen och l\u00e5t den j\u00e4gare med \u00a0b\u00e4st rutin, utrustning och hundmaterial f\u00f6r viltart som jagas f\u00e5 sk\u00f6ta efters\u00f6k vid jakt!<\/p>\n<p>Ekipage som uppfyller kraven nedan ben\u00e4mns Godk\u00e4nda efters\u00f6ksekipage. De godk\u00e4nda ekipagen kan ha olika beh\u00f6righet A till E. Det finns f\u00f6rteckningar \u00f6ver godk\u00e4nda efters\u00f6ksekipage i v\u00e5rt l\u00e4n g\u00e4llande <strong>D &#8211; F<\/strong>. Lista p\u00e5 ekipage <strong>A- C<\/strong> saknas och b\u00f6r uppr\u00e4ttas lokalt i kretsens jaktlag. <strong>A &#8211; G<\/strong> f\u00f6r viltolycka finns ekipagen i Polisens register<\/td>\n<\/tr>\n<\/tbody>\n<\/table>\n<\/div>\n<div>\n<table style=\"width: 518px\" border=\"1\" cellspacing=\"1\" cellpadding=\"0\">\n<tbody>\n<tr>\n<td colspan=\"2\" width=\"516\">\n<p align=\"center\"><strong>Erfaren efters\u00f6ksj\u00e4gare med\u2026.<\/strong><\/p>\n<\/td>\n<\/tr>\n<tr>\n<td width=\"49\">\n<p align=\"center\"><strong>A<\/strong>.<\/p>\n<\/td>\n<td width=\"466\">Enbart sp\u00e5rhund p\u00e5 <strong>kl\u00f6vvilt<\/strong><\/td>\n<\/tr>\n<tr>\n<td width=\"49\">\n<p align=\"center\"><strong>B.<\/strong><\/p>\n<\/td>\n<td width=\"466\">Sp\u00e5rhund p\u00e5 <strong>kl\u00f6vvilt<\/strong> som \u00e4ven kan arbeta l\u00f6s som <strong>st\u00e4llande<\/strong> hund p\u00e5 <strong>\u00e4lg<\/strong> och <strong>kronvilt.<\/strong><\/td>\n<\/tr>\n<tr>\n<td width=\"49\">\n<p align=\"center\"><strong>C.<\/strong><\/p>\n<\/td>\n<td width=\"466\">Sp\u00e5rhund p\u00e5 <strong>kl\u00f6vvilt<\/strong> som \u00e4ven kan fungera l\u00f6s som avf\u00e5ngningshund p\u00e5 <strong>r\u00e5djur<\/strong> eller <strong>dovvilt<\/strong><\/td>\n<\/tr>\n<tr>\n<td width=\"49\">\n<p align=\"center\"><strong>D.<\/strong><\/p>\n<\/td>\n<td width=\"466\">Sp\u00e5rhund p\u00e5 <strong>kl\u00f6vvilt<\/strong> som \u00e4ven kan arbeta l\u00f6s som <strong>st\u00e4llande<\/strong> hund p\u00e5 <strong>vildsvin.<\/strong> Endast ekipage med beh\u00f6righet <strong>D<\/strong> \u00e4r godk\u00e4nda som efters\u00f6kshundar p\u00e5 <strong><a href=\"http:\/\/www.jagareforbundet.se\/dalarna\/Default.asp?path=6956%2C17841&amp;pageid=25377\">vildsvin<\/a>.<\/strong><\/td>\n<\/tr>\n<tr>\n<td width=\"49\">\n<p align=\"center\"><strong>E.<\/strong><\/p>\n<\/td>\n<td width=\"466\">J\u00e4gare med hund som genomg\u00e5tt s\u00e4rskild utbildning i <strong>bj\u00f6rnefters\u00f6k.<\/strong><\/td>\n<\/tr>\n<tr>\n<td width=\"49\">\n<p align=\"center\"><strong>F.<\/strong><\/p>\n<\/td>\n<td width=\"466\">J\u00e4gare med hund som genomg\u00e5tt s\u00e4rskild utbildning i <strong>bj\u00f6rnefters\u00f6k<\/strong> vid viltolycka.<\/td>\n<\/tr>\n<tr>\n<td width=\"49\">\n<p align=\"center\"><strong>G.<\/strong><\/p>\n<\/td>\n<td width=\"466\">J\u00e4gare och hund som jaktledaren intygat sk\u00f6ter efters\u00f6k i jaktlaget. Eller har intyg p\u00e5 genomg\u00e5ngen efters\u00f6kskurs p\u00e5 kl\u00f6vvilt<\/td>\n<\/tr>\n<\/tbody>\n<\/table>\n<\/div>\n<div>\n<table border=\"0\" cellspacing=\"1\" cellpadding=\"0\">\n<tbody>\n<tr>\n<td>I ett godk\u00e4nt ekipage b\u00f6r tv\u00e5 hundar ing\u00e5, d\u00e4r den ena \u00e4r en ren sp\u00e5rhund och den andra kan arbeta l\u00f6s som st\u00e4llande eller avf\u00e5ngningshund. Bet\u00e4nk att, om sp\u00e5rhund vars huvudsakliga uppgift \u00e4r att st\u00e4lla \u00c4lg, anv\u00e4nds till annat vilt, i omr\u00e5de d\u00e4r det ocks\u00e5 finns \u00e4lg, finns stor risk att hunden g\u00f6r sp\u00e5rbyte! Som ju vid jakt, \u00e4r mest praktiskt, tar det f\u00e4rskaste sp\u00e5ret.<\/td>\n<\/tr>\n<tr>\n<td>\n<table border=\"0\" cellpadding=\"0\">\n<tbody>\n<tr>\n<td colspan=\"4\" width=\"658\">\n<p align=\"center\"><strong>L\u00e4nsinstrukt\u00f6rer f\u00f6r efters\u00f6k av kl\u00f6vvilt i Dalarnas l\u00e4n<\/strong><\/p>\n<\/td>\n<\/tr>\n<tr>\n<td><strong>Calle Ekstr\u00f6m<\/strong><\/td>\n<td><\/td>\n<td><strong>Leksand<\/strong><\/td>\n<td><strong>0247-122 64, 070-592 36 00<\/strong><\/td>\n<\/tr>\n<tr>\n<td><strong>Anders Andersols<\/strong><\/td>\n<td><\/td>\n<td><strong>Falun<\/strong><\/td>\n<td><strong>070-587 33 67<\/strong><\/td>\n<\/tr>\n<tr>\n<td><strong>Bengt Lundell<\/strong><\/td>\n<td><\/td>\n<td><strong>776 32 Hedemora<\/strong><\/td>\n<td><strong>070-323 92 75 <\/strong><\/td>\n<\/tr>\n<tr>\n<td><strong>Janne Svensson<\/strong><\/td>\n<td><\/td>\n<td><strong>771 60 Ludvika<\/strong><\/td>\n<td><strong>0240-39 191, 070-594 13 20<\/strong><\/td>\n<\/tr>\n<tr>\n<td><strong>Jan-Anders Thorud<\/strong><\/td>\n<td><\/td>\n<td><strong>782 90 Malung<\/strong><\/td>\n<td><strong>0280-410 42, 070-512 96 81<\/strong><\/td>\n<\/tr>\n<\/tbody>\n<\/table>\n<\/td>\n<\/tr>\n<tr>\n<td>Vilt av arterna bj\u00f6rn, varg, j\u00e4rv, lo, myskoxe, fj\u00e4llr\u00e4v, utter, valar, fiskgjuse, bivr\u00e5k, tornuggla, h\u00f6kuggla, berguv, fj\u00e4lluggla, lappuggla, slaguggla, r\u00f6rdrom, lunnef\u00e5gel, salskrake, svarthalsad dopping, sk\u00e4rfl\u00e4cka, gr\u00e5spett, vitryggig hackspett, mellanspett, kungsfiskare, bl\u00e5kr\u00e5ka, h\u00e4rf\u00e5gel, sommargylling, fj\u00e4llg\u00e5s, skr\u00e4nt\u00e4rna, svartt\u00e4rna, storkar, \u00f6rnar, glador, falkar och k\u00e4rrh\u00f6kar som omh\u00e4ndertas, p\u00e5tr\u00e4ffas d\u00f6tt eller d\u00f6das n\u00e4r s\u00e5dant djur \u00e4r fredat, och tillfaller staten. \u00c4lg eller hjort som p\u00e5tr\u00e4ffas d\u00f6d eller d\u00f6das n\u00e4r s\u00e5dant djur \u00e4r fredat tillfaller staten med de undantag som f\u00f6ljer av 34 \u00a7. Vidare g\u00e4ller att \u00e4lg f\u00f6r vilken det betalas avgift f\u00f6r enligt 52 c \u00a7 f\u00e5r beh\u00e5llas av jaktr\u00e4ttshavaren. F\u00f6rordning (1998:1000).<\/td>\n<\/tr>\n<\/tbody>\n<\/table>\n<a href=\"https:\/\/app.coursio.com\/store\/jagareforbundet\" class=\"woo-sc-button  purple\" ><span class=\"woo-\">E-Utbildning Efters\u00f6k<\/span><\/a>\n<p class=\"abstract\" style=\"text-align: left\">Det \u00e4r ingen st\u00f6rre skillnad p\u00e5 blodsp\u00e5r och viltsp\u00e5r. Blodsp\u00e5r l\u00e4gger man f\u00f6r tr\u00e4nings\/beriknings skull. Viltsp\u00e5r s\u00e4ger man om man t\u00e4vlar i detta. F\u00f6r hunden \u00e4r det ingen skillnad alls utan bara j\u00e4ttekul!<\/p>\n<p style=\"text-align: left\">En av de b\u00e4sta berikningarna man kan ge sin hund. Att sp\u00e5ra \u00e4r f\u00f6r alla hundar naturligt och n\u00e5got som de\u00a0allra flesta\u00a0tycker \u00e4r enormt roligt! Det kr\u00e4vs inte s\u00e5 mycket f\u00f6r att kunna ge denna berikning till sin hund. Det Du f\u00e5r tillbaka efter en sp\u00e5rtr\u00e4ning \u00e4r en tr\u00f6tt men mycket n\u00f6jd hund.<\/p>\n<p style=\"text-align: left\"><strong>Utrustning<\/strong><\/p>\n<p style=\"text-align: left\">F\u00f6r att kunna utf\u00f6ra blodsp\u00e5r s\u00e5 m\u00e5ste Du inf\u00f6rskaffa n\u00e5gra saker innan.<\/p>\n<ul style=\"text-align: left\">\n<li>Sp\u00e5rlina som \u00e4r ca 10 m.<\/li>\n<li>En sp\u00e5rsele som \u00e4r anpassad efter Din hund och sitter bekv\u00e4mt och bra.<\/li>\n<li>Ett par handskar kan vara sk\u00f6nt att ha p\u00e5.<\/li>\n<li>Kl\u00e4dnypor (helst i plast med h\u00e5l i)<\/li>\n<li>Plastband (finns p\u00e5 panduro, v\u00e4lj en f\u00e4rg som avskiljer fr\u00e5n skogen. Det g\u00e5r \u00e4ven bra med s\u00f6nderklippta plastp\u00e5sar)<\/li>\n<li>N\u00f6tblod (finns i en del mataff\u00e4rer i frysen, annars p\u00e5 charkar)<\/li>\n<li>R\u00e5djurskl\u00f6var (h\u00f6r med en j\u00e4gare annars finns det i en del djuraff\u00e4rer, alt slakterier om det finns i Din n\u00e4rhet)<\/li>\n<li>Ett sn\u00f6re ca 2 m att knyta runt r\u00e5djurskl\u00f6ven (skanken som de ocks\u00e5 kallas) Sn\u00f6ret ska vara ganska stabilt, d\u00e5 skanken ska sl\u00e4ppa efter Dig n\u00e4r Du g\u00e5r sp\u00e5ret.<\/li>\n<li>En \u00bd l flaska som Du g\u00f6r ett litet h\u00e5l i korken p\u00e5 tex en cocacola flaska.\u00a0Senap\/Ketchupflaskor anser jag vara f\u00f6r stort h\u00e5l i s\u00e5 det kommer f\u00f6r mycket blod p\u00e5 en g\u00e5ng.<\/li>\n<\/ul>\n<p style=\"text-align: left\">T\u00e4nk p\u00e5 att Du nu ej beh\u00f6ver tillst\u00e5nd fr\u00e5n Jordbruksverket f\u00f6r att f\u00e5 l\u00e4gga vilt\/ blodsp\u00e5r.<\/p>\n<p style=\"text-align: left\"><span class=\"link\">Du beh\u00f6ver inget tillst\u00e5nd f\u00f6r att f\u00e5 l\u00e4gga blodsp\u00e5r med blod fr\u00e5n vilda djur. Men du f\u00e5r bara anv\u00e4nda blod som kommer fr\u00e5n djur som du inte misst\u00e4nker \u00e4r infekterade med sjukdomar som kan \u00f6verf\u00f6ras till m\u00e4nniskor eller djur.<\/span><\/p>\n<h1>F\u00f6renklingar i f\u00f6reskrifter, tack vare f\u00f6rbundet &#8211; Svenska J\u00e4garef\u00f6rbundet<\/h1>\n<div id=\"pageWrap\">\n<div class=\"clearfix\" id=\"content\">\n<div id=\"fullCol\">\n<div id=\"largeCol\">\n<div class=\"content clearfix\">\n<div class=\"leftCol leftColLarge newsList\">\n<div class=\"newsItem newsItemFull newsItemLargeLast\">\n<div>\n<p>\u00c4ndringen i regelverket g\u00e4ller blod som anv\u00e4nds f\u00f6r sp\u00e5rtr\u00e4ning till efters\u00f6k. \u201dBlod som var livsmedel fram till att det l\u00e4mnats ut till mottagaren f\u00e5r anv\u00e4ndas f\u00f6r tr\u00e4ning och bed\u00f6mning av hund i efters\u00f6k. Du beh\u00f6ver inte l\u00e4ngre registrera dig eller ha tillst\u00e5nd f\u00f6r anv\u00e4ndning. \u00d6verblivet materialet f\u00e5r hanteras enligt avfallslagstiftningen. Observera att kravet p\u00e5 tv\u00e5 veckors karenstid finns kvar\u201d, skriver Jordbruksverket. [2015-02-08]<\/p>\n<\/div>\n<\/div>\n<\/div>\n<\/div>\n<\/div>\n<\/div>\n<\/div>\n<\/div>\n<p style=\"text-align: center\"><a href=\"https:\/\/krets.jagareforbundet.se\/folkarna\/hundfragor\/agria-hundforsakringar\/\" class=\"woo-sc-button  custom\" style=\"background:;border-color:\"><span class=\"woo-\">Skador p\u00e5 hund vid efters\u00f6k<\/span><\/a><\/p>\n<p>Tv\u00e5 nya efters\u00f6kskurser p\u00e5 g\u00e5ng<br \/>\nEn forts\u00e4ttningskurs i efters\u00f6k \u00e4r under bildande. N\u00e5gra saker\u00a0\u00e5terst\u00e5r innan kursen kan f\u00e4rdigst\u00e4llas. F\u00f6rst att f\u00e5nga upp<br \/>\n\u00e5terst\u00e5ende efters\u00f6ksinstrukt\u00f6rers id\u00e9er och synpunkter p\u00e5\u00a0kursinneh\u00e5llet. Sedan att f\u00e4rdigst\u00e4lla kursplanen och informera<br \/>\nom kursen ut\u00e5t sett. Instrukt\u00f6rer som \u00f6nskar kan sedan\u00a0arrangera denna kurs. Denna kurs m\u00f6jligg\u00f6r f\u00f6rdjupning inom<br \/>\ns\u00e5dant som inte hinns med p\u00e5 v\u00e5r ordinarie Efters\u00f6ksutbildning.\u00a0Id\u00e9n till och behov av denna satsning kommer fr\u00e5n efters\u00f6ksinstrukt\u00f6rsleden.<\/p>\n<p>En annan efters\u00f6ksutbildning som \u00e4r under utveckling \u00e4r\u00a0kursen Specialsituationer efters\u00f6k. Den blir smal p\u00e5 s\u00e5 s\u00e4tt att<br \/>\ninneh\u00e5llet r\u00f6r perifera delar av den stora m\u00e4ngden efters\u00f6k.\u00a0D\u00e4rf\u00f6r \u00e4r det ocks\u00e5 naturligt att den kompletterar, men inte<br \/>\nalls \u00f6verlappar v\u00e5r befintliga Efters\u00f6ksutbildning. Kortfattat\u00a0fokuserar kursen p\u00e5 relativt ovanligt uppkomna situationer och<br \/>\np\u00e5 probleml\u00f6sning under stress. Kursen blir ocks\u00e5 smal i den\u00a0meningen att genomstr\u00f6mningen p\u00e5 kursen blir relativt liten.<br \/>\nMycket arbete \u00e5terst\u00e5r innan kursen \u00e4r klar och detta kommer\u00a0utarbetas i samverkan med en kompetent referensgrupp d\u00e4r<br \/>\nbland annat f\u00f6rbundets regioner \u00e4r representerade. Mer information\u00a0om intag till denna kurs, kursinneh\u00e5ll och kursdatum<br \/>\nkommer ut under april och maj. Varf\u00f6r utvecklar vi d\u00e5 denna\u00a0utbildning? Efters\u00f6kens uppklarandegrad kan alltid h\u00f6jas. Och<br \/>\nvi \u00e4r skyldiga att hela tiden arbeta f\u00f6r att utveckla detta \u00e5t r\u00e4tt\u00a0h\u00e5ll. En del i detta \u00e4r att fokusera p\u00e5 de sv\u00e5raste efters\u00f6ken,<br \/>\nsom ofta riskerar att leda till det st\u00f6rsta lidandet f\u00f6r viltet.<br \/>\nMarkus Olsson, efters\u00f6kssamordnare<\/p>\n<\/div>\n","protected":false},"excerpt":{"rendered":"<p>Det finns juridiskt tv\u00e5 typer av efters\u00f6k, med skilda regler, efters\u00f6k vid jakt och efters\u00f6k vid viltolycka. Vid jakt \u00e4r den enskilde jaktr\u00e4ttshavaren ansvarig f\u00f6r att efters\u00f6ket startas. Vid viltolycka \u00e4r det Polisen, som med av polisen godk\u00e4nda efters\u00f6ksj\u00e4gare och hundar beslutar om efters\u00f6k. I b\u00e5da fallen g\u00e4ller regeln att skadat vilt, utan hinder av [&hellip;]<\/p>\n","protected":false},"author":78,"featured_media":0,"parent":1705,"menu_order":2,"comment_status":"open","ping_status":"open","template":"","meta":{"footnotes":""},"class_list":["post-1002","page","type-page","status-publish","hentry"],"_links":{"self":[{"href":"https:\/\/krets.jagareforbundet.se\/folkarna\/wp-json\/wp\/v2\/pages\/1002","targetHints":{"allow":["GET"]}}],"collection":[{"href":"https:\/\/krets.jagareforbundet.se\/folkarna\/wp-json\/wp\/v2\/pages"}],"about":[{"href":"https:\/\/krets.jagareforbundet.se\/folkarna\/wp-json\/wp\/v2\/types\/page"}],"author":[{"embeddable":true,"href":"https:\/\/krets.jagareforbundet.se\/folkarna\/wp-json\/wp\/v2\/users\/78"}],"replies":[{"embeddable":true,"href":"https:\/\/krets.jagareforbundet.se\/folkarna\/wp-json\/wp\/v2\/comments?post=1002"}],"version-history":[{"count":3,"href":"https:\/\/krets.jagareforbundet.se\/folkarna\/wp-json\/wp\/v2\/pages\/1002\/revisions"}],"predecessor-version":[{"id":7443,"href":"https:\/\/krets.jagareforbundet.se\/folkarna\/wp-json\/wp\/v2\/pages\/1002\/revisions\/7443"}],"up":[{"embeddable":true,"href":"https:\/\/krets.jagareforbundet.se\/folkarna\/wp-json\/wp\/v2\/pages\/1705"}],"wp:attachment":[{"href":"https:\/\/krets.jagareforbundet.se\/folkarna\/wp-json\/wp\/v2\/media?parent=1002"}],"curies":[{"name":"wp","href":"https:\/\/api.w.org\/{rel}","templated":true}]}}