{"id":1197,"date":"2013-03-22T10:35:00","date_gmt":"2013-03-22T09:35:00","guid":{"rendered":"https:\/\/krets.jagareforbundet.se\/folkarna\/?page_id=1197"},"modified":"2016-06-25T15:08:52","modified_gmt":"2016-06-25T13:08:52","slug":"tips-trix","status":"publish","type":"page","link":"https:\/\/krets.jagareforbundet.se\/folkarna\/medlemsfragor\/tips-trix\/","title":{"rendered":"Tips &amp; Trix"},"content":{"rendered":"<p><span style=\"font-size: 13px\"><a href=\"https:\/\/krets.jagareforbundet.se\/folkarna\/files\/2013\/03\/android-app-reportaccident-full1.png\"><img loading=\"lazy\" decoding=\"async\" class=\"alignleft size-thumbnail wp-image-1753\" title=\"Android-app Koordinaterna visas nu \u00f6verst p\u00e5 sidan\" src=\"https:\/\/krets.jagareforbundet.se\/folkarna\/files\/2013\/03\/android-app-reportaccident-full1-150x150.png\" alt=\"\" width=\"150\" height=\"150\" \/><\/a>Har du en ny typ av mobiltelefon med GPS ? Ladda d\u00e5 ner Viltolycksappen &gt;&gt; <\/span><a style=\"font-size: 13px\" title=\"Android mobil\" href=\"http:\/\/www.viltolycka.se\/om-nationella-viltolycksradet\/android-app.aspx\"><strong>H\u00e4r<\/strong><\/a><span style=\"font-size: 13px\">\u00a0Med den f\u00e5r du upp koordinaterna i mobilen d\u00e4r du f\u00f6r tillf\u00e4llet \u00e4r. Bra vid viltolycka n\u00e4r den anm\u00e4ls p\u00e5 SOS 112, men ocks\u00e5 att ge plastinformation d\u00e4r \u00e4lgen ligger, eller var svampst\u00e4llet \u00e4r.<\/span><\/p>\n<p>&nbsp;<\/p>\n<p><span style=\"font-size: 13px\">\u00a0<\/span><\/p>\n<p>&nbsp;<\/p>\n<p><a href=\"http:\/\/www.jagareforbundet.se\/Viltet\/ViltVetande\/Viltappen\/\"><img loading=\"lazy\" decoding=\"async\" class=\"alignleft size-full wp-image-1749\" title=\"Klicka p\u00e5 bilden\" src=\"https:\/\/krets.jagareforbundet.se\/folkarna\/files\/2013\/03\/Mini_banner.jpg\" alt=\"\" width=\"143\" height=\"82\" \/><\/a><\/p>\n<p>Viltappen, d\u00e4r f\u00e5r du hj\u00e4lp p\u00e5 plats med viltsp\u00e5r, ljud snabb uppkoppling till SJF mm. \u00a0&gt;&gt;<strong><a href=\"http:\/\/jagareforbundet.se\/vilt\/viltappen\/\">H\u00e4r<\/a><\/strong><\/p>\n<p>&nbsp;<\/p>\n<p>&nbsp;<\/p>\n<p><a href=\"https:\/\/krets.jagareforbundet.se\/folkarna\/files\/2013\/03\/DSC_00323_big.jpg\"><img loading=\"lazy\" decoding=\"async\" class=\"alignleft size-thumbnail wp-image-1756\" title=\"Klicka f\u00f6r st\u00f6rre bild\" src=\"https:\/\/krets.jagareforbundet.se\/folkarna\/files\/2013\/03\/DSC_00323_big-150x150.jpg\" alt=\"\" width=\"150\" height=\"150\" \/><\/a>Elektronisk digital viltv\u00e5g 500kg (OCS) med h\u00f6g precision. Testad i Jaktjournalen med h\u00f6gsta resultat = 5 Bockar. Vi har sj\u00e4lva saknat en riktigt bra viltv\u00e5g med h\u00f6g kapacitet till ett vettigt pris p\u00e5 Svenska marknaden. Vi s\u00f6kte l\u00e4nge f\u00f6r att hitta r\u00e4tt v\u00e5g som klarar att v\u00e4ga allt v\u00e5rt st\u00f6rre vilt: \u00e4lg, hjort, vildsvin, bj\u00f6rn i helkropp samt ner till k\u00f6ttlotten vid delningen.<\/p>\n<p>&nbsp;<\/p>\n<p>&nbsp;<\/p>\n<p><a href=\"https:\/\/krets.jagareforbundet.se\/folkarna\/files\/2013\/03\/wehunt-logo-w300-blck-150x150.png\"><img loading=\"lazy\" decoding=\"async\" class=\"size-full wp-image-5704 alignleft\" src=\"https:\/\/krets.jagareforbundet.se\/folkarna\/files\/2013\/03\/wehunt-logo-w300-blck-150x150.png\" alt=\"wehunt-logo-w300-blck-150x150\" width=\"150\" height=\"150\" \/><\/a><\/p>\n<h5><a href=\"http:\/\/www.wehunt.se\/\">Jaktlagsapplikation f\u00f6r mobiler<\/a><\/h5>\n<h2><\/h2>\n<h2><\/h2>\n<h2><\/h2>\n<h2><span style=\"color: #ff0000\"><a href=\"https:\/\/krets.jagareforbundet.se\/folkarna\/files\/2013\/03\/svensk-jakt-logga-232.png\" target=\"_blank\" rel=\"http:\/\/svenskjakt.se\/jakt-prylar\/jagartips\/\"><img loading=\"lazy\" decoding=\"async\" class=\" wp-image-5315 size-full alignnone\" src=\"https:\/\/krets.jagareforbundet.se\/folkarna\/files\/2013\/03\/svensk-jakt-logga-232.png\" alt=\"svensk-jakt-logga-232\" width=\"232\" height=\"103\" \/><\/a>\u00a0 \u00a0 \u00a0Svensk Jakts<\/span> <a href=\"http:\/\/svenskjakt.se\/jakt-prylar\/jagartips\/\">J\u00e4gartips<\/a><\/h2>\n<h2>\u00a0 \u00a0 \u00a0 \u00a0 \u00a0 \u00a0 \u00a0 \u00a0 \u00a0 \u00a0 \u00a0 \u00a0 \u00a0 \u00a0 \u00a0 \u00a0 \u00a0 \u00a0 \u00a0 \u00a0 \u00a0 \u00a0 \u00a0 \u00a0 \u00a0 \u00a0 \u00a0 \u00a0 \u00a0 \u00a0 \u00a0 \u00a0 \u00a0 \u00a0 \u00a0 <a href=\"http:\/\/svenskjakt.se\/jakt-prylar\/\">Prylar<\/a><\/h2>\n","protected":false},"excerpt":{"rendered":"<p>Har du en ny typ av mobiltelefon med GPS ? Ladda d\u00e5 ner Viltolycksappen &gt;&gt; H\u00e4r\u00a0Med den f\u00e5r du upp koordinaterna i mobilen d\u00e4r du f\u00f6r tillf\u00e4llet \u00e4r. Bra vid viltolycka n\u00e4r den anm\u00e4ls p\u00e5 SOS 112, men ocks\u00e5 att ge plastinformation d\u00e4r \u00e4lgen ligger, eller var svampst\u00e4llet \u00e4r. &nbsp; \u00a0 &nbsp; Viltappen, d\u00e4r f\u00e5r [&hellip;]<\/p>\n","protected":false},"author":78,"featured_media":0,"parent":171,"menu_order":0,"comment_status":"open","ping_status":"open","template":"","meta":{"footnotes":""},"class_list":["post-1197","page","type-page","status-publish","hentry"],"_links":{"self":[{"href":"https:\/\/krets.jagareforbundet.se\/folkarna\/wp-json\/wp\/v2\/pages\/1197","targetHints":{"allow":["GET"]}}],"collection":[{"href":"https:\/\/krets.jagareforbundet.se\/folkarna\/wp-json\/wp\/v2\/pages"}],"about":[{"href":"https:\/\/krets.jagareforbundet.se\/folkarna\/wp-json\/wp\/v2\/types\/page"}],"author":[{"embeddable":true,"href":"https:\/\/krets.jagareforbundet.se\/folkarna\/wp-json\/wp\/v2\/users\/78"}],"replies":[{"embeddable":true,"href":"https:\/\/krets.jagareforbundet.se\/folkarna\/wp-json\/wp\/v2\/comments?post=1197"}],"version-history":[{"count":1,"href":"https:\/\/krets.jagareforbundet.se\/folkarna\/wp-json\/wp\/v2\/pages\/1197\/revisions"}],"predecessor-version":[{"id":5703,"href":"https:\/\/krets.jagareforbundet.se\/folkarna\/wp-json\/wp\/v2\/pages\/1197\/revisions\/5703"}],"up":[{"embeddable":true,"href":"https:\/\/krets.jagareforbundet.se\/folkarna\/wp-json\/wp\/v2\/pages\/171"}],"wp:attachment":[{"href":"https:\/\/krets.jagareforbundet.se\/folkarna\/wp-json\/wp\/v2\/media?parent=1197"}],"curies":[{"name":"wp","href":"https:\/\/api.w.org\/{rel}","templated":true}]}}