{"id":1437,"date":"2013-03-24T21:50:37","date_gmt":"2013-03-24T20:50:37","guid":{"rendered":"https:\/\/krets.jagareforbundet.se\/folkarna\/?page_id=1437"},"modified":"2013-04-04T13:14:47","modified_gmt":"2013-04-04T11:14:47","slug":"omr-nr","status":"publish","type":"page","link":"https:\/\/krets.jagareforbundet.se\/folkarna\/soder-dalalven-aso\/omr-nr\/","title":{"rendered":"SD\u00c4SO Omr. Nr"},"content":{"rendered":"<p>F\u00f6r den nya \u00e4lgportalen, jaktlagen d\u00e4r saknar namn, har bara reg nr, d\u00e4rf\u00f6r finns h\u00e4r en konverteringstabell f\u00f6r FJVK jaktlag.<\/p>\n<p><div class=\"fourcol-one\"><span style=\"text-decoration: underline;\">Nummer<\/span><\/div> <div class=\"twocol-one\"><span style=\"text-decoration: underline;\">Jaktlag<\/span><\/div> <div class=\"fourcol-one last\"><span style=\"text-decoration: underline;\">\u00c4SO<\/span><\/div><div class=\"clear\"><\/div><\/p>\n<p><div class=\"fourcol-one\">20-84-04-039-2<\/div> <div class=\"twocol-one\">Alsbo-Grubbo-Karlbo VVO<\/div> <div class=\"fourcol-one last\">SD\u00c4SO<\/div><div class=\"clear\"><\/div><\/p>\n<p><div class=\"fourcol-one\">20-84-04-039-1<\/div> <div class=\"twocol-one\">By Folk\u00e4rna S\u00f6dra VVO<\/div> <div class=\"fourcol-one last\">D 1 SD\u00c4SO<\/div><div class=\"clear\"><\/div><\/p>\n<p><div class=\"fourcol-one\">20-84-04-039-8<\/div> <div class=\"twocol-one\">By Folk\u00e4rna S\u00f6dra VVO<\/div> <div class=\"fourcol-one last\">D 2 SD\u00c4SO<\/div><div class=\"clear\"><\/div><\/p>\n<p><div class=\"fourcol-one\">20-84-04-039-9<\/div> <div class=\"twocol-one\">By Folk\u00e4rna S\u00f6dra VVO<\/div> <div class=\"fourcol-one last\">D 3 SD\u00c4SO<\/div><div class=\"clear\"><\/div><\/p>\n<p><div class=\"fourcol-one\">20-84-04-039-11<\/div> <div class=\"twocol-one\">By Folk\u00e4rna S\u00f6dra VVO<\/div> <div class=\"fourcol-one last\">D 4 SD\u00c4SO<\/div><div class=\"clear\"><\/div><\/p>\n<p><div class=\"fourcol-one\">20-84-04-039-7<\/div> <div class=\"twocol-one\">Hirschers JL<\/div> <div class=\"fourcol-one last\">SD\u00c4SO<\/div><div class=\"clear\"><\/div><\/p>\n<p><div class=\"fourcol-one\">20-84-04-039-3<\/div> <div class=\"twocol-one\">Sonnbo Brovallen JLF<\/div> <div class=\"fourcol-one last\">SD\u00c4SO<\/div><div class=\"clear\"><\/div><\/p>\n<p><div class=\"fourcol-one\">20-84-04-039-5<\/div> <div class=\"twocol-one\">Svensbo JL<\/div> <div class=\"fourcol-one last\">SD\u00c4SO<\/div><div class=\"clear\"><\/div><\/p>\n<p><div class=\"fourcol-one\">20-84-04-039-6<\/div> <div class=\"twocol-one\">S\u00f6rb\u00e4cks G\u00e5rd JL<\/div> <div class=\"fourcol-one last\">SD\u00c4SO<\/div><div class=\"clear\"><\/div><\/p>\n<p><div class=\"fourcol-one\">20-84-04-039-4<\/div> <div class=\"twocol-one\">Vansj\u00f6 JL<\/div> <div class=\"fourcol-one last\">SD\u00c4SO<\/div><div class=\"clear\"><\/div><\/p>\n<p>&nbsp;<\/p>\n","protected":false},"excerpt":{"rendered":"<p>F\u00f6r den nya \u00e4lgportalen, jaktlagen d\u00e4r saknar namn, har bara reg nr, d\u00e4rf\u00f6r finns h\u00e4r en konverteringstabell f\u00f6r FJVK jaktlag. &nbsp;<\/p>\n","protected":false},"author":78,"featured_media":0,"parent":525,"menu_order":0,"comment_status":"open","ping_status":"open","template":"","meta":{"footnotes":""},"class_list":["post-1437","page","type-page","status-publish","hentry"],"_links":{"self":[{"href":"https:\/\/krets.jagareforbundet.se\/folkarna\/wp-json\/wp\/v2\/pages\/1437","targetHints":{"allow":["GET"]}}],"collection":[{"href":"https:\/\/krets.jagareforbundet.se\/folkarna\/wp-json\/wp\/v2\/pages"}],"about":[{"href":"https:\/\/krets.jagareforbundet.se\/folkarna\/wp-json\/wp\/v2\/types\/page"}],"author":[{"embeddable":true,"href":"https:\/\/krets.jagareforbundet.se\/folkarna\/wp-json\/wp\/v2\/users\/78"}],"replies":[{"embeddable":true,"href":"https:\/\/krets.jagareforbundet.se\/folkarna\/wp-json\/wp\/v2\/comments?post=1437"}],"version-history":[{"count":0,"href":"https:\/\/krets.jagareforbundet.se\/folkarna\/wp-json\/wp\/v2\/pages\/1437\/revisions"}],"up":[{"embeddable":true,"href":"https:\/\/krets.jagareforbundet.se\/folkarna\/wp-json\/wp\/v2\/pages\/525"}],"wp:attachment":[{"href":"https:\/\/krets.jagareforbundet.se\/folkarna\/wp-json\/wp\/v2\/media?parent=1437"}],"curies":[{"name":"wp","href":"https:\/\/api.w.org\/{rel}","templated":true}]}}