{"id":1705,"date":"2013-03-28T23:13:33","date_gmt":"2013-03-28T22:13:33","guid":{"rendered":"https:\/\/krets.jagareforbundet.se\/folkarna\/?page_id=1705"},"modified":"2021-06-30T10:31:14","modified_gmt":"2021-06-30T08:31:14","slug":"jaktfragor","status":"publish","type":"page","link":"https:\/\/krets.jagareforbundet.se\/folkarna\/jaktfragor\/","title":{"rendered":"Jakt &amp; Vilt"},"content":{"rendered":"<p><a href=\"https:\/\/krets.jagareforbundet.se\/folkarna\/files\/2013\/03\/Laget2000.jpg\"><img loading=\"lazy\" decoding=\"async\" class=\"wp-image-1977 aligncenter\" title=\"Jaktlaget vid ett lyckat skott p\u00e5 \u00e4lgtjur. Klicka f\u00f6r full storlek.\" src=\"https:\/\/krets.jagareforbundet.se\/folkarna\/files\/2013\/03\/Laget2000-1024x593.jpg\" alt=\"\" width=\"614\" height=\"356\" srcset=\"https:\/\/krets.jagareforbundet.se\/folkarna\/files\/2013\/03\/Laget2000-1024x593.jpg 1024w, https:\/\/krets.jagareforbundet.se\/folkarna\/files\/2013\/03\/Laget2000-300x173.jpg 300w, https:\/\/krets.jagareforbundet.se\/folkarna\/files\/2013\/03\/Laget2000.jpg 1300w\" sizes=\"auto, (max-width: 614px) 100vw, 614px\" \/><\/a><\/p>\n<p>Jakten \u00e4r central i v\u00e5r verksamhet och \u00e4r djupt f\u00f6rankrad i v\u00e5r kultur, och har en given plats i det moderna svenska samh\u00e4llet det visar klart de unders\u00f6kningar som gjorts de senaste \u00e5ren\u00a0\u00a0 Jakten \u00e4r den enda m\u00f6jliga stabiliserande faktorn f\u00f6r en acceptabel balans i att f\u00f6rvalta den svenska naturen . De djur som finns i vilt tillst\u00e5nd \u00e4r nyttodjur, skadedjur, eller rovdjur. Nyttodjur \u00e4r djur vars nytta \u00f6kar med dess population. Skadedjur \u00e4r djur d\u00e4r dess skador \u00f6kar med \u00f6kad population. Rovdjur (predator)\u00e4r djur som \u00a0huvudsakligen livn\u00e4r sig p\u00e5 andra djur, vars antal i populationen aldrig f\u00e5r p\u00e5verka m\u00e4nniskor och tamdjur, och ej ges s\u00e5dana populationer att jakt\u00a0om\u00f6jligg\u00f6rs.<\/p>\n<ul>\n<li>N\u00e5gra klarg\u00f6rande ordf\u00f6rklaringar vars omkastning skapat en snedvriden genetisk debatt om tex. varg.<\/li>\n<li>Stam = Alla populationer av en art. Ex. \u00c4lgstam alla \u00e4lgar av samma art, det finns bara en art i Sverige.<\/li>\n<li>Population = Antal individer av en art\u00a0i ett best\u00e4mt omr\u00e5de,\u00a0Skandinavien, Sverige,\u00a0Dalarna eller jaktomr\u00e5de.<\/li>\n<li>F\u00f6rvalta = Balans mellan antal individer i en population och de skador de \u00e5stadkommer<\/li>\n<\/ul>\n<p>Med denna f\u00f6rklaring kanske det f\u00f6rst\u00e5s vad fel det blir n\u00e4r vi pratar om en Svensk vargstam, eller om ett \u00e4lgsk\u00f6tselomr\u00e5des stam. Vargstammen i den svenska populationen \u00e4r den Eruopeisk\/Asiatiska gr\u00e5vargstammen, med en storlek som p\u00e5 inget vis \u00e4r utrotningshotad.<\/p>\n<ul>\n<li>Vi har v\u00e5ra r\u00f6tter i jakten. Under den l\u00e4ngsta delen av den tid vi m\u00e4nniskor funnits p\u00e5 jorden har vi varit j\u00e4gare. Att jaga \u00e4r ett naturligt s\u00e4tt att leva.<\/li>\n<li>Jakt \u00e4r ett s\u00e4tt att uth\u00e5lligt sk\u00f6rda ett \u00f6verskott som naturen ger. En betydelsefull del av jaktskickligheten \u00e4r att nyttja den resursen klokt och inte ta ut mer \u00e4n naturen producerar.<\/li>\n<li>En viktig del av den jaktliga upplevelsen \u00e4r att jaga med etik. De regler vi j\u00e4gare f\u00f6ljer \u00e4r betydligt h\u00e5rdare \u00e4n de villkor som r\u00e5der i naturen.<\/li>\n<li>I den jaktliga k\u00e4nslan ing\u00e5r ocks\u00e5 tillfredsst\u00e4llelsen att sj\u00e4lv kunna h\u00e4mta sin mat fr\u00e5n naturens skafferi och laga till den. Viltet har levat ett naturligt liv fj\u00e4rran fr\u00e5n djurfabriker, antibiotika och andra konstgjorda s\u00e4tt att hantera djur.<\/li>\n<li>Att jaga tillsammans \u00e4r ett naturligt s\u00e4tt att umg\u00e5s. I jaktlaget blir man bed\u00f6md efter hur god j\u00e4gare och kamrat man \u00e4r, inte efter social position gods och guld.<\/li>\n<li>Jakt \u00e4r ocks\u00e5 naturupplevelse. M\u00e5nga jaktdagar \u00e4r det enda &#8221;bytet&#8221; minnen av upplevelserna i skog, p\u00e5 fj\u00e4llet eller i sk\u00e4rg\u00e5rden.<\/li>\n<li>Den trognaste jaktkamraten \u00e4r hunden. Mycket av jaktlyckan ligger i att tr\u00e4na sin hund och gl\u00e4djas \u00e5t dennes arbete.<\/li>\n<\/ul>\n<p><a href=\"http:\/\/jagareforbundet.se\/jakten\/Jaktkort\/\" class=\"woo-sc-button  red\" ><span class=\"woo-\">Jaktkort<\/span><\/a> <a href=\"http:\/\/jagareforbundet.se\/jakten\/jakttider\/#Dalarnas%20l\u00e4n,-1,2013-06-19,2013-07-02,\" class=\"woo-sc-button  purple\" ><span class=\"woo-info\">JAKT TIDER<\/span><\/a> <a href=\"http:\/\/ext-webbgis.lansstyrelsen.se\/Dalarna\/Planeringsunderlag\/\" class=\"woo-sc-button  purple\" ><span class=\"woo-\">Karta \u00f6ver reg jaktlag<\/span><\/a> <a href=\"https:\/\/jagareforbundet.se\/utbildning\/webbjaktskolan\/\" class=\"woo-sc-button  custom\" style=\"background:;border-color:\"><span class=\"woo-\">Webbjakt<\/span><\/a><\/p>\n<p>Hur anv\u00e4nds kartan ? L\u00e5ng v\u00e4g dit:<\/p>\n<p>1. S\u00e4tt en bock i rutan och Klicka p\u00e5 &gt; &#8221;Planeringsunderlag&#8221;<\/p>\n<p>2. S\u00e4tt en bock i rutan och\u00a0Klicka p\u00e5 &gt; &#8221;Vilt och Fiske&#8221;<\/p>\n<p>3. S\u00e4tt en bock i rutan och\u00a0Klicka p\u00e5 &gt; &#8221;\u00c4lgjakt&#8221;<\/p>\n<p>4. Dra med handen fram ditt omr. i kartmitt.<\/p>\n<p>5. Klicka p\u00e5 &#8221;F\u00f6rstoringsglas med +&#8221;<\/p>\n<p>6. Dra upp en fyrkant \u00a0&#8221;Enter&#8221;<\/p>\n<p>Nu visas jaktlagen med gr\u00e4nser.<\/p>\n<p style=\"text-align: center\">S\u00e5 h\u00e4r som nedan skall det vara i klickat p\u00e5 kartan<\/p>\n<p><a href=\"https:\/\/krets.jagareforbundet.se\/folkarna\/files\/2013\/03\/GIS-Kartan.jpg\"><img loading=\"lazy\" decoding=\"async\" class=\"aligncenter size-full wp-image-4582\" src=\"https:\/\/krets.jagareforbundet.se\/folkarna\/files\/2013\/03\/GIS-Kartan.jpg\" alt=\"GIS Kartan\" width=\"368\" height=\"621\" srcset=\"https:\/\/krets.jagareforbundet.se\/folkarna\/files\/2013\/03\/GIS-Kartan.jpg 368w, https:\/\/krets.jagareforbundet.se\/folkarna\/files\/2013\/03\/GIS-Kartan-177x300.jpg 177w\" sizes=\"auto, (max-width: 368px) 100vw, 368px\" \/><\/a><\/p>\n<h3><span style=\"color: #800000\">Prioriteringar inom omr\u00e5det Jakt- och viltf\u00f6rvaltning 2021.<\/span><\/h3>\n<h3>\u2022 \u00c4LG<br \/>\n\u2022 SJF Stadgar<br \/>\n\u2022 ROVDJUR<br \/>\n\u2022 VILDSVIN<br \/>\n\u2022 VILT\u00d6VERVAKNING<\/h3>\n<p><strong>\u00c4r du jaktledare?\u00a0 Jaktledaren \u00e4r en nyckelperson i jaktlaget .<\/strong><\/p>\n<div>F\u00f6rutom att ha kontroll p\u00e5 jakten s\u00e5 att den sker p\u00e5 ett s\u00e4kert och bra s\u00e4tt vid olika former av gemensamhetsjakt ska jaktledaren ocks\u00e5 ha kunskap om lagar och regelverk. Det \u00e4r ocks\u00e5 jaktledaren som genom sitt upptr\u00e4dande s\u00e4tter normerna i jaktlaget vad g\u00e4ller jaktetik och hantering av viltet.<\/div>\n","protected":false},"excerpt":{"rendered":"<p>Jakten \u00e4r central i v\u00e5r verksamhet och \u00e4r djupt f\u00f6rankrad i v\u00e5r kultur, och har en given plats i det moderna svenska samh\u00e4llet det visar klart de unders\u00f6kningar som gjorts de senaste \u00e5ren\u00a0\u00a0 Jakten \u00e4r den enda m\u00f6jliga stabiliserande faktorn f\u00f6r en acceptabel balans i att f\u00f6rvalta den svenska naturen . De djur som finns [&hellip;]<\/p>\n","protected":false},"author":78,"featured_media":0,"parent":0,"menu_order":4,"comment_status":"open","ping_status":"open","template":"","meta":{"footnotes":""},"class_list":["post-1705","page","type-page","status-publish","hentry"],"_links":{"self":[{"href":"https:\/\/krets.jagareforbundet.se\/folkarna\/wp-json\/wp\/v2\/pages\/1705","targetHints":{"allow":["GET"]}}],"collection":[{"href":"https:\/\/krets.jagareforbundet.se\/folkarna\/wp-json\/wp\/v2\/pages"}],"about":[{"href":"https:\/\/krets.jagareforbundet.se\/folkarna\/wp-json\/wp\/v2\/types\/page"}],"author":[{"embeddable":true,"href":"https:\/\/krets.jagareforbundet.se\/folkarna\/wp-json\/wp\/v2\/users\/78"}],"replies":[{"embeddable":true,"href":"https:\/\/krets.jagareforbundet.se\/folkarna\/wp-json\/wp\/v2\/comments?post=1705"}],"version-history":[{"count":3,"href":"https:\/\/krets.jagareforbundet.se\/folkarna\/wp-json\/wp\/v2\/pages\/1705\/revisions"}],"predecessor-version":[{"id":7731,"href":"https:\/\/krets.jagareforbundet.se\/folkarna\/wp-json\/wp\/v2\/pages\/1705\/revisions\/7731"}],"wp:attachment":[{"href":"https:\/\/krets.jagareforbundet.se\/folkarna\/wp-json\/wp\/v2\/media?parent=1705"}],"curies":[{"name":"wp","href":"https:\/\/api.w.org\/{rel}","templated":true}]}}