{"id":171,"date":"2013-03-12T01:50:26","date_gmt":"2013-03-12T00:50:26","guid":{"rendered":"https:\/\/krets.jagareforbundet.se\/folkarna\/?page_id=171"},"modified":"2022-02-26T20:04:37","modified_gmt":"2022-02-26T19:04:37","slug":"medlemsfragor","status":"publish","type":"page","link":"https:\/\/krets.jagareforbundet.se\/folkarna\/medlemsfragor\/","title":{"rendered":"Medlem SJF"},"content":{"rendered":"<div id=\"pageWrap\">\n<div class=\"clearfix\" id=\"content\">\n<div id=\"fullCol\">\n<div id=\"largeCol\">\n<div class=\"content clearfix\">\n<div class=\"leftCol leftColLarge newsList\">\n<div class=\"newsItem newsItemFull newsItemLargeLast\">\n<div class=\"clearfix content__fluid\" id=\"content\">\n<div id=\"fullCol\">\n<div id=\"largeCol\">\n<div class=\"content clearfix\">\n<div class=\"rightCol newsList\">\n<div class=\"newsItem newsItemFull\">\n<p>F\u00f6r att enkelt uppfylla GDPR betala din medlemsavgift via v\u00e5r hemsida.<\/p>\n<p style=\"text-align: right\"><a href=\"https:\/\/jagareforbundet.se\/medlem\/nyheter-fran-medlemsavdelningen\/2022\/01\/18-man\/\" class=\"woo-sc-button  red large\" ><span class=\"woo-\">Betala h\u00e4r 2022<\/span><\/a><\/p>\n<p style=\"text-align: center\"><span style=\"text-align: left\">Har du l\u00e4mnat fel\/f\u00e5tt ny\u00a0 e-postadress eller \u00e4ndrat utan att meddela den nya till kretsen, hj\u00e4lp nu sekreteraren \u00a0genom att skicka ett mail till <\/span><a style=\"text-align: left\" href=\"mailto:ake.f.berglund@bredband.net\">ake.f.berglund@bredband.net<\/a><span style=\"text-align: left\"> och britta.lundh@jagareforbundet.se\u00a0 <\/span><span style=\"text-align: left\">Vid f\u00f6rsta medlemsbetalningen ansluts du automatiskt till krets p\u00e5 ditt post nummer, vilket om det \u00e4r fel, du m\u00e5ste sedan \u00e4ndra sj\u00e4lv.<a href=\"https:\/\/jaktplay.se\/\" class=\"woo-sc-button  custom\" style=\"background:;border-color:\"><span class=\"woo-\">Jakt Play<\/span><\/a> <a href=\"http:\/\/jagareforbundet.se\/jakten\/fragor-och-svar\/\" class=\"woo-sc-button  purple\" ><span class=\"woo-\">Fr\u00e5gor &amp; Svar<\/span><\/a>\u00a0<a href=\"http:\/\/jagareforbundet.se\/jakten\/etik\/\" class=\"woo-sc-button  red\" ><span class=\"woo-\">Jakt &amp; Etik<\/span><\/a>\u00a0 <a href=\"https:\/\/www.youtube.com\/watch?v=olZ0LRdAGfs&#038;list=UUMtkOqZ65EHEENMlCxofUWg\" class=\"woo-sc-button  pink\" ><span class=\"woo-\">Carolin jagar \u00e4lg med Arn<\/span><\/a><\/span><\/p>\n<\/div>\n<\/div>\n<\/div>\n<\/div>\n<\/div>\n<\/div>\n<div>\n<div id=\"pageWrap\">\n<div class=\"clearfix\" id=\"content\">\n<div id=\"fullCol\">\n<div id=\"mainCol\">\n<div class=\"content clearfix\">\n<div class=\"pageContent clearfix\">\n<p style=\"text-align: center\"><a href=\"https:\/\/krets.jagareforbundet.se\/folkarna\/hundfragor\/agria-hundforsakringar\/\" class=\"woo-sc-button  custom\" style=\"background:;border-color:\"><span class=\"woo-\">Hundf\u00f6rs\u00e4kringar<\/span><\/a>\u00a0<a href=\"https:\/\/jagareforbundet.se\/medlem\/medlemsrabatter\/\" class=\"woo-sc-button  green\" ><span class=\"woo-\">Medlemsrabatter<\/span><\/a><\/p>\n<p>&#8221;Svenska J\u00e4garef\u00f6rbundets medlemmar \u00e4r praktiska viltv\u00e5rdare som verkar och lever i naturen&#8221; Vi \u00e4r det samma i den lokal milj\u00f6n i v\u00e5r krets i Avesta. \u00a0Idag finns det m\u00e5nga organisationer som pratar natur och ekologi men ingen som driver fr\u00e5gan om m\u00e4nniskans plats i naturen och hur vi ska samverka med viltet. Det saknas en jordn\u00e4ra r\u00f6st i debatten kring natur och viltv\u00e5rd. En som ser till hur saker och ting faktiskt fungerar mellan m\u00e4nniska och natur, och inte villar bort sig i teoretiska spekulationer.\u00a0Svenska J\u00e4garef\u00f6rbundets medlemmar \u00e4r praktiska viltv\u00e5rdare som verkar och lever i naturen. Vi \u00e4r j\u00e4gare, inte n\u00e5gra som sitter inne och som teoretiserar p\u00e5 avst\u00e5nd fr\u00e5n det vilda; vi ser, f\u00f6rst\u00e5r och p\u00e5verkar naturens verkliga samband \u00e5ret runt. I allt fr\u00e5n \u00e4lgf\u00f6rvaltning till predatorjakt, rovdjursinventering, utfordring och jakt p\u00e5 invasiva arter. \u00a0J\u00e4garef\u00f6rbundet best\u00e5r av m\u00e4nniskor med en passion f\u00f6r jakten. S\u00e5 ska det forts\u00e4tta vara! Vi kommer aldrig att g\u00f6ra avkall p\u00e5 det. Jag hoppas du vill vara med och k\u00e4mpa med oss. \u00a0F\u00f6rutom att dra nytta av att Svenska J\u00e4garef\u00f6rbundet driver viktiga jaktfr\u00e5gor och str\u00e4var efter att f\u00f6rb\u00e4ttra jaktens villkor, f\u00e5r du som medlem ocks\u00e5 en rad f\u00f6rm\u00e5ner som tidningar, f\u00f6rs\u00e4kringar, utbildning och skyttetr\u00e4ning och olika f\u00f6rm\u00e5nliga erbjudanden fr\u00e5n v\u00e5ra samarbetspartners.<\/p>\n<p style=\"text-align: left\"><span style=\"font-size: 14px;line-height: 1.5em\"><span style=\"color: #000000\">Du deltar genom ditt medlemskap i den viktiga st\u00e4ndiga rovdjursrapporteringen till kretsen<\/span>, Klicka&gt;&gt; <\/span><strong style=\"font-size: 14px;line-height: 1.5em\"><a style=\"font-size: 14px;line-height: 1.5em\" href=\"mailto:ake.f.berglund@bredband.net?subject=Rovdjursobs Avesta\">H\u00e4r <\/a><\/strong><\/p>\n<p style=\"text-align: left\">F\u00e5r du inga mail fr\u00e5n FJVK d\u00e5 saknas du, eller har fel adress i kretsens skyddade interna maillista vilket du kan fixa Klicka &gt;&gt; <strong><a href=\"mailto:ake.f.berglund@bredband.net?subject=Saknas p\u00e5 maillistan\">H\u00e4r<\/a><\/strong><\/p>\n<\/div>\n<\/div>\n<\/div>\n<\/div>\n<\/div>\n<\/div>\n<\/div>\n<\/div>\n<\/div>\n<\/div>\n<\/div>\n<\/div>\n<\/div>\n<\/div>\n<p><span style=\"color: #008000\">Se till att du \u00e4r medlem i<span style=\"color: #993300\"> r\u00e4tt krets<\/span>, kretsen d\u00e4r du jagar, se p\u00e5 medlemskortet d\u00e4r st\u00e5r nuvarande krets.\u00a0<\/span><strong><span style=\"color: #ff0000\">T<\/span><span style=\"color: #008000\"><span style=\"color: #ff0000\">illh\u00f6<\/span><\/span><\/strong><span style=\"color: #008000\"><span style=\"color: #ff0000\"><strong>r du\u00a0fel krets<\/strong> <span style=\"color: #993300\">Ring JFD<\/span>!\u00a0<\/span><\/span><span style=\"color: #008000\"><span style=\"color: #ff0000\">\u00a0<b>0105847181<\/b><\/span><\/span><\/p>\n<p>Du n\u00e5r SJF medlemsservice p\u00e5 <strong>020-22 00 10<\/strong> eller <strong>medlem@jagareforbundet.se<\/strong><\/p>\n<p><span style=\"color: #008000\"><span style=\"color: #ff0000\"><strong><span style=\"color: #333300\">Har du fr\u00e5gor om djur prova klicka<\/span><\/strong> &gt;&gt; <a href=\"http:\/\/jagareforbundet.se\/vilt\/vilt-vetande\/frageladan\/\"><span style=\"color: #993300\"><strong>H\u00e4r<\/strong> <\/span><\/a>\u00a0<\/span><\/span><\/p>\n<p style=\"text-align: left\">F\u00f6r att kunna l\u00e4sa pdf-filer p\u00e5 denna hemsida beh\u00f6ver du programmet Adobe Reader.<\/p>\n<p style=\"text-align: left\">Klicka p\u00e5 bild &#8221;Get ADOBE READER.&#8221; \u00a0 \u00a0<a href=\"https:\/\/get.adobe.com\/se\/reader\/\"><img loading=\"lazy\" decoding=\"async\" class=\"size-full wp-image-1298 alignnone\" title=\"Ladda upp programmet h\u00e4r\" src=\"https:\/\/krets.jagareforbundet.se\/folkarna\/files\/2013\/03\/get_adobe_reader.png\" alt=\"\" width=\"158\" height=\"39\" \/><\/a><\/p>\n<p style=\"text-align: left\">Den svenska jakten st\u00e5r inf\u00f6r stora utmaningar och beh\u00f6ver ett f\u00f6rbund med handlingskraft som kan se efter j\u00e4garnas intressen. Men utan medlemmar, inget f\u00f6rbund och det \u00e4r d\u00e4rf\u00f6r du \u00e4r s\u00e5 viktig. S\u00e5 g\u00e5 med nu f\u00f6r jaktens skull s\u00e5 f\u00e5r du fina medlemsf\u00f6rm\u00e5ner, f\u00f6rs\u00e4kringar och tidningen Svensk Jakt p\u00e5 k\u00f6pet. V\u00e4lkommen till Svenska J\u00e4garef\u00f6rbundet.Vill du bli medlem i SJF\u00a0 v\u00e4lj Svenska J\u00e4garef\u00f6rbundet Hem och sedan i gr\u00f6na menyn &#8221; Om oss &#8221; Klicka p\u00e5 &#8221; <strong><a href=\"http:\/\/www.jagareforbundet.se\/blimedlem\">Bli medlem<\/a><\/strong>&#8221; &lt;&lt; \u00a0H\u00e4r.<\/p>\n<h5 style=\"text-align: left\"><span style=\"color: #800000\"><strong>De flesta jaktlagen i kretsen \u00e4r ocks\u00e5 medlemmar i SJF, n\u00e5gra tyv\u00e4rr inte, f\u00f6rdelen med att \u00e4ven jaktlaget \u00e4r medlem, \u00e4r att jaktlaget och jaktledarna vid jaktlagets medlemskap \u00e4r f\u00f6rs\u00e4krade mot ev. skadest\u00e5nd vid olyckor som kan ske under jakt, pga. f\u00f6reningens beslut eller jaktledarens handlande, som t.ex. r\u00f6rande jakttorn, transporter mm.<\/strong><\/span><\/h5>\n<p style=\"text-align: left\"><strong>SJF.s Viltappen f\u00f6r mobiler har blivit popul\u00e4r i skolorna<\/strong>. Den andra appen <a href=\"https:\/\/krets.jagareforbundet.se\/folkarna\/nyheter\/wehunt\/\">WEHUNT<\/a> har en ny m\u00f6jlighet, att byta karta fr\u00e5n nuvarande Google till Lantm\u00e4teriets fastighetskarta och GPS system SWEREF 99 TM.<\/p>\n<p><a href=\"http:\/\/shop.textalk.se\/se\/artgrp.php?id=33011&#038;grp=1705640\" class=\"woo-sc-button  purple\" ><span class=\"woo-alert\">Intresserad av b\u00f6cker H\u00c4R<\/span><\/a>\u00a0<a href=\"http:\/\/jagareforbundet.se\/vilt\/viltappen\/\" class=\"woo-sc-button  green\" ><span class=\"woo-\">Ladda ner Viltappen<\/span><\/a>\u00a0<a href=\"http:\/\/jagareforbundet.se\/aktuellt\/forbundsnyheter\/2015\/06\/wehunt-gratis-till-alla-medlemmar\/\" class=\"woo-sc-button  green\" ><span class=\"woo-\">Skaffa WeHunt<\/span><\/a><\/p>\n<p>2014-12-15<\/p>\n<div>\n<h3><strong>Fem bra sk\u00e4l att du ska bli medlem<\/strong><\/h3>\n<p class=\"intro\">H\u00e4r \u00e4r n\u00e5gra av J\u00e4garef\u00f6rbundets viktiga framg\u00e5ngar:<\/p>\n<div>\n<p><strong>1. L\u00f6shundsjakten<\/strong><br \/>\nSverige har v\u00e4rldens mest gener\u00f6sa regler kring l\u00f6shundsjakt\u2028\u2013 fr\u00e4mst tack vare Svenska J\u00e4garef\u00f6rbundet. Det \u00e4r en unik f\u00f6rm\u00e5n f\u00f6r den svenska j\u00e4garen. Som resultat av v\u00e5rt arbete har bland annat landsbygdsministern utryckt att l\u00f6shundsjakten \u00e4r en f\u00f6ruts\u00e4ttning f\u00f6r svensk viltf\u00f6rvaltning.<\/p>\n<p><strong>2. Den gener\u00f6sa jakttidtabellen<\/strong><br \/>\nI Sverige har vi ett unikt utbud av jaktbara arter och m\u00f6jlighet till jakt i stort sett hela \u00e5ret. Svenska J\u00e4garef\u00f6rbundet jobbar st\u00e4ndigt med att flytta fram j\u00e4garens positioner, s\u00e5 att vi f\u00e5r en jakttabell som st\u00e4mmer med v\u00e5ra snabbt v\u00e4xande viltstammar. Vid senaste \u00f6versynen av jakttabellen fick vi \u00e5tta ut\u00f6kningar ist\u00e4llet f\u00f6r inskr\u00e4nkningar p\u00e5 jakten. Det \u00e4r unikt i dagens Europa.<\/p>\n<p><strong>3. Samh\u00e4llsnyttan<\/strong><br \/>\nSvenska J\u00e4garef\u00f6rbundet tar ett stort samh\u00e4llsansvar genom att dygnet runt, \u00e5ret om, s\u00f6ka upp och f\u00f6rkorta lidandet f\u00f6r trafik- skadat vilt. Varje \u00e5r genomf\u00f6r vi j\u00e4gare 45 000 trafikefters\u00f6k vid vilttrafikolyckor. Vi g\u00f6r \u00e4ven viktiga insatser genom att organiserat inventera och samla in viktig data om v\u00e5ra viltarter. V\u00e5rt stora engagemang i samh\u00e4llet har lett till att vi har oerh\u00f6rt h\u00f6g acceptans f\u00f6r jakt i Sverige.<\/p>\n<p><strong>4. Frihet under ansvar<\/strong><br \/>\nI Sverige har vi en lagstiftning kring jakt som \u00e4r fri fr\u00e5n detaljregleringar. Samh\u00e4llet litar p\u00e5 j\u00e4garnas etik, kunskap och utbildningsniv\u00e5. Vi f\u00e5r som bevis p\u00e5 detta f\u00f6rvalta majoriteten av v\u00e5ra viltstammar sj\u00e4lva. Tack vare Svenska J\u00e4garef\u00f6rbundet flyttas allts\u00e5 f\u00f6rvaltningen hela tiden n\u00e4rmare j\u00e4garna.<\/p>\n<p><strong>5. Arbetet med EU<\/strong><br \/>\nSvenska J\u00e4garef\u00f6rbundet \u00e4r den enda svenska jaktorganisationen som tar striden med EU. Tack vare att Svenska J\u00e4garef\u00f6rbundet bevakar jakt- och milj\u00f6fr\u00e5gor i EU s\u00e5 har vi lyckats stoppa de mest jaktfientliga regleringarna. Till exempel har vi lyckats hindra ett stopp av jakt p\u00e5 lodjur och bj\u00f6rn, vilket var mycket n\u00e4ra. N\u00e4rmast jobbar vi h\u00e5rt med vapenfr\u00e5gan, d\u00e4r EU idag vill sk\u00e4rpa v\u00e5r redan h\u00e5rt reglerade vapenlagstiftning.<\/p>\n<p><strong>6. Rovdjursjakt.<\/strong><\/p>\n<p>SJF arbetar f\u00f6r att f\u00f6rvalta rovdjuren genom jakt till en niv\u00e5 d\u00e4r skadorna blir minimala p\u00e5 vilt och tamdjur, och inte p\u00e5verkar m\u00f6jligheten att bo och verka p\u00e5 den Svenska landsbygden, och f\u00e5 myndigheter att f\u00f6rst\u00e5 att ett antal marginella f\u00f6reningar endast vill f\u00f6rhindra detta trots lagda beslut i riksdag och regering.<\/p>\n<p>Som medlem i Svenska J\u00e4garef\u00f6rbundet f\u00e5r du allt det som vi har \u00e5stadkommit under v\u00e5ra f\u00f6rsta drygt 180 \u00e5r samt 11 nr av Svensk Jakt &#8211; Sveriges st\u00f6rsta jakttidning, f\u00f6rs\u00e4kringar f\u00f6r dig och dina hundar och <a href=\"https:\/\/jagareforbundet.se\/medlem\/medlemsrabatter\/\">rabatter<\/a> p\u00e5 allt mellan himmel och jord som du kan beh\u00f6va i livet kring jakten.<\/p>\n<p><strong><a href=\"https:\/\/jagareforbundet.upright.se:444\/Betalsida\">Bli medlem idag du ocks\u00e5!<\/a><\/strong><\/p>\n<\/div>\n<div id=\"pageWrap\"><a href=\"https:\/\/www.facebook.com\/pages\/J%C3%A4garef%C3%B6rbundet-Dalarna-G%C3%A4vleborg\/680140925380892?ref=stream&amp;fref=nf\"><img loading=\"lazy\" decoding=\"async\" class=\"wp-image-4725 alignnone\" src=\"https:\/\/krets.jagareforbundet.se\/folkarna\/files\/2013\/03\/fasebook-150x150.png\" alt=\"fasebook\" width=\"46\" height=\"46\" srcset=\"https:\/\/krets.jagareforbundet.se\/folkarna\/files\/2013\/03\/fasebook-150x150.png 150w, https:\/\/krets.jagareforbundet.se\/folkarna\/files\/2013\/03\/fasebook.png 225w\" sizes=\"auto, (max-width: 46px) 100vw, 46px\" \/><\/a>\u00a0\u00a0 \u00a0 &lt; \u00a0Till JFD Facebook<\/div>\n<\/div>\n","protected":false},"excerpt":{"rendered":"<p>F\u00f6r att enkelt uppfylla GDPR betala din medlemsavgift via v\u00e5r hemsida. Har du l\u00e4mnat fel\/f\u00e5tt ny\u00a0 e-postadress eller \u00e4ndrat utan att meddela den nya till kretsen, hj\u00e4lp nu sekreteraren \u00a0genom att skicka ett mail till ake.f.berglund@bredband.net och britta.lundh@jagareforbundet.se\u00a0 Vid f\u00f6rsta medlemsbetalningen ansluts du automatiskt till krets p\u00e5 ditt post nummer, vilket om det \u00e4r fel, [&hellip;]<\/p>\n","protected":false},"author":78,"featured_media":0,"parent":0,"menu_order":2,"comment_status":"open","ping_status":"closed","template":"","meta":{"footnotes":""},"class_list":["post-171","page","type-page","status-publish","hentry"],"_links":{"self":[{"href":"https:\/\/krets.jagareforbundet.se\/folkarna\/wp-json\/wp\/v2\/pages\/171","targetHints":{"allow":["GET"]}}],"collection":[{"href":"https:\/\/krets.jagareforbundet.se\/folkarna\/wp-json\/wp\/v2\/pages"}],"about":[{"href":"https:\/\/krets.jagareforbundet.se\/folkarna\/wp-json\/wp\/v2\/types\/page"}],"author":[{"embeddable":true,"href":"https:\/\/krets.jagareforbundet.se\/folkarna\/wp-json\/wp\/v2\/users\/78"}],"replies":[{"embeddable":true,"href":"https:\/\/krets.jagareforbundet.se\/folkarna\/wp-json\/wp\/v2\/comments?post=171"}],"version-history":[{"count":3,"href":"https:\/\/krets.jagareforbundet.se\/folkarna\/wp-json\/wp\/v2\/pages\/171\/revisions"}],"predecessor-version":[{"id":7931,"href":"https:\/\/krets.jagareforbundet.se\/folkarna\/wp-json\/wp\/v2\/pages\/171\/revisions\/7931"}],"wp:attachment":[{"href":"https:\/\/krets.jagareforbundet.se\/folkarna\/wp-json\/wp\/v2\/media?parent=171"}],"curies":[{"name":"wp","href":"https:\/\/api.w.org\/{rel}","templated":true}]}}