{"id":1735,"date":"2013-03-30T09:59:28","date_gmt":"2013-03-30T08:59:28","guid":{"rendered":"https:\/\/krets.jagareforbundet.se\/folkarna\/?page_id=1735"},"modified":"2013-05-29T14:39:01","modified_gmt":"2013-05-29T12:39:01","slug":"jaktrattsavtal","status":"publish","type":"page","link":"https:\/\/krets.jagareforbundet.se\/folkarna\/medlemsfragor\/jaktrattsavtal\/","title":{"rendered":"Jaktr\u00e4ttsavtal"},"content":{"rendered":"<h1>6 viktiga punkter om jaktr\u00e4ttsavtal<\/h1>\n<p><em>Vad b\u00f6r man som j\u00e4gare t\u00e4nka p\u00e5 n\u00e4r man ska ing\u00e5 ett avtal med en mark\u00e4gare om att f\u00e5 jaga p\u00e5 dennes mark? \u00c4r det i ett VVO finns det mesta reglerat redan d\u00e4r.<\/em><br \/>\n<em> Det \u00e4r naturligtvis om\u00f6jligt att beskriva allt,\u00a0men de viktigaste punkterna f\u00e5r du h\u00e4r.<\/em><\/p>\n<div>\n<p>F\u00f6r att ing\u00e5 ett jaktr\u00e4ttsavtal finns inga formkrav. Det betyder att man kan ing\u00e5 ett s\u00e5dant avtal n\u00e4stan hur som helst. Avtalet kan allts\u00e5 vara s\u00e5v\u00e4l muntligt som skriftligt, eller till och med en kombination av b\u00e5de och. Det kan r\u00f6ra sig om en handling<br \/>\nsom kallas jaktr\u00e4ttsavtal eller s\u00e5 kan det vara en del av ett k\u00f6pekontrakt av en fastighet, brev, epost eller SMS. Jag har ocks\u00e5 sett avtal som kallas f\u00f6r servitut och andra felaktiga saker, men oavsett vad det kallas \u00e4r det allts\u00e5 ett jaktr\u00e4ttsavtal. Muntliga avtal g\u00e4ller allts\u00e5, men s\u00e5dana avtal \u00e4r sv\u00e5rare att bevisa, varf\u00f6r skriftliga avtal alltid \u00e4r att rekommendera.<br \/>\nEtt skriftligt avtal har ocks\u00e5 f\u00f6rdelen att det g\u00e5r att f\u00e5 antecknat i fastighetsregistret s\u00e5 att om fastigheten s\u00e4ljs, \u00e4r det l\u00e4ttare att f\u00e5 beh\u00e5lla jaktr\u00e4tten. Det f\u00f6rekommer att mark\u00e4gare inte vill till\u00e5ta att jaktr\u00e4ttsavtal antecknas i fastighetsregistret, men s\u00e5dana f\u00f6rbeh\u00e5ll g\u00e4ller inte. Om marken ligger inom ett viltv\u00e5rdsomr\u00e5de <strong>m\u00e5ste<\/strong> avtalet vara skriftligt. F\u00f6reningen ska n\u00e4mligen godk\u00e4nna uppl\u00e5telsen innan man kan utnyttja sin jaktr\u00e4tt och d\u00e5 m\u00e5ste det finnas en handling som visar detta. \u00c4ven i ett \u00e4lgsk\u00f6tselomr\u00e5de kan stadgarna kr\u00e4va ett skriftligt avtal. Man b\u00f6r allts\u00e5 alltid ing\u00e5 skriftliga jaktr\u00e4ttsavtal s\u00e5 att alla parter vet vad man har kommit \u00f6verens om. En bra b\u00f6rjan \u00e4r att anv\u00e4nda sig av den mall som Svenska J\u00e4garef\u00f6rbundet tagit fram och som kan laddas ner &gt;&gt; <a href=\"http:\/\/jagareforbundet.se\/Documents\/Blanketter_ansokningar\/avtal_upplatelse_av_jakt_ny.pdf\"><span style=\"color: #800000;\"><strong>H\u00e4r<\/strong><\/span><\/a>.<\/p>\n<p><strong>1. Vilka \u00e4r avtalsparterna?<\/strong><br \/>\nViktigast av allt \u00e4r att ha klart f\u00f6r sig vilka avtalsparterna \u00e4r. F\u00f6rst och fr\u00e4mst m\u00e5ste man skriva avtal med mark\u00e4garen. Kontrollera d\u00e4rf\u00f6r detta med fastighetsregistret f\u00f6r att inte blir lurad. \u00c4r flera personer lagfarna \u00e4gare till en eller flera fastigheter som ing\u00e5r i jaktomr\u00e5det ska samtliga skriva under avtalet. Ange korrekta fastighets-beteckningar\u00a0och rita in omr\u00e5det p\u00e5 en karta s\u00e5 att det st\u00e5r klart var gr\u00e4nserna g\u00e5r.<\/p>\n<p><strong>2. Vem \u00e4r jaktr\u00e4ttshavare?<\/strong><br \/>\nOm man \u00e4r flera som ska jaga tillsammans b\u00f6r man fundera p\u00e5 vem som ska st\u00e5 som jaktr\u00e4ttshavare<br \/>\n\u2013 en privatperson eller en ideell f\u00f6rening. Mark\u00e4garen kan ha synpunkter, men annars rekommenderas att man bildar en jaktklubb. Det blir en mer demokratisk ordning<br \/>\nmed en jaktklubb och dessutom riskerar man inte att avtalet upph\u00f6r om jaktr\u00e4ttshavaren d\u00f6r.<\/p>\n<p>&#8211; i ett viltv\u00e5rdsomr\u00e5de \u00e4r det jaktledaren under jakt och styrelsen under \u00f6vrig tid som p\u00e5 st\u00e4mmans beslut, \u00e4r jaktr\u00e4ttshavare.<\/p>\n<p><strong>3. Hur l\u00e4nge ska avtalet g\u00e4lla?<\/strong><br \/>\nNormalt rekommenderar Svenska J\u00e4garef\u00f6rbundet l\u00e5ngvariga avtal f\u00f6r att f\u00e5 kontinuitet, framf\u00f6r allt i viltv\u00e5rdsarbetet och f\u00f6r att minska risken f\u00f6r ett f\u00f6r h\u00f6gt jakttryck. Helst b\u00f6r avtalen vara p\u00e5 tre till fem \u00e5r, g\u00e4rna l\u00e4ngre. Maxtiden \u00e4r annars 50 \u00e5r, eller 25 \u00e5r om marken ligger inom detaljplanelagt omr\u00e5de. Man kan ocks\u00e5 komma \u00f6verens om jaktr\u00e4tt p\u00e5 jaktr\u00e4ttshavarens livstid om det r\u00f6r sig om en privatperson.<br \/>\nS\u00e5 l\u00e4nge avtalet \u00e4r p\u00e5 minst ett \u00e5r, eller p\u00e5 obest\u00e4md tid, g\u00e4ller en tvingande upps\u00e4gningstid om minst sex m\u00e5nader. Det \u00e4r det enda skydd som numera finns enligt lagen. Det finns allts\u00e5 inte l\u00e4ngre n\u00e5got besittningsskydd, utan detta g\u00e4ller bara<br \/>\nf\u00f6r avtal som ing\u00e5tts f\u00f6re 2001 och som \u00e4nnu inte f\u00f6rnyats.<\/p>\n<p><strong>4. Vilka arter ska man jaga?<\/strong><br \/>\nEn viktig fr\u00e5ga att t\u00e4nka p\u00e5 \u00e4r vilka arter jakten ska omfatta. Generellt sett rekommenderas inte att man delar upp det jaktbara viltet, f\u00f6r d\u00e5 blir det f\u00f6rr eller senare kollisioner i skogen. Delar man \u00e4nd\u00e5 upp jakten, b\u00f6r man ange hur s\u00e5dana<br \/>\nkollisioner ska f\u00f6rhindras, och helst ange vem som har f\u00f6retr\u00e4de.<\/p>\n<p><strong>5. Vad g\u00e4ller byggnader och torn?<\/strong><br \/>\nOm jaktr\u00e4ttshavaren har tillg\u00e5ng till eller f\u00e5r uppf\u00f6ra slaktbod, jaktstuga eller liknande, s\u00e5 m\u00e5ste man reglera detta. Det g\u00e4ller framf\u00f6r allt vem som \u00e4ger dem och om jaktr\u00e4ttshavaren ska ha skyldighet att underh\u00e5lla dem. \u00c4gander\u00e4tten till jakttorn b\u00f6r ocks\u00e5 regleras.<\/p>\n<p><strong>6. Hur mycket kostar jakten?<\/strong><br \/>\nSlutligen brukar den ers\u00e4ttning som ska betalas vara av intresse. Ange om moms ing\u00e5r, s\u00e5 att ni inte beh\u00f6ver br\u00e5ka om det sedan.<\/p>\n<\/div>\n","protected":false},"excerpt":{"rendered":"<p>6 viktiga punkter om jaktr\u00e4ttsavtal Vad b\u00f6r man som j\u00e4gare t\u00e4nka p\u00e5 n\u00e4r man ska ing\u00e5 ett avtal med en mark\u00e4gare om att f\u00e5 jaga p\u00e5 dennes mark? \u00c4r det i ett VVO finns det mesta reglerat redan d\u00e4r. Det \u00e4r naturligtvis om\u00f6jligt att beskriva allt,\u00a0men de viktigaste punkterna f\u00e5r du h\u00e4r. F\u00f6r att ing\u00e5 [&hellip;]<\/p>\n","protected":false},"author":78,"featured_media":0,"parent":171,"menu_order":0,"comment_status":"open","ping_status":"open","template":"","meta":{"footnotes":""},"class_list":["post-1735","page","type-page","status-publish","hentry"],"_links":{"self":[{"href":"https:\/\/krets.jagareforbundet.se\/folkarna\/wp-json\/wp\/v2\/pages\/1735","targetHints":{"allow":["GET"]}}],"collection":[{"href":"https:\/\/krets.jagareforbundet.se\/folkarna\/wp-json\/wp\/v2\/pages"}],"about":[{"href":"https:\/\/krets.jagareforbundet.se\/folkarna\/wp-json\/wp\/v2\/types\/page"}],"author":[{"embeddable":true,"href":"https:\/\/krets.jagareforbundet.se\/folkarna\/wp-json\/wp\/v2\/users\/78"}],"replies":[{"embeddable":true,"href":"https:\/\/krets.jagareforbundet.se\/folkarna\/wp-json\/wp\/v2\/comments?post=1735"}],"version-history":[{"count":0,"href":"https:\/\/krets.jagareforbundet.se\/folkarna\/wp-json\/wp\/v2\/pages\/1735\/revisions"}],"up":[{"embeddable":true,"href":"https:\/\/krets.jagareforbundet.se\/folkarna\/wp-json\/wp\/v2\/pages\/171"}],"wp:attachment":[{"href":"https:\/\/krets.jagareforbundet.se\/folkarna\/wp-json\/wp\/v2\/media?parent=1735"}],"curies":[{"name":"wp","href":"https:\/\/api.w.org\/{rel}","templated":true}]}}