{"id":1802,"date":"2013-03-31T14:25:48","date_gmt":"2013-03-31T12:25:48","guid":{"rendered":"https:\/\/krets.jagareforbundet.se\/folkarna\/?page_id=1802"},"modified":"2013-07-19T09:28:34","modified_gmt":"2013-07-19T07:28:34","slug":"syttesakerhet","status":"publish","type":"page","link":"https:\/\/krets.jagareforbundet.se\/folkarna\/syttesakerhet\/","title":{"rendered":"Skotts\u00e4kerhet"},"content":{"rendered":"<p><strong style=\"font-size: medium; font-family: Verdana, Arial, Helvetica, sans-serif;\">Vi kan inte acceptera \u201dd\u00e5liga skott\u201d.<\/strong><\/p>\n<p style=\"font-family: Verdana, Arial, Helvetica, sans-serif; text-align: start;\"><strong><span style=\"font-size: small;\">Svenska J\u00e4garef\u00f6rbundet jobbar med ett projekt som ska leda till s\u00e4krare jakt. Bomskott och skadskjutningar kallar vi sammanfattande f\u00f6r \u201dd\u00e5liga skott\u201d. Vi m\u00e5ste str\u00e4va efter att endast avlossa skott som d\u00f6dar det avsedd villebr\u00e5det. De d\u00e5liga skotten ska minimeras, helst helt elimineras.\u00a0<strong>Undvik att skjuta p\u00e5 fri hand och l\u00e5nga avst\u00e5nd! \u00a0 \u00a0 \u00a0Vi kan bli b\u00e4ttre &gt;&gt;\u00a0<a href=\"https:\/\/krets.jagareforbundet.se\/folkarna\/files\/2013\/03\/SakrareJakt.pdf\">S\u00e4krare Jakt<\/a><\/strong><\/span><\/strong><\/p>\n<h4><strong style=\"color: #000000; font-family: 'Times New Roman'; font-size: 11px; line-height: normal;\"><span style=\"text-decoration: underline;\"><span style=\"font-size: xx-small;\">PIPVINGEL GER OANADE KONSEKVENSER<\/span><\/span><\/strong><span style=\"font-size: xx-small;\">Utdrag ur Thomas Ekroths artikel i Jaktjournalen Sep\/04.\u00a0<\/span><span style=\"color: #000000; font-family: 'Times New Roman'; font-size: 11px; line-height: normal;\">Tv\u00e5 vanliga orsaker till bom- och skadeskjutningar \u00e4r felaktig avfyring och ovana att skjuta p\u00e5 fri hand. B\u00e5da dessa anledningar leder till \u201dmynningsdarr \u201d som kan f\u00e5 allvarliga konsekvenser.\u00a0<\/span><span style=\"color: #000000; font-family: Verdana, Arial, Helvetica, sans-serif; font-size: 11px; line-height: normal;\">Om vi dessutom l\u00e4gger till faktorn avst\u00e5ndet, ser vi att det \u00e4r klokt att avst\u00e5 skott p\u00e5 l\u00e4ngre h\u00e5ll. Speciellt n\u00e4r det g\u00e4ller skytte utan st\u00f6d. Ett relativt litet \u201dpipvingel\u201d p\u00e5 fem millimeter ger en tr\u00e4ffl\u00e4gesf\u00f6rflyttning p\u00e5 hela 142 cm om avst\u00e5ndet \u00e4r 200 meter.\u00a0<\/span><span style=\"color: #000000; font-family: Verdana, Arial, Helvetica, sans-serif; font-size: 11px; line-height: normal;\">F\u00f6rutom att tr\u00e4na skytte och avfyrningsteknik kan man g\u00f6ra n\u00e5gra enkla f\u00f6rberedelser inf\u00f6r jakten som minimerar \u201dmynningsvingel\u201d.Eftersom det \u00e4r om\u00f6jligt att h\u00e5lla ett vapen helt stilla p\u00e5 fri hand, b\u00f6r man efterstr\u00e4va att skjuta med st\u00f6d. Se d\u00e4rf\u00f6r till att du har ett bra st\u00f6d i alla t\u00e4nkbara skjutriktningar p\u00e5 ditt pass. L\u00e5t aldrig<\/span><span style=\"text-decoration: underline;\">\u00a0<\/span><span style=\"color: #000000; font-family: Verdana, Arial, Helvetica, sans-serif; font-size: 11px; line-height: normal;\">pipan f\u00e5 direktkontakt mot st\u00f6det, d\u00e5 kan vapnets inskjutna tr\u00e4ffl\u00e4ge f\u00f6r\u00e4ndras. Markera \u00e4ven ut passets l\u00e4ngsta skjutavst\u00e5nd.\u00a0<\/span><span style=\"color: #000000; font-family: Verdana, Arial, Helvetica, sans-serif; font-size: 11px;\">F\u00f6r att undvika on\u00f6diga skadeskjutningar \u00e4r det viktigt att l\u00e4ra k\u00e4nna sig sj\u00e4lv som skytt. Var g\u00e5r mina gr\u00e4nser? Vid skjutning f\u00f6r \u00e4lgjakt skall j\u00e4garm\u00e4ssigt st\u00f6d till\u00e5tas.\u00a0<\/span><span style=\"color: #000000; font-family: Verdana, Arial, Helvetica, sans-serif; font-size: 11px;\">Ryckig avfyring \u00e4r ett vanligt fel vid frihandsskytte, sm\u00e5 r\u00f6relser vid mynningen ger stora fel vid m\u00e5let.\u00a0Tabellen visar ungef\u00e4r hur mycket tr\u00e4ffl\u00e4get f\u00f6rflyttas om skytten vinglar, darrar eller rycker till med mynningen i skott\u00f6gonblicket. \u00a0Tabellen visar ungef\u00e4r hur mycket tr\u00e4ffl\u00e4get f\u00f6rflyttas i cm om skytten vinglar, darrar eller rycker till med mynningen i skott\u00f6gonblicket.<\/span><\/h4>\n<div align=\"center\">\n<table style=\"width: 302px;\" border=\"1\" cellspacing=\"1\">\n<tbody>\n<tr>\n<td style=\"border: 1px dashed #bbbbbb;\" width=\"60\">Skjutavst\u00e5nd<\/td>\n<td style=\"border: 1px dashed #bbbbbb;\" align=\"center\" width=\"22\"><\/td>\n<td style=\"border: 1px dashed #bbbbbb;\" width=\"63\"><\/td>\n<td style=\"border: 1px dashed #bbbbbb;\" align=\"center\" width=\"23\">80<\/td>\n<td style=\"border: 1px dashed #bbbbbb;\" width=\"67\"><\/td>\n<td style=\"border: 1px dashed #bbbbbb;\" align=\"center\" width=\"29\">200<\/td>\n<\/tr>\n<tr>\n<td style=\"border: 1px dashed #bbbbbb;\" width=\"60\">Mynningsvingel<\/td>\n<td style=\"border: 1px dashed #bbbbbb;\" align=\"center\" width=\"22\">0,5<\/td>\n<td style=\"border: 1px dashed #bbbbbb;\" width=\"63\">Tr\u00e4ffl\u00e4gesf\u00f6rflyttning<\/td>\n<td style=\"border: 1px dashed #bbbbbb;\" align=\"center\" width=\"23\">60<\/td>\n<td style=\"border: 1px dashed #bbbbbb;\" width=\"67\">Tr\u00e4ffl\u00e4ges\u00f6rflyttning<\/td>\n<td style=\"border: 1px dashed #bbbbbb;\" align=\"center\" width=\"29\">140<\/td>\n<\/tr>\n<tr>\n<td style=\"border: 1px dashed #bbbbbb;\" width=\"60\"><\/td>\n<td style=\"border: 1px dashed #bbbbbb;\" align=\"center\" width=\"22\">1,0<\/td>\n<td style=\"border: 1px dashed #bbbbbb;\" width=\"63\"><\/td>\n<td style=\"border: 1px dashed #bbbbbb;\" align=\"center\" width=\"23\">115<\/td>\n<td style=\"border: 1px dashed #bbbbbb;\" width=\"67\"><\/td>\n<td style=\"border: 1px dashed #bbbbbb;\" align=\"center\" width=\"29\">285<\/td>\n<\/tr>\n<tr>\n<td style=\"border: 1px dashed #bbbbbb;\" width=\"60\"><\/td>\n<td style=\"border: 1px dashed #bbbbbb;\" align=\"center\" width=\"22\">2,0<\/td>\n<td style=\"border: 1px dashed #bbbbbb;\" width=\"63\"><\/td>\n<td style=\"border: 1px dashed #bbbbbb;\" align=\"center\" width=\"23\">230<\/td>\n<td style=\"border: 1px dashed #bbbbbb;\" width=\"67\"><\/td>\n<td style=\"border: 1px dashed #bbbbbb;\" align=\"center\" width=\"29\">570<\/td>\n<\/tr>\n<\/tbody>\n<\/table>\n<\/div>\n<div align=\"center\"><\/div>\n<div style=\"text-align: left;\" align=\"center\"><\/div>\n<div style=\"text-align: left;\" align=\"center\"><\/div>\n","protected":false},"excerpt":{"rendered":"<p>Vi kan inte acceptera \u201dd\u00e5liga skott\u201d. Svenska J\u00e4garef\u00f6rbundet jobbar med ett projekt som ska leda till s\u00e4krare jakt. Bomskott och skadskjutningar kallar vi sammanfattande f\u00f6r \u201dd\u00e5liga skott\u201d. Vi m\u00e5ste str\u00e4va efter att endast avlossa skott som d\u00f6dar det avsedd villebr\u00e5det. De d\u00e5liga skotten ska minimeras, helst helt elimineras.\u00a0Undvik att skjuta p\u00e5 fri hand och l\u00e5nga [&hellip;]<\/p>\n","protected":false},"author":78,"featured_media":0,"parent":0,"menu_order":6,"comment_status":"open","ping_status":"open","template":"","meta":{"footnotes":""},"class_list":["post-1802","page","type-page","status-publish","hentry"],"_links":{"self":[{"href":"https:\/\/krets.jagareforbundet.se\/folkarna\/wp-json\/wp\/v2\/pages\/1802","targetHints":{"allow":["GET"]}}],"collection":[{"href":"https:\/\/krets.jagareforbundet.se\/folkarna\/wp-json\/wp\/v2\/pages"}],"about":[{"href":"https:\/\/krets.jagareforbundet.se\/folkarna\/wp-json\/wp\/v2\/types\/page"}],"author":[{"embeddable":true,"href":"https:\/\/krets.jagareforbundet.se\/folkarna\/wp-json\/wp\/v2\/users\/78"}],"replies":[{"embeddable":true,"href":"https:\/\/krets.jagareforbundet.se\/folkarna\/wp-json\/wp\/v2\/comments?post=1802"}],"version-history":[{"count":0,"href":"https:\/\/krets.jagareforbundet.se\/folkarna\/wp-json\/wp\/v2\/pages\/1802\/revisions"}],"wp:attachment":[{"href":"https:\/\/krets.jagareforbundet.se\/folkarna\/wp-json\/wp\/v2\/media?parent=1802"}],"curies":[{"name":"wp","href":"https:\/\/api.w.org\/{rel}","templated":true}]}}