{"id":1822,"date":"2013-03-31T16:18:04","date_gmt":"2013-03-31T14:18:04","guid":{"rendered":"https:\/\/krets.jagareforbundet.se\/folkarna\/?page_id=1822"},"modified":"2013-07-19T09:28:09","modified_gmt":"2013-07-19T07:28:09","slug":"jaktskyttets-a-b-c","status":"publish","type":"page","link":"https:\/\/krets.jagareforbundet.se\/folkarna\/jaktskyttets-a-b-c\/","title":{"rendered":"Jaktskyttets A B C"},"content":{"rendered":"<h2>Jaktskyttets ABC II<\/h2>\n<h1>Handbok i jaktskytte f\u00f6r j\u00e4gare<\/h1>\n<p>J<strong>aktskyttets ABC II, \u00e4r ett p\u00e5byggnadsmaterial i \u00e4mnet jaktskytte och kan ses som en handbok i jaktskytte f\u00f6r j\u00e4gare. Boken \u00e4r en forts\u00e4ttning p\u00e5 Jaktskyttets ABC, (som vi gett ut tidigare och s\u00e5lt i ca. 25 000 ex.) d\u00e4r vi behandlade detaljer som \u00e4r viktiga f\u00f6r jaktskottets grunder. ABC II ger en f\u00f6rdjupning i \u00e4mnet jaktskytte och \u00e4r skriven av den mycket erfarne skjutinstrukt\u00f6ren CG Sm\u00e5l\u00e4nning. Boken ges ut av J\u00e4garef\u00f6rbundet G\u00e4vleborg och omfattar 40 sidor.<\/strong><\/p>\n<p><strong>ABC II behandlar fr\u00e4mst kulskytte och faktorer kring vapen, riktmedel, ammunition, inskjutning och skjutteknik i olika former, som alla p\u00e5verkar resultatet f\u00f6r ett lyckat jaktskott. I boken ges m\u00e5nga tips och teorier om hur man anpassar sitt vapen och hur man l\u00e4r sig att g\u00f6ra en korrekt inskjutning. Tr\u00e4ningstips ges f\u00f6r att l\u00e4ra sig att skjuta effektiva skott med b\u00e5de hagel- och kulvapen mot b\u00e5de stillast\u00e5ende och r\u00f6rliga m\u00e5l. F\u00f6r skott mot r\u00f6rliga m\u00e5l behandlas skjutteknik och behov av framf\u00f6rh\u00e5llning. Vissa \u00f6vningar g\u00e5r ut p\u00e5 att l\u00e4ra sig att skjuta snabbt och den kunskapen kan vara en helt avg\u00f6rande faktor f\u00f6r ett lyckat resultat vid vissa tillf\u00e4llen, som t.ex. vid efters\u00f6k mot skadat vilt.<\/strong><\/p>\n<p><strong>ABC II \u00e4r ett utm\u00e4rkt material att l\u00e4sa som en studiecirkel inom t.ex. det egna jaktlaget och d\u00e5 kan man med f\u00f6rdel kontakta v\u00e5rt studief\u00f6rbund Studiefr\u00e4mjandet f\u00f6r att f\u00e5 hj\u00e4lp med planering och studieplan f\u00f6r kursen.<\/strong><\/p>\n<p>&nbsp;<\/p>\n<p><strong>Best\u00e4llning kan g\u00f6ras hos: J\u00e4garef\u00f6rbundet G\u00e4vleborg CG Sm\u00e5l\u00e4nning Bj\u00f6rkhamregatan 32, 821 32 Bolln\u00e4s<\/strong><\/p>\n<p><strong>Tel. 0278 \u2013 240 70 Email.\u00a0<a href=\"mailto:cg.smalanning@telia.com\">cg.smalanning@telia.com<\/a><\/strong><\/p>\n","protected":false},"excerpt":{"rendered":"<p>Jaktskyttets ABC II Handbok i jaktskytte f\u00f6r j\u00e4gare Jaktskyttets ABC II, \u00e4r ett p\u00e5byggnadsmaterial i \u00e4mnet jaktskytte och kan ses som en handbok i jaktskytte f\u00f6r j\u00e4gare. Boken \u00e4r en forts\u00e4ttning p\u00e5 Jaktskyttets ABC, (som vi gett ut tidigare och s\u00e5lt i ca. 25 000 ex.) d\u00e4r vi behandlade detaljer som \u00e4r viktiga f\u00f6r jaktskottets [&hellip;]<\/p>\n","protected":false},"author":78,"featured_media":0,"parent":0,"menu_order":4,"comment_status":"open","ping_status":"open","template":"","meta":{"footnotes":""},"class_list":["post-1822","page","type-page","status-publish","hentry"],"_links":{"self":[{"href":"https:\/\/krets.jagareforbundet.se\/folkarna\/wp-json\/wp\/v2\/pages\/1822","targetHints":{"allow":["GET"]}}],"collection":[{"href":"https:\/\/krets.jagareforbundet.se\/folkarna\/wp-json\/wp\/v2\/pages"}],"about":[{"href":"https:\/\/krets.jagareforbundet.se\/folkarna\/wp-json\/wp\/v2\/types\/page"}],"author":[{"embeddable":true,"href":"https:\/\/krets.jagareforbundet.se\/folkarna\/wp-json\/wp\/v2\/users\/78"}],"replies":[{"embeddable":true,"href":"https:\/\/krets.jagareforbundet.se\/folkarna\/wp-json\/wp\/v2\/comments?post=1822"}],"version-history":[{"count":0,"href":"https:\/\/krets.jagareforbundet.se\/folkarna\/wp-json\/wp\/v2\/pages\/1822\/revisions"}],"wp:attachment":[{"href":"https:\/\/krets.jagareforbundet.se\/folkarna\/wp-json\/wp\/v2\/media?parent=1822"}],"curies":[{"name":"wp","href":"https:\/\/api.w.org\/{rel}","templated":true}]}}