{"id":1833,"date":"2013-03-31T16:36:05","date_gmt":"2013-03-31T14:36:05","guid":{"rendered":"https:\/\/krets.jagareforbundet.se\/folkarna\/?page_id=1833"},"modified":"2013-07-19T09:29:27","modified_gmt":"2013-07-19T07:29:27","slug":"vapenforvaring","status":"publish","type":"page","link":"https:\/\/krets.jagareforbundet.se\/folkarna\/vapenforvaring\/","title":{"rendered":"Vapen"},"content":{"rendered":"<p><a title=\"Vapenlicens\" href=\"http:\/\/www.polisen.se\/Dalarna\/Lagar-och-regler\/Vapen\/Vapenlicens\/\"><img loading=\"lazy\" decoding=\"async\" class=\"alignleft size-full wp-image-2515\" title=\"vapensk\u00e5p\" src=\"https:\/\/krets.jagareforbundet.se\/folkarna\/files\/2013\/03\/vapensk\u00e5p.png\" alt=\"\" width=\"419\" height=\"605\" \/><\/a><\/p>\n<p><strong>1 \u00a7 Den som innehar skjutvapen eller ammunition \u00e4r skyldig att ta hand om egendomen och h\u00e5lla den under s\u00e5dan uppsikt att det inte finns risk f\u00f6r att n\u00e5gon obeh\u00f6rig kommer \u00e5t den.<\/strong> <!--mstheme--><\/p>\n<p><strong><strong><strong><strong><strong>2 \u00a7 N\u00e4r skjutvapen inte brukas, skall de f\u00f6rvaras i s\u00e4kerhetssk\u00e5p eller i n\u00e5got annat lika s\u00e4kert f\u00f6rvaringsutrymme. Trots vad som s\u00e4gs i f\u00f6rsta stycket f\u00e5r effektbegr\u00e4nsade skjutvapen samt s\u00e5dana f\u00f6rem\u00e5l som enligt 1 kap. 3 \u00a7 j\u00e4mst\u00e4lls med skjutvapen f\u00f6rvaras p\u00e5 annat betryggande s\u00e4tt s\u00e5 att det inte finns risk f\u00f6r att n\u00e5gon obeh\u00f6rig kommer \u00e5t dem. Ammunition skall f\u00f6rvaras under s\u00e4kert l\u00e5s eller p\u00e5 n\u00e5got annat lika betryggande s\u00e4tt. Lag (2000:147).<\/strong> <!--mstheme--><\/strong><\/strong><\/strong><\/strong><\/p>\n<p><strong><strong><strong><strong>3 \u00a7 En innehavare f\u00e5r l\u00e4mna \u00f6ver sitt skjutvapen eller sin ammunition till n\u00e5gon annan f\u00f6r f\u00f6rvaring om han eller hon inte sj\u00e4lv kan ta hand om egendomen eller om det annars finns s\u00e4rskilda sk\u00e4l. F\u00f6r s\u00e5dan f\u00f6rvaring kr\u00e4vs tillst\u00e5nd om inte utl\u00e5ning i motsvarande fall \u00e4r till\u00e5ten enligt 3 kap. Vid tillst\u00e5ndspr\u00f6vningen skall polismyndigheten s\u00e4rskilt beakta m\u00f6jligheten f\u00f6r mottagaren att erbjuda en s\u00e4ker f\u00f6rvaring. Tillst\u00e5ndet skall tidsbegr\u00e4nsas. Den hos vilken vapnet f\u00f6rvaras f\u00e5r anv\u00e4nda vapnet endast om han eller hon har tillst\u00e5nd att inneha vapen av samma typ. Lag (2000:147).<\/strong><strong><\/strong> <!--mstheme--><\/strong><\/strong><\/strong><\/p>\n<p><strong><strong><strong>4 \u00a7 Den som skickar eller transporterar ett skjutvapen eller ammunition skall vidta betryggande \u00e5tg\u00e4rder f\u00f6r att f\u00f6rhindra att n\u00e5gon obeh\u00f6rig kommer \u00e5t vapnet eller ammunitionen. Vapnet skall vara oladdat och, om det l\u00e4mpligen kan ske, is\u00e4rtaget och nerpackat. Lag (2000:147). <\/strong><\/strong><\/strong><\/p>\n<p><strong><strong>5 \u00a7 N\u00e4r det finns s\u00e4rskild anledning till det f\u00e5r en polismyndighet \u00e4ven i annat fall \u00e4n som avses i 2 kap. besluta att tillst\u00e5nd att inneha skjutvapen skall f\u00f6renas med villkor att vapnet skall f\u00f6rvaras p\u00e5 visst s\u00e4tt.<\/strong> <!--mstheme--><\/strong><\/p>\n<p><strong>6 \u00a7 Skjutvapen f\u00e5r medf\u00f6ras p\u00e5 allm\u00e4n plats endast om vapnet enligt s\u00e4rskilda f\u00f6reskrifter ing\u00e5r i utrustning f\u00f6r viss tj\u00e4nst eller visst uppdrag eller om det annars med h\u00e4nsyn till vapnets art, syftet med innehavet och \u00f6vriga omst\u00e4ndigheter \u00e4r att anse som befogat. Detsamma g\u00e4ller i fr\u00e5ga om skjutvapen inom skolomr\u00e5de, d\u00e4r grundskole- eller gymnasieundervisning bedrivs, eller i fordon p\u00e5 allm\u00e4n plats. Lag (2000:147).<\/strong><\/p>\n<p><strong>7 \u00a7 Den som har tillst\u00e5nd att inneha skjutvapen \u00e4r skyldig att l\u00e5ta polismyndigheten f\u00e5 tilltr\u00e4de f\u00f6r att kontrollera att f\u00f6rvaringsbest\u00e4mmelserna f\u00f6ljs. Lag (2000:147).<\/strong><\/p>\n<p><strong>SFS nr: 1996:67 &#8211; <strong>Vapenlag (1996:67)<\/strong><\/strong><\/p>\n<p><strong>Vapenlicens &gt;&gt; <a href=\"http:\/\/www.polisen.se\/Dalarna\/Lagar-och-regler\/Vapen\/Vapenlicens\/\"><span style=\"color: #800000;\">H\u00e4r<\/span><\/a><\/strong><!--mstheme--><\/p>\n","protected":false},"excerpt":{"rendered":"<p>1 \u00a7 Den som innehar skjutvapen eller ammunition \u00e4r skyldig att ta hand om egendomen och h\u00e5lla den under s\u00e5dan uppsikt att det inte finns risk f\u00f6r att n\u00e5gon obeh\u00f6rig kommer \u00e5t den. 2 \u00a7 N\u00e4r skjutvapen inte brukas, skall de f\u00f6rvaras i s\u00e4kerhetssk\u00e5p eller i n\u00e5got annat lika s\u00e4kert f\u00f6rvaringsutrymme. Trots vad som s\u00e4gs [&hellip;]<\/p>\n","protected":false},"author":78,"featured_media":0,"parent":0,"menu_order":8,"comment_status":"open","ping_status":"open","template":"","meta":{"footnotes":""},"class_list":["post-1833","page","type-page","status-publish","hentry"],"_links":{"self":[{"href":"https:\/\/krets.jagareforbundet.se\/folkarna\/wp-json\/wp\/v2\/pages\/1833","targetHints":{"allow":["GET"]}}],"collection":[{"href":"https:\/\/krets.jagareforbundet.se\/folkarna\/wp-json\/wp\/v2\/pages"}],"about":[{"href":"https:\/\/krets.jagareforbundet.se\/folkarna\/wp-json\/wp\/v2\/types\/page"}],"author":[{"embeddable":true,"href":"https:\/\/krets.jagareforbundet.se\/folkarna\/wp-json\/wp\/v2\/users\/78"}],"replies":[{"embeddable":true,"href":"https:\/\/krets.jagareforbundet.se\/folkarna\/wp-json\/wp\/v2\/comments?post=1833"}],"version-history":[{"count":0,"href":"https:\/\/krets.jagareforbundet.se\/folkarna\/wp-json\/wp\/v2\/pages\/1833\/revisions"}],"wp:attachment":[{"href":"https:\/\/krets.jagareforbundet.se\/folkarna\/wp-json\/wp\/v2\/media?parent=1833"}],"curies":[{"name":"wp","href":"https:\/\/api.w.org\/{rel}","templated":true}]}}