{"id":1865,"date":"2013-03-31T18:51:12","date_gmt":"2013-03-31T16:51:12","guid":{"rendered":"https:\/\/krets.jagareforbundet.se\/folkarna\/?page_id=1865"},"modified":"2019-04-14T08:52:11","modified_gmt":"2019-04-14T06:52:11","slug":"radjur","status":"publish","type":"page","link":"https:\/\/krets.jagareforbundet.se\/folkarna\/jaktfragor\/smavilt2\/radjur\/","title":{"rendered":"R\u00e5djur"},"content":{"rendered":"<h2>\u00a0<a href=\"https:\/\/krets.jagareforbundet.se\/folkarna\/files\/2017\/03\/raget4.jpg\"><img loading=\"lazy\" decoding=\"async\" class=\"size-full wp-image-6076 aligncenter\" src=\"https:\/\/krets.jagareforbundet.se\/folkarna\/files\/2017\/03\/raget4.jpg\" alt=\"\" width=\"549\" height=\"197\" srcset=\"https:\/\/krets.jagareforbundet.se\/folkarna\/files\/2017\/03\/raget4.jpg 549w, https:\/\/krets.jagareforbundet.se\/folkarna\/files\/2017\/03\/raget4-300x108.jpg 300w\" sizes=\"auto, (max-width: 549px) 100vw, 549px\" \/><\/a><\/h2>\n<p>\u00c4r det vanligaste viltet i omr\u00e5det, ett vilt som inte t\u00e5l en f\u00f6r l\u00e5g avskjutning. Arten h\u00e4rstammar fr\u00e5n ett f\u00e5tal djur i h\u00e4ng omkring 1900 till en population \u00f6ver hela Sverige, detta under att jakt p\u00e5gick, arten utvecklas genom att vandra fr\u00e5n ett jagande omr\u00e5de till ej jagande omr\u00e5de d\u00e4r de sedan om jakt ej f\u00f6rekommer inavlas, samtidigt som de d\u00e5 kan sj\u00e4lvd\u00f6 pga. tandf\u00f6rslitning, vanlig inavelseffekt \u00e4r dv\u00e4rgv\u00e4xt. Stor d\u00f6dlighet genom jakt, Lodjur, viltolyckor och r\u00e4vpredation p\u00e5 killingar.<\/p>\n<p>R\u00e5djursr\u00e4kning SVVO sker genom r\u00e4kning fr\u00e5n bil 1\/4 -1\/6 h\u00f6gsta sammanlagda resultat g\u00e4ller. F\u00e4rdv\u00e4g Fors-\u00c5kerby-V\u00e4stanvik-Banvallen- Bygdeg\u00e5rden-V\u00e4stanvik-V\u00e4stanberg-Dalkarlshyttan-V\u00e4stansj\u00f6-Bj\u00f6rkmossen-Granliden-Fors.<\/p>\n<p style=\"text-align: center\">R\u00e5djur kan vara tuffa<a href=\"https:\/\/krets.jagareforbundet.se\/folkarna\/files\/2013\/03\/Passa-radjuret-hangande.pdf\" class=\"woo-sc-button  purple\" ><span class=\"woo-\">Passa &amp; H\u00e4nga<\/span><\/a>\u00a0<a href=\"https:\/\/krets.jagareforbundet.se\/folkarna\/files\/2013\/03\/Stycka-radjurslaret-i-smastekar.pdf\" class=\"woo-sc-button  purple\" ><span class=\"woo-\">L\u00e5r i sm\u00e5stekar<\/span><\/a><a href=\"http:\/\/www.jagareforbundet.se\/svenskjakt\/Viltrec\/Radjur\/\" class=\"woo-sc-button  purple\" ><span class=\"woo-\">Recept R\u00e5djur<\/span><\/a> \u00a0<a href=\"http:\/\/svenskjakt.se\/Start\/quiz\/vad-vet-du-om-jakt-pa-rabock\/\" class=\"woo-sc-button  purple\" ><span class=\"woo-\">Vad kan du om Jakt p\u00e5 R\u00e5bock ?<\/span><\/a>\u00a0<a href=\"https:\/\/krets.jagareforbundet.se\/folkarna\/files\/2018\/02\/foderautomat-radjur.pdf\" class=\"woo-sc-button  orange\" ><span class=\"woo-\">Foderautomat R\u00e5djur<\/span><\/a><\/p>\n<p><iframe loading=\"lazy\" title=\"Oh deer!\" width=\"500\" height=\"281\" src=\"https:\/\/www.youtube.com\/embed\/4Zkf3YDQYaA?feature=oembed\" frameborder=\"0\" allow=\"accelerometer; autoplay; clipboard-write; encrypted-media; gyroscope; picture-in-picture; web-share\" referrerpolicy=\"strict-origin-when-cross-origin\" allowfullscreen><\/iframe><\/p>\n<a href=\"https:\/\/youtu.be\/pg4XMA8JosU\" class=\"woo-sc-button  red\" ><span class=\"woo-\">Bena ur R\u00e5djursl\u00e5r<\/span><\/a>\n<table style=\"width: 100%\" border=\"0\">\n<tbody>\n<tr>\n<td colspan=\"3\" width=\"100%\">\n<p align=\"center\"><span style=\"font-family: Arial, Helvetica\">R\u00e5djur har olika ben\u00e4ningar beroende p\u00e5 \u00e5lder och k\u00f6n.<!--mstheme--><\/span><\/p>\n<\/td>\n<\/tr>\n<tr>\n<td align=\"center\" width=\"34%\"><!--mstheme--><span style=\"font-family: Arial, Helvetica\">Hank\u00f6n<!--mstheme--><\/span><\/td>\n<td align=\"center\" width=\"33%\"><!--mstheme--><span style=\"font-family: Arial, Helvetica\">Honk\u00f6n<!--mstheme--><\/span><\/td>\n<td align=\"center\" width=\"33%\"><!--mstheme--><span style=\"font-family: Arial, Helvetica\">Ungar<!--mstheme--><\/span><\/td>\n<\/tr>\n<tr>\n<td align=\"center\" width=\"34%\"><!--mstheme--><span style=\"font-family: Arial, Helvetica\">&gt; 2 \u00e5r Bock<!--mstheme--><\/span><\/td>\n<td align=\"center\" width=\"33%\"><!--mstheme--><span style=\"font-family: Arial, Helvetica\">&gt; 2 \u00e5r Get<!--mstheme--><\/span><\/td>\n<td align=\"center\" width=\"33%\"><!--mstheme--><span style=\"font-family: Arial, Helvetica\">&lt; 2 m\u00e5n Kid<!--mstheme--><\/span><\/td>\n<\/tr>\n<tr>\n<td align=\"center\" width=\"34%\"><!--mstheme--><span style=\"font-family: Arial, Helvetica\">&lt; 2 \u00e5r Spetsbock<!--mstheme--><\/span><\/td>\n<td align=\"center\" width=\"33%\"><!--mstheme--><span style=\"font-family: Arial, Helvetica\">&lt; 2 \u00e5r Smaldjur<!--mstheme--><\/span><\/td>\n<td align=\"center\" width=\"33%\"><!--mstheme--><span style=\"font-family: Arial, Helvetica\">&lt; 1 \u00e5r Killing<\/span><\/td>\n<\/tr>\n<\/tbody>\n<\/table>\n<a href=\"https:\/\/krets.jagareforbundet.se\/folkarna\/files\/2013\/03\/DSCF1101.avi\" class=\"woo-sc-button  purple\" ><span class=\"woo-\">R\u00e5bock i havre\u00e5ker 2014-07-28 \/ \u00c5B<\/span><\/a>\n<p>&nbsp;<\/p>\n<h4><strong>H\u00e4ngning<\/strong><\/h4>\n<h6><span style=\"font-size: xx-small\">Hjortdjur b\u00f6r h\u00e4nga n\u00e5gra dagar beroende p\u00e5 \u00e5rstid och temperatur. St\u00f6rre hjortdjur som \u00e4lg kan h\u00e4nga i tv\u00e5 delar s\u00e5 blir k\u00f6ttet m\u00f6rt. P\u00e5 mindre hjortdjur som r\u00e5djur kan man s\u00e4tta en pinne mellan slaksidorna f\u00f6r att lufta ur.<\/span><\/h6>\n<h6><strong>Tider f\u00f6r h\u00e4ngning:<\/strong><\/h6>\n<ol>\n<li><span style=\"font-size: xx-small\"><strong>\u00d6ver 10 grader varmt: 2-4 dagar<\/strong><\/span><\/li>\n<li><span style=\"font-size: xx-small\"><strong>5-10 grader: en vecka<\/strong><\/span><\/li>\n<li><span style=\"font-size: xx-small\"><strong>2-5 grader: 14 dagar<\/strong><\/span><\/li>\n<\/ol>\n<p><span style=\"font-family: Arial, Helvetica\"><span style=\"font-family: Arial, Helvetica\"><strong>Tips f\u00f6r st\u00f6dutfodringen<\/strong><\/span><\/span><\/p>\n<p>\u2022 Anl\u00e4gg utfodringsplatsen d\u00e4r viltet har uppsikt, men \u00e4nd\u00e5 ost\u00f6rt. L\u00e5ngt fr\u00e5n v\u00e4gar och skadek\u00e4nslig gr\u00f6da och skog.<\/p>\n<p>\u2022 B\u00f6rja i god tid s\u00e5 att viltet hittar och hinner v\u00e4nja sig vid fodret. Jobba g\u00e4rna med trivselplatser d\u00e4r flertalet \u00e5tg\u00e4rder g\u00f6rs p\u00e5 samma plats.<\/p>\n<p>\u2022 Platserna f\u00f6r f\u00e4ltvilt och sm\u00e5f\u00e5gel m\u00e5ste ligga i skydd f\u00f6r predatorer. Utfodring sker endast med naturliga r\u00e5varor.<\/p>\n<p>\u2022 Anv\u00e4nd foderspridare, automater och foderh\u00e4ckar. Gl\u00f6m inte att st\u00e4da efter s\u00e4songen, plocka undan och kalka p\u00e5 platsen.<\/p>\n<p>\u2022 Utfodra med tidigt sk\u00f6rdad ensilage (\u00f6rter, kl\u00f6ver och spannm\u00e5l), havrekross, spannm\u00e5l, \u00e4rtor, majs, frukt och rotfrukter.<\/p>\n<p>\u2022 F\u00e4ll asp, r\u00f6nn, ek, bok, tall och salix-arter. Ploga rent fr\u00e5n sn\u00f6 p\u00e5 skogsv\u00e4gar och \u00e5krar med viltbeg\u00e4rliga gr\u00f6dor.<\/p>\n<p>\u2022 Planera avverkningar och gallringar av tall och l\u00f6v vintertid.<\/p>\n<p>\u2022 Vilt\u00e5krar med en mosaik av olika gr\u00f6dor gynnar m\u00e5nga arter \u00f6ver l\u00e5ng tid<\/p>\n<p>\/\/ \/\/ <!-- Hotjar Tracking Code for jagareforbundet.se -->\/\/ <span style=\"color: #993300\"><strong>15 fakta om r\u00e5djuret<\/strong>\u00a0<\/span><\/p>\n<div id=\"pageWrap\">\n<div class=\"clearfix\" id=\"content\">\n<div id=\"fullCol\">\n<div id=\"largeCol\">\n<div class=\"content clearfix\">\n<div class=\"leftCol leftColLarge newsList\">\n<div class=\"newsItem newsItemFull newsItemLargeLast\">\n<p class=\"date\">2015-12-26<\/p>\n<div>\n<ol>\n<li>R\u00e5djuret har en l\u00e5ng historik i Sverige. F\u00f6rmodligen invandrade det till Sverige i omg\u00e5ngar mellan nedisningarna under f\u00f6rhistorisk tid.<\/li>\n<li>Fr\u00e5n medeltiden och fram till 1700-talet var jaktr\u00e4ttigheterna f\u00f6r r\u00e5djur,<br \/>\n\u00e4lg och kronhjort f\u00f6rbeh\u00e5llna kungamakten och adeln.<br \/>\nDenna lagstiftning upph\u00e4vdes dock av Gustav III \u00e5r 1789 till f\u00f6rm\u00e5n f\u00f6r fri jakt p\u00e5 f\u00f6r de som hade egen skattemark.<\/li>\n<li>Hjortdjursstammarna var n\u00e4stan utrotade kring mitten av 1800-talet.<br \/>\nR\u00e5djuret fanns till sist bara kvar i en k\u00e4nd stam om ett par hundra djur p\u00e5 \u00d6vedsklosters gods i Sk\u00e5ne.<\/li>\n<li>R\u00e5djuret \u00e4r v\u00e5rt minsta och mest vanliga hjortdjur.<\/li>\n<li>R\u00e5djur \u00e4r liksom andra hjortdjur en idisslare.<br \/>\nDet betyder att f\u00f6dan st\u00f6ts upp och tuggas om efter en f\u00f6rsta bearbetning i tv\u00e5 av djurens mags\u00e4ckar.<\/li>\n<li>Sp\u00e5ravtrycken av kl\u00f6varna \u00e4r de minsta av de svenska hjortdjurens.<\/li>\n<li>R\u00e5djurens b\u00e4st utvecklade sinnen \u00e4r smak-, h\u00f6rsel- och luktsinne.<\/li>\n<li>Vill man avg\u00f6ra k\u00f6net p\u00e5 djur utan horn, kan man titta p\u00e5 den bakre delen av djuret. Bocken avsl\u00f6jas tack vare en h\u00e5rtofs vid k\u00f6nsorganet under buken.<br \/>\nHos geten sticker ist\u00e4llet en ungef\u00e4r fem cm l\u00e5ng brungul h\u00e5rpensel fram i underkanten p\u00e5 den vita akterspegeln. Penseln syns \u00e4ven hos getkiden.<\/li>\n<li>Man skiljer p\u00e5 tre horntyper och bocken brukar f\u00e5 namn efter deras utseende.<br \/>\nB\u00e4r den ogrenade horn kallas den spetsbock. Har hornen tv\u00e5 taggar l\u00e4ngst ut kallas den gaffelbock.\u00a0Den mest utvecklade horntypen finns hos sextaggaren som har tre taggar p\u00e5 varje horn.<\/li>\n<li>Vid uppvaktningen ses bocken ofta jaga efter geten i korta ruscher.<br \/>\nMen tiden f\u00f6re sj\u00e4lva parningen r\u00f6r de sig ofta i lugnare mak,<br \/>\nofta i ganska sn\u00e4va \u00f6glor eller cirklar. Ibland trampas en synlig stig, s k h\u00e4xring\u00a0upp av den n\u00f6tning paret \u00e5stadkommer.<\/li>\n<li>R\u00e5djursgeten har n\u00e5got som kallas f\u00f6r f\u00f6rdr\u00f6jd implantation.<br \/>\nDet kallas \u00e4ven f\u00f6rdr\u00f6jd fosterutveckling och inneb\u00e4r att \u00e4gget som befruktades vid parningen i augusti b\u00f6rjar utvecklas f\u00f6rst runt \u00e5rsskiftet.<br \/>\nD\u00e5 f\u00e4ster det i livmoderns v\u00e4gg (det vill s\u00e4ga implanteras) och b\u00f6rjar v\u00e4xa &#8211;<br \/>\ninnan dess har \u00e4ggen sv\u00e4vat fritt i livmodern.<\/li>\n<li>Getter som \u00e4r havande f\u00e5r f\u00f6rskjuten p\u00e4ls\u00f6msning, beh\u00e5ller vinterp\u00e4lsen l\u00e4ngre p\u00e5 f\u00f6rsommaren.<\/li>\n<li>R\u00e5djuren saknar framt\u00e4nder i \u00f6verk\u00e4ken, liksom andra hjortdjur. Det g\u00f6r att bitsp\u00e5ren fr\u00e5n r\u00e5djur p\u00e5 vegetation ger ett avslitet intryck.<\/li>\n<li>Ett r\u00e5djur blir s\u00e4llan \u00e4ldre \u00e4n 10-12 \u00e5r i Sverige.<\/li>\n<li>Den faktor som tycks begr\u00e4nsa livsl\u00e4ngden mest \u00e4r tandslitaget.<br \/>\nN\u00e4r sk\u00e4rpan i t\u00e4nderna avtar med stigande \u00e5lder f\u00e5r djuren sv\u00e5rare att effektivt inta f\u00f6da.<\/li>\n<li>6-7 r\u00e5djur \u00e4ter lika mycket som en vuxen \u00e4lg.<\/li>\n<\/ol>\n<\/div>\n<\/div>\n<\/div>\n<\/div>\n<\/div>\n<\/div>\n<\/div>\n<\/div>\n<p><a href=\"http:\/\/jagareforbundet.se\/legacy\/webbjaktskolan\/deere.htm\"><img loading=\"lazy\" decoding=\"async\" class=\"alignleft size-full wp-image-3515\" title=\"Webbjaktskola skott p\u00e5 R\u00e5djur Klicka h\u00e4r !\" src=\"https:\/\/krets.jagareforbundet.se\/folkarna\/files\/2013\/03\/webbjaktskolan.jpg\" alt=\"\" width=\"680\" height=\"472\" srcset=\"https:\/\/krets.jagareforbundet.se\/folkarna\/files\/2013\/03\/webbjaktskolan.jpg 680w, https:\/\/krets.jagareforbundet.se\/folkarna\/files\/2013\/03\/webbjaktskolan-300x208.jpg 300w\" sizes=\"auto, (max-width: 680px) 100vw, 680px\" \/><\/a><\/p>\n","protected":false},"excerpt":{"rendered":"<p>\u00a0 \u00c4r det vanligaste viltet i omr\u00e5det, ett vilt som inte t\u00e5l en f\u00f6r l\u00e5g avskjutning. Arten h\u00e4rstammar fr\u00e5n ett f\u00e5tal djur i h\u00e4ng omkring 1900 till en population \u00f6ver hela Sverige, detta under att jakt p\u00e5gick, arten utvecklas genom att vandra fr\u00e5n ett jagande omr\u00e5de till ej jagande omr\u00e5de d\u00e4r de sedan om jakt [&hellip;]<\/p>\n","protected":false},"author":78,"featured_media":0,"parent":2000,"menu_order":0,"comment_status":"open","ping_status":"open","template":"","meta":{"footnotes":""},"class_list":["post-1865","page","type-page","status-publish","hentry"],"_links":{"self":[{"href":"https:\/\/krets.jagareforbundet.se\/folkarna\/wp-json\/wp\/v2\/pages\/1865","targetHints":{"allow":["GET"]}}],"collection":[{"href":"https:\/\/krets.jagareforbundet.se\/folkarna\/wp-json\/wp\/v2\/pages"}],"about":[{"href":"https:\/\/krets.jagareforbundet.se\/folkarna\/wp-json\/wp\/v2\/types\/page"}],"author":[{"embeddable":true,"href":"https:\/\/krets.jagareforbundet.se\/folkarna\/wp-json\/wp\/v2\/users\/78"}],"replies":[{"embeddable":true,"href":"https:\/\/krets.jagareforbundet.se\/folkarna\/wp-json\/wp\/v2\/comments?post=1865"}],"version-history":[{"count":1,"href":"https:\/\/krets.jagareforbundet.se\/folkarna\/wp-json\/wp\/v2\/pages\/1865\/revisions"}],"predecessor-version":[{"id":5487,"href":"https:\/\/krets.jagareforbundet.se\/folkarna\/wp-json\/wp\/v2\/pages\/1865\/revisions\/5487"}],"up":[{"embeddable":true,"href":"https:\/\/krets.jagareforbundet.se\/folkarna\/wp-json\/wp\/v2\/pages\/2000"}],"wp:attachment":[{"href":"https:\/\/krets.jagareforbundet.se\/folkarna\/wp-json\/wp\/v2\/media?parent=1865"}],"curies":[{"name":"wp","href":"https:\/\/api.w.org\/{rel}","templated":true}]}}