{"id":2323,"date":"2013-04-08T12:30:57","date_gmt":"2013-04-08T10:30:57","guid":{"rendered":"https:\/\/krets.jagareforbundet.se\/folkarna\/?page_id=2323"},"modified":"2016-03-18T13:58:33","modified_gmt":"2016-03-18T12:58:33","slug":"nvr-hundar","status":"publish","type":"page","link":"https:\/\/krets.jagareforbundet.se\/folkarna\/nvr-hundar\/","title":{"rendered":"NVR Hundar"},"content":{"rendered":"<p>Efters\u00f6ks hundarna ben\u00e4mns enligt nedan f\u00f6r att arbeta med olika djurslag.<\/p>\n<p><div class=\"threecol-one\"><span style=\"text-decoration: underline\">Ben\u00e4mning<\/span><\/div> <div class=\"threecol-one\"><span style=\"text-decoration: underline\">Uppgift<\/span><\/div> <div class=\"threecol-one last\"><span style=\"text-decoration: underline\">Krav<\/span><\/div><div class=\"clear\"><\/div> <div class=\"threecol-one\">Kl\u00f6vdjur<\/div> <div class=\"threecol-one\">Sp\u00e5ra<\/div> <div class=\"threecol-one last\">Kurs\/intyg<\/div><div class=\"clear\"><\/div> <div class=\"threecol-one\">\u00c4lg<\/div> <div class=\"threecol-one\">Sp\u00e5ra\/st\u00e4lla\u00a0\u00e4lg\/hjort<\/div> <div class=\"threecol-one last\">JL Intyg<\/div><div class=\"clear\"><\/div><div class=\"threecol-one\">Vildsvin<\/div> <div class=\"threecol-one\">Sp\u00e5ra\/st\u00e4lla<\/div> <div class=\"threecol-one last\">Kurs\/test\/intyg<\/div><div class=\"clear\"><\/div><div class=\"threecol-one\">Rovdjur<\/div> <div class=\"threecol-one\">Sp\u00e5ra<\/div> <div class=\"threecol-one last\">Kurs\/intyg<\/div><div class=\"clear\"><\/div><\/p>\n<p>Har du hund och dessa krav, h\u00f6r av dig s\u00e5 kan du p\u00e5 ett bra och nyttigt s\u00e4tt h\u00e5lla kunskaperna f\u00f6r dej och hunden vid liv.<\/p>\n<p>F\u00f6r efters\u00f6k vid viltolyckor st\u00e4lls extra h\u00f6ga krav p\u00e5 hundar. De skall vara registrerade i <a href=\"http:\/\/webbutiken.jordbruksverket.se\/sv\/artiklar\/e211a.html\">Jordbruksverkets register<\/a>. (Under en \u00f6verg\u00e5ng ocks\u00e5 i SKK register). \u00a0 Intyg f\u00f6r genomg\u00e5ngna kurser\/tester\/arbete skall f\u00f6revisas Kretssamordnare som rekommenderar Polisen att godk\u00e4nna ekipagen. Godk\u00e4nda ekipage \u00e4r ett krav f\u00f6r att efters\u00f6k skall kunna startas, rapporteras och ers\u00e4ttning skall kunna utbetalas samt att f\u00f6rs\u00e4kringen skall g\u00e4lla vid ev. olycka under viltolycksefters\u00f6k.<\/p>\n<p>Det \u00e4r efters\u00f6ksj\u00e4garens skyldighet att registrera nya hundar och avregistrera gamla hundar till kretssamordnaren. Vi ser g\u00e4rna att efters\u00f6ksj\u00e4gare utan hund stannar kvar i organisationen och med sin kunskap blir Kontaktperson till Polisen, efters\u00f6ksj\u00e4garna och jaktr\u00e4ttshavarna.<\/p>\n<p>Skriv ut Jaktledare(JL) intyg p\u00e5 hundintygsblankett &gt;&gt; <a href=\"https:\/\/krets.jagareforbundet.se\/folkarna\/files\/2013\/04\/hundintyg-nvr-211.pdf\">Hundintyg-nvr-(2)[1]<\/a><\/p>\n<p style=\"text-align: center\"><a href=\"http:\/\/www.e-jakt.jagareforbundet.se\/e-jakt\/order\/?productprice=195&#038;productid=1106\" class=\"woo-sc-button  purple\" ><span class=\"woo-\">E-Utbildning Efters\u00f6k<\/span><\/a>\u00a0<a href=\"https:\/\/krets.jagareforbundet.se\/folkarna\/hundfragor\/agria-hundforsakringar\/\" class=\"woo-sc-button  purple\" ><span class=\"woo-\">F\u00f6rs\u00e4kringar<\/span><\/a><\/p>\n","protected":false},"excerpt":{"rendered":"<p>Efters\u00f6ks hundarna ben\u00e4mns enligt nedan f\u00f6r att arbeta med olika djurslag. Har du hund och dessa krav, h\u00f6r av dig s\u00e5 kan du p\u00e5 ett bra och nyttigt s\u00e4tt h\u00e5lla kunskaperna f\u00f6r dej och hunden vid liv. F\u00f6r efters\u00f6k vid viltolyckor st\u00e4lls extra h\u00f6ga krav p\u00e5 hundar. De skall vara registrerade i Jordbruksverkets register. (Under [&hellip;]<\/p>\n","protected":false},"author":78,"featured_media":0,"parent":0,"menu_order":0,"comment_status":"open","ping_status":"open","template":"","meta":{"footnotes":""},"class_list":["post-2323","page","type-page","status-publish","hentry"],"_links":{"self":[{"href":"https:\/\/krets.jagareforbundet.se\/folkarna\/wp-json\/wp\/v2\/pages\/2323","targetHints":{"allow":["GET"]}}],"collection":[{"href":"https:\/\/krets.jagareforbundet.se\/folkarna\/wp-json\/wp\/v2\/pages"}],"about":[{"href":"https:\/\/krets.jagareforbundet.se\/folkarna\/wp-json\/wp\/v2\/types\/page"}],"author":[{"embeddable":true,"href":"https:\/\/krets.jagareforbundet.se\/folkarna\/wp-json\/wp\/v2\/users\/78"}],"replies":[{"embeddable":true,"href":"https:\/\/krets.jagareforbundet.se\/folkarna\/wp-json\/wp\/v2\/comments?post=2323"}],"version-history":[{"count":0,"href":"https:\/\/krets.jagareforbundet.se\/folkarna\/wp-json\/wp\/v2\/pages\/2323\/revisions"}],"wp:attachment":[{"href":"https:\/\/krets.jagareforbundet.se\/folkarna\/wp-json\/wp\/v2\/media?parent=2323"}],"curies":[{"name":"wp","href":"https:\/\/api.w.org\/{rel}","templated":true}]}}