{"id":2680,"date":"2013-04-18T15:42:09","date_gmt":"2013-04-18T13:42:09","guid":{"rendered":"https:\/\/krets.jagareforbundet.se\/folkarna\/?page_id=2680"},"modified":"2018-09-18T16:22:24","modified_gmt":"2018-09-18T14:22:24","slug":"dna","status":"publish","type":"page","link":"https:\/\/krets.jagareforbundet.se\/folkarna\/dna\/","title":{"rendered":"DNA"},"content":{"rendered":"<p><strong>DNA-analys i inventeringsarbetet <\/strong><\/p>\n<p>Inventering av varg i Sverige genomf\u00f6rs framf\u00f6rallt genom att sp\u00e5ra vargarna p\u00e5 sn\u00f6. V\u00e4l genomf\u00f6rda sp\u00e5rningar ger information om hur m\u00e5nga vargar det finns i ett revir samt om det har f\u00f6tts valpar i reviret under v\u00e5ren. Sp\u00e5rningar ger \u00e4ven besked om djurens sociala status, det vill s\u00e4ga om de \u00e4r revirmarkerande eller inte. DNA-analyser anv\u00e4nds som ett bra komplement i inventeringsarbetet.<\/p>\n<p>F\u00f6r DNA-analysen anv\u00e4nds i allm\u00e4nhet spillning. Fr\u00e5getecken som dyker upp under inventeringss\u00e4songen eller som kvarst\u00e5r efter vinters\u00e4songens sp\u00e5rningar \u00e4r den viktigaste faktorn som styr vilka spillningar som ska analyseras.<\/p>\n<p>S\u00e5ledes blir det m\u00e5nga spillningar som inte analyseras men det \u00e4r inte l\u00e4tt att veta under s\u00e4songens g\u00e5ng vilka som kommer att beh\u00f6vas.<a href=\"https:\/\/krets.jagareforbundet.se\/folkarna\/files\/2013\/04\/spillningsprover-varg_640px11.jpg\"><img loading=\"lazy\" decoding=\"async\" class=\"aligncenter size-full wp-image-2687\" title=\"spillningsprover-varg_640px[1]\" src=\"https:\/\/krets.jagareforbundet.se\/folkarna\/files\/2013\/04\/spillningsprover-varg_640px11.jpg\" alt=\"\" width=\"640\" height=\"211\" srcset=\"https:\/\/krets.jagareforbundet.se\/folkarna\/files\/2013\/04\/spillningsprover-varg_640px11.jpg 640w, https:\/\/krets.jagareforbundet.se\/folkarna\/files\/2013\/04\/spillningsprover-varg_640px11-300x98.jpg 300w\" sizes=\"auto, (max-width: 640px) 100vw, 640px\" \/><\/a><\/p>\n<p>Hittar du spillning som du bed\u00f6mer vara Rovdjur, r\u00f6r den ej, kontakta 070-5822592 som kan ta DNA prov.<\/p>\n<p>&nbsp;<\/p>\n","protected":false},"excerpt":{"rendered":"<p>DNA-analys i inventeringsarbetet Inventering av varg i Sverige genomf\u00f6rs framf\u00f6rallt genom att sp\u00e5ra vargarna p\u00e5 sn\u00f6. V\u00e4l genomf\u00f6rda sp\u00e5rningar ger information om hur m\u00e5nga vargar det finns i ett revir samt om det har f\u00f6tts valpar i reviret under v\u00e5ren. Sp\u00e5rningar ger \u00e4ven besked om djurens sociala status, det vill s\u00e4ga om de \u00e4r revirmarkerande [&hellip;]<\/p>\n","protected":false},"author":78,"featured_media":0,"parent":0,"menu_order":3,"comment_status":"open","ping_status":"open","template":"","meta":{"footnotes":""},"class_list":["post-2680","page","type-page","status-publish","hentry"],"_links":{"self":[{"href":"https:\/\/krets.jagareforbundet.se\/folkarna\/wp-json\/wp\/v2\/pages\/2680","targetHints":{"allow":["GET"]}}],"collection":[{"href":"https:\/\/krets.jagareforbundet.se\/folkarna\/wp-json\/wp\/v2\/pages"}],"about":[{"href":"https:\/\/krets.jagareforbundet.se\/folkarna\/wp-json\/wp\/v2\/types\/page"}],"author":[{"embeddable":true,"href":"https:\/\/krets.jagareforbundet.se\/folkarna\/wp-json\/wp\/v2\/users\/78"}],"replies":[{"embeddable":true,"href":"https:\/\/krets.jagareforbundet.se\/folkarna\/wp-json\/wp\/v2\/comments?post=2680"}],"version-history":[{"count":1,"href":"https:\/\/krets.jagareforbundet.se\/folkarna\/wp-json\/wp\/v2\/pages\/2680\/revisions"}],"predecessor-version":[{"id":6003,"href":"https:\/\/krets.jagareforbundet.se\/folkarna\/wp-json\/wp\/v2\/pages\/2680\/revisions\/6003"}],"wp:attachment":[{"href":"https:\/\/krets.jagareforbundet.se\/folkarna\/wp-json\/wp\/v2\/media?parent=2680"}],"curies":[{"name":"wp","href":"https:\/\/api.w.org\/{rel}","templated":true}]}}