{"id":2719,"date":"2013-04-19T10:18:11","date_gmt":"2013-04-19T08:18:11","guid":{"rendered":"https:\/\/krets.jagareforbundet.se\/folkarna\/?page_id=2719"},"modified":"2018-09-18T16:30:07","modified_gmt":"2018-09-18T14:30:07","slug":"utter","status":"publish","type":"page","link":"https:\/\/krets.jagareforbundet.se\/folkarna\/utter\/","title":{"rendered":"Utter"},"content":{"rendered":"<p><a href=\"https:\/\/krets.jagareforbundet.se\/folkarna\/files\/2013\/04\/Utter-kopiera.gif\"><img loading=\"lazy\" decoding=\"async\" class=\"alignleft size-full wp-image-2720\" title=\"Utter kopiera\" src=\"https:\/\/krets.jagareforbundet.se\/folkarna\/files\/2013\/04\/Utter-kopiera.gif\" alt=\"\" width=\"130\" height=\"94\" \/><\/a>Det finns minst 12 olika utterarter i v\u00e4rlden. Den art som lever i Sverige kallas utter (<em>Lutra lutra<\/em>) och \u00e4r den enda utterart som finns naturligt i Europa. Utter rapporteras till kretsen och vidare till artdatabasen resultat visas &gt;&gt; <a href=\"https:\/\/www.artportalen.se\/TodaysSightings\/Observerad\/Andra%20d\u00e4ggdjur\/Hela%20landet\/Alla%20lokaler\/Idag\/Artgrupp\/Systematisk\/0\"><strong>H\u00c4R<\/strong><\/a><\/p>\n<p><strong>Utbredning<\/strong><\/p>\n<p>Uttern har sin utbredning i Europa, Asien och Nordafrika. De flesta uttrarna\u00a0\u00a0lever i n\u00e4rheten av s\u00f6tvatten men kan \u00e4ven leva i marina milj\u00f6er som till exempel l\u00e4ngs Norges kust, i Skottland och p\u00e5 Shetlands\u00f6arna.<\/p>\n<p><strong>Utseende<\/strong><br \/>\nEn vuxen hona v\u00e4ger mellan fem och sex kilo, en fullvuxen hanen v\u00e4ger ungef\u00e4r dubbelt s\u00e5 mycket. Hanarna \u00e4r cirka 1\u00a0meter l\u00e5nga och honorna runt 90\u00a0centimeter, med svans. Till f\u00e4rgen \u00e4r uttern brun, f\u00f6rutom p\u00e5 hals och bringa d\u00e4r p\u00e4lsen \u00e4r ljusare, n\u00e4stan beige. Uttern har tv\u00e5 typer av h\u00e5r. Underull som h\u00e5ller uttern varm och stickelh\u00e5r, som \u00e4r l\u00e5nga och glatta, och h\u00e5ller vattnet borta. Kroppen \u00e4r l\u00e5ng och spollinjeformad, benen \u00e4r korta och mellan t\u00e5rna har uttern simhud. Dessutom har uttern en kraftig svans och sm\u00e5 \u00f6ron, som st\u00e4ngs n\u00e4r den dyker. Allt detta f\u00f6r att anpassa sig till ett liv i vattnet.<\/p>\n<p><strong>F\u00f6da<\/strong><\/p>\n<p>Uttern \u00e4ter framf\u00f6r allt fisk, men under vissa perioder \u00e4r grodor en mycket viktig f\u00f6dok\u00e4lla. De kan \u00e4ven \u00e4ta kr\u00e4ftor, f\u00e5glar och mindre d\u00e4ggdjur.<\/p>\n<p><strong>Beteende<\/strong><br \/>\nUttern \u00e4r ett piggt och lekfullt djur. De \u00e4r oftast, men inte alltid, skymningsaktiva och kan d\u00e4rf\u00f6r vara sv\u00e5ra att f\u00e5 syn p\u00e5. De tillbringar den mesta av tiden i eller i n\u00e4rheten av vatten.<\/p>\n<p><strong>Fortplantning<\/strong><br \/>\nUttern blir k\u00f6nsmogen vid cirka 2 \u00e5rs \u00e5lder. Parningen sker vid olika tider under \u00e5ret. Vanligtvis f\u00f6ds 1-4 ungar p\u00e5 v\u00e5ren. Detta p\u00e5 grund av att uttern har f\u00f6rdr\u00f6jd fosterutveckling vilket inneb\u00e4r att det befruktade \u00e4gget inte b\u00f6rjar att utvecklas direkt. Ungarna f\u00f6ljer honan upp till ett \u00e5r eller tills hon f\u00f6der nya ungar. F\u00f6rutom under parning lever uttern ensam.<\/p>\n<p><strong>Hot<\/strong><br \/>\nUttern \u00f6kar igen efter en kraftig tillbaka g\u00e5ng som troligen berodde p\u00e5 milj\u00f6gifter och d\u00e5 framf\u00f6r allt PCB (Polykloreradebifenyler). I dag \u00e4r trafiken ett stor problem, m\u00e5nga uttrar trafikd\u00f6das varje \u00e5r. \u00c4ven drunkning i fiskeredskap \u00e4r vanligt f\u00f6rekommande.<\/p>\n<p><strong>Fridlysningsbest\u00e4mmelser<\/strong><br \/>\nUttern \u00e4r fridlyst enligt 1 \u00a7 artskyddsf\u00f6rordningen (1998:179). Enligt artskyddsf\u00f6rord-<br \/>\nningen \u00e4r det inte till\u00e5tet att avsiktligt f\u00e5nga, d\u00f6da eller st\u00f6ra<br \/>\nuttrar. Det \u00e4r ej heller till\u00e5tet att skada eller f\u00f6rst\u00f6ra djurens fortplantningsomr\u00e5den.<\/p>\n<p><strong>Statens vilt<\/strong><br \/>\nEnligt \u00a7 25 jaktlagen,(1987:259) \u00a7 33jaktf\u00f6rordningen (1987:905) tillh\u00f6r<br \/>\nutter statens vilt. Det inneb\u00e4r att d\u00f6da uttrar som p\u00e5tr\u00e4ffas tillfaller staten<br \/>\noch skall d\u00e4rf\u00f6r inl\u00e4mnas till polismyndigheten som vidarebefordrar kroppen<br \/>\ntill Naturhistoriska riksmuseet i Stockholm.<\/p>\n<p><strong>Habitatdirektivet<\/strong><br \/>\nInom ramen f\u00f6r detta direktiv finns uttern med i bilaga 2 som innefattar<br \/>\navs\u00e4ttandet av naturomr\u00e5den (inom Natura 2000) som har specifika naturtyper,<br \/>\nv\u00e4xt- och djurliv. Uttern \u00e4r rapporterad f\u00f6r 118 Natura 2000-omr\u00e5den<br \/>\n(varav 33 i alpin biogografisk region och resterande i boreal). Uttern finns<br \/>\n\u00e4ven med i bilaga 4, d\u00e4r de djur- och v\u00e4xtarter innefattas som \u00e4r av ett<br \/>\ngemensamt intresse och som \u00e4ven kr\u00e4ver ett noggrant skydd.<\/p>\n","protected":false},"excerpt":{"rendered":"<p>Det finns minst 12 olika utterarter i v\u00e4rlden. Den art som lever i Sverige kallas utter (Lutra lutra) och \u00e4r den enda utterart som finns naturligt i Europa. Utter rapporteras till kretsen och vidare till artdatabasen resultat visas &gt;&gt; H\u00c4R Utbredning Uttern har sin utbredning i Europa, Asien och Nordafrika. De flesta uttrarna\u00a0\u00a0lever i n\u00e4rheten [&hellip;]<\/p>\n","protected":false},"author":78,"featured_media":0,"parent":0,"menu_order":15,"comment_status":"open","ping_status":"open","template":"","meta":{"footnotes":""},"class_list":["post-2719","page","type-page","status-publish","hentry"],"_links":{"self":[{"href":"https:\/\/krets.jagareforbundet.se\/folkarna\/wp-json\/wp\/v2\/pages\/2719","targetHints":{"allow":["GET"]}}],"collection":[{"href":"https:\/\/krets.jagareforbundet.se\/folkarna\/wp-json\/wp\/v2\/pages"}],"about":[{"href":"https:\/\/krets.jagareforbundet.se\/folkarna\/wp-json\/wp\/v2\/types\/page"}],"author":[{"embeddable":true,"href":"https:\/\/krets.jagareforbundet.se\/folkarna\/wp-json\/wp\/v2\/users\/78"}],"replies":[{"embeddable":true,"href":"https:\/\/krets.jagareforbundet.se\/folkarna\/wp-json\/wp\/v2\/comments?post=2719"}],"version-history":[{"count":1,"href":"https:\/\/krets.jagareforbundet.se\/folkarna\/wp-json\/wp\/v2\/pages\/2719\/revisions"}],"predecessor-version":[{"id":5642,"href":"https:\/\/krets.jagareforbundet.se\/folkarna\/wp-json\/wp\/v2\/pages\/2719\/revisions\/5642"}],"wp:attachment":[{"href":"https:\/\/krets.jagareforbundet.se\/folkarna\/wp-json\/wp\/v2\/media?parent=2719"}],"curies":[{"name":"wp","href":"https:\/\/api.w.org\/{rel}","templated":true}]}}