{"id":3190,"date":"2013-05-21T16:24:00","date_gmt":"2013-05-21T14:24:00","guid":{"rendered":"https:\/\/krets.jagareforbundet.se\/folkarna\/?page_id=3190"},"modified":"2017-02-07T08:37:00","modified_gmt":"2017-02-07T07:37:00","slug":"rovdjurskort","status":"publish","type":"page","link":"https:\/\/krets.jagareforbundet.se\/folkarna\/lodjur\/rovdjurskort\/","title":{"rendered":"&#8221;Rovdjurskort&#8221;"},"content":{"rendered":"<p><strong><a href=\"https:\/\/krets.jagareforbundet.se\/folkarna\/wp-admin\/PDFfiler\/Rovdjurskort.pdf\">Rovdjurskortet\u00a0<\/a>var namnet p\u00e5 det system med samarbetsjakt som jaktlagen i Avesta (FJVK-FoJVK) anv\u00e4nde f.o.m. 2009, till 2014, nu rovdjursjakt r\u00e4tt och sl\u00e4tt, det bygger p\u00e5 att i jaktlagens j\u00e4gare kan delta vid rovdjursjakt p\u00e5 de anslutna jaktlagens omr\u00e5den i kretsarnas omr\u00e5de. Gemensam jaktledning kan anv\u00e4ndas, det skall dock finnas jaktledare p\u00e5 varje mark d\u00e4r jakt startar. Hundar skall i f\u00f6rsta hand h\u00e4mtas fr\u00e5n kretsen, i sv\u00e5ra sn\u00f6f\u00f6rh\u00e5llanden, kan s\u00e5dana ocks\u00e5 inkallas utifr\u00e5n, oavsett \u00e4garens hemvist.<\/strong><\/p>\n<p><strong>F\u00f6r deltagande i rovdjursjakt kr\u00e4vs dock att VVO har beslutat p\u00e5 sin st\u00e4mma att delta och meddelat\u00a0<a href=\"mailto:ake.f.berglund@bredband.net?subject=Rovdjurskortet%20FJVK\">\u00c5ke Berglund<\/a>, FJVK sekreterare, sitt\u00a0<a href=\"https:\/\/krets.jagareforbundet.se\/folkarna\/wp-admin\/deltagare.htm\">deltagande<\/a>\u00a0till systemet, med en \u00f6ver \u00e5ren rullande anslutning av jaktlaget.\u00a0 Till\u00a0<a href=\"mailto:ake.f.berglund@bredband.net?subject=Rovdjurskortet%20FJVK\">\u00c5ke Berglund<\/a>\u00a0FJVK sekreterare meddelas ocks\u00e5 ev. jaktlags uttr\u00e4de och namn p\u00e5\u00a0registrerad <a href=\"https:\/\/krets.jagareforbundet.se\/folkarna\/wp-admin\/PDFfiler\/Register%20Rovdjurskortet%20Jaktledare(12).pdf\">Rovdjursjaktledare<\/a>, om jakt m\u00e5ste starta p\u00e5 flera st\u00e4llen samtidigt.<\/strong><\/p>\n<p><strong>Kretsen uppdaterar vid jakt en lista p\u00e5 hemsidan med alla <a href=\"https:\/\/krets.jagareforbundet.se\/folkarna\/wp-admin\/deltagare.htm\">jaktlag som anm\u00e4lt sig<\/a>, \u00e4ven i FoJVK, s\u00e5 dessa kan kalla intilliggande markers jaktledare vid rovdjursjakt. Jaktlag som\u00a0<\/strong><strong>ej anslutit<\/strong><strong>\u00a0sig till Rovdjursjakt f\u00e5r endast jaga rovdjur p\u00e5 egna marken, och j\u00e4garna d\u00e4r kan ej delta i \u00f6vrig rovdjursjakt, som g\u00e5r utanf\u00f6r eget omr\u00e5de.<\/strong><\/p>\n<p><strong>Jakten sker som tidigare, jaktlagen sp\u00e5rar av eget omr\u00e5de, \u00e4ven f\u00f6re jakten, och rapporterar till \u00f6vriga jaktlag. Ringar och sk\u00e4r av, och n\u00e4r s\u00e4ker ring finns, kallar jaktledaren hundf\u00f6rare.<\/strong><\/p>\n<h4>Den som anm\u00e4ler sig till rovdjursjakt intygar d\u00e4med\u00a0att han l\u00f6st statligt jaktkort och innehar f\u00f6rs\u00e4kring.<\/h4>\n<p>&nbsp;<\/p>\n<p><strong>Fr\u00e5gor om rovdjurskortet st\u00e4lls till\u00a0<a href=\"mailto:ake.f.berglund@bredband.net?subject=Rovdjurskortet%20FJVK\">\u00c5ke Berglund\u00a0\u00a0<\/a>och redovisas h\u00e4r:<\/strong><\/p>\n<h5><strong>F\u00e5r enskild jakt ske p\u00e5 Lo, Bj\u00f6rn och Varg?\u00a0<\/strong><strong>I VVO\/VVF f\u00f6reningar sker jakten som st\u00e4mman best\u00e4mt och jaktledare utses p\u00e5 st\u00e4mma enligt stadgar.<\/strong><\/h5>\n<h5><strong>M\u00e5ste man l\u00f6sa g\u00e4stkort f\u00f6r samarbetsjakt vid\u00a0 jakt p\u00e5 r\u00e4v?\u00a0<\/strong><strong>Nej, jaktlagets beslut g\u00e4ller<\/strong><strong>.<\/strong><\/h5>\n<h5><strong>F\u00e5r man jaga rovdjur i flera jaktlag eller distrikt?\u00a0<\/strong><strong>ja, om b\u00e5da inf\u00f6rt Rovdjursjakt!<\/strong><\/h5>\n<h5><strong>Jaktlaget har skilda jaktkort \u00c4lg och Sm\u00e5vilt, vilket g\u00e4ller vid Bj\u00f6rnjakt?\u00a0<\/strong><strong>Sm\u00e5vilt! Men h\u00f6gvilts skytte eller Bj\u00f6rnpass b\u00f6r kr\u00e4vas av jaktlaget.<\/strong><\/h5>\n<h5><strong>M\u00e5ste man ha s\u00e4rskilda kort f\u00f6r Rovdjursjakt?<\/strong><strong>\u00a0Nej, det finns plats f\u00f6r anteckning p\u00e5 det vanliga jaktlagskortet!.<\/strong><\/h5>\n<h5><strong>M\u00e5ste man ha skjutit Bj\u00f6rnpasset f\u00f6r att jaga med Rovdjursjakt?<\/strong><strong>\u00a0Nej, men l\u00e4mpligt!<\/strong><\/h5>\n<h5><strong>Kan j\u00e4gare fr\u00e5n annan krets delta i v\u00e5r Rovdjursjakt?<\/strong><strong>\u00a0<\/strong><strong>Ja, och vice versa, om jaktlaget deltar i krets med motsvarande system och anm\u00e4lt detta till FJVK.\u00a0 By, Grytn\u00e4s och Sala Norra har hittills anm\u00e4lt. Dock f\u00e5r inte jakten g\u00e5 \u00f6ver i U-l\u00e4n utan byte av jaktledare i det l\u00e4net<\/strong><\/h5>\n<h5><strong>Kan Jaktledare leda jakt i omr\u00e5de d\u00e4r han ej jagar normalt, om sp\u00e5r g\u00e5r in p\u00e5 annat omr\u00e5de som ocks\u00e5 \u00e4r med i jakten?<\/strong><strong>\u00a0Ja, men om omr\u00e5det\u00a0ej \u00e4r med i samarbetsjakten m\u00e5ste kontakt tas med n\u00e5gon jaktledare\/f\u00f6retr\u00e4dare i omr\u00e5det, helst f\u00f6re jakten.<\/strong><\/h5>\n<h5><strong>M\u00e5ste jaktledare kontrollera rovdjurskort?<\/strong><strong>\u00a0Nej, deltagare skall anm\u00e4la sitt deltagande, d\u00e5 kommunikation sker via SMS, d\u00e4rmed intygar han att jaktkort och f\u00f6rs\u00e4kring finns.<\/strong><\/h5>\n<h5><strong>Vem ansvarar f\u00f6r s\u00e4kerhet?\u00a0<\/strong><strong>Jaktledaren, startar, placerar ut skyttar och avslutar jakten, du har det yttersta.<\/strong><\/h5>\n<h5><strong>M\u00e5ste jaktlaget rapportera sitt deltagande varje \u00e5r?<\/strong><strong>\u00a0Nej, endast n\u00e4r laget ing\u00e5r i jakten och n\u00e4r de l\u00e4mnar.<\/strong><\/h5>\n<h5><strong>Vilka jaktlag ing\u00e5r?<\/strong><strong>\u00a0Vilka som ej ing\u00e5r framg\u00e5r av lista p\u00e5 FJVK hemsida \u201dLo Jakt \u00e5\u00e5\u00e5\u201d<\/strong><\/h5>\n<p><strong>Uppdaterad den 3 februari 2017\u00a0 <\/strong><\/p>\n<h4><\/h4>\n<h3><span style=\"font-family: ScalaLF-Bold;font-size: xx-small\"><!--webbot bot=\"Timestamp\" endspan i-CheckSum=\"25803\" --> <\/span><\/h3>\n","protected":false},"excerpt":{"rendered":"<p>Rovdjurskortet\u00a0var namnet p\u00e5 det system med samarbetsjakt som jaktlagen i Avesta (FJVK-FoJVK) anv\u00e4nde f.o.m. 2009, till 2014, nu rovdjursjakt r\u00e4tt och sl\u00e4tt, det bygger p\u00e5 att i jaktlagens j\u00e4gare kan delta vid rovdjursjakt p\u00e5 de anslutna jaktlagens omr\u00e5den i kretsarnas omr\u00e5de. Gemensam jaktledning kan anv\u00e4ndas, det skall dock finnas jaktledare p\u00e5 varje mark d\u00e4r jakt [&hellip;]<\/p>\n","protected":false},"author":78,"featured_media":0,"parent":1176,"menu_order":0,"comment_status":"open","ping_status":"open","template":"","meta":{"footnotes":""},"class_list":["post-3190","page","type-page","status-publish","hentry"],"_links":{"self":[{"href":"https:\/\/krets.jagareforbundet.se\/folkarna\/wp-json\/wp\/v2\/pages\/3190","targetHints":{"allow":["GET"]}}],"collection":[{"href":"https:\/\/krets.jagareforbundet.se\/folkarna\/wp-json\/wp\/v2\/pages"}],"about":[{"href":"https:\/\/krets.jagareforbundet.se\/folkarna\/wp-json\/wp\/v2\/types\/page"}],"author":[{"embeddable":true,"href":"https:\/\/krets.jagareforbundet.se\/folkarna\/wp-json\/wp\/v2\/users\/78"}],"replies":[{"embeddable":true,"href":"https:\/\/krets.jagareforbundet.se\/folkarna\/wp-json\/wp\/v2\/comments?post=3190"}],"version-history":[{"count":1,"href":"https:\/\/krets.jagareforbundet.se\/folkarna\/wp-json\/wp\/v2\/pages\/3190\/revisions"}],"predecessor-version":[{"id":6028,"href":"https:\/\/krets.jagareforbundet.se\/folkarna\/wp-json\/wp\/v2\/pages\/3190\/revisions\/6028"}],"up":[{"embeddable":true,"href":"https:\/\/krets.jagareforbundet.se\/folkarna\/wp-json\/wp\/v2\/pages\/1176"}],"wp:attachment":[{"href":"https:\/\/krets.jagareforbundet.se\/folkarna\/wp-json\/wp\/v2\/media?parent=3190"}],"curies":[{"name":"wp","href":"https:\/\/api.w.org\/{rel}","templated":true}]}}