{"id":3196,"date":"2013-05-21T16:35:15","date_gmt":"2013-05-21T14:35:15","guid":{"rendered":"https:\/\/krets.jagareforbundet.se\/folkarna\/?page_id=3196"},"modified":"2017-02-27T06:46:18","modified_gmt":"2017-02-27T05:46:18","slug":"jaktlag-utan-rovdjurskort","status":"publish","type":"page","link":"https:\/\/krets.jagareforbundet.se\/folkarna\/lodjur\/rovdjurskort\/jaktlag-utan-rovdjurskort\/","title":{"rendered":"Jaktlag utan Rovdjurskort"},"content":{"rendered":"<p>Jaktlag nedan vars j\u00e4gare ej kan delta i samarbetsjakt eller gemensam samarbetsjakt p\u00e5 rovdjur, pga att jaktlagen ej tagit st\u00e4mmobeslut och meddelat att de har en organisation f\u00f6r detta, och sedan meddelat kretsen detta. Anslutningen \u00e4r sedan l\u00f6pande till jaktlag avs\u00e4ger sig deltagande.<\/p>\n<p><!--mstheme--><\/p>\n<table style=\"width: 374px\" border=\"1\" cellspacing=\"1\" bgcolor=\"#008000\">\n<tbody>\n<tr>\n<td bgcolor=\"#FFFFCC\" width=\"100\"><!--mstheme--><span style=\"font-family: Arial, Helvetica\"><strong><span style=\"color: #ff0000;font-size: xx-small\">Folk\u00e4rna V\u00e4stra<\/span><\/strong><!--mstheme--><\/span><\/td>\n<td align=\"center\" bgcolor=\"#FFFFCC\" width=\"38\"><!--mstheme--><span style=\"font-family: Arial, Helvetica\">\u00a0<!--mstheme--><\/span><\/td>\n<td align=\"center\" bgcolor=\"#FFFFCC\" width=\"37\"><!--mstheme--><span style=\"font-family: Arial, Helvetica\"><span style=\"color: #008000\">\u00a0<\/span><!--mstheme--><\/span><\/td>\n<\/tr>\n<tr>\n<td bgcolor=\"#FFFFCC\" width=\"100\"><!--mstheme--><span style=\"font-family: Arial, Helvetica\"><strong><span style=\"color: #ff0000;font-size: xx-small\">Lexa<\/span><\/strong><!--mstheme--><\/span><\/td>\n<td align=\"center\" bgcolor=\"#FFFFCC\" width=\"38\"><!--mstheme--><span style=\"font-family: Arial, Helvetica\">\u00a0<!--mstheme--><\/span><\/td>\n<td align=\"center\" bgcolor=\"#FFFFCC\" width=\"37\"><!--mstheme--><span style=\"font-family: Arial, Helvetica\">\u00a0<!--mstheme--><\/span><\/td>\n<\/tr>\n<tr>\n<td bgcolor=\"#FFFFCC\" width=\"100\"><!--mstheme--><span style=\"font-family: Arial, Helvetica\"><strong><span style=\"color: #ff0000;font-size: xx-small\">\u00d6hn<\/span><\/strong><!--mstheme--><\/span><\/td>\n<td align=\"center\" bgcolor=\"#FFFFCC\" width=\"38\"><!--mstheme--><span style=\"font-family: Arial, Helvetica\">\u00a0<!--mstheme--><\/span><\/td>\n<td align=\"center\" bgcolor=\"#FFFFCC\" width=\"37\"><!--mstheme--><span style=\"font-family: Arial, Helvetica\">\u00a0<!--mstheme--><\/span><\/td>\n<\/tr>\n<tr>\n<td bgcolor=\"#FFFFCC\" width=\"100\"><span style=\"font-family: Arial, Helvetica\"><br \/>\n<!--mstheme--><\/span><\/td>\n<td align=\"center\" bgcolor=\"#FFFFCC\" width=\"38\"><!--mstheme--><span style=\"font-family: Arial, Helvetica\">\u00a0<!--mstheme--><\/span><\/td>\n<td align=\"center\" bgcolor=\"#FFFFCC\" width=\"37\"><!--mstheme--><span style=\"font-family: Arial, Helvetica\">\u00a0<!--mstheme--><\/span><\/td>\n<\/tr>\n<tr>\n<td bgcolor=\"#FFFFCC\" width=\"100\"><!--mstheme--><span style=\"font-family: Arial, Helvetica\"><strong><span style=\"color: #ff0000;font-size: xx-small\">Svensbo<\/span><\/strong><!--mstheme--><\/span><\/td>\n<td align=\"center\" bgcolor=\"#FFFFCC\" width=\"38\"><!--mstheme--><span style=\"font-family: Arial, Helvetica\">\u00a0<!--mstheme--><\/span><\/td>\n<td align=\"center\" bgcolor=\"#FFFFCC\" width=\"37\"><!--mstheme--><span style=\"font-family: Arial, Helvetica\">\u00a0<!--mstheme--><\/span><\/td>\n<\/tr>\n<tr>\n<td bgcolor=\"#FFFFCC\" width=\"100\"><!--mstheme--><span style=\"font-family: Arial, Helvetica\"><strong><span style=\"color: #ff0000;font-size: xx-small\">Vansj\u00f6<\/span><\/strong><!--mstheme--><\/span><\/td>\n<td align=\"center\" bgcolor=\"#FFFFCC\" width=\"38\"><!--mstheme--><span style=\"font-family: Arial, Helvetica\">\u00a0<!--mstheme--><\/span><\/td>\n<td align=\"center\" bgcolor=\"#FFFFCC\" width=\"37\"><!--mstheme--><span style=\"font-family: Arial, Helvetica\">\u00a0<!--mstheme--><\/span><\/td>\n<\/tr>\n<tr>\n<td bgcolor=\"#FFFFCC\" width=\"100\"><!--mstheme--><span style=\"font-family: Arial, Helvetica\"><strong><span style=\"color: #ff0000;font-size: xx-small\">Kvarnberget<\/span><\/strong><!--mstheme--><\/span><\/td>\n<td align=\"center\" bgcolor=\"#FFFFCC\" width=\"38\"><!--mstheme--><span style=\"font-family: Arial, Helvetica\">\u00a0<!--mstheme--><\/span><\/td>\n<td align=\"center\" bgcolor=\"#FFFFCC\" width=\"37\"><!--mstheme--><span style=\"font-family: Arial, Helvetica\">\u00a0<!--mstheme--><\/span><\/td>\n<\/tr>\n<tr>\n<td bgcolor=\"#FFFFCC\" width=\"100\"><!--mstheme--><span style=\"font-family: Arial, Helvetica\"><strong><span style=\"color: #ff0000;font-size: xx-small\">S\u00f6rb\u00e4cks G\u00e5rd<\/span><\/strong><!--mstheme--><\/span><\/td>\n<td align=\"center\" bgcolor=\"#FFFFCC\" width=\"38\"><!--mstheme--><span style=\"font-family: Arial, Helvetica\">\u00a0<!--mstheme--><\/span><\/td>\n<td align=\"center\" bgcolor=\"#FFFFCC\" width=\"37\"><!--mstheme--><span style=\"font-family: Arial, Helvetica\">\u00a0<!--mstheme--><\/span><\/td>\n<\/tr>\n<tr>\n<td bgcolor=\"#FFFFCC\" width=\"100\"><!--mstheme--><span style=\"font-family: Arial, Helvetica\"><strong><span style=\"color: #ff0000;font-size: xx-small\">V\u00e4stmossa<\/span><\/strong><!--mstheme--><\/span><\/td>\n<td align=\"center\" bgcolor=\"#FFFFCC\" width=\"38\"><!--mstheme--><span style=\"font-family: Arial, Helvetica\">\u00a0<!--mstheme--><\/span><\/td>\n<td align=\"center\" bgcolor=\"#FFFFCC\" width=\"37\"><!--mstheme--><span style=\"font-family: Arial, Helvetica\">\u00a0<!--mstheme--><\/span><\/td>\n<\/tr>\n<tr>\n<td bgcolor=\"#FFFFCC\" width=\"100\"><!--mstheme--><span style=\"font-family: Arial, Helvetica\"><span style=\"color: #ff0000;font-size: xx-small\"><strong>V\u00e4stanhede<\/strong><\/span><!--mstheme--><\/span><\/td>\n<td align=\"center\" bgcolor=\"#FFFFCC\" width=\"38\"><!--mstheme--><span style=\"font-family: Arial, Helvetica\">\u00a0<!--mstheme--><\/span><\/td>\n<td align=\"center\" bgcolor=\"#FFFFCC\" width=\"37\"><!--mstheme--><span style=\"font-family: Arial, Helvetica\">\u00a0<!--mstheme--><\/span><\/td>\n<\/tr>\n<tr>\n<td bgcolor=\"#FFFFCC\" width=\"100\"><!--mstheme--><span style=\"font-family: Arial, Helvetica\"><span style=\"color: #ff0000;font-size: xx-small\"><strong>Tommesbo<\/strong><\/span><!--mstheme--><\/span><\/td>\n<td align=\"center\" bgcolor=\"#FFFFCC\" width=\"38\"><!--mstheme--><span style=\"font-family: Arial, Helvetica\">\u00a0<!--mstheme--><\/span><\/td>\n<td align=\"center\" bgcolor=\"#FFFFCC\" width=\"37\"><!--mstheme--><span style=\"font-family: Arial, Helvetica\">\u00a0<!--mstheme--><\/span><\/td>\n<\/tr>\n<tr>\n<td bgcolor=\"#FFFFCC\" width=\"100\"><!--mstheme--><span style=\"font-family: Arial, Helvetica\"><span style=\"color: #ff0000;font-size: xx-small\"><strong>N Strandmora<\/strong><\/span><!--mstheme--><\/span><\/td>\n<td align=\"center\" bgcolor=\"#FFFFCC\" width=\"38\"><!--mstheme--><span style=\"font-family: Arial, Helvetica\">\u00a0<!--mstheme--><\/span><\/td>\n<td align=\"center\" bgcolor=\"#FFFFCC\" width=\"37\"><!--mstheme--><span style=\"font-family: Arial, Helvetica\">\u00a0<!--mstheme--><\/span><\/td>\n<\/tr>\n<tr>\n<td bgcolor=\"#FFFFCC\" width=\"100\"><!--mstheme--><span style=\"font-family: Arial, Helvetica\"><span style=\"color: #ff0000;font-size: xx-small\"><strong>Lekn\u00e4s<\/strong><\/span><!--mstheme--><\/span><\/td>\n<td align=\"center\" bgcolor=\"#FFFFCC\" width=\"38\"><!--mstheme--><span style=\"font-family: Arial, Helvetica\">\u00a0<!--mstheme--><\/span><\/td>\n<td align=\"center\" bgcolor=\"#FFFFCC\" width=\"37\"><!--mstheme--><span style=\"font-family: Arial, Helvetica\">\u00a0<!--mstheme--><\/span><\/td>\n<\/tr>\n<tr>\n<td bgcolor=\"#FFFFCC\" width=\"100\"><!--mstheme--><span style=\"font-family: Arial, Helvetica\"><strong><span style=\"color: #ff0000;font-size: xx-small\">Enso<\/span><\/strong><!--mstheme--><\/span><\/td>\n<td align=\"center\" bgcolor=\"#FFFFCC\" width=\"38\"><!--mstheme--><span style=\"font-family: Arial, Helvetica\">\u00a0<!--mstheme--><\/span><\/td>\n<td align=\"center\" bgcolor=\"#FFFFCC\" width=\"37\"><!--mstheme--><span style=\"font-family: Arial, Helvetica\">\u00a0<!--mstheme--><\/span><\/td>\n<\/tr>\n<tr>\n<td bgcolor=\"#FFFFCC\" width=\"100\"><!--mstheme--><span style=\"font-family: Arial, Helvetica\"><strong><span style=\"color: #ff0000;font-size: xx-small\">Vatebo<\/span><\/strong><!--mstheme--><\/span><\/td>\n<td align=\"center\" bgcolor=\"#FFFFCC\" width=\"38\"><!--mstheme--><span style=\"font-family: Arial, Helvetica\">\u00a0<!--mstheme--><\/span><\/td>\n<td align=\"center\" bgcolor=\"#FFFFCC\" width=\"37\"><!--mstheme--><span style=\"font-family: Arial, Helvetica\">\u00a0<!--mstheme--><\/span><\/td>\n<\/tr>\n<tr>\n<td bgcolor=\"#FFFFCC\" width=\"100\"><!--mstheme--><span style=\"font-family: Arial, Helvetica\"><span style=\"color: #ff0000;font-size: xx-small\"><strong>Hede<\/strong><\/span><!--mstheme--><\/span><\/td>\n<td align=\"center\" bgcolor=\"#FFFFCC\" width=\"38\"><!--mstheme--><span style=\"font-family: Arial, Helvetica\">\u00a0<!--mstheme--><\/span><\/td>\n<td align=\"center\" bgcolor=\"#FFFFCC\" width=\"37\"><!--mstheme--><span style=\"font-family: Arial, Helvetica\">\u00a0<!--mstheme--><\/span><\/td>\n<\/tr>\n<tr>\n<td bgcolor=\"#FFFFCC\" width=\"100\"><!--mstheme--><span style=\"font-family: Arial, Helvetica\"><span style=\"color: #ff0000;font-size: xx-small\"><strong>Hovn\u00e4s<\/strong><\/span><!--mstheme--><\/span><\/td>\n<td align=\"center\" bgcolor=\"#FFFFCC\" width=\"38\"><!--mstheme--><span style=\"font-family: Arial, Helvetica\">\u00a0<!--mstheme--><\/span><\/td>\n<td align=\"center\" bgcolor=\"#FFFFCC\" width=\"37\"><!--mstheme--><span style=\"font-family: Arial, Helvetica\">\u00a0<!--mstheme--><\/span><\/td>\n<\/tr>\n<tr>\n<td bgcolor=\"#FFFFCC\" width=\"100\"><!--mstheme--><span style=\"font-family: Arial, Helvetica\"><span style=\"color: #ff0000;font-size: xx-small\"><strong>Horndal<\/strong><\/span><!--mstheme--><\/span><\/td>\n<td align=\"center\" bgcolor=\"#FFFFCC\" width=\"38\"><!--mstheme--><span style=\"font-family: Arial, Helvetica\">\u00a0<!--mstheme--><\/span><\/td>\n<td align=\"center\" bgcolor=\"#FFFFCC\" width=\"37\"><!--mstheme--><span style=\"font-family: Arial, Helvetica\">\u00a0<!--mstheme--><\/span><\/td>\n<\/tr>\n<tr>\n<td bgcolor=\"#FFFFCC\" width=\"100\"><!--mstheme--><span style=\"font-family: Arial, Helvetica\"><strong><span style=\"color: #ff0000;font-size: xx-small\">Fornby<\/span><\/strong><!--mstheme--><\/span><\/td>\n<td align=\"center\" bgcolor=\"#FFFFCC\" width=\"38\"><!--mstheme--><span style=\"font-family: Arial, Helvetica\">\u00a0<!--mstheme--><\/span><\/td>\n<td align=\"center\" bgcolor=\"#FFFFCC\" width=\"37\"><!--mstheme--><span style=\"font-family: Arial, Helvetica\">\u00a0<!--mstheme--><\/span><\/td>\n<\/tr>\n<tr>\n<td bgcolor=\"#FFFFCC\" width=\"100\"><!--mstheme--><span style=\"font-family: Arial, Helvetica\"><span style=\"color: #ff0000;font-size: xx-small\"><strong>Storbyn<\/strong><\/span><!--mstheme--><\/span><\/td>\n<td align=\"center\" bgcolor=\"#FFFFCC\" width=\"38\"><!--mstheme--><span style=\"font-family: Arial, Helvetica\">\u00a0<!--mstheme--><\/span><\/td>\n<td align=\"center\" bgcolor=\"#FFFFCC\" width=\"37\"><!--mstheme--><span style=\"font-family: Arial, Helvetica\">\u00a0<!--mstheme--><\/span><\/td>\n<\/tr>\n<tr>\n<td colspan=\"3\" bgcolor=\"#FFFF00\" width=\"175\"><span style=\"font-family: Arial, Helvetica\"><strong style=\"font-size: xx-small;text-align: -webkit-center\"><span style=\"color: #ff0000\">R\u00f6d text<\/span>\u00a0= ej meddelat<\/strong><!--mstheme--><\/span><\/td>\n<\/tr>\n<\/tbody>\n<\/table>\n<p><!--mstheme--><\/p>\n","protected":false},"excerpt":{"rendered":"<p>Jaktlag nedan vars j\u00e4gare ej kan delta i samarbetsjakt eller gemensam samarbetsjakt p\u00e5 rovdjur, pga att jaktlagen ej tagit st\u00e4mmobeslut och meddelat att de har en organisation f\u00f6r detta, och sedan meddelat kretsen detta. Anslutningen \u00e4r sedan l\u00f6pande till jaktlag avs\u00e4ger sig deltagande. Folk\u00e4rna V\u00e4stra \u00a0 \u00a0 Lexa \u00a0 \u00a0 \u00d6hn \u00a0 \u00a0 \u00a0 \u00a0 [&hellip;]<\/p>\n","protected":false},"author":78,"featured_media":0,"parent":3190,"menu_order":0,"comment_status":"open","ping_status":"open","template":"","meta":{"footnotes":""},"class_list":["post-3196","page","type-page","status-publish","hentry"],"_links":{"self":[{"href":"https:\/\/krets.jagareforbundet.se\/folkarna\/wp-json\/wp\/v2\/pages\/3196","targetHints":{"allow":["GET"]}}],"collection":[{"href":"https:\/\/krets.jagareforbundet.se\/folkarna\/wp-json\/wp\/v2\/pages"}],"about":[{"href":"https:\/\/krets.jagareforbundet.se\/folkarna\/wp-json\/wp\/v2\/types\/page"}],"author":[{"embeddable":true,"href":"https:\/\/krets.jagareforbundet.se\/folkarna\/wp-json\/wp\/v2\/users\/78"}],"replies":[{"embeddable":true,"href":"https:\/\/krets.jagareforbundet.se\/folkarna\/wp-json\/wp\/v2\/comments?post=3196"}],"version-history":[{"count":0,"href":"https:\/\/krets.jagareforbundet.se\/folkarna\/wp-json\/wp\/v2\/pages\/3196\/revisions"}],"up":[{"embeddable":true,"href":"https:\/\/krets.jagareforbundet.se\/folkarna\/wp-json\/wp\/v2\/pages\/3190"}],"wp:attachment":[{"href":"https:\/\/krets.jagareforbundet.se\/folkarna\/wp-json\/wp\/v2\/media?parent=3196"}],"curies":[{"name":"wp","href":"https:\/\/api.w.org\/{rel}","templated":true}]}}