{"id":3202,"date":"2013-05-21T16:53:19","date_gmt":"2013-05-21T14:53:19","guid":{"rendered":"https:\/\/krets.jagareforbundet.se\/folkarna\/?page_id=3202"},"modified":"2013-07-19T09:26:36","modified_gmt":"2013-07-19T07:26:36","slug":"avesta-jsk","status":"publish","type":"page","link":"https:\/\/krets.jagareforbundet.se\/folkarna\/avesta-jsk\/","title":{"rendered":"Avesta JSK"},"content":{"rendered":"<p>Fr\u00f6benbennings Skjutbana avfart v\u00e4nster p\u00e5 v\u00e4gen 68 mot Norberg. Kontaktman Ralf Haals tel 0226-12093. mob 070-623 36 93<\/p>\n","protected":false},"excerpt":{"rendered":"<p>Fr\u00f6benbennings Skjutbana avfart v\u00e4nster p\u00e5 v\u00e4gen 68 mot Norberg. Kontaktman Ralf Haals tel 0226-12093. mob 070-623 36 93<\/p>\n","protected":false},"author":78,"featured_media":0,"parent":0,"menu_order":3,"comment_status":"open","ping_status":"open","template":"","meta":{"footnotes":""},"class_list":["post-3202","page","type-page","status-publish","hentry"],"_links":{"self":[{"href":"https:\/\/krets.jagareforbundet.se\/folkarna\/wp-json\/wp\/v2\/pages\/3202","targetHints":{"allow":["GET"]}}],"collection":[{"href":"https:\/\/krets.jagareforbundet.se\/folkarna\/wp-json\/wp\/v2\/pages"}],"about":[{"href":"https:\/\/krets.jagareforbundet.se\/folkarna\/wp-json\/wp\/v2\/types\/page"}],"author":[{"embeddable":true,"href":"https:\/\/krets.jagareforbundet.se\/folkarna\/wp-json\/wp\/v2\/users\/78"}],"replies":[{"embeddable":true,"href":"https:\/\/krets.jagareforbundet.se\/folkarna\/wp-json\/wp\/v2\/comments?post=3202"}],"version-history":[{"count":0,"href":"https:\/\/krets.jagareforbundet.se\/folkarna\/wp-json\/wp\/v2\/pages\/3202\/revisions"}],"wp:attachment":[{"href":"https:\/\/krets.jagareforbundet.se\/folkarna\/wp-json\/wp\/v2\/media?parent=3202"}],"curies":[{"name":"wp","href":"https:\/\/api.w.org\/{rel}","templated":true}]}}