{"id":3207,"date":"2013-05-21T17:02:22","date_gmt":"2013-05-21T15:02:22","guid":{"rendered":"https:\/\/krets.jagareforbundet.se\/folkarna\/?page_id=3207"},"modified":"2018-09-18T16:27:41","modified_gmt":"2018-09-18T14:27:41","slug":"gravling","status":"publish","type":"page","link":"https:\/\/krets.jagareforbundet.se\/folkarna\/gravling\/","title":{"rendered":"Gr\u00e4vling"},"content":{"rendered":"<p><!--mstheme--><\/p>\n<h3><img loading=\"lazy\" decoding=\"async\" id=\"FullRegion_MainRegion_img\" title=\"Foto: Kennet Johansson\" src=\"http:\/\/jagareforbundet.se\/Global\/Arter\/gravling_kennethJohansson1036.jpg?width=700\" alt=\"\" width=\"700\" height=\"494\" \/><\/h3>\n<h3><span style=\"font-size: 13px\">Jakt och F\u00f6rvaltning\u00a0<\/span><\/h3>\n<p>Gr\u00e4vling f\u00e5ngas i f\u00e4lla eller jagas med\u00a0st\u00e4llande hund eller grythund.<\/p>\n<p>F\u00e4llor kan betas med\u00a0det mesta, t.ex fisk, slaktavfall eller s\u00f6tsaker s\u00e5som sirap eller honung.<\/p>\n<p>Den st\u00e4llande hunden f\u00f6r gr\u00e4vlingjakt \u00e4r ofta en\u00a0jaktspets.\u00a0Den\u00a0hund som\u00a0anv\u00e4nds\u00a0m\u00e5ste\u00a0i vilket fall ha intresse\u00a0f\u00f6r rovvilt. F\u00f6r \u00f6kad effektivitet b\u00f6r hunden\u00a0ha intresse f\u00f6r f\u00e5 eller inga andra viltslag,\u00a0s\u00e5som harar och kl\u00f6vvilt.<\/p>\n<p>Grythunden\u00a0f\u00f6r gr\u00e4vlingjakt fungerar som en st\u00e4llande hund under jord. N\u00e4r hunden lokaliserat viltet ska den med skall markera\u00a0platsen.\u00a0Hundindivider ur en m\u00e4ngd\u00a0jakthundsraser fungerar f\u00f6r detta, t.ex tax, tysk jaktterrier samt brittiska terrierraser.<\/p>\n<p><strong>\u00a0Grytjakt p\u00e5 gr\u00e4vling med f\u00f6rliggare<\/strong><\/p>\n<p>En f\u00f6rliggares uppgift \u00e4r allts\u00e5 att st\u00e4lla gr\u00e4vlingen i grytet s\u00e5 att j\u00e4garen kan gr\u00e4va sig ner i marken. N\u00e4r nedslaget g\u00f6rs i grytg\u00e5ngen tar man upp hunden och avlivar gr\u00e4vlingen n\u00e4r den tittar fram.<\/p>\n<p>Viktigt att t\u00e4nka p\u00e5 vid gr\u00e4vlingsjakt<br \/>\n\u2022 F\u00f6rs\u00e4kra dig om att gr\u00e4vlingen \u00e4r inne innan hunden sl\u00e4pps. Annars kan det ta tid innan gr\u00e4vlingen g\u00e5r ner igen efter att en hund varit d\u00e4r.<br \/>\n\u2022 Pejl \u00e4r ett oerh\u00f6rt bra hj\u00e4lpmedel vid jakt med f\u00f6rliggare. Om skallet h\u00f6rs d\u00e5ligt genom marken kan hundens position fastst\u00e4llas med hj\u00e4lp av pejlen ist\u00e4llet.<br \/>\n\u2022 Gr\u00e4vlingen best\u00e4mmer jakten \u2013 en gr\u00e4vling l\u00e4mnar i princip aldrig sitt gryt om den valt att stanna inne.<\/p>\n<p>Tips<br \/>\n\u2022 S\u00e4tt ut en passkyttar med hagelgev\u00e4r f\u00f6r smitande gr\u00e4vlingar.<br \/>\n\u2022 F\u00f6rs\u00f6k att gr\u00e4va s\u00e5 att spaden kan s\u00e4ttas ner mellan hunden och gr\u00e4vlingen.<\/p>\n<p>Viktigt att t\u00e4nka p\u00e5 vid all grytjakt &#8211; Grytets beskaffenhet<\/p>\n<p>Vilken typ av gryt b\u00f6r man inte sl\u00e4ppa in hunden i ? Naturligtvis finns det inget facit till den fr\u00e5gan men n\u00e5gra generella grundprinciper n\u00e4r det g\u00e4ller vilka gryt som man b\u00f6r f\u00f6rs\u00f6ka att undvika. I gryt som \u00e4r gr\u00e4vda i s\u00e5 gott som ren l\u00f6s sand \u00e4r rasrisken \u00f6verh\u00e4ngande. Ligger grytet i t\u00e4tbevuxen skog hj\u00e4lper tr\u00e4dens rotsystem till att binda upp jorden vilket g\u00f6r att rasrisken minskar. Nackdelen h\u00e4r kan i sin tur vara att det kan vara sv\u00e5rt att n\u00e5 hunden om man inte har r\u00e4tt utrustning f\u00f6r att ta sig f\u00f6rbi tr\u00e4dr\u00f6tterna. H\u00e5ller gr\u00e4vlingen\u00a0 till i ett sten- och klippgryt kan det naturligtvis bli sv\u00e5rt att komma \u00e5t om det skulle beh\u00f6vas. Grundregeln som m\u00e5nga anv\u00e4nder \u00e4r; sunt f\u00f6rnuft.<\/p>\n<p><span style=\"font-size: xx-small\"><strong>\u00a0<\/strong><\/span><\/p>\n","protected":false},"excerpt":{"rendered":"<p>Jakt och F\u00f6rvaltning\u00a0 Gr\u00e4vling f\u00e5ngas i f\u00e4lla eller jagas med\u00a0st\u00e4llande hund eller grythund. F\u00e4llor kan betas med\u00a0det mesta, t.ex fisk, slaktavfall eller s\u00f6tsaker s\u00e5som sirap eller honung. Den st\u00e4llande hunden f\u00f6r gr\u00e4vlingjakt \u00e4r ofta en\u00a0jaktspets.\u00a0Den\u00a0hund som\u00a0anv\u00e4nds\u00a0m\u00e5ste\u00a0i vilket fall ha intresse\u00a0f\u00f6r rovvilt. F\u00f6r \u00f6kad effektivitet b\u00f6r hunden\u00a0ha intresse f\u00f6r f\u00e5 eller inga andra viltslag,\u00a0s\u00e5som harar och [&hellip;]<\/p>\n","protected":false},"author":78,"featured_media":0,"parent":0,"menu_order":11,"comment_status":"open","ping_status":"open","template":"","meta":{"footnotes":""},"class_list":["post-3207","page","type-page","status-publish","hentry"],"_links":{"self":[{"href":"https:\/\/krets.jagareforbundet.se\/folkarna\/wp-json\/wp\/v2\/pages\/3207","targetHints":{"allow":["GET"]}}],"collection":[{"href":"https:\/\/krets.jagareforbundet.se\/folkarna\/wp-json\/wp\/v2\/pages"}],"about":[{"href":"https:\/\/krets.jagareforbundet.se\/folkarna\/wp-json\/wp\/v2\/types\/page"}],"author":[{"embeddable":true,"href":"https:\/\/krets.jagareforbundet.se\/folkarna\/wp-json\/wp\/v2\/users\/78"}],"replies":[{"embeddable":true,"href":"https:\/\/krets.jagareforbundet.se\/folkarna\/wp-json\/wp\/v2\/comments?post=3207"}],"version-history":[{"count":0,"href":"https:\/\/krets.jagareforbundet.se\/folkarna\/wp-json\/wp\/v2\/pages\/3207\/revisions"}],"wp:attachment":[{"href":"https:\/\/krets.jagareforbundet.se\/folkarna\/wp-json\/wp\/v2\/media?parent=3207"}],"curies":[{"name":"wp","href":"https:\/\/api.w.org\/{rel}","templated":true}]}}