{"id":3213,"date":"2013-05-21T17:13:22","date_gmt":"2013-05-21T15:13:22","guid":{"rendered":"https:\/\/krets.jagareforbundet.se\/folkarna\/?page_id=3213"},"modified":"2013-07-19T09:27:10","modified_gmt":"2013-07-19T07:27:10","slug":"lovsvedens-skjutbana","status":"publish","type":"page","link":"https:\/\/krets.jagareforbundet.se\/folkarna\/lovsvedens-skjutbana\/","title":{"rendered":"L\u00f6vsvedens Skjutbana"},"content":{"rendered":"<p><strong>L\u00f6vsvedens Skjutbana \u00a0By Folk\u00e4rna S\u00f6dra Viltv\u00e5rdsomr\u00e5de<\/strong><\/p>\n<p><strong>P\u00e5 v\u00e4gen mellan B\u00e4singe och F\u00e4rjan \u00a0kontaktman Lennart Hillbom tel 0226-75072. mob 070-621 83 00.\u00a0<\/strong><\/p>\n","protected":false},"excerpt":{"rendered":"<p>L\u00f6vsvedens Skjutbana \u00a0By Folk\u00e4rna S\u00f6dra Viltv\u00e5rdsomr\u00e5de P\u00e5 v\u00e4gen mellan B\u00e4singe och F\u00e4rjan \u00a0kontaktman Lennart Hillbom tel 0226-75072. mob 070-621 83 00.\u00a0<\/p>\n","protected":false},"author":78,"featured_media":0,"parent":0,"menu_order":2,"comment_status":"open","ping_status":"open","template":"","meta":{"footnotes":""},"class_list":["post-3213","page","type-page","status-publish","hentry"],"_links":{"self":[{"href":"https:\/\/krets.jagareforbundet.se\/folkarna\/wp-json\/wp\/v2\/pages\/3213","targetHints":{"allow":["GET"]}}],"collection":[{"href":"https:\/\/krets.jagareforbundet.se\/folkarna\/wp-json\/wp\/v2\/pages"}],"about":[{"href":"https:\/\/krets.jagareforbundet.se\/folkarna\/wp-json\/wp\/v2\/types\/page"}],"author":[{"embeddable":true,"href":"https:\/\/krets.jagareforbundet.se\/folkarna\/wp-json\/wp\/v2\/users\/78"}],"replies":[{"embeddable":true,"href":"https:\/\/krets.jagareforbundet.se\/folkarna\/wp-json\/wp\/v2\/comments?post=3213"}],"version-history":[{"count":0,"href":"https:\/\/krets.jagareforbundet.se\/folkarna\/wp-json\/wp\/v2\/pages\/3213\/revisions"}],"wp:attachment":[{"href":"https:\/\/krets.jagareforbundet.se\/folkarna\/wp-json\/wp\/v2\/media?parent=3213"}],"curies":[{"name":"wp","href":"https:\/\/api.w.org\/{rel}","templated":true}]}}