{"id":3445,"date":"2013-05-29T09:41:05","date_gmt":"2013-05-29T07:41:05","guid":{"rendered":"https:\/\/krets.jagareforbundet.se\/folkarna\/?page_id=3445"},"modified":"2013-07-24T10:11:43","modified_gmt":"2013-07-24T08:11:43","slug":"stigvagens-forsta-50-ar","status":"publish","type":"page","link":"https:\/\/krets.jagareforbundet.se\/folkarna\/sigvagens-viltvardsomrade\/inloggningssida-for-svvo\/stigvagens-forsta-50-ar\/","title":{"rendered":"Stigv\u00e4gen fr 1960"},"content":{"rendered":"<p><strong>Sammanst\u00e4llning av n\u00e5gra h\u00e4ndelser under Stigv\u00e4gens f\u00f6rsta 50 \u00e5r <\/strong><\/p>\n<p><strong>1960<\/strong> Avgiften till Jaktv\u00e5rdsf\u00f6rbundet var 6.50 samt 3 kr f\u00f6r varje fullt tio-tal medlemmar. Avgift till mark\u00e4garna var 20 \u00f6re\/ha. Jaktkortsavgiften h\u00f6jdes fr\u00e5n 15 kr till 20 kr. Kassan 117:85<\/p>\n<p><strong>1961<\/strong> Jaktkorten delades f\u00f6r \u00e4lg och sm\u00e5vilt, 10 kr f\u00f6r varje, utomst\u00e5ende betalar 20 kr f\u00f6r \u00e4lgkort. 21 jaktr\u00e4tter, 4 dagkort. Kassan 57:80<\/p>\n<p><strong>1962<\/strong> Begr\u00e4nsning till 2 r\u00e5djur \/ j\u00e4gare. Diskussioner med grannlagen om \u00c4lgf\u00f6rbud. \u00c4lgjakten st\u00e4lldes in. Kassan 25:85<\/p>\n<p><strong>1963<\/strong> Jaktkorten h\u00f6jdes till 25 kr. 12 minkf\u00e4llor k\u00f6ptes. Kassan 354:75<\/p>\n<p><strong>1964<\/strong> 10 starholkar och 10 mesholkar ink\u00f6ptes. 10 jaktr\u00e4tter. Kassan 835:90 Beslut om utplantering av Koreafasan.<\/p>\n<p><strong>1965<\/strong> H\u00e5rd vinter hj\u00e4lputfodring 400 kg r\u00e5djursfoder kr\u00e4vdes. 9 jaktr\u00e4tter 3 dagkort. Kassan 647:65. R\u00e5djursjakten avslutades 8 november.<\/p>\n<p><strong>1966<\/strong> Representant f\u00f6r AB Fors skogar f\u00f6rvaltare Aronsson och Skogvaktare A Viden anf\u00f6rde krav p\u00e5 h\u00f6gre markavgift 6 kr \/ ha (800 kr). Kassan 755.44. 11 jaktr\u00e4tter. Ingen \u00e4lgjakt f\u00f6r 5 te \u00e5ret.<\/p>\n<p><strong>1967<\/strong> \u00d6kning av \u00e4lgstammen, beslutades att \u00e5ter s\u00f6ka licens p\u00e5 \u00e4lg. Jaktkort \u00e4lg \u00f6kas till 25 kr. Men antalet r\u00e5djur per j\u00e4gare minskades till 1. Skjutbanan i Garpenberg anv\u00e4nds f\u00f6r tr\u00e4ning och skjutning f\u00f6r deltagande i \u00e4lgjakten. 14 jaktr\u00e4tter, 4 dagkort. Kassan 1499:73 25 fasaner sattes ut p\u00e5 marken genom J\u00e4gm\u00e4stare Torolf Winqvists f\u00f6rsorg. Gemensam avslutning tillsammans med Folk\u00e4rna Norra JVO, varvid gemensamt f\u00f6rbud att f\u00e4lla fasan och att andjakt p\u00e5 \u00c5sgarn sker under 4 l\u00f6rdagar i september. And i Kvarndammen fridlyses.<\/p>\n<p><strong>1968<\/strong> Bes\u00f6k av N\u00e4s fr\u00e5n JVF som ber\u00e4ttade om nya best\u00e4mmelser r\u00f6rande vapen och hundar. Saltstenar och foderh\u00e4ssja p\u00e5 vilt\u00e5kern. 15 jaktr\u00e4tter, 14 g\u00e4stkort. Kassan 2100:82. Markavgiften f\u00f6rdubblas till 50 \u00f6re \/ ha.<\/p>\n<p><strong>1969<\/strong> Ink\u00f6p av f\u00e5gelholkar, bes\u00f6k av J\u00e4gm\u00e4stare Winqvist som ber\u00e4ttade om f\u00e5gelhundar och visade film om ripjakt i fj\u00e4llen. 17 jaktr\u00e4tter, 6 dagkort. Kassan 1848.51.<\/p>\n<p><strong>1970<\/strong> 100 f\u00e5gelholkar, 5 knipholkar och 5 andkorgar k\u00f6ptes. Markavgift 50 \u00f6re \/ ha. \u00c5ter 2 r\u00e5djur per j\u00e4gare. Fallavgift r\u00e5djur 10 kr. Jaktkort 30 kr f\u00f6r boende inom skifteslagen och 300 kr utanf\u00f6r, g\u00e4llande sm\u00e5vilt. \u00c4lgkorten \u00f6kas till 30 kr. Guldr\u00e4var tilldelades Helmer Karlstr\u00f6m(16), Nils Vestin(17) Olle Holmqvist(16) G\u00f6sta Flodstr\u00f6m(11). (antal r\u00e4var sedan 1960) Kassan 3623:26<\/p>\n<p><strong>1971<\/strong> Markavgiften h\u00f6js till 1 kr \/ ha. Beslut tas om att rusta upp andvattnet i Kvarndammen. Man startar en t\u00e4vling mellan omr\u00e5det och Folk\u00e4rna Norra VO. Och k\u00f6per en lerduvekastare. Guldr\u00e4ven till Anders Flodstr\u00f6m. Tv\u00e5 fallvilt p\u00e5tr\u00e4ffades, r\u00e5djur i V\u00e4stansj\u00f6 och \u00e4lg vid K\u00e4rven. Kassan 3917:08<\/p>\n<p><strong>1972<\/strong> Styrelsen ut\u00f6kades till 4 ledam\u00f6ter, B\u00f6rje Wetterskog valdes till sekreterare. beslutades att jakt p\u00e5 m\u00e5s och kr\u00e5kf\u00e5gel m\u00e5ste \u00f6kas. 16 jaktr\u00e4tter, 8 dagskort. Prov p\u00e5 skjutna gr\u00e4vlingar skickas till SVA. Kretsm\u00e4sterskap i \u00e4lgskytteanordnas. 10 knipholkar(16 kr), 2 minkf\u00e4llor(45 kr) ink\u00f6ptes. Viltfr\u00f6 och 750 gratisplantor foderm\u00e4rgk\u00e5l sattes p\u00e5 vilt\u00e5kern. Jaktstig som tidigare anordnades, med 266 deltagare.<\/p>\n<p><strong>1973<\/strong> Kamouflagen\u00e4t till kr\u00e5k- och m\u00e5sjakt anskaffades. 17 jaktr\u00e4tter och 7 g\u00e4stkort. Jaktv\u00e5rdskonsulent Linmark talade p\u00e5 den gemensamma delen av st\u00e4mman.<\/p>\n<p><strong>1974<\/strong> Medlemmarna bes\u00f6kte \u00d6ster malma Jaktskola 16 juni 1974. En Husqvarna studsare kal 6,5 ink\u00f6ptes f\u00f6r 610 kr + ett kikarsikte. % h\u00e4ckningsflottar anskaffades(60 kr). Vilt\u00e5ker anlades vid Perers hagen (1 tunnland) 1900 foderm\u00e4rgsk\u00e5l och r\u00e5g planterades. Fridlysning av sj\u00f6f\u00e5gel i K\u00e4rven &#8211; Dammsj\u00f6n &#8211; Kvarndammen.<\/p>\n<p><strong>1975<\/strong> Tiden f\u00f6r Jaktv\u00e5rdsomr\u00e5dets best\u00e5nd utg\u00e5r i augusti 1975. Ombildning g\u00e4ller sedan f\u00f6r 15 \u00e5r. Styrelsen ut\u00f6kades till 5 ledam\u00f6ter efter ombildning. <a href=\"http:\/\/hem.bredband.net\/jubileum\/Markagare1975.pdf\" target=\"_self\">Mark\u00e4garlista 1975.<\/a> Beslutas att anordna J\u00e4gartr\u00e4ff tillsammans med Folk\u00e4rna Norra. Staffan \u00c5kesson och Lars Ebervik in f\u00f6r Kopparfors AB. markavgift 3 kr \/ ha. Jaktkort \u00e4lg 170 kr Sm\u00e5vilt 80 kr Fallavgift r\u00e5djur 20 kr. Dagkort 20 kr. Innehavare av sm\u00e5viltkort skall skjuta 5 m\u00e5s\/kr\u00e5ka. Den som deltar i \u00e4lgjakten skall skjuta godk\u00e4nt f\u00f6r bronsm\u00e4rke f\u00f6re jakten. beslutades att rensa alla k\u00e4llor p\u00e5 omr\u00e5det. Vilt\u00e5kern vid L\u00e5ngmossen bes\u00e5s med R\u00e5g. Vid m\u00f6te med Folk\u00e4rna Norra beslutades att andjakt p\u00e5 \u00c5sgarn till\u00e5ts endast Fre-L\u00f6r-S\u00f6n. \u00c4lgjakts PM 1975.<\/p>\n<p><strong>1976 <\/strong>Kopparfors beg\u00e4r \u00e5ter h\u00f6gre markavgift( 5 kr \/ ha) Omr\u00e5det motionerar om ut\u00f6kad jakttid f\u00f6r Korp. Kommitt\u00e9 tillsammans med Folk\u00e4rna Norra att anordna Jaktfest under h\u00f6sten bildades. Omr\u00e5det st\u00f6dde motion fr\u00e5n Folk\u00e4rna Norra att \u00e4ldre j\u00e4gare kunde avl\u00e4gga skjutprov mot endast stillast\u00e5ende m\u00e5l.<\/p>\n<p><strong>1977<\/strong> Inventering av Korp utf\u00f6rdes. Orrens populationsdynamik unders\u00f6ktes. Livm\u00f6drar fr\u00e5n \u00e4lgkor unders\u00f6ktes f\u00f6r att fastst\u00e4lla n\u00e4r de bet\u00e4ckts. Carl Karlstr\u00f6m erh\u00f6ll SJF f\u00f6rtj\u00e4nstm\u00e4rke i brons ledamot i styrelsen sedan 1960. 10 st kommunikationsradio k\u00f6ptes. Tv\u00e5 vilt\u00e5krar har s\u00e5tts. Vid den gemensamma avslutningen av st\u00e4mman tillsammans med Folk\u00e4rna Norra, visades filmen, vilt och den moderna skogsv\u00e5rden. L\u00e4nsstyrelsen har fastst\u00e4llt omr\u00e5dets best\u00e5nd till 1990.<\/p>\n<p><strong>1978<\/strong> Hur hanteras r\u00e4v med skabb? Flyginventering av \u00e4lg ans\u00e5gs inte helt lyckad. Sammanst\u00e4llning unders\u00f6kta insamlade livm\u00f6drar redovisades. Markavgiften 5 kr \/ ha. Jaktkort \u00e4lg 170 kr. Sm\u00e5vilt 80 kr. Jan Eriksson spr\u00e4ngde upp 4 gropar f\u00f6r vatten till vilt. Ingemar Jansson valdes till jaktledare. Beslutades att JVO skall delta i ett ev. bildad \u00c4lgjaktsf\u00f6rening i Folk\u00e4rna socken. Beslutades att detta \u00e5r anv\u00e4nda hund vid \u00e4lgjakten. \u00c4ven h\u00f6gt jakttryck diskuterades detta \u00e5r.<\/p>\n<p><strong>1979<\/strong> Anders Flodstr\u00f6m valdes till jaktledare. Beslutades att skottpengar p\u00e5 mink betalas ut med 10 kr per djur, den som skjuter flest gr\u00e4vlingar erh\u00e5ller gratis sm\u00e5vilt kort \u00e5ret d\u00e4refter. Skrivelse till FJVK ang. fallvilt. Kron\u00e5r vad g\u00e4ller skogsf\u00e5gel och d\u00e5 framf\u00f6rallt J\u00e4rpe, Torolf Winqvist SLU ans\u00e5g stammarna som de t\u00e4taste i Sverige just d\u00e5 p\u00e5 omr\u00e5det.<\/p>\n<p><strong>1980<\/strong> Rapport om valpsjuka och vaccination mot hundsjukdomen. Pga \u00f6kad \u00e4lgstam s\u00f6ktes licens p\u00e5 10 \u00e4lgar. Flyginventeringen p\u00e5 FJVK st\u00e4mde v\u00e4l med markinventeringen (p\u00e5 3 \u00e4lgar n\u00e4r) Markavgift 4 kr \/ ha. Klagom\u00e5l p\u00e5 f\u00f6r h\u00f6gt jakttryck framf\u00f6rdes, beslutades att jakten begr\u00e4nsades till 3 dagar i veckan per j\u00e4gare, undantaget pyrsjakt p\u00e5 r\u00e5djur och r\u00e4v.<\/p>\n<p><strong>1981 <\/strong>Diskuterades det l\u00e5ga antal \u00e4lgtjurar. Omr\u00e5det betalade hundskatten f\u00f6r Helmer Karlstr\u00f6ms \u00e4lghund. beslutades att ers\u00e4tta Olle Holmqvist med 100:- f\u00f6r under \u00e4lgjakten insatta f\u00f6nsterrutor. Anl\u00e4ggning av vilt\u00e5krar p\u00e5 Valmossen och Bj\u00f6rkmossen f\u00f6r att avlasta stort betestryck p\u00e5 \u00c5kerby. Markavgiften p\u00e5 5 kr \/ ha \u00e4r inkl. moms. Jaktkort f\u00f6r \u00e4lg 200 kr och sm\u00e5vilt 100 kr Dagkort 15 kr Fallavgift 25 kr. Jaktvecka b\u00f6rjar p\u00e5 m\u00e5ndag. \u00c5rsm\u00f6tet bes\u00f6ktes av 16 j\u00e4gare. Begr\u00e4nsningen till 3 dagar per vecka g\u00e4ller jakt med drivande hund. Ett spel anskaffades till slakteriet. Guldr\u00e4v till Harry Blom. Max 3 r\u00e5djur per j\u00e4gare f\u00e5r skjutas.<\/p>\n<p><strong>1982<\/strong> Ett antal j\u00e4gare gick J\u00e4garexamenskurs a\u00b4 80 kr. R\u00e5djursfoder utlagt kostnad delas av Dom\u00e4nverket. Licens p\u00e5 25 Kanadag\u00e4ss s\u00f6ks. Jaktf\u00f6rbud i V\u00e4stansj\u00f6 by. F\u00f6r omr\u00e5det \u00f6verskred markinventeringen flyginventeringen med 40% vilket visar att de siffrorna, vid olika tillf\u00e4llen, ej kan j\u00e4mf\u00f6ras p\u00e5 1000 ha. Guldr\u00e4v till Lars Ebervik.<\/p>\n<p><strong>1983<\/strong> Markavgiften 7 kr \/ ha. Dagkort 20 kr. Kraftigt \u00f6kad harstam, minskad r\u00e4vstam. Licens s\u00f6kt p\u00e5 8 \u00e4lgar. begr\u00e4nsningen till 3 jaktdagar slopas efter den 31\/12 pga den \u00f6kande harstammen. Diskuterades uppletande av fasaner och sj\u00f6f\u00e5gel med f\u00e5gelhund f\u00f6re sl\u00e5tter. Vid samm\u00f6tet med Folk\u00e4rna Norra visades film. 2 harar med noseksem har skjutits under \u00e5ret.<\/p>\n<p><strong>1984<\/strong> Jaktkort \u00e4lg 250 kr. Fallavgift 25 kr. Skottpengar mink 20 kr. Fallvilt \u00c4lgko p\u00e5 R\u00e5bergskanten vid R\u00e5bergsk\u00e4llan. Uts\u00e4ttning av fasan tillsammans med Folk\u00e4rna Norra 1983 blev lyckad, ca 10 vildkullar runt \u00c5sgarn, inventering i Augusti visade p\u00e5 72 fasaner.<\/p>\n<p><strong>1985<\/strong> Fallavgift 35 kr, ingen begr\u00e4nsning p\u00e5 antal skjutna r\u00e5djur p\u00e5 f\u00f6rs\u00f6k i ett \u00e5r. Sj\u00f6f\u00e5geljakt p\u00e5 \u00c5sgarn f\u00e5r nu ske p\u00e5 hela vattenspegeln. Rovf\u00e5gelinvasion detta \u00e5r gjorde att fasanstammen n\u00e4stan utrotades denna h\u00f6st, n\u00e5gra \u00f6vervintrade, men f\u00e5tal fanns kvar i juni 1986.<\/p>\n<p><strong>1986<\/strong> Fallavgift 40 kr. Jaktkort \u00e4lg 350 kr. Sm\u00e5vilt 150 kr. Dagkort 25 kr Markavgift 10 kr\/ ha. Nytt vandringspris f\u00f6r skyttet mot Folk\u00e4rna Norra ink\u00f6pt. Dagkort till tv\u00e5 j\u00e4gare som hj\u00e4lpt omr\u00e5det. Skottpengar (Resebidrag) med 50 kr f\u00f6r Mink, Gr\u00e4vling och M\u00e5rd. Beslutades att Polisens markkarta skall justeras s\u00e5 r\u00e4tt mark\u00e4gare kan larmas vid olycka och efters\u00f6k.<\/p>\n<p><strong>1987 <\/strong>Markavgift 10 kr \/ha. Anders Flodstr\u00f6m valdes till ordf\u00f6rande, G\u00f6sta Flodstr\u00f6m avtackades efter 27 \u00e5r som ordf\u00f6rande i omr\u00e5det.<\/p>\n<p><strong>1988<\/strong> Den traditionella jaktfesten tillsammans med Folk\u00e4rna Norra avslutas pga. det l\u00e5ga antalet deltagande j\u00e4gare. Omr\u00e5det beslutade st\u00f6dja arbetet med gemensam licens f\u00f6r FJVK. Dagkort 30 kr. Tv\u00e5 minkf\u00e4llor k\u00f6ps. Harstammen minskar nu.<\/p>\n<p><strong>1989<\/strong> Jaktkort \u00e4lg 450 kr sm\u00e5vilt 250 kr. Fallavgift 50 kr. Markavgift 12 kr \/ ha. God f\u00f6rekomst av r\u00e5djur, ingen \u00e4lg sk\u00f6ts detta \u00e5r. Licens f\u00f6r 1990 s\u00f6ks med 6 \u00e4lgar.<\/p>\n<p><strong>1990<\/strong> Fallavgift 50 kr. F\u00f6rslag om jaktkort f\u00f6r \u00e4lghundar avslogs. Viltv\u00e5rdsomr\u00e5det ombildas. Beslutas att b\u00e4ttre information vid pyrsjakt utformas av styrelsen, i form av en markeringskarta vid bj\u00f6rkmossen. Stor orientering med 2000 deltagare och skapa karta utan att mark\u00e4gare vidtalats \u00e4r en mark\u00e4garfr\u00e5ga, direkt med arrang\u00f6r.<\/p>\n<p><strong>1991 <\/strong>Markavgift 12.65 \/ ha pga indexreglering. Jaktkort \u00e4lg 400 kr, sm\u00e5vilt 350 kr. Markl\u00f6sa erbjuds arrende p\u00e5 Dom\u00e4nmarken a\u00b4 25 kr\/ha &#8211; markavgift (12:65 kr). R\u00e4ven tillbaka efter skabben. Karl Erikssons mark fridlyses fr\u00e5n jakt. Holger Olssons bomv\u00e4g f\u00e5r ej anv\u00e4ndas utan tillst\u00e5nd. Ingen skogsf\u00e5gel har kunna f\u00e4llas under \u00e5ret.<\/p>\n<p><strong>1992<\/strong> Markavgift 13.80 \/ha. Jaktkort \u00e4lg 350 kr. Sm\u00e5vilt 400 kr, Dagkort 40 kr. Kassan 1451:90. Vid gemensamma tr\u00e4ffen visade Ruben Forsberg gamla dalabilder.<\/p>\n<p><strong>1993<\/strong> Markavgift 14.10\/ ha. Sottpengar p\u00e5 Mink, M\u00e5rd och Gr\u00e4vling slopas. Sm\u00e5viltkort till den som skjuter mest kr\u00e5kf\u00e5gel. (Minst 10 st). L\u00e5g \u00e4lgpopulation. Diskuterades l\u00e4gre slaktvikter och \u00e5ldersammans\u00e4ttningen p\u00e5 \u00e4lgstammen. L\u00e5g harstam igen. Kurs Viltv\u00e5rd i samverkan avh\u00f6lls.<\/p>\n<p><strong>1994<\/strong> markavgift 14.25\/ ha,. Fallavgift 60 kr. Skottpengar p\u00e5 r\u00e4v 50 kr\/ st. Erik Ringaby SLU f\u00f6rel\u00e4ste om behovet av, och metoder f\u00f6r, att h\u00f6ja tjur\u00e5ldern i \u00e4lgstammen. dock var budskapet, kapa stammen i b\u00e5da \u00e4ndar, en tveksam metod. Anders Flodstr\u00f6m fick i uppgift att sondera ett samg\u00e5ende med Folk\u00e4rna Norra. Dalarnas dreverklubb h\u00f6ll l\u00e4nskamp p\u00e5 omr\u00e5det.<\/p>\n<p><strong>1995<\/strong> Markavgift 14:71kr \/ ha, sm\u00e5viltkort 400 kr. Kassan 9.000 kr.<\/p>\n<p><strong>1996<\/strong> Markavgift 12:00 kr\/ ha. Sm\u00e5viltkort 500 kr. Jaktarrende s\u00e4tts till 1000\/ j\u00e4gare p\u00e5 Dom\u00e4nmarken. Kostnader f\u00f6r \u00e4lgjakten betalas av de som l\u00f6ser jaktkort \u00e4lg. Dagkort skall betalas f\u00f6r att jakten startar. Sp\u00e5r av Varg, Lo och Bj\u00f6rn skall anm\u00e4las till rovdjurssp\u00e5raren. J\u00e4garnas antal jaktdagar skal fortsatt anges. Kallelser skickas via brev.<\/p>\n<p><strong>1997<\/strong> Jaktkort \u00e4lg 450 kr. \u00c4lgpassen m\u00e4rks ut med inplastade Nr. Dagkort 80 kr. Markavgifter betalas ut f\u00f6rst efter 1 november.<\/p>\n<p><strong>1998<\/strong> Jaktkort \u00e4lg 500 kr. Jakt med j\u00e4rnhagel f\u00f6rbjudes. Medlemmarna tackade funktion\u00e4rerna via Odd Gaasvik p\u00e5 st\u00e4mman. Utm\u00e4rglad \u00e4lgko avlivades och k\u00f6rdes till SLU, den var 16 \u00e5r blind p\u00e5 ett \u00f6ga, hade hj\u00e4rnhinnemask. Lodjur uppeh\u00e5ller sig stundom i omr\u00e5det.<\/p>\n<p><strong>1999<\/strong> jaktarrendet p\u00e5 Dom\u00e4nmarken 1500 kr. Skottpengar p\u00e5 R\u00e4v slopas. Kassan 5.345 kr.<\/p>\n<p><strong>2000 <\/strong>Bidrag till FJVK 10 kr \/ J\u00e4gare (170kr). \u00d6kad r\u00e5djursstam kan ses. Deltagare fr\u00e5n omr\u00e5det i kurserna H\u00e4lge 1-2. Dagkort i februari 50 kr. <a href=\"http:\/\/hem.bredband.net\/jubileum\/photo.htm#\u00c4lgjakten 2000\" target=\"_self\"><strong>Samling runt \u00e4lgen.<\/strong><\/a><\/p>\n<p><strong>2001 <\/strong>Extra st\u00e4mma f\u00f6r att godk\u00e4nna nya stadgarna, anpassade till nya lagen om viltv\u00e5rdsomr\u00e5den, vid tv\u00e5 st\u00e4mmor. Sp\u00e5r efter Lodjur allt vanligare p\u00e5 omr\u00e5det. Lodjur \u00e4ter 50 &#8211; 60 r\u00e5djur per \u00e5r, ett per vecka. I Sverige finns 250 000 \u00e4lgar, det skjuts varje \u00e5r 100 000 \u00e4lgar. I Alaska finns 165 000 \u00e4lgar och det skjuts 8 000 \u00e4lgar resten tar vargen, det finns 7 500 vargar i Alaska. Detta \u00e5r diskuterades den hela tiden f\u00f6r\u00e4ndrade inst\u00e4llningen till jakt i samh\u00e4llet. Dom\u00e4nverket s\u00e4ger upp avtalet med h\u00e4nvisning till att det \u00e4r ett nytt omr\u00e5de. Detta avvisades och nytt avtal, sl\u00f6ts med Assi Dom\u00e4n. Omr\u00e5det byter namn till Stigv\u00e4gens Viltv\u00e5rdsomr\u00e5de.<\/p>\n<p><strong>2002 <\/strong>Matrikel justerades genom Leif \u00d6sters k\u00f6p av mark fr\u00e5n Assi Dom\u00e4n. Stadgarna har efter sm\u00e4rre \u00e4ndringar godk\u00e4nts av L\u00e4nsstyrelsen. Genom m\u00f6te med Leif \u00d6ster reglerades \u00f6verg\u00e5ngsbest\u00e4mmelser n\u00e4r avtalet med Assi Dom\u00e4n g\u00e5r ut. St\u00e4mman gav styrelsen r\u00e4tt att planera och gjuta golv i slakteriet.<\/p>\n<p><strong>2003<\/strong> Markavgiften betalas nu ut senast i december. E-postadresser och mobil nr inf\u00f6rs i matrikeln. Folk\u00e4rna V\u00e4stra ges r\u00e4tt att vid jakt passera genom omr\u00e5det vid dess s\u00f6dra gr\u00e4ns. Beslut tas att omr\u00e5det kvarst\u00e5r som medlem i SJF. Lars Petterson m\u00e5 kunna uppf\u00f6ra ett vindskydd vid F\u00e4myren. F\u00f6reningens konto i FB (Numera Swedbank) 7726-30-08602 bifogas protokoll. Beslutades att till Inge B\u00e4ngs som tack f\u00f6r hj\u00e4lpen vid gjutning av golv i slakteriet tilldelas 5 dagkort. Slakteriet finansieras genom att varje ny medlem som f\u00f6rsta g\u00e5ngen l\u00f6ser \u00e4lgkort, betalar en eng\u00e5ngsavgift p\u00e5 300 kr. Kassan 19.050 kr. Konstateras att Lodjuren g\u00f6r att R\u00e5djur lever n\u00e4rmare bebyggelse och ofta \u00e4ter liggande. \u00c4lgfest p\u00e5 Stens\u00e4nget.<\/p>\n<p><strong>2004<\/strong> Markavgiften 15 kr \/ ha. Bo Ekstr\u00f6m k\u00f6per 10 nya minkf\u00e4llor. 5 rovdjursrivna r\u00e5djur har hittats. Noterat att skogsf\u00e5gel \u00e4nnu inte har \u00e5terkommit till jaktbara stammar. 63 Kajor skjutna under \u00e5ret. B\u00e4vern har etablerat sig p\u00e5 omr\u00e5det. \u00c4lgdiskussionerna r\u00f6rde sig om l\u00e4gre \u00e5lder och vikt p\u00e5 \u00e4lgstammen. Fallvilt var st\u00e5ngskadad \u00e4lg.<\/p>\n<p><strong>2005<\/strong> Redovisades spillningsinventering och \u00f6vrig viltstatistik. I samband med SM i orientering avlystes jakt den 16-17 september 2005.Avgift till FJVK 20 kr per jaktkort. Kassa 25 790 kr. \u00c5rlig samordnad r\u00e4vjakt gemensamhetsjakt med hund startades. S\u00e4rskilt g\u00e4stkort f\u00f6r hare instiftades.<\/p>\n<p><strong>2006<\/strong> Delomr\u00e5de Garpenberg f\u00f6r \u00e4lgjakt bildas. Vilt\u00e5ker p\u00e5 Bj\u00f6rkmossen anl\u00e4ggs p\u00e5 Martinssons. Flyginventeringen presenteras. Kontrakt f\u00f6r slakteriet sluts med Flodstr\u00f6m p\u00e5 V\u00e4stansj\u00f6. All rovdjursjakt bedrivs som gemensamhetsjakt (r\u00e4v kan jagas enskilt). Kassan 16991:50 kr. Fallvilt var drunknad \u00e4lgkalv i torvgrav. Or\u00e4dd ko med kalv fick med Polisens tillst\u00e5nd avlivas.<\/p>\n<p><strong>2007 <\/strong>Omr\u00e5det ingick i ett samarbetsomr\u00e5de &#8221;V\u00e4ster \u00c5sgarn&#8221; om ca 8000 ha d\u00e4r samarbete sker i omr\u00e5den om ca 3000 ha om avskjutning av kapitala djur och f\u00f6rh\u00e5llandet tjur\/ ko kviga. Ink\u00f6p av v\u00e5g f\u00f6r exakt slaktvikt p\u00e5 \u00e4lg skedde. Den sk. Forsmans lada rustades till vindskydd och samlingsplats av Leif \u00d6ster.<\/p>\n<p><strong>2008<\/strong> Omr\u00e5det kan t\u00e4nka sig ing\u00e5 i ett st\u00f6rre \u00e4lgsk\u00f6tselomr\u00e5de f\u00f6r att slippa licenstilldelning. Arbete med Jubileumsfest startar! \u00c4lgstammens kvalitet \u00f6kar med allt st\u00f6rre tjurar och alt fler och st\u00f6rre kalvar f\u00f6ds. Avskjutningen kan \u00e5ter \u00f6kas.<\/p>\n<p><strong>2009<\/strong> Omr\u00e5det ansluts till Garpenberg \u00c4lgsk\u00f6tselomr\u00e5de som blir \u00f6ver 40.000 ha och n\u00e5got sv\u00e5rhanterat, d\u00e5 omr\u00e5dena slutligen kallade kvalitetsomr\u00e5den ca 12.000 ha saknar organisation. En tiotaggare f\u00e4lldes under jakten.<\/p>\n<p><strong>2010 <\/strong>Arealen nu 1135 ha genom att en del mark runt Dammsj\u00f6n anslutits till SVVO. Passage av Varg och Bj\u00f6rn \u00f6kar och Lo familjegrupp har inventerats.<\/p>\n<p><strong>2011<\/strong> SVVO ut\u00f6kades med \u00d6sters mark norr om Dammsj\u00f6n och K\u00e4rven, Dalkarlshyttes\u00e5ten och omfattar nu 1516 ha 21 j\u00e4gare. Utter, Gr\u00e4vling, B\u00e4ver och Vildsvin \u00f6kar i SVVO. Styrplats f\u00f6r vildsvin visar p\u00e5 sporadiska bes\u00f6k<\/p>\n<p><strong>2012<\/strong> Det f\u00f6rsta vildsvinet sk\u00f6ts en \u00e5rsunge ur en flock p\u00e5 omkring 10 djur i Dalkarlshyttes\u00e5ten, flocken f\u00f6rsvann d\u00e4r- efter. SVVO omsatte 61 800 kr. Vildsvinen ser ut att stadigvarande finnas i omr\u00e5det men ingen kull har rapporterats f\u00f6dd.<\/p>\n","protected":false},"excerpt":{"rendered":"<p>Sammanst\u00e4llning av n\u00e5gra h\u00e4ndelser under Stigv\u00e4gens f\u00f6rsta 50 \u00e5r 1960 Avgiften till Jaktv\u00e5rdsf\u00f6rbundet var 6.50 samt 3 kr f\u00f6r varje fullt tio-tal medlemmar. Avgift till mark\u00e4garna var 20 \u00f6re\/ha. Jaktkortsavgiften h\u00f6jdes fr\u00e5n 15 kr till 20 kr. Kassan 117:85 1961 Jaktkorten delades f\u00f6r \u00e4lg och sm\u00e5vilt, 10 kr f\u00f6r varje, utomst\u00e5ende betalar 20 kr f\u00f6r [&hellip;]<\/p>\n","protected":false},"author":78,"featured_media":0,"parent":186,"menu_order":0,"comment_status":"open","ping_status":"open","template":"","meta":{"footnotes":""},"class_list":["post-3445","page","type-page","status-publish","hentry"],"_links":{"self":[{"href":"https:\/\/krets.jagareforbundet.se\/folkarna\/wp-json\/wp\/v2\/pages\/3445","targetHints":{"allow":["GET"]}}],"collection":[{"href":"https:\/\/krets.jagareforbundet.se\/folkarna\/wp-json\/wp\/v2\/pages"}],"about":[{"href":"https:\/\/krets.jagareforbundet.se\/folkarna\/wp-json\/wp\/v2\/types\/page"}],"author":[{"embeddable":true,"href":"https:\/\/krets.jagareforbundet.se\/folkarna\/wp-json\/wp\/v2\/users\/78"}],"replies":[{"embeddable":true,"href":"https:\/\/krets.jagareforbundet.se\/folkarna\/wp-json\/wp\/v2\/comments?post=3445"}],"version-history":[{"count":0,"href":"https:\/\/krets.jagareforbundet.se\/folkarna\/wp-json\/wp\/v2\/pages\/3445\/revisions"}],"up":[{"embeddable":true,"href":"https:\/\/krets.jagareforbundet.se\/folkarna\/wp-json\/wp\/v2\/pages\/186"}],"wp:attachment":[{"href":"https:\/\/krets.jagareforbundet.se\/folkarna\/wp-json\/wp\/v2\/media?parent=3445"}],"curies":[{"name":"wp","href":"https:\/\/api.w.org\/{rel}","templated":true}]}}