{"id":3451,"date":"2013-05-29T13:55:06","date_gmt":"2013-05-29T11:55:06","guid":{"rendered":"https:\/\/krets.jagareforbundet.se\/folkarna\/?page_id=3451"},"modified":"2018-03-14T22:48:51","modified_gmt":"2018-03-14T21:48:51","slug":"stigvagen-lamningar","status":"publish","type":"page","link":"https:\/\/krets.jagareforbundet.se\/folkarna\/sigvagens-viltvardsomrade\/inloggningssida-for-svvo\/stigvagen-lamningar\/","title":{"rendered":"Stigv\u00e4gen l\u00e4mningar"},"content":{"rendered":"<p><a href=\"https:\/\/krets.jagareforbundet.se\/folkarna\/files\/2013\/05\/DSCF1063.jpg\"><img loading=\"lazy\" decoding=\"async\" class=\"aligncenter wp-image-4637\" src=\"https:\/\/krets.jagareforbundet.se\/folkarna\/files\/2013\/05\/DSCF1063.jpg\" alt=\"DSCF1063\" width=\"810\" height=\"607\" srcset=\"https:\/\/krets.jagareforbundet.se\/folkarna\/files\/2013\/05\/DSCF1063.jpg 2048w, https:\/\/krets.jagareforbundet.se\/folkarna\/files\/2013\/05\/DSCF1063-300x225.jpg 300w, https:\/\/krets.jagareforbundet.se\/folkarna\/files\/2013\/05\/DSCF1063-1024x768.jpg 1024w\" sizes=\"auto, (max-width: 810px) 100vw, 810px\" \/><\/a><\/p>\n<p>Svarta Havet Foto \u00c5ke Berglund 2014 \u00a0 \u00a0 \u00a0 \u00a0 \u00a0 \u00a0De siffror som finns efter lokalens namn \u00e4r koordinater<\/p>\n<p><strong>S\u00e4vviken Tegelbruk<\/strong> 60.2084-16.2985.<\/p>\n<p>1-5 Tegelbruk inom ett ca 90&#215;20-70 m st omr\u00e5de (\u00d6-V), best\u00e5ende av tre industrigrunder och ett omr\u00e5de med tegelugnar och restprodukter samt ett omr\u00e5de f\u00f6r lert\u00e4kt.1) Industrigrund, 20&#215;7 m (N\u00d6-SV), och 0.3 m h. Synliga \u00e4r glesa grundstenar 0.4-0.8 m st.8 m SS\u00d6 om nr 1 \u00e4r:2) Industrigrund, 12&#215;8 m st (NNV-SS\u00d6) och 0.1 m h, delvis \u00f6vertorvad med i ytan synliga grundstenar (enstaka med borrh\u00e5l). Tegel f\u00f6rekommer spritt inom grunden.2 m V om nr 2 \u00e4r:3) Industrigrund, 10&#215;11 m st och 0.3 m h, \u00f6vertorvade kantvallar. Fr\u00e5n N kantens mitt g\u00e5r en vall in i grunden 6&#215;1.5 m och 0.2 m h, \u00f6vertorvad. Inom grunden och i vallarna \u00e4r rikligt medtegel och br\u00e4nd slaggsten synlig. Invid och N\u00d6-SV om nr 1-3 \u00e4r:4) Omr\u00e5de, 90&#215;15-70 m st (\u00d6-V) med spridda grundstenar, st\u00e4llvis i t\u00e4ta rader, \u00f6vertorvade h\u00f6gar av tegel och slaggsten. Troligen l\u00e4mningar efter tegelugnar samt restprodukter.NV om nr 4 \u00e4r:5) Omr\u00e5de f\u00f6r lert\u00e4kt. Tegelbruket var i g\u00e5ng endast mellan \u00e5ren 1892-98. Det ersattes d\u00e4refter med ett tunnbinderi, (knutet till tj\u00e4rproduktion Se RA\u00c4-nr 297). Teglet transporterades via hamnen (Se RA\u00c4-nr295) till Garpenberg AB.<\/p>\n<p>&nbsp;<\/p>\n<p><a href=\"https:\/\/krets.jagareforbundet.se\/folkarna\/files\/2018\/03\/fors-1890-1900.jpg\"><img loading=\"lazy\" decoding=\"async\" class=\"aligncenter  wp-image-6452\" src=\"https:\/\/krets.jagareforbundet.se\/folkarna\/files\/2018\/03\/fors-1890-1900.jpg\" alt=\"\" width=\"871\" height=\"632\" srcset=\"https:\/\/krets.jagareforbundet.se\/folkarna\/files\/2018\/03\/fors-1890-1900.jpg 750w, https:\/\/krets.jagareforbundet.se\/folkarna\/files\/2018\/03\/fors-1890-1900-300x218.jpg 300w\" sizes=\"auto, (max-width: 871px) 100vw, 871px\" \/><\/a><\/p>\n<p style=\"text-align: center\">Bilden \u00e4r tagen 1890-1900 fr\u00e5n Hagbov\u00e4gen ner mot S\u00e4vviken och man ser \u00e4ven \u00c5sgarn, Kolarbo, Bondarvet.<\/p>\n<p><strong>S\u00e4vviken S\u00e5g<\/strong> \u00a060,2086 &#8211; 16,3011<\/p>\n<p>S\u00e5gl\u00e4mning + hamnanl\u00e4ggning inom ett 110&#215;10 m st omr\u00e5de (NNV-SS\u00d6), best\u00e5ende av 1 s\u00e5ggrund, hamn, kanal och t\u00e4ktgrop (?).1) S\u00e5ggrund, fragmentarisk, synliga \u00e4r grundstenar i N h\u00f6rnet 3 ml (\u00d6-V) och 0.3 m h.15 m 370 gon om nr 1 \u00e4r:2) Hamn, 7&#215;3 m (NNV-SS\u00d6) och 0.2-0.4 m dj. I S kanten stenskodd med cement inslag. I N kanten \u00f6verg\u00e5ende i nr 3:Omedelbart invid och 370 gon om nr 2 \u00e4r:3) Kanal, 80&#215;5 m (370-170 gon), vattenfylld. \u00d6N\u00d6 och VSV kanterna skodda med tr\u00e4p\u00e5lar,1.2 m mellanrum. St\u00e4llvis \u00e4r br\u00e4dfodring mellan p\u00e5larna synlig. Mynnar i NNV i naturlig sj\u00f6vik.2 m SV om nr 2 \u00e4r:4) T\u00e4ktgrop (?), 15&#215;3 m, vattenfylld. I \u00d6N\u00d6 kanten \u00f6ppen mot nr 3ca 5 m (NNV-SS\u00d6).1.5 m V om den \u00e4r ytterligare en t\u00e4ktgrop (?), 4&#215;3 m st , vattenfylld. Hela omr\u00e5det \u00e4r bev\u00e4xt med l\u00f6vsly. Hamnanl\u00e4ggningen var \u00f6ppen f\u00f6r pr\u00e5mfart 1898-1904, \u00f6ver \u00c5sgarn. Den f\u00f6rband Fors industrier med Garpenberg vilka d\u00e5 hade samma \u00e4gare, Cornelius, Garpenbergs AB. \u00c5ngs\u00e5gen var verksam 1891-1909 och fick sitt timmer fr\u00e5n pr\u00e5mfarten.<\/p>\n<p><strong>Dalkarlshyttan Hyttomr\u00e5de<\/strong> 60,2248 &#8211; 16,2153<\/p>\n<p>Hyttomr\u00e5de, 70&#215;60 m (N-S), best\u00e5ende av 1 hyttruin, 4 slaggvarp separatbeskrivna, 1 rostgrop och 1 f\u00e4rskningsh\u00e4rd (?).Hyttruin, i form av en kulle 8 m diam. och 1 m h. \u00d6vertorvad med i ytan talrika stenar,0.2-0.4 m st. I mitten syns rester efter hyttpipan i form av br\u00e4nda slaggstenar med p\u00e5sintrad slagg fr\u00e5n pipans inre bekl\u00e4dnad. I \u00d6 kanten \u00e4r ett urtag i backsluttningen, ca 3&#215;1.5 m st och 0.7 m dj. Sannolikt platsen f\u00f6r formbr\u00f6stet. L\u00e4ngs b\u00e4cken, S om ugnen \u00e4r i kanten enstaka 0.3-0.6 m st gr\u00e5stenar som kan vara rest av hjulgravar.4 m \u00d6N\u00d6 om hyttruinen \u00e4r: Slaggvarp, ca 12&#215;7 m st (\u00d6N\u00d6-VSV). \u00d6vertorvad med talrika slaggstycken i ytan. Slaggen \u00e4r gr\u00e5svart till gr\u00e5gr\u00f6n, bl\u00e5sig, tr\u00f6gfluten och relativt tung. Masugnsslagg. Bev\u00e4xt med n\u00e5gra sm\u00e5granar och l\u00f6vbuskar.7 m VSV om hyttruinen \u00e4r: Slaggvarp, ca 17&#215;7-14 m st (\u00d6-V) och 0.8 m h. \u00d6vertorvat med i ytan talrika slaggstycken &#8211; masugnsslagg. Utgr\u00e4vt i mitten och mest markerat mot b\u00e4cken. Bev\u00e4xt med granar och buskar.3 m \u00d6N\u00d6 om ovanst\u00e5ende \u00e4r: Rostgrop, urgr\u00e4vd i backsluttningen 3&#215;1.5-2 m st (NNV-SS\u00d6) och intill 0.8 m dj. \u00d6ppen mot SS\u00d6. I kanterna enstaka 0.3-0.5 m st stenar. Vid provstick i gropen framkom kol och sot.9 m 170 gon om hyttruinen \u00e4r: Slaggvarp, 6-7x ca 4 m (VSV-\u00d6N\u00d6) och intill 1 m h. Best\u00e5ende av masugnsslagg, brun, brungr\u00e5, gr\u00e5 med inslag av glasig bl\u00e5 och gr\u00f6n slagg. Bev\u00e4xt med ett flertalgranar.7 m SV om ovanst\u00e5ende \u00e4r: Slaggvarp, ca 20&#215;13 m (60-260 gon) och intill 0.6 m h. I \u00d6 delen \u00e4r masugnsslagg, brun, brungr\u00e5, gr\u00e5 med inslag av glasig bl\u00e5 och gr\u00f6n slagg. I V delen \u00e4r f\u00e4rskningsslagg i bruna stycken intill 0.05 m st. Varpet \u00e4r i V ocks\u00e5 uppblandat med sot och jord. Bev\u00e4xt med talrika granar, bj\u00f6rk och r\u00f6nnbuskar. I SS\u00d6 kanten av ovanst\u00e5ende \u00e4r: F\u00e4rskningsh\u00e4rd, (?) oregelbunden n\u00e4rmast oval ca 4&#215;3 m (\u00d6-V) och intill 0.5 m h. \u00d6vertorvad med i ytan talrika skarpkantade 0.3-0.5 m st stenar. IV kanten ligger ett par i rad 0.15 m h och 0.7 m l. Bev\u00e4xt med 1 bj\u00f6rk, r\u00f6nnar och ett 5-tal granar. N om masugnen \u00e4r sannolikt hyttbacken. Vid provstick framkommer kol. Backen \u00e4r dock sv\u00e5r att avgr\u00e4nsa d\u00e5 ett flertal kolbottnar ligger i omr\u00e5det. I h\u00e4ndelse av exploatering b\u00f6r ett st\u00f6rre omr\u00e5de mot N provunders\u00f6kas.<\/p>\n<p><strong>V\u00e4stanberg Hyttomr\u00e5de<\/strong> 60,2293 &#8211; 16,2427<\/p>\n<p>Hyttomr\u00e5de, 140&#215;125 m (N\u00d6-SV) best\u00e5ende av 1 hyttruin, 3 slaggvarp och 1 hyttbacke. Hyttruinen(?), i form av en oregelbunden kulle, 9&#215;6 m st (N-S), anslutande till ravinkant i S och 1-2 m h. \u00d6vertorvad. I \u00d6 sluttningen syns talrika br\u00e4nda sandstenar, varav en del med p\u00e5 sintrad slagg fr\u00e5n pipans innerbekl\u00e4dnad. I NNV delen \u00e4r i sen tid kallmurat ett rektangul\u00e4rt k\u00e4llarliknande rum. Sannolikt r\u00f6kugn, 2&#215;1.5 m st (NV-S\u00d6) och 1.2 m h, d\u00e4r \u00e4ven sandsten och slagg ing\u00e5r. Vid revideringen 1990 nedrasad och endast synlig som grop. Bev\u00e4xt med l\u00f6vbuskar. Delvis bortgr\u00e4vd. Intill och \u00d6N\u00d6 om ovanst\u00e5ende \u00e4r: Slaggvarp, ca 60&#215;40 m st (\u00d6N\u00d6-VSV) och intill 2-3 m h. Urgr\u00e4vd fr\u00e5n \u00d6 och N. Glest buskbev\u00e4xt.VSV om hyttruinen (?) \u00e4r: Slaggvarp, ca 30&#215;15 m st (N\u00d6-SV) och intill 2 m h. Delvis \u00f6vertorvat. Urgr\u00e4vt fr\u00e5n \u00d6. Bev\u00e4xt med granar och l\u00f6vsly. Intill och N om b\u00e4ck \u00e4r: Slaggvarp, ca 70&#215;35 m st (\u00d6N\u00d6-VSV) och 0.5 m h. Masugnsslagg i intill 0.3 m st stycken samt enstaka st\u00e4llsten. I varpets N\u00d6 del, ca 3 m N om b\u00e4cken \u00e4r en ostgrop \/ k\u00e4llargrund (?), ca 6&#215;4 m st och intill 0.7 m dj (N\u00d6-SV) \u00f6ppen mot N\u00d6. I S\u00d6 rest av en kallmur (?) i tv\u00e5 skift av gr\u00e5sten. Ligger i varpet. Varpet \u00e4r kraftigturschaktat och \u00f6ver detsamma g\u00e5r en v\u00e4g. S om v\u00e4gen \u00e4r schaktmassor delvis dumpade. Bev\u00e4xt med granar och bj\u00f6rk samt S om v\u00e4gen av kraftig l\u00f6vsly. Intill och S om hyttruinen (?) \u00e4r: Hyttbacke, ca 80 m diam, best\u00e5ende av ett kraftigt kollager, med enstaka inslag av malm. Vid provstick intill 0.6 m tj. Begr\u00e4nsningen \u00e5t S sv\u00e5r att exakt ange p g a vegetation. Samtliga varp best\u00e5r av bl\u00e5 eller gr\u00f6n fluten samt gr\u00e5 por\u00f6s masugnsslagg. B\u00e4cken har troligen sedan gammalt kallmurade kanter omedelbart nedstr\u00f6ms bron, d\u00e4r en sentida f\u00f6rd\u00e4mning finns. I SV delen av omr\u00e5det, delvis p\u00e5 och i kanten av det minsta slaggvarpet \u00e4r en badplats anlagd. \u00c4ldsta bel\u00e4gg 1572.<\/p>\n<p><strong>V\u00e4stansj\u00f6 Hammaromr\u00e5de<\/strong> \u00a060,2341 &#8211; 16,2486<\/p>\n<p>1) Kvarnl\u00e4mning och hammaromr\u00e5de, inom ett ca 80&#215;10-20 m st omr\u00e5de (N-S), best\u00e5ende av kvarnl\u00e4mning, kvarngrund, vattenr\u00e4nna , slaggvarp och hammaromr\u00e5de.1) Kvarnl\u00e4mning, 6&#215;2-3 m (\u00d6-V) och 1.5-2 m h. Kallmurad av huggengr\u00e5sten. En \u00f6ppning 2.5 m br bildar ett fall. Invid och N om ovanst\u00e5ende i \u00d6 \u00e4r: Kvarngrund, 6&#215;6 m (N-S) och 0.5-0.7 m h. I V bildas en hjulgrav. Den \u00e4r kallmurad av gr\u00e5sten. N om grunden \u00e4r b\u00e4ckf\u00e5ran stenskodd 3 m p\u00e5 \u00d6 sidan. Invid och N om dammvallen i V \u00e4r: Vattenr\u00e4nna, gr\u00e4vd 15&#215;1.5 m (N-S) och 0.3 m dj.10 m S om och ca 10 m N om dammvallen och kvarngrunden samt inlagrat i \u00e4r:2) Hammaromr\u00e5de, ca 50&#215;10-15 m och 0.2-0.3 m dj i b\u00e4ckens \u00d6 ravinkant. Nedra- sat i b\u00e4ck. F\u00f6rekomsten \u00e4r oj\u00e4mn. Slaggstyckena \u00e4r 0.05-0.2 m st, brunsvart (fluten), bl\u00e5sig hammarslagg. Varpets N\u00d6 del \u00e4r kraftigt sotf\u00e4rgade. Ca 20 m N om ovanst\u00e5ende \u00e4r: Hjulgrav, 5&#215;1 m (N-S) och intill 1.3 m h. Den \u00e4r kallmurad av huggen gr\u00e5sten, p\u00e5 \u00f6mse sidor av b\u00e4cken. I \u00d6 uppdelat p\u00e5 tv\u00e5 fundament. Spridda slaggstycken f\u00f6rekommer i b\u00e4ckf\u00e5ran intill ca 70 m N om omr\u00e5det. Omr\u00e5det \u00e4r kraftigt bev\u00e4xt med sly, n\u00e4sslor och hallonbuskar.<\/p>\n<p><strong>V\u00e4stansj\u00f6 Hammaromr\u00e5de<\/strong> 60,2355 &#8211; 16,2488<\/p>\n<p>Hammaromr\u00e5de, ca 60&#215;30 m (NNV-SS\u00d6), best\u00e5ende av 2 slaggvarp, separat beskrivna.\u00d6 om b\u00e4cken \u00e4r: Slaggvarp, ca 20&#215;10 m st (NV-S\u00d6) och intill 0.5 m h, best\u00e5ende av 0.05-0.1 m st stycken av hammarslagg. I S delen bildar varpet en ca 3 m br vall.10 m NNV om ovanst\u00e5ende \u00e4r: Slaggvarp. V om b\u00e4cken \u00e4r ca 2 st varp som \u00e4r 2 m st och 0.3 m h. Slagg har rasat ned i b\u00e4cken. Varpet best\u00e5r av 0.05-0.1 m st stycken av hammarslagg. Ett ca 10&#215;10 m st omr\u00e5de n\u00e4rmast N om det st\u00f6rsta slaggvarpet och \u00d6 om b\u00e4ck f\u00f6refaller n\u00e4rmast urgr\u00e4vt och avplanat kan vara platsen \u00f6fr hammaren. Hela omr\u00e5det \u00e4r igenslyat och d\u00e4rf\u00f6r sv\u00e5rbesiktigat.<\/p>\n<p><strong>V\u00e4stansj\u00f6 F\u00e5ngstgrop<\/strong> 60,2358 &#8211; 16,2495<\/p>\n<p>Vargrop, uppgift om. Ca 2&#215;2 m st och ca 2 m dj. Stenskodd med raka kanter. P\u00e5 platsen \u00e4r en grop, dock om\u00f6jligt att besiktiga p g a den \u00e4r fylld med ris. M\u00e5tten \u00e4r enligt uppgift fr\u00e5n Johansson, V\u00e4stansj\u00f6. Gropen dokumenterades och omskrevs i Avesta Tidning av Sven Ljungqrants p\u00e5 mitten av 1980-talet.<\/p>\n<p><strong>V\u00e4stansj\u00f6 Hammaromr\u00e5de<\/strong> 60,2396 &#8211; 16,2525<\/p>\n<p>2) Hammaromr\u00e5de, inom ett ca 70&#215;35 m st omr\u00e5de (N\u00d6-SV), best\u00e5ende av:1 dammvall, 1 slaggvarp, 1 slaggf\u00f6rekomst samt uppgift om kolhustomt\/smedjebacke. 1) Dammvall, NV om b\u00e4cken stenskodd 1 m h och 2 m br med i b\u00e4ckenbotten tv\u00e5parallellt liggande rester av tr\u00e4dammluckor, 1.5 m mellanrum. S\u00d6 delen \u00e4r f\u00f6rst\u00f6rd av nuvarande kvarn. Invid och N\u00d6 om ovanst\u00e5ende \u00e4r: Slaggvarp, ca 3 m diam och intill 1 m h, nedrasat \u00e5t SS\u00d6 i b\u00e4cken. Varpen \u00e4r kraftigt sotf\u00e4rgad och best\u00e5r av mindre slaggstycken 0.05-0.1 m st, brun-brunsvart fluten eller bl\u00e5sig sannolikt hammarslagg. S\u00d6 om b\u00e4ckf\u00e5ran samt nedrasat i \u00e4r: Slaggf\u00f6rekomst, ca 50&#215;13 m st (N\u00d6-SV) och 0.2-0.5 m tj. Huvudsakligen \u00f6verlagrat av dumpmassor fr\u00e5n nuvarande kvarn. S om slaggf\u00f6rekomsten \u00e4r: Kolhusomr\u00e5de\/smedjebacke, uppgift om. Enligt uppgift \u00e4r jorden i industritomten kraftigt sotf\u00e4rgad och inneh\u00e5ller enstaka slaggstycken. Under den S byggnaden skall ett kolhus ha st\u00e5tt enligt \u00e4ldre kartor. Mellan byggnaderna \u00e4r asfalterad och det g\u00e5r ej att bed\u00f6ma uppgifternas giltighet och om l\u00e4mningar kan finnas kvar. Invid och N\u00d6 om slaggf\u00f6rekomsten \u00e4r b\u00e4ckf\u00e5ran omgr\u00e4vd, flyttad \u00e5t NV. Kvarnen byggd 1929.<\/p>\n<p><strong>\u00c5sgarn Hyttomr\u00e5de<\/strong> 60,2426 &#8211; 16,2495<\/p>\n<p>Hyttomr\u00e5de, 90-170&#215;60-90 m st (\u00d6-V), best\u00e5ende av 1 hyttruin, 3 slaggvarp och 1hyttbacke.Hyttruin, i form av en kulle n\u00e4rmast kvadratisk, 8&#215;8 m (160-360 gon) och intill 2.5-3m h. St\u00e4llvis bevarad kallmur intill 1.5 m h av huggen gr\u00e5sten. I mitten \u00e4r hyttpipan synlig 1.8 m diam med intill 1.2 m synlig h\u00f6jd. Den \u00e4r murad av slaggsten och st\u00e4llvis0.3-0.4 m tj med p\u00e5 sintrade slagg inuti. Mot N och \u00d6 kan i grunden anas tv\u00e5 igenrasade br\u00f6st. Mot N sannolikt utslagsbr\u00f6stet d\u00e4r en ca 6&#215;4 m (\u00d6-V) utschaktning i backsluttningen finns. Den \u00e4r \u00f6ppen mot \u00d6 och i V och N intill 2 mh, med sp\u00e5r av kallmur i huggen gr\u00e5sten. Formbr\u00f6stet har sannolikt varit i \u00d6 d\u00e4r ett utsparat parti, ca4 m br, syns mot det minsta varpet. Bev\u00e4xt med l\u00f6vtr\u00e4d och l\u00f6vbuskar.4 m \u00d6 om ovanst\u00e5ende \u00e4r: Slaggvarp, 24&#215;8 m st (\u00d6-V) synligt intill 0.5 m h. Varpet \u00e4r utrasad \u00e5t S ner i b\u00e4ckravin. Best\u00e5r av masugnsslagg.12 m V om hyttruinen \u00e4r: Slaggvarp, N sidan av b\u00e4ckf\u00e5ra, 100&#215;15-20 m st, synligt st\u00e4llvis intill 0.7 m h. Utrasad \u00e5t S i b\u00e4ckravin och i N delarna delvis \u00f6verlagrad av gr\u00e4smatta. Best\u00e5r av masugnsslagg.15 m SSV om hyttruinen \u00e4r: Slaggvarp, S sidan av b\u00e4ckf\u00e5ra, 120&#215;15-20 m st (\u00d6-V) synligt st\u00e4llvis intill 0.7 m h. I S delarna \u00f6verkorsad av bilv\u00e4g (\u00d6-V). Best\u00e5r av masugnsslagg. Ca 8 m V &#8211; N &#8211; \u00d6 om hyttruin \u00e4r: Hyttbacke, 90&#215;70 m st (\u00d6-V), best\u00e5ende av kol och sot i intill 0.5m tj lager synliga i v\u00e4gsk\u00e4rning, \u00e5kerkant och genom sondning. Hyttbacken \u00e4r avskuren i N av landsv\u00e4g. S om b\u00e4cken i hustomt \u00e4r enligt 1963 \u00e5rs inventering och mark\u00e4garen ett slaggvarp. Detta var vid besiktningen 1990 endast synligt i b\u00e4ckravinen. I \u00f6vrigt var p\u00e5 f\u00f6rda jordmassor f\u00f6r att plana ut f\u00f6r tomt och tillbyggnad. En v\u00e4g, 4-5 m br g\u00e5r fr\u00e5n hyttan och N\u00d6 upp mot hyttbacken. Den f\u00f6refaller ha varit kallmurad mot N och hyttbacken, dvs i f\u00f6rl\u00e4ngningen av utschaktningen vid utslagsbr\u00f6st.N om utschaktningen vid utslagsbr\u00f6stet \u00e4r 1 vall 10&#215;2 m st (70-270 gon) och 0.7 m h. I \u00d6N\u00d6 och VSV kanterna rester av kallmurade grunder ca 4&#215;4 m st, best\u00e5ende avhuggna gr\u00e5stensblock, 0.2-0.7 m st. I ytan rikligt med sot och enstaka slaggbitar. Eventuellt rest av hyttpiperamp. Enstaka malmstycken, intill 0.2 mst, f\u00f6rekom S om bygdeg\u00e5rden. Begr\u00e4nsningen av hyttbacken och det st\u00f6rsta slaggvarpen var os\u00e4kra p g a st\u00f6rningar. Sv\u00e5rast \u00e5t N och vid bebyggelsen N om bygdeg\u00e5rden. Hyttomr\u00e5det \u00e4r st\u00f6rst av \u00e4ldre j\u00e4rnv\u00e4gsbank (NNV-SS\u00d6) samt tre v\u00e4gar (\u00d6-V) och bebyggelse. \u00c4ldsta bel\u00e4gg 1572 enligt uppgift i P.Sk\u00e5lberg 1988. Hyttan var i drift t o m 1867. Kartbelagt. (R) inskrivet och digitaliserat som R, ADB-projektet, november 1995 . \/\/\/ Omr\u00e5det Som stora v\u00e4gen redovisas med R p\u00e5 fastighetskartan och omr\u00e5det N om v\u00e4gen med (R). \/ 041021\/Gbg TA.<\/p>\n<p><strong>F\u00e4myrsbacken Torpl\u00e4mning<\/strong> 60,2149 &#8211; 16,2528<\/p>\n<p>Torpl\u00e4mning, best\u00e5ende av 1 husgrund med spismursr\u00f6se, delvis av slaggsten. Kraftigt \u00f6vertorvad. Namn l\u00e4mnat av G\u00f6sta Flodstr\u00f6m.<\/p>\n<p><strong>Bj\u00f6rkmossen V\u00e4gh\u00e5llarsten<\/strong> 60,2187 &#8211; 16,2582<\/p>\n<p>V\u00e4gh\u00e5llningssten, 0.6 m h, 0.2 m br och 0.15 m tj. Avsmalnande \u00f6verstycke. P\u00e5 S\u00d6 sidan och mot v\u00e4gen v\u00e4nda sidan \u00e4r inskriptionen: 80\/ E A S\/ 1849. Under texten \u00e4r en v\u00e5gr\u00e4t liggande pil. Stenen \u00e4r renoverad och uppst\u00e4lld f\u00f6r ca 10 \u00e5r sedan, dock ungef\u00e4r p\u00e5 ursprunglig plats. Skiss i inventeringshandlingarna.<\/p>\n<p><strong>Galonsberget <\/strong>(Jordkuleberget)<strong>Gruvomr\u00e5de<\/strong> 60,2140 &#8211; 16,2678<\/p>\n<p>Gruvomr\u00e5de, best\u00e5ende av 1 gruvh\u00e5l och 2 skrotstensvarp. Gruvh\u00e5l, 3.5 m br (N\u00d6-SV), 1.5 m br och 0.5-0.7 m dj. Botten \u00e4r \u00f6vertorvad. NV d\u00e4rom \u00e4r skrotstensvarp, 2 m diam och 0.3 m h.\u00d6 d\u00e4rom \u00e4r skrotstensvarp, 5 m st och 0.3 m h. Inga synliga borrh\u00e5l. Delvis sl\u00e4ta v\u00e4ggar, tillmakat.?<\/p>\n<p><strong>Galonsberget Sk\u00e4rpning<\/strong> 60,2127 &#8211; 16,2692<\/p>\n<p>Sk\u00e4rpning, 2&#215;2 m st, intill 1.6 m dj, botten \u00f6vermossad. NV-V om \u00e4r 1 skrotstensvarp 4&#215;1.5 m st och 0.4 m h.<\/p>\n<p><strong>Ej upptecknat\u00a0<\/strong><\/p>\n<p>Slaggstensmur och gropar mellan Granliden och H\u00f6gberget<\/p>\n","protected":false},"excerpt":{"rendered":"<p>Svarta Havet Foto \u00c5ke Berglund 2014 \u00a0 \u00a0 \u00a0 \u00a0 \u00a0 \u00a0De siffror som finns efter lokalens namn \u00e4r koordinater S\u00e4vviken Tegelbruk 60.2084-16.2985. 1-5 Tegelbruk inom ett ca 90&#215;20-70 m st omr\u00e5de (\u00d6-V), best\u00e5ende av tre industrigrunder och ett omr\u00e5de med tegelugnar och restprodukter samt ett omr\u00e5de f\u00f6r lert\u00e4kt.1) Industrigrund, 20&#215;7 m (N\u00d6-SV), och 0.3 [&hellip;]<\/p>\n","protected":false},"author":78,"featured_media":0,"parent":186,"menu_order":0,"comment_status":"open","ping_status":"open","template":"","meta":{"footnotes":""},"class_list":["post-3451","page","type-page","status-publish","hentry"],"_links":{"self":[{"href":"https:\/\/krets.jagareforbundet.se\/folkarna\/wp-json\/wp\/v2\/pages\/3451","targetHints":{"allow":["GET"]}}],"collection":[{"href":"https:\/\/krets.jagareforbundet.se\/folkarna\/wp-json\/wp\/v2\/pages"}],"about":[{"href":"https:\/\/krets.jagareforbundet.se\/folkarna\/wp-json\/wp\/v2\/types\/page"}],"author":[{"embeddable":true,"href":"https:\/\/krets.jagareforbundet.se\/folkarna\/wp-json\/wp\/v2\/users\/78"}],"replies":[{"embeddable":true,"href":"https:\/\/krets.jagareforbundet.se\/folkarna\/wp-json\/wp\/v2\/comments?post=3451"}],"version-history":[{"count":1,"href":"https:\/\/krets.jagareforbundet.se\/folkarna\/wp-json\/wp\/v2\/pages\/3451\/revisions"}],"predecessor-version":[{"id":6453,"href":"https:\/\/krets.jagareforbundet.se\/folkarna\/wp-json\/wp\/v2\/pages\/3451\/revisions\/6453"}],"up":[{"embeddable":true,"href":"https:\/\/krets.jagareforbundet.se\/folkarna\/wp-json\/wp\/v2\/pages\/186"}],"wp:attachment":[{"href":"https:\/\/krets.jagareforbundet.se\/folkarna\/wp-json\/wp\/v2\/media?parent=3451"}],"curies":[{"name":"wp","href":"https:\/\/api.w.org\/{rel}","templated":true}]}}