{"id":4138,"date":"2013-10-14T21:04:49","date_gmt":"2013-10-14T19:04:49","guid":{"rendered":"https:\/\/krets.jagareforbundet.se\/folkarna\/?page_id=4138"},"modified":"2018-09-18T16:21:34","modified_gmt":"2018-09-18T14:21:34","slug":"sparning-rovdjur","status":"publish","type":"page","link":"https:\/\/krets.jagareforbundet.se\/folkarna\/sparning-rovdjur\/","title":{"rendered":"Sp\u00e5rning Rovdjur"},"content":{"rendered":"<h2>Grundregler vid sp\u00e5rning<\/h2>\n<p>\u25aa Visa h\u00e4nsyn n\u00e4r du r\u00f6r dig i naturen. F\u00e4rska sp\u00e5r ska alltid baksp\u00e5ras, dvs sp\u00e5ras \u00e5t det h\u00e5ll djuret kom ifr\u00e5n.<\/p>\n<p>\u25aa Undvik att f\u00f6rst\u00f6ra sp\u00e5rtecken (trampa inte i sp\u00e5ret).<\/p>\n<p>\u25aa Anv\u00e4nd anteckningsblocket \u2013 hellre f\u00f6r mycket \u00e4n f\u00f6r lite.<\/p>\n<p>\u25aa Ta med kameran och anv\u00e4nd den flitigt.<\/p>\n<h2>\u00a0Dokumentation<\/h2>\n<p>De stora rovdjuren \u00e4r relativt f\u00e5, men kontroversiella. Detta st\u00e4ller stora krav p\u00e5 p\u00e5litlighet hos observationer och observat\u00f6rer.<\/p>\n<p>Alla observationer \u00e4r viktiga f\u00f6r v\u00e5r kunskap om rovdjurens utbredning. Dokumentera d\u00e4rf\u00f6r s\u00e5 fullst\u00e4ndigt som m\u00f6jligt.\u2028\u2028Fotografera innan du r\u00f6rt dig f\u00f6r mycket runt sp\u00e5ret eller sp\u00e5rtecknet.<\/p>\n<p>Ta exempelvis tv\u00e5 bilder av sp\u00e5rst\u00e4mpel (fram- och bakfot), ett foto av sp\u00e5rgrupp och ett av sp\u00e5rl\u00f6pa.<\/p>\n<p>Bilder av sp\u00e5rl\u00f6por ska alltid tas i samma riktning som djuret har g\u00e5tt.<\/p>\n<p>Tassavtryck b\u00f6r fotograferas s\u00e5 rakt ovanifr\u00e5n som m\u00f6jligt och med n\u00e5gon slags referens (g\u00e4rna en linjal) i bilden.<\/p>\n<p>Spillningens storlek, form och inneh\u00e5ll kan vara till hj\u00e4lp vid artbest\u00e4mning. Spillning b\u00f6r l\u00e4ggas i en ask och d\u00e4refter frysas ned.<\/p>\n<p>H\u00e5rprover kan vara sv\u00e5ra att artbest\u00e4mma, men n\u00e4r det g\u00e4ller husdjur och fall d\u00e4r det \u00e4r tveksamt om ers\u00e4ttning ska utg\u00e5 b\u00f6r allt material samlas in. H\u00e5rprover f\u00f6rvaras l\u00e4mpligen i ett papperskuvert.<\/p>\n<p>&nbsp;<\/p>\n<h2>M\u00e4tning av sp\u00e5rst\u00e4mplar<\/h2>\n<p>\u25aa Kom ih\u00e5g att m\u00e4tning av sp\u00e5rst\u00e4mplar har ett begr\u00e4nsat v\u00e4rde. Felk\u00e4llorna \u00e4r m\u00e5nga!<\/p>\n<p>\u25aa L\u00e4ngdm\u00e5tt \u00e4r viktigast, men p\u00e5 bj\u00f6rnsp\u00e5r m\u00e4ts ofta<strong> \u00e4ven bredden<\/strong>. Hos de andra arterna varierar bredden kraftigt beroende av hur mycket djuret spretar med t\u00e5rna.<\/p>\n<p>\u25aa M\u00e4t \u00f6ver sj\u00e4lva dynorna. Kloavtrycken ska inte r\u00e4knas med i m\u00e5ttet. Man m\u00e5ste alltid veta om det \u00e4r sp\u00e5r fr\u00e5n en fram- eller bakfot man m\u00e4tt.<\/p>\n<p><em>1. Varg, hund, lodjur, r\u00e4v, hare:\u2028M\u00e4t fr\u00e5n den fr\u00e4msta t\u00e5dynans framkant till mellanfotsdynans bakkant.<\/em><\/p>\n<p><em>\u2028\u20282. J\u00e4rv, utter:\u2028M\u00e4t fr\u00e5n den fr\u00e4msta t\u00e5dynans framkant till h\u00e4ldynans bakkant (allts\u00e5 framfotsst\u00e4mplar).\u2028\u2028<\/em><\/p>\n<p><em>3. Bj\u00f6rn:\u2028M\u00e4t bakfotsst\u00e4mpeln enligt punkt 2. Det b\u00e4sta m\u00e5ttet f\u00f6r framfotsst\u00e4mpeln \u00e4r mellanfotsdynans bredd.<\/em><\/p>\n<p>&nbsp;<\/p>\n<h2>Att tolka sp\u00e5ren<\/h2>\n<p>Det kan vara sv\u00e5rt att best\u00e4mma vilken art som l\u00e4mnat sp\u00e5rst\u00e4mplar eller sp\u00e5rtecken eftersom djurens beteende varierar mellan b\u00e5de individer och yttre f\u00f6rh\u00e5llanden (t.ex. sn\u00f6f\u00f6rh\u00e5llanden). Sp\u00e5r och sp\u00e5rtecken \u00e4r utsatta f\u00f6r v\u00e4der och vind och kan p\u00e5 kort tid f\u00f6r\u00e4ndras eller f\u00f6rst\u00f6ras.\u2028\u2028Sp\u00e5r och sp\u00e5rtecken \u00e4r d\u00e4rf\u00f6r ofta sv\u00e5ra att tolka.<\/p>\n<p>Sp\u00e5ravtryck \u00e4r s\u00e4llan lika klara och entydiga i verkligheten som p\u00e5 bilder i sp\u00e5rb\u00f6cker. \u00c4ven om man kan f\u00e5 mycket information genom att f\u00f6lja en sp\u00e5rl\u00f6pa en l\u00e4ngre str\u00e4cka kan man aldrig gardera sig mot att enstaka individers beteende ibland avviker fr\u00e5n det normala.\u2028\u2028I tveksamma fall kan det l\u00f6na sig att h\u00e5lla alla d\u00f6rrar \u00f6ppna i v\u00e4ntan p\u00e5 mer tolkbara och typiska fall.<\/p>\n<p>Det \u00e4r alltid den som \u00e4r ute i f\u00e4lt som har st\u00f6rst m\u00f6jlighet att avg\u00f6ra vilken art som t.ex. rivit ett f\u00e5r. Foto tj\u00e4nar som dokumentation, men visar s\u00e4llan allt som finns att se i f\u00e4lt.<\/p>\n<p>Det viktigaste \u00e4r och f\u00f6rblir observat\u00f6rens egna erfarenheter. En sp\u00e5rare som beh\u00e4rskar sp\u00e5r och sp\u00e5rtecken efter ett vanligt rovdjur (t.ex. r\u00f6dr\u00e4v\/svartr\u00e4v) under skiftande f\u00f6rh\u00e5llanden har en utm\u00e4rkt utg\u00e5ngspunkt f\u00f6r att kunna tyda sp\u00e5r och sp\u00e5rtecken efter andra djur.<\/p>\n<p>Rovdjurens tassar \u00e4r olika till b\u00e5de form och storlek. De f\u00f6rflyttar sig p\u00e5 m\u00e5nga olika s\u00e4tt, men en del s\u00e4tt \u00e4r mer karakteristiska \u00e4n andra. D\u00e4rf\u00f6r \u00e4r det viktigt att l\u00e4ra sig de olika rovdjurens vanligaste g\u00e5ngarter.<\/p>\n<p>&nbsp;<\/p>\n<h2>Bra att t\u00e4nka p\u00e5<\/h2>\n<p>\u25aa Sp\u00e5r uppvisar en fantastiskt stor variation!.<\/p>\n<p>\u25aa Framtassarna \u00e4r st\u00f6rre \u00e4n baktassarna. Det g\u00e4ller \u00e4ven bj\u00f6rnen om hela fotens yta inklusive h\u00e4len r\u00e4knas.<\/p>\n<p>\u25aa T\u00e5rna p\u00e5 framtassarna kan spreta mer \u00e4n p\u00e5 baktassarna.<\/p>\n<p>\u25aa Det \u00e4r vanligt med ofullst\u00e4ndiga sp\u00e5rst\u00e4mplar, till exempel att inte alla t\u00e5r l\u00e4mnat avtryck och\/eller att klom\u00e4rken saknas.<\/p>\n<p>\u25aa \u00c4ven sp\u00e5r fr\u00e5n en och samma individ kan uppvisa stor variation i utseende beroende p\u00e5 om det \u00e4r fram- eller baktassar, vilken g\u00e5ngart djuret anv\u00e4nt, hur fort djuret r\u00f6rt sig, hur djupt tassarna sjunkit i sn\u00f6n och s\u00e5 vidare.<\/p>\n<p>\u25aa Sn\u00f6struktur och sn\u00f6f\u00f6rh\u00e5llanden varierar mycket. En kritisk v\u00e4rdering av hur mycket ett sp\u00e5r har sjunkit ned i sn\u00f6 kan ge v\u00e4rdefull information om vilken art som har l\u00e4mnat avtrycket. Man m\u00e5ste alltid ta h\u00e4nsyn till om sn\u00f6konsistensen kan ha f\u00f6r\u00e4ndrats sedan sp\u00e5ret l\u00e4mnats. Exempelvis f\u00e5r t\u00f6v\u00e4der ett sp\u00e5r att flyta ut och verka st\u00f6rre.<\/p>\n<p>\u25aa Vargar och stora hundar sjunker ned lika mycket i sn\u00f6n som en m\u00e4nniska.<\/p>\n<p>\u25aa Bj\u00f6rnen \u00e4r tung, men sjunker ned mindre \u00e4n varg.<\/p>\n<p>\u25aa Lodjur sjunker ned mer \u00e4n j\u00e4rv, men mindre \u00e4n varg.<\/p>\n<p>\u25aa \u2028J\u00e4rv sjunker ned lika mycket som en skid\u00e5kare.<\/p>\n<p>\u25aa R\u00e4v sjunker ned mindre \u00e4n en skid\u00e5kare.<\/p>\n<p>\u25aa Hare sjunker ned mindre \u00e4n r\u00e4v.<\/p>\n<p>&nbsp;<\/p>\n<h2>Om du ser rovdjur eller sp\u00e5r av rovdjur<\/h2>\n<p>Kontakta l\u00e4nsstyrelsens rovdjurshandl\u00e4ggare och inventeringsansvariga om du har sett n\u00e5got av de fem rovdjuren eller sp\u00e5r av dem. Det \u00e4r s\u00e4rskilt viktigt om du har sett honor med ungar.<\/p>\n<p>Ange vilken art det r\u00f6r sig om, antal djur, var du gjort observationen samt vilken dag och tid du gjorde den. Observera att det \u00e4r viktigt att rapporteringen sker s\u00e5 snabbt som m\u00f6jligt s\u00e5 att eventuella tveksamheter kan redas ut innan v\u00e4der och vind f\u00f6rst\u00f6rt sp\u00e5ren.<\/p>\n<p>Om sp\u00e5ren eller sp\u00e5rtecknen beh\u00f6ver unders\u00f6kas vidare kan l\u00e4nsstyrelsen skicka ut sp\u00e5rningspersonal. P\u00e5 <a title=\"Rovobs\" href=\"http:\/\/www.rovobs.se\/valj_lan.asp\" target=\"_blank\" rel=\"noopener noreferrer\">www.rovobs.se<\/a> kan du ocks\u00e5 rapportera dina rovdjursobservationer och se var rovdjur finns i ditt l\u00e4n.<\/p>\n<p style=\"text-align: center\"><a href=\"https:\/\/krets.jagareforbundet.se\/folkarna\/files\/2013\/10\/naturbevakare-w-lan-2017.jpg\" class=\"woo-sc-button  silver large\" ><span class=\"woo-\">LST W-l\u00e4n Naturbevakare<\/span><\/a><\/p>\n<p>Se \u00e4ven:<\/p>\n<p><a href=\"https:\/\/krets.jagareforbundet.se\/folkarna\/files\/2013\/10\/spar-stora-rovdjur.pdf\">Sp\u00e5rhandboken<\/a><\/p>\n<p><a title=\"Sp\u00e5r och sp\u00e5rtecken\" href=\"http:\/\/www.vargfakta.se\/vargfakta\/spar-och-spartecken\/\" target=\"_blank\" rel=\"noopener noreferrer\">Sp\u00e5r och sp\u00e5rtecken<\/a><\/p>\n<p><a title=\"DNA-information fr\u00e5n vargar\" href=\"http:\/\/www.vargfakta.se\/vargfakta\/dna-information-fran-vargar\/\" target=\"_blank\" rel=\"noopener noreferrer\">DNA-information fr\u00e5n vargar<\/a><\/p>\n<p><a title=\"S\u00e5 anv\u00e4nds varg-DNA i viltv\u00e5rden\" href=\"http:\/\/www.vargfakta.se\/nyheter\/sa-anvands-varg-dna-i-viltvarden\/\" target=\"_blank\" rel=\"noopener noreferrer\">S\u00e5 anv\u00e4nds varg-DNA i viltv\u00e5rden<\/a><\/p>\n<p><a title=\"DNA-analys p\u00e5 varg \u2013 process och teknik\" href=\"http:\/\/www.vargfakta.se\/basfakta\/dna-analys-pa-varg-%e2%80%93-process-och-teknik\/\" target=\"_blank\" rel=\"noopener noreferrer\">DNA-analys p\u00e5 varg \u2013 process och teknik<\/a><\/p>\n","protected":false},"excerpt":{"rendered":"<p>Grundregler vid sp\u00e5rning \u25aa Visa h\u00e4nsyn n\u00e4r du r\u00f6r dig i naturen. F\u00e4rska sp\u00e5r ska alltid baksp\u00e5ras, dvs sp\u00e5ras \u00e5t det h\u00e5ll djuret kom ifr\u00e5n. \u25aa Undvik att f\u00f6rst\u00f6ra sp\u00e5rtecken (trampa inte i sp\u00e5ret). \u25aa Anv\u00e4nd anteckningsblocket \u2013 hellre f\u00f6r mycket \u00e4n f\u00f6r lite. \u25aa Ta med kameran och anv\u00e4nd den flitigt. \u00a0Dokumentation De stora [&hellip;]<\/p>\n","protected":false},"author":78,"featured_media":0,"parent":0,"menu_order":2,"comment_status":"open","ping_status":"open","template":"","meta":{"footnotes":""},"class_list":["post-4138","page","type-page","status-publish","hentry"],"_links":{"self":[{"href":"https:\/\/krets.jagareforbundet.se\/folkarna\/wp-json\/wp\/v2\/pages\/4138","targetHints":{"allow":["GET"]}}],"collection":[{"href":"https:\/\/krets.jagareforbundet.se\/folkarna\/wp-json\/wp\/v2\/pages"}],"about":[{"href":"https:\/\/krets.jagareforbundet.se\/folkarna\/wp-json\/wp\/v2\/types\/page"}],"author":[{"embeddable":true,"href":"https:\/\/krets.jagareforbundet.se\/folkarna\/wp-json\/wp\/v2\/users\/78"}],"replies":[{"embeddable":true,"href":"https:\/\/krets.jagareforbundet.se\/folkarna\/wp-json\/wp\/v2\/comments?post=4138"}],"version-history":[{"count":1,"href":"https:\/\/krets.jagareforbundet.se\/folkarna\/wp-json\/wp\/v2\/pages\/4138\/revisions"}],"predecessor-version":[{"id":5656,"href":"https:\/\/krets.jagareforbundet.se\/folkarna\/wp-json\/wp\/v2\/pages\/4138\/revisions\/5656"}],"wp:attachment":[{"href":"https:\/\/krets.jagareforbundet.se\/folkarna\/wp-json\/wp\/v2\/media?parent=4138"}],"curies":[{"name":"wp","href":"https:\/\/api.w.org\/{rel}","templated":true}]}}