{"id":437,"date":"2013-03-13T22:09:11","date_gmt":"2013-03-13T21:09:11","guid":{"rendered":"https:\/\/krets.jagareforbundet.se\/folkarna\/?page_id=437"},"modified":"2013-07-18T17:00:36","modified_gmt":"2013-07-18T15:00:36","slug":"sakerhetssida-nvr","status":"publish","type":"page","link":"https:\/\/krets.jagareforbundet.se\/folkarna\/sakerhetssida-nvr\/","title":{"rendered":"NVR S\u00e4kerhetssida"},"content":{"rendered":"<p><a href=\"http:\/\/www.google.com\/imgres?um=1&amp;hl=sv&amp;biw=1280&amp;bih=871&amp;tbm=isch&amp;tbnid=7GNpIrwFww_7SM:&amp;imgrefurl=http:\/\/www.viltolycka.se\/nyheter\/visa-nyhet\/2011\/9\/9\/sa-kommer-en-eftersoksjagare-vara-kladd\/&amp;docid=TOSB-IS719mffM&amp;imgurl=http:\/\/www.viltolycka.se\/upload\/_news\/30\/460\/newsimage.jpg&amp;w=460&amp;h=250&amp;ei=fBZKUcrsBoWQtAadhoC4Aw&amp;zoom=1&amp;sa=X&amp;ved=0CF4QhBwwBQ&amp;ved=1t:3588,r:5,s:0,i:94\"><img loading=\"lazy\" decoding=\"async\" class=\"alignleft\" src=\"data:image\/jpeg;base64,\/9j\/4AAQSkZJRgABAQAAAQABAAD\/2wCEAAkGBhQSEBQREhQUFBIVExQUExUUFxQVGBIQFBQVFBUVFRQXHCYeGBojGRQUHy8gJCcpLCwsFR4xNTAqNSYrLCkBCQoKDgwOGg8PGisgHyQuLDEqKS8sLykuLC4sLCwtLS0qLCktLCksMykqKiwsLC8sLCwpLCwsKSwpLCwpKSwsLP\/AABEIAKUBMQMBIgACEQEDEQH\/xAAcAAEAAgIDAQAAAAAAAAAAAAAABgcEBQECAwj\/xABIEAACAQIDBAYGBAoIBwAAAAAAAQIDEQQFIQYSMUETIlFhcYEHMlKRobFCcsHRCBQVI2OCorKz4RYkMzRTYnPxJUNUksLS8P\/EABoBAQADAQEBAAAAAAAAAAAAAAADBAUCAQb\/xAAtEQACAgEEAQIFAwUBAAAAAAAAAQIDEQQSITFBBRMUUWFxgTKRoSJCYrHxM\/\/aAAwDAQACEQMRAD8AvEAAAAAAAAAAAAAAAAAAAAAAxcxxG5C64vRd3ecWTUIuT8A8sZme67R1fPsRr6mbVOTXuMWU9Ls0GZ4WpUcnTxFWElbcsluN66OKV0u+7ML4my2XeEczltRI3m9X2vgjLweeapVLK+ilwV+\/s8SIbN5lXqKVPE05QqR4TtaNRJ2dnwunz5p3NvVjdNdx6r7a5cvJEpMmKZyaTZXGOdKUHq6ct1fVaur\/ABXkbs3IS3xUidAAHYAAAAAAAAAAAAAAAAAAAAAAAAAAAAAAAAAAAAAAAAAAAAABG9qczVOpTg76xnLTnZpfeSQh3pBwcn0FRXUYylGbTs7SScV70Q37fbe\/okrg5yUV2zDeZtqySXjqzxm5Wva3l95nU8RRhSUouEW1y1lfw4mkzHaOhR\/tJJP9JJ3f6kdShVfBcV1\/ucvS2SZlKrNPTj3JfI8qmbVI8bPxVvkaeG3GFlLScE+TaqR+LVjYYzNo1KTiop7ytvXUlbuaJpXRxmdaENDa5YRufR7mbnWrxdtYwmvJuL+aJ0Vn6OnGWLlKPKFWDt2xnFP5FlotVSjKP9KwiS6t1y2t5OQASkIAAAAAAAAAAAAAAAAAAAAAAAAAAAAAAAAAAAAAAAAAAAAANBtvBvBzcVdxlGXknq\/cb86VaalFpq6aaa7U9GcWQ3xcfmSVT9uan8mUjjcZVlC0GoSd03Hil3Pl4kWhkMpVUpX1et3q\/NktxVJU8XiKCf8AZVnH9WSU4X8pHhja1K63tXfhz+HAr1wUFtRcsulN7jTT2aW8+a5oz6WCVODUeqrcFp8DMo4unvbsdL8E1a\/nzGYPqt9ib9yuTYWCBTeTP9ClW05R4veqx8PVkn8GXEitfQfSpTwUq8V13UlCV1bdlZSdu5px9xZZ1GOCO2e95AAOyIAAAAAAAAAAAAAAAAAAAAAAAAAAAAAAAAAAAAAAAAAAAAAAAA+cM9z\/AKLOsepvq1K7in2SglFfA3uXxjVindJ9q42I96aMkVDNJyjbdrRjXtxtN3jO675Rv5kcy7NJU9IVN3ufAi8kilxgtN4eME5Xu7cWQ3anaSMIOlB3nJWb9mL0Zg1s0rSj1q0Un7LVyNY6FpXvdvi73OmuDnJdH4PGLfRYujyjUpTX68XF\/uIuA+ePQTnCpZlKlJ26ei4R106SD30vNKR9DHsOjk5AB0AAAAAAAAAAAAAAAAAAAAAAAAAAAAAAAAAAAAAAAAAAADrKRH8z2vhC8aa332\/RX3kVt0KlmTJaqZ2vEFkkLlY1GN2qoU3be3muKgt63nwIbj86q1m96Tt7K0j7lxMKxlW+p+K1+5s0+k+bX+EVd6Qc7li8wr1pJrr9HBP6NOn1Yr5vzIvLiTvb3IOs8VTXVaSqpcpcFLwfMgs1qW6rPcjuM7U0Ombj+x13gLHMYkxVMrA42dGpCtSk41KclOEl9GUXofQuz\/pKqVKMJYihGNRq8lTk1x4Pdlw05XKY2N2c6afTTX5qD0T+nNcvBFhRgUdRqnW9sDZ0WgjZHfYvsWVhNssPPjJw+ure5rQ3FHERmt6LUk+aaZUcTIwuOqU3vU5uL46cH4rgzmv1GX96JbfSIv8A85Y+5bAI\/s1tL063KjSrLktFJdqv8jfo1q7I2R3RMK2qVUnGa5OQAdkYAAAAAAAAAAAAAAAAAAAAAAAAAAAAAAAAAOlWqoxcm7JK7fcdmQ7abO3OTow9SLtJ+1JcvBFfU3xohuf4LGnolfPavyYWe7RTrXjHq0+xcZL\/ADP7DTtnFWWqOHVR8xOydr3SZ9fTTGqKjFHNzlo6Kod4zV1fhfXvR4lySt45PKrQUk01dNWafNPtK52k2HnTm50IudN67q9aHlzRbWc4BQqRVNdWcU4rjrw+4yZZTSdWlRa13HKpJN33raeBpUVW1zaX2++TM1NtF1ac\/OX9Vg+cuifC3+\/C3iSjJNhZzalW6keO59KX\/qjMhgIflfoUur+O8OW6ncsjOMPGFaSiklZOy4cC7qpShXuiZ2horlZifPy\/Bq8PhowioRSUYqyS7D13TY5dXjpBwi7y9Z8rnvmtSnFypxpxvpafB9vAzfYTr9zd\/wBNh6hq32tj\/jo06QsdzhsqFw8XVcZKUW1JO6a4posLZbaX8ZjuTVqsUm+yS4by+1Fc1OJ75bmEqFWNWHrR4r2ovimWNLqHTP6eStrtJHUV\/wCS6LgB44TEqpCM46qUVJeDPY+lTyso+Naw8MAA9PAAAAAAAAAAAAAAAAAAAAAAAAAAAAAADVbR5m6NHej60mox7m+fkiAzlb7X2skm2da9SnDsi5Nd7dk\/gyMVJHzPqNrlbt+R9P6ZUo1bvLMeR2VISOVIoxNlhU0c9GAyQ4JNgFGdGlVl\/wAneu\/BafYYmTVXUxM6j4uMn5aJfA06qyScVJ7r4q7s\/FHFKrKL6smr6aO2hpfGZcOOu\/qzL+AaU+e+vouyC5Qt7PVLtxU37rltZrkc6lVzTgk7WTfYrFOZLLezV\/6td\/CRYDZZ1N0UlCazlJlfTaebbnCWMNrrJlxw3R4iMJNaTjdp6a2fE9M+a6eVuFo8PA14M52rY4JcN5NNUv3FY3ylg4DOTpUnZacWV2WUeFTidWjtJWdhKJxglJ5sBjt6hKm3rTlp9WWvzuSorDZPMuhxMb+rPqS831X7\/mWcj6PQ276kvKPj\/Uqfavb8Pk5ABeM0AAAAAAAAAAAAAAAAAAAAAAAAAAABg1m0eY9Dhqk+e64x75y0X3+QBCc4zLpakqnJ6R+qm0jWVHwMmGDfQw7viuJiVpHymrrlC158n2WgnCdS2+DipLVIz8Bk9Wsm4R6q03m7K\/Z3mrqT68fB\/Ikmf1HChhqcG1B095203pacfezqiqLTlLpEmpsnHbCHb+ZrMZltSlJRnGzfDmn4M4xuDlSluTVnZPR30fA22HqOpgevdunWioN8bNrTXxPLa3+8fqQ+0ns08VXvj9MfkrVamcrFXLHnP4wa9YCbpOqleCdm09U+9HXC5bOalKC6sdZNtJLnzM3Z3GqNTopa06q3JLveif2GTndaNGEcJTvZWlUftN6pP\/7sPYU1uHuN\/f7id9it9pLl9P6eSotmdcy796v\/AOVi2aWy82k5ThBvhGV7v+ZWno9tLN6afBTrN9927Fi7QzbxM96+lku6Nlaxd1EIL+uSz0sFHTTsk\/bg8dvPZ508ln03Qu0Za2b1TSV7qx0w+VznVdKOri2nLkkna5tMqdV4qm629fclub1vV3eVjOqqLjWo0JWqayk1xk2+sk\/h3XI4aWuUd3XL48v6HdmtshPZw+Fz4XPZFsTQ3JuN1KztePBvsQxWXSpyW\/bVXVvivEy8iwXSV0n6sFvS8VwXv+Rtsyws54eTlHdlTnKUeGtP\/b5EUNKp1Snjnx+CxZrfbujXlfX89ERt1mc1OB1UtX4nrLgZ6Rqtngu3n9pbmVYxVaMKi+lFX7nwa95WtHKJK0paLilz7r9hI9mc16KcaDXVqSdpX4Tt8nY2tDTKqLlPjJ816pqIXSUIc48kyABpmKAAAAAAAAAAAAAAAAAAAAAAAAAAACL7d0pOlTmrOnCb6RfWi4xfvdvMlBj47BQrU50qi3oTi4yXanocWR3RcSSqeyakyA4bF3ircvgYGOwbTckurx8P5GlyXaaPT18NvPpKVWpS61k61KEnFSdtN7TW3iSX8fTXVaemt\/uKbjHURddnEkaUZS0s\/dp5gyP1JN1Y9ig353SJLg85pToxo4iEpKHqSj60V2ESq4iP40lHhZqWvNvkuRYGE2aouN7TentfyKtWiujJ7cYLuo9R01kFuyn\/AKNVmObwcYUaMXGlGSk7+tN3M3GZphKst+pCrvWS004cODM5bP0PYfnJjB5FQne9Pg\/alr8SytLqOc7Sm9bpOMbljz9yNRrQjiFOCkqcZxavx3Vb4nbOMVGrXlUjfddrX0eiS4Et\/ozh\/Y\/al94hszh\/Yf8A3SI3obtrjlYzklXqmm3KXOUsFEbGS\/r91o0qrv330Lb\/AKQ052lVoKdRL1lbW3amQT0c5fTlm1SEo70EsTup9imW+tnsP\/hR+P3lqzT27sxa6RThrdOo4mnnL5XHZFIZ9J4hV5RukmlFO1k+8xaGYOFfpl7Tdu2LequTVZBQ\/wAKPxOk8jof4UfcQvR3P+5d5Jl6lpVlKD6x+CMRzqKVZ04OMqrve66vba3m\/M8MDnMoSe+5Tg4tOLd+PNXJPhckoO96cb99+BgZ5ltGnRqSjTSaTs9dH7zp6TUZypLg8jr9JzHY+SBLHLpnC2nFPu7yQZRj8NB3qOUp8rRvGP3sguFqKU5Wa3k2vBs2tDF06OtWpC\/e1G3xuR0U1UvMuWWbrdTqYuMFtj8ye18bTkm99cPP3EeoVp1cXh6dN2lKrFx57tOD3qk3+qreMkiI5t6QaUU1S\/Oy5cVBPvfF+RKPQTmMq9TGzqtSqfmbPd1jB7\/Vi+UbpaE9kpaiaWMRX8lOEa9JB87pv9kW+AC2ZoAAAAAAAAAAAAAAAAAAAAAAAAAAAAAB8ibTytmGKa0f41Waa0d+klzPXA7X16Wjl0keyd3bz4nltWr47FW\/6mv\/ABZGocStJJ9ktds6\/wBLwTXZTN6uLx9KmowV958\/oxb4vwL5wNfdgk07pHz\/AOipf8Uo\/Vq\/w2XjiqnVspOLfBpJvTlqmiCWolTLbEh1FkrOZGzqYhPgnz7Dxyyo4J72vHgR+ljcRSrKE716MnbfULShy6yXZfz8jfI8nq7U10VYvKZnflFdj+BzTx6v6r+Bgo7wqfM8+NsPEVZ6M8VFZvUdnrDEe\/fRb\/5T\/wAvx\/kUx6ONc1n3RxP79i27E12onGWEey7Mv8pP2V7zpWx11a1te0xjrIh+Ls+ZwZNPFWb00skazPabq0ZwTUXLm9bLwMqJ44ngPjLfmeo+dtr8I8PjatOMpOzi78G7xT5eJpG7u+rffqSn0mxtmVTvhSf7C+4ihYi8pNl1TbXZ6qJb\/wCDxV\/PYyH6OjL9qaKeg2W7+D2v63i3+gpfxJHcOwXmACcAAAAAAAAAAAAAAAAAAAAAAAAAAAAAAHyNtP1cfjFxtiq\/8SRp9+4BXa5YJd6KVfNKX1Kv8Nl6xpp8bPxVwDO1P6yOZ6Rw8exe5HooHIK77IV0zmNK4S1S70AdeTkqP0dq2cVO9Yle6V\/sLccO8At6j9S+wl2c7h0lDTzOQVjk67p44qOjAPAUB6RK2\/mNbu3IrwjBEa3QDTj0i0ujukW5+Dx\/eMZ\/pUf35gEsOzsvIAEx6AAAAAAAAAAAAAAAf\/\/Z\" alt=\"\" name=\"7GNpIrwFww_7SM:\" width=\"305\" height=\"165\" data-sz=\"f\" \/><\/a><\/p>\n<p>Alla som arbetar med viltolyckor skall b\u00e4ra s\u00e4kerhetsv\u00e4st, hunden halsband. V\u00e4sten och m\u00f6ssan skall inneh\u00e5lla Kontaktpersonen eller Efters\u00f6ksj\u00e4garens ID &#8211; Nr. Dessa skall ocks\u00e5 k\u00e4nna till Polisens H\u00e4ndelse Nr.<\/p>\n<p>P\u00e5 AO korten finns tel nr till V\u00e4g och Sp\u00e5rh\u00e5llare att anv\u00e4nda vid besv\u00e4r att f\u00e5 n\u00e5gon mark\u00e4gare att ta hand om d\u00f6dat vilt p\u00e5 v\u00e4g eller sp\u00e5romr\u00e5de, \u00e4ven polisen kan anlitas vid s\u00e5dana problem.\u00a0\u00c4ven i de fall d\u00e4r man ej gjort upp med polisen, vid start av\u00a0h\u00e4ndelsen, kan \u00e5terringning till Polisen ske, f\u00f6r att f\u00e5\u00a0hj\u00e4lp f\u00f6r att uppr\u00e4tta en sk. \u00a0bl\u00e5ljus situation p\u00e5 olycksplatsen.<\/p>\n<p>Anm\u00e4lan till Trafikradion skall se vid sv\u00e5ra situationer skriv ut och l\u00e4s &gt;&gt;. \u00a0<a href=\"https:\/\/krets.jagareforbundet.se\/folkarna\/files\/2013\/03\/infokort_jagare130213.pdf\" class=\"woo-sc-button  orange\" ><span class=\"woo-\">Informera SR Trafikradion<\/span><\/a>\u00a0<a href=\"http:\/\/www.polisen.se\/Dalarna\/Aktuellt\/Handelser\/Dalarna\/2013-05-17-0941-Sammanfattning-dygn-Avesta\/\" class=\"woo-sc-button  orange\" ><span class=\"woo-\">H\u00e4nt i Avesta<\/span><\/a><\/p>\n<h1>Nya regler f\u00f6r efters\u00f6k av trafikskadat vilt<\/h1>\n<div>\n<div>\n<p><strong>Publicerad:<\/strong><br \/>\nden 11 december 2012<\/p>\n<\/div>\n<\/div>\n<div>\n<p>Fr\u00e5n 15 december g\u00e4ller nya f\u00f6reskrifter fr\u00e5n Rikspolisstyrelsen och Naturv\u00e5rdsverket f\u00f6r efters\u00f6ksj\u00e4gare inom Nationella Viltolycksr\u00e5det. H\u00f6jd ers\u00e4ttning, \u00f6kad s\u00e4kerhet och krav p\u00e5 utbildning \u00e4r n\u00e5gra av f\u00f6r\u00e4ndringarna.<\/p>\n<\/div>\n<p>Detta \u00e4r n\u00e5gra av f\u00f6r\u00e4ndringarna som genomf\u00f6rs i de nya f\u00f6reskrifterna.<\/p>\n<p>Tydligare ansvarsf\u00f6rdelning mellan kontaktpersoner och efters\u00f6ksj\u00e4gare.<\/p>\n<ul>\n<li>H\u00f6jd ers\u00e4ttning f\u00f6r kontaktpersoner.<\/li>\n<li>\u00d6kad s\u00e4kerhet med mer skyddsutrustning f\u00f6r efters\u00f6ksekipagen.<\/li>\n<li>Krav p\u00e5 att genomg\u00e5 utbildning via Nationella Viltolycksr\u00e5dets databas.<\/li>\n<li>Polisen har m\u00f6jlighet att starta efters\u00f6k vid viltolycka med sp\u00e5rbundna fordon.<\/li>\n<\/ul>\n<p>F\u00f6r kontaktpersoner inneb\u00e4r de nya reglerna att grunders\u00e4ttning h\u00f6js till 300 kronor, och ytterligare 250 kronor om polisen beslutar om ett platsbes\u00f6k.<br \/>\nDet fastsl\u00e5s att lokalk\u00e4nnedomen \u00e4r viktig och att kontaktpersonerna har en avg\u00f6rande roll som l\u00e4nk mellan polis och kompetent efters\u00f6ksekipage respektive jaktr\u00e4ttshavare.<br \/>\nDet \u00e4r viktigt att jaktr\u00e4ttshavaren informeras om efters\u00f6ket och avg\u00f6r om ett trafikskadat vilt g\u00e5r att tillvarata.<\/p>\n<p>S\u00e4kerheten har f\u00f6rst\u00e4rkts i de nya f\u00f6reskrifterna. F\u00f6rutom reflexv\u00e4st, keps, benreflex och reflexhalsband till hund, som tidigare varit krav, ska varje j\u00e4gare i organisationen erh\u00e5lla magnetskyltar med text viltolycka, rotationsljus till bilen och handlampa med vitt sken. Till de st\u00f6rre v\u00e4gn\u00e4ten ska \u00e4ven finnas varningst\u00e4lt, vilket varje polismyndighet avg\u00f6r behovet av. Likas\u00e5 betonas vikten av samband, s\u00e5 att efters\u00f6ksj\u00e4gare eller kontaktperson tryggt har avslutat efters\u00f6ksuppdraget fr\u00e5n polisen.<\/p>\n<p>Varje j\u00e4gare i organisationen ska genomg\u00e5 en webbaserad utbildning. Under ett \u00e5r ska utbildningen genomf\u00f6ras, som sedan g\u00e4ller i tre \u00e5r. Detta sker efter inloggning p\u00e5 \u201d<span style=\"color: #000000;\"><strong>min sida<\/strong><\/span>\u201d p\u00e5 <span style=\"color: #800000;\"><strong><a href=\"http:\/\/www.viltolycka.se\/hem\/?mapc=7\"><span style=\"color: #800000;\">viltolycka.se<\/span><\/a>.<\/strong><\/span><\/p>\n<p>Efters\u00f6k orsakat av sp\u00e5rbunden trafik bedrivs som annat efters\u00f6k om djuret l\u00e4mnat sp\u00e5romr\u00e5det. I de fall sp\u00e5romr\u00e5det m\u00e5ste betr\u00e4das kr\u00e4vs ledsagare fr\u00e5n Trafikverket. Djur som efter kollision stannar inom sp\u00e5romr\u00e5det tas omhand av Trafikverket.\u00a0<a href=\"https:\/\/krets.jagareforbundet.se\/folkarna\/files\/2013\/03\/beslut-om-tilltrade-till-sparomrade-130315.pdf\" class=\"woo-sc-button  green\" ><span class=\"woo-\">Trafikverkets beslut<\/span><\/a><\/p>\n<h2>Ladda hem dokument<\/h2>\n<p><a href=\"http:\/\/www.viltolycka.se\/upload\/files\/Dokumentarkiv\/F\u00f6reskrifter\/Rikspolisstyrelsen\/fap226-1%20RPSFS%202012-33%20%2015%20dec.pdf\" target=\"_blank\">fap226-1 RPSFS 2012-33 15 dec.pdf<\/a><\/p>\n<p><a href=\"http:\/\/www.viltolycka.se\/upload\/files\/Dokumentarkiv\/F\u00f6reskrifter\/Naturv\u00e5rdsverket\/nfs-2012-8.pdf\" target=\"_blank\">nfs-2012-8.pdf<\/a><\/p>\n<p><a href=\"http:\/\/www.viltolycka.se\/upload\/files\/Dokumentarkiv\/Informationsmaterial\/2012\/Viltolycksradet_\u00e5tg\u00e4rder121210w.pdf\" target=\"_blank\">Viltolycksradet_\u00e5tg\u00e4rder121210w.pdf<\/a><\/p>\n<div>\u00a0<a href=\"https:\/\/krets.jagareforbundet.se\/folkarna\/files\/2013\/03\/nvr-sakerhetsinfo-08051311.pdf\">S\u00e4kerhetsinformation NVR<\/a><\/div>\n<p><a href=\"https:\/\/krets.jagareforbundet.se\/folkarna\/files\/2013\/03\/NVR-Guide1.pdf\">NVR Guide1<\/a><\/p>\n<p><a href=\"https:\/\/krets.jagareforbundet.se\/folkarna\/files\/2013\/03\/Viltolyckor-Faltrapport.pdf\">Viltolyckor F\u00e4ltrapport NVR<\/a><\/p>\n<p><a href=\"https:\/\/krets.jagareforbundet.se\/folkarna\/files\/2013\/03\/Vid-olycka.pptx\">Bildspel Viltolycka NVR<\/a><\/p>\n<a href=\"http:\/\/algen.se\/se\/ansokan-om-medlemskap\" class=\"woo-sc-button  orange\" ><span class=\"woo-info\">\u00c4lgskadef\u00f6reningen<\/span><\/a>\n","protected":false},"excerpt":{"rendered":"<p>Alla som arbetar med viltolyckor skall b\u00e4ra s\u00e4kerhetsv\u00e4st, hunden halsband. V\u00e4sten och m\u00f6ssan skall inneh\u00e5lla Kontaktpersonen eller Efters\u00f6ksj\u00e4garens ID &#8211; Nr. Dessa skall ocks\u00e5 k\u00e4nna till Polisens H\u00e4ndelse Nr. P\u00e5 AO korten finns tel nr till V\u00e4g och Sp\u00e5rh\u00e5llare att anv\u00e4nda vid besv\u00e4r att f\u00e5 n\u00e5gon mark\u00e4gare att ta hand om d\u00f6dat vilt p\u00e5 v\u00e4g [&hellip;]<\/p>\n","protected":false},"author":78,"featured_media":0,"parent":0,"menu_order":0,"comment_status":"open","ping_status":"open","template":"","meta":{"footnotes":""},"class_list":["post-437","page","type-page","status-publish","hentry"],"_links":{"self":[{"href":"https:\/\/krets.jagareforbundet.se\/folkarna\/wp-json\/wp\/v2\/pages\/437","targetHints":{"allow":["GET"]}}],"collection":[{"href":"https:\/\/krets.jagareforbundet.se\/folkarna\/wp-json\/wp\/v2\/pages"}],"about":[{"href":"https:\/\/krets.jagareforbundet.se\/folkarna\/wp-json\/wp\/v2\/types\/page"}],"author":[{"embeddable":true,"href":"https:\/\/krets.jagareforbundet.se\/folkarna\/wp-json\/wp\/v2\/users\/78"}],"replies":[{"embeddable":true,"href":"https:\/\/krets.jagareforbundet.se\/folkarna\/wp-json\/wp\/v2\/comments?post=437"}],"version-history":[{"count":0,"href":"https:\/\/krets.jagareforbundet.se\/folkarna\/wp-json\/wp\/v2\/pages\/437\/revisions"}],"wp:attachment":[{"href":"https:\/\/krets.jagareforbundet.se\/folkarna\/wp-json\/wp\/v2\/media?parent=437"}],"curies":[{"name":"wp","href":"https:\/\/api.w.org\/{rel}","templated":true}]}}