{"id":4400,"date":"2014-02-21T12:47:32","date_gmt":"2014-02-21T11:47:32","guid":{"rendered":"https:\/\/krets.jagareforbundet.se\/folkarna\/?page_id=4400"},"modified":"2019-01-21T15:19:09","modified_gmt":"2019-01-21T14:19:09","slug":"rovdjursobs-app","status":"publish","type":"page","link":"https:\/\/krets.jagareforbundet.se\/folkarna\/rovdjurs-observationer\/rovdjursobs-app\/","title":{"rendered":"SKANDOBS app"},"content":{"rendered":"<div>\n<div>\n<div>\n<p>Den \u00e4r enkel att anv\u00e4nda och vi hoppas att den ska bidra till att m\u00e5nga l\u00e4gger in sina observationer i rapportsystemet Skandobs b\u00e5de i Sverige och Norge.<\/p>\n<\/div>\n<\/div>\n<p><strong>Nyheter.<\/strong><\/p>\n<p>L\u00e4gger du in en obs d\u00e4r du inte \u00e4r f\u00f6r tillf\u00e4llet f\u00f6rminska kartan dubbelklicka i kartan och d\u00e5 kommer mark\u00f6ren in p\u00e5 kartan, finjustera platsen och g\u00e5 vidare &gt;.<\/p>\n<p>N\u00e4r du startar Skandobs kommer en m\u00e4ngd observationer upp, tar tid och plats, v\u00e4lj i profilen ett sn\u00e4vare filter tex. Dalarna senaste \u00e5ret eller m\u00e5nad, spara och tryck p\u00e5 v\u00e4lj. d\u00e5 kommer valet upp n\u00e4r du startar n\u00e4sta g\u00e5ng och mycket kvickare, SLU arbetar p\u00e5 att f\u00e5 detta smidigare.<\/p>\n<p>\u00c4ndra felskrivningar eller antal\u00a0 mm. fungerar ej SLU arbetar p\u00e5 detta<\/p>\n<p><strong>Viktigt med information om honor med ungar<br \/>\n<\/strong>Det \u00e4r s\u00e4rskilt viktigt med information om var det finns honor med ungar eftersom metodiken f\u00f6r inventeringar och uppskattning av stammarna utg\u00e5r fr\u00e5n hur m\u00e5nga familjegrupper som dokumenteras varje \u00e5r.<br \/>\n\u2013 Observeras det en familjegrupp det vill s\u00e4ga en hona och hennas ungar \u00e4r det viktigt att h\u00f6ra av sig till l\u00e4nsstyrelsen s\u00e5 att de kan f\u00f6lja upp observationen s\u00e5 fort som m\u00f6jligt, avslutar Magnus Kristoffersson.<br \/>\nDen kunskap viltf\u00f6rvaltningen f\u00e5r genom inventeringarna ligger bland annat till grund f\u00f6r beslut om olika typer av jakt och andra f\u00f6rvaltnings\u00e5tg\u00e4rder. Nu kan alla delta i \u00f6vervakningen med hj\u00e4lp av den nya mobilappen Skandobs<\/p>\n<p><strong>Ladda ner appen<br \/>\n<\/strong>Appen laddas ner utan kostnad fr\u00e5n App Store eller Google Play(butik). Appen \u00e4r enkel att ladda ner och v\u00e4l ute i skog och mark \u00e4r det ocks\u00e5 enkelt att registrera observationer av stora rovdjur till exempel med hj\u00e4lp av GPS eller mobilkameran.\u00a0Du som var tidig att installera den nya p\u00e5 mobilen, rekommenderas att du avinstallerar och installerar den igen[2018-10-25]<\/p>\n<p><strong>G\u00f6r s\u00e5 h\u00e4r:<\/strong><\/p>\n<ol>\n<li>Ladda ner nya appen fr\u00e5n Google Play eller App Store.<\/li>\n<li>V\u00e4lj mellan svenska, norska eller engelska som spr\u00e5k i appen.<\/li>\n<li>Registrera dig som anv\u00e4ndare genom att klicka p\u00e5 knappen \u201dDin profil&#8221; p\u00e5 inloggningssidan i appen.<\/li>\n<li>\u00c4r du redan registrerad i Skandobs anv\u00e4nder du det anv\u00e4ndarnamn och l\u00f6sen som du redan har. Har du gl\u00f6mt l\u00f6senord, g\u00e5 in p\u00e5 sidan \u201dGl\u00f6mt l\u00f6senord\u201d.<\/li>\n<li>Nu \u00e4r du inloggad. Tryck p\u00e5 rapportering och l\u00e4gga in dina observationer. Har du GPS mobil tryck p\u00e5 Markera knappen p\u00e5 sk\u00e4rmen sedan drar du den mark\u00f6r som d\u00e5 finns till platsen f\u00f6r observationen<\/li>\n<\/ol>\n<p>Appen \u00e4r utvecklad f\u00f6r att fungera som b\u00e4st utomhus. Testar du inomhus kan den fungera s\u00e4mre. Den fungerar inte helt bra p\u00e5 Microsoft Explorer webbl\u00e4sare, rekommenderar ist\u00e4llet Google Chrome webbl\u00e4sare<\/p>\n<\/div>\n<div>\n<div>\n<ul>\n<li><a>Skriv ut<\/a><\/li>\n<li><a href=\"mailto:?subject=H%C3%A4r%20kommer%20ett%20tips%20om%20Svensk%20Jakt&amp;body=Hej,%20jag%20skulle%20vilja%20tipsa%20dig%20om%20den%20h%C3%A4r%20sidan%20p%C3%A5%20svenskjakt.se:%0D%0A%0D%0Ahttp:\/\/svenskjakt.se\/Start\/Nyheter\/2014\/02\/mobilapp-for-rovdjursobs\/\">E-posta<\/a><\/li>\n<\/ul>\n<\/div>\n<div id=\"PhExtraInfo\">\n<h3>Skandobs<\/h3>\n<div>\n<ul>\n<li>Alla kan l\u00e4gga in observationer av bj\u00f6rn, j\u00e4rv, lodjur och varg eller sp\u00e5r av dessa arter i Sverige och Norge p\u00e5\u00a0<a href=\"http:\/\/www.skandobs.se\/\">www.skandobs.se<\/a><\/li>\n<li>Observationerna kan ses av alla.<\/li>\n<li>I Skandobs kan du bland annat se var observationerna \u00e4r gjorda, vilka arter det g\u00e4ller, om det g\u00e4ller en synobservation eller sp\u00e5r, och de bilder rapport\u00f6rerna lagt till.<\/li>\n<li>K\u00e4nslig data som till exempel observationer av j\u00e4rvlyor och bj\u00f6rniden f\u00f6rblir dolda.<\/li>\n<li>L\u00e4nsstyrelserna har ansvaret f\u00f6r att f\u00f6lja upp och v\u00e4rdera observationer av rovdjur i Sverige, och Statens naturoppsyn (SNO) har ansvaret i Norge.<\/li>\n<li>Naturv\u00e5rdsverket levererar \u00f6vervakningsdata och fakta om bj\u00f6rn, varg, j\u00e4rv, lodjur och kungs\u00f6rn i Sverige till f\u00f6rvaltning, media och allm\u00e4nheten.<\/li>\n<\/ul>\n<\/div>\n<\/div>\n<\/div>\n<div><\/div>\n","protected":false},"excerpt":{"rendered":"<p>Den \u00e4r enkel att anv\u00e4nda och vi hoppas att den ska bidra till att m\u00e5nga l\u00e4gger in sina observationer i rapportsystemet Skandobs b\u00e5de i Sverige och Norge. Nyheter. L\u00e4gger du in en obs d\u00e4r du inte \u00e4r f\u00f6r tillf\u00e4llet f\u00f6rminska kartan dubbelklicka i kartan och d\u00e5 kommer mark\u00f6ren in p\u00e5 kartan, finjustera platsen och g\u00e5 [&hellip;]<\/p>\n","protected":false},"author":78,"featured_media":0,"parent":914,"menu_order":0,"comment_status":"open","ping_status":"open","template":"","meta":{"footnotes":""},"class_list":["post-4400","page","type-page","status-publish","hentry"],"_links":{"self":[{"href":"https:\/\/krets.jagareforbundet.se\/folkarna\/wp-json\/wp\/v2\/pages\/4400","targetHints":{"allow":["GET"]}}],"collection":[{"href":"https:\/\/krets.jagareforbundet.se\/folkarna\/wp-json\/wp\/v2\/pages"}],"about":[{"href":"https:\/\/krets.jagareforbundet.se\/folkarna\/wp-json\/wp\/v2\/types\/page"}],"author":[{"embeddable":true,"href":"https:\/\/krets.jagareforbundet.se\/folkarna\/wp-json\/wp\/v2\/users\/78"}],"replies":[{"embeddable":true,"href":"https:\/\/krets.jagareforbundet.se\/folkarna\/wp-json\/wp\/v2\/comments?post=4400"}],"version-history":[{"count":1,"href":"https:\/\/krets.jagareforbundet.se\/folkarna\/wp-json\/wp\/v2\/pages\/4400\/revisions"}],"predecessor-version":[{"id":6758,"href":"https:\/\/krets.jagareforbundet.se\/folkarna\/wp-json\/wp\/v2\/pages\/4400\/revisions\/6758"}],"up":[{"embeddable":true,"href":"https:\/\/krets.jagareforbundet.se\/folkarna\/wp-json\/wp\/v2\/pages\/914"}],"wp:attachment":[{"href":"https:\/\/krets.jagareforbundet.se\/folkarna\/wp-json\/wp\/v2\/media?parent=4400"}],"curies":[{"name":"wp","href":"https:\/\/api.w.org\/{rel}","templated":true}]}}