{"id":4461,"date":"2014-03-06T15:46:58","date_gmt":"2014-03-06T14:46:58","guid":{"rendered":"https:\/\/krets.jagareforbundet.se\/folkarna\/?page_id=4461"},"modified":"2016-06-18T17:19:06","modified_gmt":"2016-06-18T15:19:06","slug":"jaktstigar","status":"publish","type":"page","link":"https:\/\/krets.jagareforbundet.se\/folkarna\/jaktstigar\/","title":{"rendered":"Jaktstigar"},"content":{"rendered":"<p><strong>Nu \u00e4r det dags f\u00f6r att starta skyttetr\u00e4ningen inf\u00f6r \u00e5rets jakt. J\u00e4garef\u00f6rbundet forts\u00e4tter \u00e4ven i \u00e5r att tillsammans med Norma och Gyttorp arrangera b\u00e5de kul- och hagelstigar. G\u00f6r som 16.000 andra gjorde f\u00f6rra \u00e5ret \u2013 g\u00e5 en jaktstig. <\/strong><\/p>\n<div>\n<p>Dessa jaktstigar syftar till att j\u00e4garna p\u00e5 ett roligt och j\u00e4garn\u00e4ra s\u00e4tt ska tr\u00e4na inf\u00f6r jakten. Gyttorp Cup \u00e4r en jaktstigst\u00e4vling d\u00e4r m\u00e5len \u00e4r pl\u00e5tfigurer av d\u00e4ggdjur och f\u00e5glar i markniv\u00e5. J\u00e4garduvan \u00e4r lerduveskytte som liknar f\u00e5geljakt. Norma Cup \u00e4r en kuljaktstig som det nu \u00e4r andra \u00e5ret vi k\u00f6r. D\u00e4r \u00e4r det \u00e4r ett j\u00e4garn\u00e4ra skytte p\u00e5 olika avst\u00e5nd. Stigen \u00e4r \u00f6ppen f\u00f6r klasserna 1\u20134, d\u00e4r arrang\u00f6ren best\u00e4mmer vilken klass som g\u00e4ller f\u00f6r just deras stig.<strong>\u00a0<\/strong><\/p>\n<p><strong>Information om n\u00e4rmaste stig<br \/>\n<\/strong>I Svensk jakt och p\u00e5 J\u00e4garef\u00f6rbundets hemsida finns var och n\u00e4r stigarna g\u00e5r, sedan finns ocks\u00e5 resultaten fr\u00e5n stigen p\u00e5 J\u00e4garef\u00f6rbundets hemsida.<br \/>\nI slutet av s\u00e4songen f\u00f6r respektive cup arrangeras en riksfinal f\u00f6r de som kvalat in.<br \/>\nF\u00f6r att bli kvalad till riksfinalen i Gyttorp Cup kr\u00e4vs att man skjutit 85 procent tr\u00e4ff i klasserna \u00f6ppen och yngre oldboys, f\u00f6r klasserna dam och junior kr\u00e4vs att man deltagit p\u00e5 en Gyttorp Cup stig.<br \/>\nF\u00f6r J\u00e4garduvan och Norma cup m\u00e5ste man ha skjutit en s\u00e5dan stig f\u00f6r att f\u00e5 vara med p\u00e5 respektive final.<\/p>\n<p><strong>Att delta p\u00e5 en stig \u00e4r enkelt<br \/>\n<\/strong>\u2022 Du \u00e5ker till stigen och anm\u00e4ler dig d\u00e4r. Anm\u00e4lningstiden brukar vara mellan 08.00\u201313.00 om inget annat annonserats.<br \/>\n\u2022Du fyller i ett startkort och l\u00e4mnar det i anm\u00e4lan d\u00e4r du betalar f\u00f6r att delta. Kostnaden f\u00f6r deltagande \u00e4r rekommenderat till 150 kronor per startande f\u00f6r hagel och 50 kronor f\u00f6r kula. I hagelstigen ing\u00e5r ammunition men inte p\u00e5 en kulstigen. Vid hagelstigarna f\u00e5r du ammunition vid varje station. Det \u00e4r blyammunition p\u00e5 Gyttorp Cup och st\u00e5lhagel vid J\u00e4garduvan.<br \/>\n\u2022Startkortet tar du med till varje station d\u00e4r stationsfunktion\u00e4ren fyller i hur m\u00e5nga tr\u00e4ff du har.<br \/>\n\u2022Man f\u00e5r st\u00e5 strax bakom tidigare skytt f\u00f6r att se hur m\u00e5len ser ut.<\/p>\n<p>P\u00e5 <a href=\"http:\/\/www.jagareforbundet.se\/\" target=\"_blank\">J\u00e4garef\u00f6rbundets hemsida<\/a>\u00a0finns b\u00e5de lista p\u00e5 n\u00e4r och var det g\u00e5r stigar men ocks\u00e5 resultaten fr\u00e5n stigarna presenteras d\u00e4r.<\/p>\n<p><em><strong>Lars Bj\u00f6rk<\/strong><\/em><\/p>\n<\/div>\n","protected":false},"excerpt":{"rendered":"<p>Nu \u00e4r det dags f\u00f6r att starta skyttetr\u00e4ningen inf\u00f6r \u00e5rets jakt. J\u00e4garef\u00f6rbundet forts\u00e4tter \u00e4ven i \u00e5r att tillsammans med Norma och Gyttorp arrangera b\u00e5de kul- och hagelstigar. G\u00f6r som 16.000 andra gjorde f\u00f6rra \u00e5ret \u2013 g\u00e5 en jaktstig. Dessa jaktstigar syftar till att j\u00e4garna p\u00e5 ett roligt och j\u00e4garn\u00e4ra s\u00e4tt ska tr\u00e4na inf\u00f6r jakten. Gyttorp [&hellip;]<\/p>\n","protected":false},"author":78,"featured_media":0,"parent":0,"menu_order":0,"comment_status":"open","ping_status":"open","template":"","meta":{"footnotes":""},"class_list":["post-4461","page","type-page","status-publish","hentry"],"_links":{"self":[{"href":"https:\/\/krets.jagareforbundet.se\/folkarna\/wp-json\/wp\/v2\/pages\/4461","targetHints":{"allow":["GET"]}}],"collection":[{"href":"https:\/\/krets.jagareforbundet.se\/folkarna\/wp-json\/wp\/v2\/pages"}],"about":[{"href":"https:\/\/krets.jagareforbundet.se\/folkarna\/wp-json\/wp\/v2\/types\/page"}],"author":[{"embeddable":true,"href":"https:\/\/krets.jagareforbundet.se\/folkarna\/wp-json\/wp\/v2\/users\/78"}],"replies":[{"embeddable":true,"href":"https:\/\/krets.jagareforbundet.se\/folkarna\/wp-json\/wp\/v2\/comments?post=4461"}],"version-history":[{"count":0,"href":"https:\/\/krets.jagareforbundet.se\/folkarna\/wp-json\/wp\/v2\/pages\/4461\/revisions"}],"wp:attachment":[{"href":"https:\/\/krets.jagareforbundet.se\/folkarna\/wp-json\/wp\/v2\/media?parent=4461"}],"curies":[{"name":"wp","href":"https:\/\/api.w.org\/{rel}","templated":true}]}}