{"id":4472,"date":"2014-03-14T23:28:44","date_gmt":"2014-03-14T22:28:44","guid":{"rendered":"https:\/\/krets.jagareforbundet.se\/folkarna\/?page_id=4472"},"modified":"2014-03-14T23:30:05","modified_gmt":"2014-03-14T22:30:05","slug":"hunddagbok","status":"publish","type":"page","link":"https:\/\/krets.jagareforbundet.se\/folkarna\/hunddagbok\/","title":{"rendered":"Hunddagbok"},"content":{"rendered":"<p><img loading=\"lazy\" decoding=\"async\" class=\"alignleft\" alt=\"\" src=\"http:\/\/jagareforbundet.se\/Global\/Jakt-Fauna\/MO\/DSC07067%20-%20Kopia.JPG\" width=\"331\" height=\"582\" \/><\/p>\n<p>S\u00e5 h\u00e4r \u00e5rs \u00e4gnar sig m\u00e5nga j\u00e4gare \u00e5t tr\u00e4ning av sin hund. Det handlar om fysisk tr\u00e4ning, grundlydnad eller utbildning av efters\u00f6kshunden.<\/p>\n<p>F\u00f6r dig som \u00f6nskar ha ordning p\u00e5 hundtr\u00e4ningens m\u00e4ngd, variation och utveckling har Svenska J\u00e4garef\u00f6rbundet tagit fram en digital blankett d\u00e4r man enkelt kan f\u00f6ra noteringar fr\u00e5n varje tr\u00e4ningstillf\u00e4lle. En dagbok f\u00f6r jakthundstr\u00e4ning helt enkelt.<\/p>\n<h2>H\u00e4mta dagboken <a href=\"http:\/\/jagareforbundet.se\/Global\/Jakt-Fauna\/MO\/Min%20hundtraning.pdf\" target=\"_top\">&gt;&gt; H\u00e4r<\/a><\/h2>\n<p>&nbsp;<\/p>\n<h3>Anv\u00e4nd som det passar dig<\/h3>\n<p>Aningen v\u00e4ljer du att anv\u00e4nda Min hundtr\u00e4ning digitalt genom att fylla i och spara p\u00e5 dator eller mobil enhet. Eller s\u00e5 skriver du ut blanketten och noterar p\u00e5\u00a0vanligt vis med penna.<\/p>\n<h3>Mer om Min hundtr\u00e4ning<\/h3>\n<p>Som ansvarsfull j\u00e4gare med hund f\u00f6rst\u00e5r du v\u00e4rdet av att utbilda och tr\u00e4na hunden inf\u00f6r dess arbetsuppgifter. Det ger v\u00e4lm\u00e5ende f\u00f6r din hund och framg\u00e5ngsrikare jakt. Ekipage med god relation och fysik borgar helt enkelt f\u00f6r gl\u00e4dje och etik i jakten.<\/p>\n<p>Anv\u00e4nd g\u00e4rna Min hundtr\u00e4ning som en dagbok. Det ger bra \u00f6verblick p\u00e5 tr\u00e4ningens m\u00e4ngd, variation och utveckling. Dagboksanteckningarna kan ocks\u00e5 tydligg\u00f6ra vad du eller hunden beh\u00f6ver tr\u00e4na mer p\u00e5. N\u00e5got som \u00e4r av s\u00e4rskild vikt f\u00f6r de j\u00e4gare som har den ansvarsfyllda uppgiften att sk\u00f6ta efters\u00f6k.<\/p>\n","protected":false},"excerpt":{"rendered":"<p>S\u00e5 h\u00e4r \u00e5rs \u00e4gnar sig m\u00e5nga j\u00e4gare \u00e5t tr\u00e4ning av sin hund. Det handlar om fysisk tr\u00e4ning, grundlydnad eller utbildning av efters\u00f6kshunden. F\u00f6r dig som \u00f6nskar ha ordning p\u00e5 hundtr\u00e4ningens m\u00e4ngd, variation och utveckling har Svenska J\u00e4garef\u00f6rbundet tagit fram en digital blankett d\u00e4r man enkelt kan f\u00f6ra noteringar fr\u00e5n varje tr\u00e4ningstillf\u00e4lle. En dagbok f\u00f6r jakthundstr\u00e4ning [&hellip;]<\/p>\n","protected":false},"author":78,"featured_media":0,"parent":0,"menu_order":0,"comment_status":"open","ping_status":"open","template":"","meta":{"footnotes":""},"class_list":["post-4472","page","type-page","status-publish","hentry"],"_links":{"self":[{"href":"https:\/\/krets.jagareforbundet.se\/folkarna\/wp-json\/wp\/v2\/pages\/4472","targetHints":{"allow":["GET"]}}],"collection":[{"href":"https:\/\/krets.jagareforbundet.se\/folkarna\/wp-json\/wp\/v2\/pages"}],"about":[{"href":"https:\/\/krets.jagareforbundet.se\/folkarna\/wp-json\/wp\/v2\/types\/page"}],"author":[{"embeddable":true,"href":"https:\/\/krets.jagareforbundet.se\/folkarna\/wp-json\/wp\/v2\/users\/78"}],"replies":[{"embeddable":true,"href":"https:\/\/krets.jagareforbundet.se\/folkarna\/wp-json\/wp\/v2\/comments?post=4472"}],"version-history":[{"count":0,"href":"https:\/\/krets.jagareforbundet.se\/folkarna\/wp-json\/wp\/v2\/pages\/4472\/revisions"}],"wp:attachment":[{"href":"https:\/\/krets.jagareforbundet.se\/folkarna\/wp-json\/wp\/v2\/media?parent=4472"}],"curies":[{"name":"wp","href":"https:\/\/api.w.org\/{rel}","templated":true}]}}