{"id":4602,"date":"2014-05-07T15:28:23","date_gmt":"2014-05-07T13:28:23","guid":{"rendered":"https:\/\/krets.jagareforbundet.se\/folkarna\/?page_id=4602"},"modified":"2016-10-07T12:29:18","modified_gmt":"2016-10-07T10:29:18","slug":"statens-vilt","status":"publish","type":"page","link":"https:\/\/krets.jagareforbundet.se\/folkarna\/jaktfragor\/statens-vilt\/","title":{"rendered":"Statens vilt"},"content":{"rendered":"<h2>Dessa d\u00e4ggdjur och f\u00e5glar \u00e4r statens vilt<\/h2>\n<p>De h\u00e4r arterna\u00a0tillfaller staten ( via Polisen) n\u00e4r de omh\u00e4ndertas, p\u00e5tr\u00e4ffas d\u00f6da eller d\u00f6das n\u00e4r\u00a0det \u00e4r fredat:<\/p>\n<h3>D\u00e4ggdjur<\/h3>\n<p>Bj\u00f6rn, varg, j\u00e4rv, lo, myskoxe, fj\u00e4llr\u00e4v, utter och\u00a0valar<\/p>\n<h3>Rovf\u00e5glar<\/h3>\n<p>Fiskgjuse, bivr\u00e5k, tornuggla, h\u00f6kuggla, berguv, fj\u00e4lluggla, lappuggla, slaguggla, \u00f6rnar, glador, falkar och k\u00e4rrh\u00f6kar<\/p>\n<h3>Hackspettar<\/h3>\n<p>Gr\u00e5spett, vitryggig hackspett och\u00a0mellanspett<\/p>\n<h3>\u00d6vriga f\u00e5glar<\/h3>\n<p>R\u00f6rdrom, lunnef\u00e5gel, salskrake, svarthalsad dopping, sk\u00e4rfl\u00e4cka, kungsfiskare, bl\u00e5kr\u00e5ka, h\u00e4rf\u00e5gel, sommargylling, fj\u00e4llg\u00e5s, skr\u00e4nt\u00e4rna, svartt\u00e4rna, storkar<\/p>\n<p>81 \u00a7 Jaktkung\u00f6relse (Statens naturv\u00e5rdsverks kung\u00f6relse, SNFS 1994:4, NV:58) tar ocks\u00e5 upp statens vilt. H\u00e4r st\u00e5r: &#8221;Har djur eller del av djur som avses i 33 \u00a7 f\u00f6rsta stycket jaktf\u00f6rordningen (statens vilt) tagits om hand, skall polismyndigheten snarast \u00f6verl\u00e4mna djuret eller djurdelen till Naturhistoriska riksmuseet. Vad som nu sagts g\u00e4ller dock inte bj\u00f6rn, varg, j\u00e4rv, lo eller utter, varom Naturv\u00e5rdsverket beslutar i enskilt fall. Om djuret eller djurdelen beh\u00f6vs f\u00f6r utredning om eventuellt brott , eller misstanke om sjukdom, skall polismyndigheten \u00f6verl\u00e4mna djuret eller djurdelen till Statens veterin\u00e4rmedicinska anstalt. Mottagare av s\u00e5dant djur eller djurdel f\u00e5r besluta om hur materialet skall disponeras f\u00f6r att tillgodose i 25 \u00a7 jaktlagen f\u00f6reskrivet \u00e4ndam\u00e5l f\u00f6r \u00f6verl\u00e4mnandet&#8221;.<\/p>\n","protected":false},"excerpt":{"rendered":"<p>Dessa d\u00e4ggdjur och f\u00e5glar \u00e4r statens vilt De h\u00e4r arterna\u00a0tillfaller staten ( via Polisen) n\u00e4r de omh\u00e4ndertas, p\u00e5tr\u00e4ffas d\u00f6da eller d\u00f6das n\u00e4r\u00a0det \u00e4r fredat: D\u00e4ggdjur Bj\u00f6rn, varg, j\u00e4rv, lo, myskoxe, fj\u00e4llr\u00e4v, utter och\u00a0valar Rovf\u00e5glar Fiskgjuse, bivr\u00e5k, tornuggla, h\u00f6kuggla, berguv, fj\u00e4lluggla, lappuggla, slaguggla, \u00f6rnar, glador, falkar och k\u00e4rrh\u00f6kar Hackspettar Gr\u00e5spett, vitryggig hackspett och\u00a0mellanspett \u00d6vriga f\u00e5glar R\u00f6rdrom, [&hellip;]<\/p>\n","protected":false},"author":78,"featured_media":0,"parent":1705,"menu_order":3,"comment_status":"open","ping_status":"open","template":"","meta":{"footnotes":""},"class_list":["post-4602","page","type-page","status-publish","hentry"],"_links":{"self":[{"href":"https:\/\/krets.jagareforbundet.se\/folkarna\/wp-json\/wp\/v2\/pages\/4602","targetHints":{"allow":["GET"]}}],"collection":[{"href":"https:\/\/krets.jagareforbundet.se\/folkarna\/wp-json\/wp\/v2\/pages"}],"about":[{"href":"https:\/\/krets.jagareforbundet.se\/folkarna\/wp-json\/wp\/v2\/types\/page"}],"author":[{"embeddable":true,"href":"https:\/\/krets.jagareforbundet.se\/folkarna\/wp-json\/wp\/v2\/users\/78"}],"replies":[{"embeddable":true,"href":"https:\/\/krets.jagareforbundet.se\/folkarna\/wp-json\/wp\/v2\/comments?post=4602"}],"version-history":[{"count":0,"href":"https:\/\/krets.jagareforbundet.se\/folkarna\/wp-json\/wp\/v2\/pages\/4602\/revisions"}],"up":[{"embeddable":true,"href":"https:\/\/krets.jagareforbundet.se\/folkarna\/wp-json\/wp\/v2\/pages\/1705"}],"wp:attachment":[{"href":"https:\/\/krets.jagareforbundet.se\/folkarna\/wp-json\/wp\/v2\/media?parent=4602"}],"curies":[{"name":"wp","href":"https:\/\/api.w.org\/{rel}","templated":true}]}}