{"id":4734,"date":"2014-06-15T10:42:09","date_gmt":"2014-06-15T08:42:09","guid":{"rendered":"https:\/\/krets.jagareforbundet.se\/folkarna\/?page_id=4734"},"modified":"2021-06-30T10:48:04","modified_gmt":"2021-06-30T08:48:04","slug":"jaktkort","status":"publish","type":"page","link":"https:\/\/krets.jagareforbundet.se\/folkarna\/medlemsfragor\/jaktkort\/","title":{"rendered":"Jaktkort"},"content":{"rendered":"<p>Det finns olika jaktkort\/bevis \u00a0som du som j\u00e4gare m\u00e5ste ha f\u00f6r att jaga.<\/p>\n<div class=\"clearfix content__fluid\" id=\"content\">\n<div id=\"fullCol\">\n<div id=\"mainCol\">\n<div class=\"content clearfix\">\n<div class=\"pageContent clearfix\">\n<p class=\"intro\"><span style=\"color: #ff0000\"><strong>Statliga<\/strong>\u00a0<strong>jaktkortet<\/strong><\/span> som alla som skall jaga i landet m\u00e5ste ha. Avgiften \u00e4r fastst\u00e4lld till 400 kronor och betalas till Viltv\u00e5rdsfonden av den som ska jaga. Detta g\u00e4ller \u00e4ven f\u00f6r exempelvis hundf\u00f6rare och dig som g\u00e5r i drev om du har del i bytet. \u00c4r du under 18 \u00e5r beh\u00f6ver du inte betala viltv\u00e5rdsavgiften. J\u00e4gare i Sverige m\u00e5ste ha med sig ett statligt jaktkort under jakten.<\/p>\n<div>\n<p>Jaktkortet visar att du har betalat viltv\u00e5rdsavgiften och \u00e4r ber\u00e4ttigad att jaga i Sverige. Du f\u00e5r ditt jaktkort cirka tre veckor efter att din betalning kommit in till jaktkortsregistret.<\/p>\n<ul>\n<li>Jaktkortet g\u00e4ller fr\u00e5n 1 juli till 30 juni och m\u00e5ste f\u00f6rnyas varje \u00e5r.<\/li>\n<li>Jaktkortet ska kunna visas upp p\u00e5 uppmaning f\u00f6r till exempel polisen.<\/li>\n<li>Du m\u00e5ste ha betalat jaktkort\/viltv\u00e5rdsavgift f\u00f6r att f\u00e5 jaga, oavsett om det g\u00e4ller f\u00e4llf\u00e5ngst eller jakt med skjutvapen.<\/li>\n<li>Du som \u00e4r under 18 \u00e5r slipper att l\u00f6sa jaktkort. Befrielsen g\u00e4ller den som inte hunnit fylla 18 vid jakt\u00e5rets b\u00f6rjan.<\/li>\n<li>\u00c4ven du som hundf\u00f6rare \u00e4r skyldig att betala avgiften om syftet \u00e4r att f\u00e4lla vilt, oavsett om det \u00e4r du sj\u00e4lv eller n\u00e5gon annan som planerar att avlossa skott. Du som g\u00e5r i drev \u00e4r ocks\u00e5 skyldig att betala avgiften. (K\u00e4lla naturv\u00e5rdsverket.se)<\/li>\n<\/ul>\n<p>Mer information f\u00e5r du p\u00e5 Naturv\u00e5rdsverket webbplats.<\/p>\n<h4>Betala ditt jaktkort p\u00e5 webben!<\/h4>\n<h4><a href=\"https:\/\/jagarregistret.naturvardsverket.se\/\" target=\"_blank\" rel=\"noopener\">Inloggning j\u00e4garregistret<\/a><\/h4>\n<p>Naturv\u00e5rdsverket har skapat en webbsida, Min sida, d\u00e4r du bland annat kan betala ditt jaktkort. F\u00f6r att registrera dig och f\u00e5 tillg\u00e5ng till sidan beh\u00f6ver du en e-postadress.<\/p>\n<p>N\u00e4r du har registrerat dig kan du via Min sida:<\/p>\n<ul>\n<li>Betala ditt jaktkort om du har betalkort med VISA eller Mastercard<\/li>\n<li>Se om du betalat jaktkortet<\/li>\n<li>Registrera dig f\u00f6r varg- och lodjursjakt<\/li>\n<\/ul>\n<\/div>\n<\/div>\n<\/div>\n<\/div>\n<\/div>\n<\/div>\n<p><span style=\"color: #ff0000\"><strong>Jaktr\u00e4ttsbevis<\/strong><\/span>\u00a0som du m\u00e5ste ha f\u00f6r att jaga p\u00e5 den mark d\u00e4r du \u00e4ger eller arrenderar mark, och \u00e4r avsett f\u00f6r att t\u00e4cka\u00a0de gemensamma\u00a0jaktkostnader som uppst\u00e5r i f\u00f6reningen. Dessa kan vara <strong>gemensamma<\/strong> f\u00f6r all jakt i omr\u00e5det, eller uppdelade i ett <strong>sm\u00e5viltkort<\/strong> och ett <strong>\u00e4lgkort.<\/strong><\/p>\n<p><span style=\"color: #ff0000\"><strong>G\u00e4stjaktsbevis<\/strong><\/span>\u00a0\u00e4r ett kort du m\u00e5ste ha f\u00f6r att jaga p\u00e5 mark d\u00e4r du ej har\u00a0Jaktr\u00e4ttsbevis. Det l\u00f6ses med ett kort per jaktdag i det jaktlag d\u00e4r jakten sker och ber\u00e4ttigar <strong>ej<\/strong> till enskild jakt, om s\u00e5dant beslut tagits i f\u00f6reningen.<\/p>\n<p><span style=\"color: #ff0000\"><strong>Rovdjurskort<\/strong><\/span> \u00e4r ett symboliskt kort n\u00e4r du deltar i samarbetsjakt p\u00e5 rovdjur d\u00e4r du ej betalar jaktr\u00e4ttsbevis. Jaktlaget d\u00e4r du normalt jagar skall acceptera den jaktformen f\u00f6r att du kan delta i s\u00e5dana jakter.<\/p>\n<p>Vid k\u00f6p av jaktkort f\u00f6rpliktigar man sig k\u00e4nna till och f\u00f6lja de lagar och best\u00e4mmelser som finns f\u00f6r natur, jaktgr\u00e4nser, vapen &amp; ammunition, jakt och s\u00e4kerhet, \u00e4ven lokalt.<\/p>\n<div class=\"filter clearfix\">\n<h3>\u00a0Ladda ned jaktkortet som pdf-fil<\/h3>\n<\/div>\n<div class=\"leftCol leftColLarge newsList\">\n<div class=\"newsItem newsItemFull newsItemLargeLast\">\n<p class=\"intro\">N\u00e4r Naturv\u00e5rdsverket skickade ut information till tj\u00e4nstem\u00e4n som kontrollerar innehav av statligt jaktkort fanns ocks\u00e5 en nyhet med. Nu kan man ladda ned det statliga jaktkortet som pdf-fil.\u00a0<a href=\"https:\/\/jagarregistret.naturvardsverket.se\/\" class=\"woo-sc-button  purple\" ><span class=\"woo-\">Klicka H\u00e4r !<\/span><\/a><\/p>\n<p class=\"date\">2014-06-18<\/p>\n<div>\n<p><strong>VEM F\u00c5R KONTROLLERA INNEHAV AV JAKTKORT?<\/strong><br \/>\nJaktkort ska alltid tas med p\u00e5 jakt och kunna visas f\u00f6r exempelvis<\/p>\n<p><strong>&#8211; polisman<\/strong><\/p>\n<p><strong>&#8211; tillsynsman i nationalpark eller naturreservat<\/strong><\/p>\n<p><strong><span style=\"line-height: 1.5\">&#8211; tj\u00e4nsteman vid Kustbevakningen<\/span><\/strong><\/p>\n<p><strong> &#8211; tj\u00e4nsteman vid Tullverkets gr\u00e4nsbevakning<\/strong><\/p>\n<p><strong>STATLIGA JAKTKORTET \u2013 EN DEL AV JAKTEN I SVERIGE<\/strong><br \/>\nStatliga jaktkortet \u00e4r ett bevis p\u00e5 betald viltv\u00e5rdsavgift, en avgift som alla som jagar i Sverige ska betala. Viltv\u00e5rdsavgifterna finansierar utveckling av jakt- och viltv\u00e5rd i Sverige. Ett jakt\u00e5r l\u00f6per 1 juli till 30 juni \u00e5ret efter.<\/p>\n<p>Nu finns m\u00f6jligheten att betala och motta sitt statliga jaktkort online. Efter genomf\u00f6rd betalning kan man ladda ned sitt statliga jaktkort som en PDF. Detta dokument \u00e4r giltigt som utskrift eller f\u00f6r uppvisande i smart telefon eller surfplatta. I PDF:en finns m\u00f6jligheten att fylla i sina vapenlicenser innan utskrift.<\/p>\n<p><strong>UTL\u00c4NDSKA J\u00c4GARE<\/strong><br \/>\nAlla utl\u00e4ndska j\u00e4gare ska skapa en profil i J\u00e4garregistret och g\u00f6ra sin betalning online. Utl\u00e4ndska j\u00e4gare ska allts\u00e5 kunna uppvisa ovan PDF. Tillsvidare kan \u00e4ven kvitto p\u00e5 avlagd viltv\u00e5rdsavgift godk\u00e4nnas vid kontroll d\u00e4r uppgift om namn, f\u00f6delsedatum och nationalitet framkommer.<\/p>\n<p><strong>KONTAKTA NATURV\u00c5RDSVERKET F\u00d6R MER INFORMATION<\/strong><\/p>\n<\/div>\n<\/div>\n<\/div>\n","protected":false},"excerpt":{"rendered":"<p>Det finns olika jaktkort\/bevis \u00a0som du som j\u00e4gare m\u00e5ste ha f\u00f6r att jaga. Statliga\u00a0jaktkortet som alla som skall jaga i landet m\u00e5ste ha. Avgiften \u00e4r fastst\u00e4lld till 400 kronor och betalas till Viltv\u00e5rdsfonden av den som ska jaga. Detta g\u00e4ller \u00e4ven f\u00f6r exempelvis hundf\u00f6rare och dig som g\u00e5r i drev om du har del i [&hellip;]<\/p>\n","protected":false},"author":78,"featured_media":0,"parent":171,"menu_order":0,"comment_status":"open","ping_status":"open","template":"","meta":{"footnotes":""},"class_list":["post-4734","page","type-page","status-publish","hentry"],"_links":{"self":[{"href":"https:\/\/krets.jagareforbundet.se\/folkarna\/wp-json\/wp\/v2\/pages\/4734","targetHints":{"allow":["GET"]}}],"collection":[{"href":"https:\/\/krets.jagareforbundet.se\/folkarna\/wp-json\/wp\/v2\/pages"}],"about":[{"href":"https:\/\/krets.jagareforbundet.se\/folkarna\/wp-json\/wp\/v2\/types\/page"}],"author":[{"embeddable":true,"href":"https:\/\/krets.jagareforbundet.se\/folkarna\/wp-json\/wp\/v2\/users\/78"}],"replies":[{"embeddable":true,"href":"https:\/\/krets.jagareforbundet.se\/folkarna\/wp-json\/wp\/v2\/comments?post=4734"}],"version-history":[{"count":2,"href":"https:\/\/krets.jagareforbundet.se\/folkarna\/wp-json\/wp\/v2\/pages\/4734\/revisions"}],"predecessor-version":[{"id":7734,"href":"https:\/\/krets.jagareforbundet.se\/folkarna\/wp-json\/wp\/v2\/pages\/4734\/revisions\/7734"}],"up":[{"embeddable":true,"href":"https:\/\/krets.jagareforbundet.se\/folkarna\/wp-json\/wp\/v2\/pages\/171"}],"wp:attachment":[{"href":"https:\/\/krets.jagareforbundet.se\/folkarna\/wp-json\/wp\/v2\/media?parent=4734"}],"curies":[{"name":"wp","href":"https:\/\/api.w.org\/{rel}","templated":true}]}}