{"id":4754,"date":"2014-07-05T19:17:47","date_gmt":"2014-07-05T17:17:47","guid":{"rendered":"https:\/\/krets.jagareforbundet.se\/folkarna\/?page_id=4754"},"modified":"2014-07-05T19:17:47","modified_gmt":"2014-07-05T17:17:47","slug":"eftersokstraning","status":"publish","type":"page","link":"https:\/\/krets.jagareforbundet.se\/folkarna\/jaktfragor\/eftersok\/eftersokstraning\/","title":{"rendered":"Efters\u00f6kstr\u00e4ning"},"content":{"rendered":"<div class=\"article\">\n<p><strong>Det kan m\u00e5nga g\u00e5nger vara sv\u00e5rt att hitta eventuellt blod efter det p\u00e5skjutna djuret. Eftersom hundens nos \u00e4r oerh\u00f6rt mycket effektivare f\u00f6r \u00e4ndam\u00e5let \u00e4n din och min syn, \u00e4r mycket vunnet om du kan f\u00e5 hunden att markera blod. <\/strong><\/p>\n<div>\n<p>S\u00e5h\u00e4r kan du l\u00e4gga upp tr\u00e4ningen: Anv\u00e4nd plasthandskar. Riv d\u00e4refter av n\u00e5gra frim\u00e4rksstora bitar av ett papperssnitselband och l\u00e4gg ner dem i en burk med lite blod.<br \/>\nVilken sorts blod du anv\u00e4nder spelar ingen som helst roll, enligt efters\u00f6ksj\u00e4garna P\u00e4r Wahlman och Calle Ekstr\u00f6m.<br \/>\nSpreja d\u00e4refter ett sp\u00e5r med vatten och p\u00e4ls och placera ut pappersremsorna med blod med oj\u00e4mna mellanrum. F\u00f6r att vara s\u00e4ker p\u00e5 var du lagt bitarna kan du markera med snitselband. L\u00e5t sedan hunden sp\u00e5ra och om den markerar blodet \u00e4r det ber\u00f6m som g\u00e4ller. Direkt. Markerar inte hunden blodet sj\u00e4lv f\u00e5r du g\u00f6ra den uppm\u00e4rksam p\u00e5 vad som finns d\u00e4r p\u00e5 marken och d\u00e4refter ber\u00f6mma n\u00e4r hunden visar sitt intresse f\u00f6r blodet.<\/p>\n<p><strong>Bel\u00f6na inte sp\u00e5rslut<\/strong><\/p>\n<p><img loading=\"lazy\" decoding=\"async\" src=\"http:\/\/svenskjakt.se\/Global\/Efters%c3%b6k\/Tr%c3%a4ning\/Bel%c3%b6na%20inte%20sp%c3%a5rslut%20OO.jpg\" alt=\"\" width=\"180\" height=\"120\" \/><\/p>\n<p>I den traditionella sp\u00e5rtr\u00e4ningen bel\u00f6nas hunden n\u00e4r den hittat kl\u00f6ven och d\u00e4rmed arbetat klart. P\u00e4r och Calle har en annan filosofi. De ber\u00f6mmer och bel\u00f6nar hunden n\u00e4r den arbetar, sp\u00e5rar. D\u00e4remot bel\u00f6nar de inte vid sp\u00e5rslut. M\u00e5nga g\u00e5nger tar de dessutom av hunden fr\u00e5n sp\u00e5ret innan det \u00e4r slut. \u2013 Hunden ska bel\u00f6nas f\u00f6r sitt arbete. Inte f\u00f6r att den slutar arbeta, menar Calle Ekstr\u00f6m.<\/p>\n<p><strong><img loading=\"lazy\" decoding=\"async\" src=\"http:\/\/svenskjakt.se\/Global\/Efters%c3%b6k\/Tr%c3%a4ning\/Sp%c3%a5ra%20med%20kort%20lina.jpg\" alt=\"\" width=\"180\" height=\"120\" \/><\/strong><\/p>\n<p><strong>Sp\u00e5ra med kort lina<\/strong><br \/>\nEn traditionell sp\u00e5rlina \u00e4r ofta 15 meter l\u00e5ng och l\u00e5ngt d\u00e4r framme stretar sp\u00e5rhunden p\u00e5. P\u00e4r och Calle gillar inte det uppl\u00e4gget. De h\u00e5ller ist\u00e4llet hunden i kort lina, en knapp meter.<br \/>\n\u2013 D\u00e5 ser du hur hunden arbetar och kan l\u00e4sa av den p\u00e5 ett bra s\u00e4tt, f\u00f6rklarar P\u00e4r Wahlman.<\/p>\n<\/div>\n<\/div>\n<div class=\"aside\">\n<div class=\"options\">\n<ul class=\"clearfix\">\n<li class=\"print\"><\/li>\n<li class=\"mail\"><a href=\"mailto:?subject=H%C3%A4r%20kommer%20ett%20tips%20om%20Svensk%20Jakt&amp;body=Hej,%20jag%20skulle%20vilja%20tipsa%20dig%20om%20den%20h%C3%A4r%20sidan%20p%C3%A5%20svenskjakt.se:%0D%0A%0D%0Ahttp:\/\/svenskjakt.se\/hund\/dressyr\/lar-hunden-markera-blod\/\">E-posta<\/a><\/li>\n<\/ul>\n<\/div>\n<div id=\"ctl00_FullRegion_MainRegion_PhReadMore\" class=\"follow\">\n<h2>L\u00e4s mer<\/h2>\n<div class=\"linkList\">\n<ul class=\"clearfix\">\n<li><a href=\"http:\/\/svenskjakt.se\/hund\/dressyr\/sa-tranar-du-sparhunden-mer-effektivt\/\" target=\"\">S\u00e5 tr\u00e4nar du sp\u00e5rhunden mer effektivt<\/a><\/li>\n<li><a href=\"http:\/\/svenskjakt.se\/hund\/dressyr\/forskare-ifragasatter-eftersokshundarna\/\" target=\"\">Forskare ifr\u00e5gas\u00e4tter efters\u00f6kshundarna<\/a><\/li>\n<\/ul>\n<\/div>\n<\/div>\n<\/div>\n<div class=\"clearfix\">Skribent<\/div>\n<div class=\"author\">\n<h2>Olle Olsson<\/h2>\n<\/div>\n","protected":false},"excerpt":{"rendered":"<p>Det kan m\u00e5nga g\u00e5nger vara sv\u00e5rt att hitta eventuellt blod efter det p\u00e5skjutna djuret. Eftersom hundens nos \u00e4r oerh\u00f6rt mycket effektivare f\u00f6r \u00e4ndam\u00e5let \u00e4n din och min syn, \u00e4r mycket vunnet om du kan f\u00e5 hunden att markera blod. S\u00e5h\u00e4r kan du l\u00e4gga upp tr\u00e4ningen: Anv\u00e4nd plasthandskar. Riv d\u00e4refter av n\u00e5gra frim\u00e4rksstora bitar av ett [&hellip;]<\/p>\n","protected":false},"author":78,"featured_media":0,"parent":1002,"menu_order":2,"comment_status":"open","ping_status":"open","template":"","meta":{"footnotes":""},"class_list":["post-4754","page","type-page","status-publish","hentry"],"_links":{"self":[{"href":"https:\/\/krets.jagareforbundet.se\/folkarna\/wp-json\/wp\/v2\/pages\/4754","targetHints":{"allow":["GET"]}}],"collection":[{"href":"https:\/\/krets.jagareforbundet.se\/folkarna\/wp-json\/wp\/v2\/pages"}],"about":[{"href":"https:\/\/krets.jagareforbundet.se\/folkarna\/wp-json\/wp\/v2\/types\/page"}],"author":[{"embeddable":true,"href":"https:\/\/krets.jagareforbundet.se\/folkarna\/wp-json\/wp\/v2\/users\/78"}],"replies":[{"embeddable":true,"href":"https:\/\/krets.jagareforbundet.se\/folkarna\/wp-json\/wp\/v2\/comments?post=4754"}],"version-history":[{"count":0,"href":"https:\/\/krets.jagareforbundet.se\/folkarna\/wp-json\/wp\/v2\/pages\/4754\/revisions"}],"up":[{"embeddable":true,"href":"https:\/\/krets.jagareforbundet.se\/folkarna\/wp-json\/wp\/v2\/pages\/1002"}],"wp:attachment":[{"href":"https:\/\/krets.jagareforbundet.se\/folkarna\/wp-json\/wp\/v2\/media?parent=4754"}],"curies":[{"name":"wp","href":"https:\/\/api.w.org\/{rel}","templated":true}]}}