{"id":4757,"date":"2014-07-15T12:10:07","date_gmt":"2014-07-15T10:10:07","guid":{"rendered":"https:\/\/krets.jagareforbundet.se\/folkarna\/?page_id=4757"},"modified":"2014-07-15T12:10:07","modified_gmt":"2014-07-15T10:10:07","slug":"jaktfoto","status":"publish","type":"page","link":"https:\/\/krets.jagareforbundet.se\/folkarna\/medlemsfragor\/jaktfoto\/","title":{"rendered":"Jaktfoto"},"content":{"rendered":"<p>Svensk Jakt har startat en fotoskola f\u00f6r j\u00e4gare h\u00e4r har du en l\u00e4nk dit\u00a0<a href=\"http:\/\/svenskjakt.se\/Start\/Nyheter\/2014\/06\/fotokurs-for-jagare\/\" class=\"woo-sc-button  green large\" ><span class=\"woo-alert\">Fotoskolan<\/span><\/a><\/p>\n","protected":false},"excerpt":{"rendered":"<p>Svensk Jakt har startat en fotoskola f\u00f6r j\u00e4gare h\u00e4r har du en l\u00e4nk dit\u00a0<\/p>\n","protected":false},"author":78,"featured_media":0,"parent":171,"menu_order":13,"comment_status":"open","ping_status":"open","template":"","meta":{"footnotes":""},"class_list":["post-4757","page","type-page","status-publish","hentry"],"_links":{"self":[{"href":"https:\/\/krets.jagareforbundet.se\/folkarna\/wp-json\/wp\/v2\/pages\/4757","targetHints":{"allow":["GET"]}}],"collection":[{"href":"https:\/\/krets.jagareforbundet.se\/folkarna\/wp-json\/wp\/v2\/pages"}],"about":[{"href":"https:\/\/krets.jagareforbundet.se\/folkarna\/wp-json\/wp\/v2\/types\/page"}],"author":[{"embeddable":true,"href":"https:\/\/krets.jagareforbundet.se\/folkarna\/wp-json\/wp\/v2\/users\/78"}],"replies":[{"embeddable":true,"href":"https:\/\/krets.jagareforbundet.se\/folkarna\/wp-json\/wp\/v2\/comments?post=4757"}],"version-history":[{"count":0,"href":"https:\/\/krets.jagareforbundet.se\/folkarna\/wp-json\/wp\/v2\/pages\/4757\/revisions"}],"up":[{"embeddable":true,"href":"https:\/\/krets.jagareforbundet.se\/folkarna\/wp-json\/wp\/v2\/pages\/171"}],"wp:attachment":[{"href":"https:\/\/krets.jagareforbundet.se\/folkarna\/wp-json\/wp\/v2\/media?parent=4757"}],"curies":[{"name":"wp","href":"https:\/\/api.w.org\/{rel}","templated":true}]}}