{"id":4886,"date":"2014-09-21T17:34:25","date_gmt":"2014-09-21T15:34:25","guid":{"rendered":"https:\/\/krets.jagareforbundet.se\/folkarna\/?page_id=4886"},"modified":"2018-09-18T16:30:31","modified_gmt":"2018-09-18T14:30:31","slug":"%c2%a7-28","status":"publish","type":"page","link":"https:\/\/krets.jagareforbundet.se\/folkarna\/%c2%a7-28\/","title":{"rendered":"\u00a7 28"},"content":{"rendered":"<p><strong>Paragraf 28 i jaktf\u00f6rordningen inneb\u00e4r att ett tamdjurs \u00e4gare och andra har m\u00f6jlighet att skydda sina tamdjur vid rovdjursattacker. Svenska J\u00e4garef\u00f6rbundets jurist Ola W\u00e4limaa g\u00e5r igenom vad som g\u00e4ller. <\/strong><\/p>\n<div>\n<p>Alla f\u00e5r f\u00f6rs\u00f6ka skr\u00e4mma bj\u00f6rn, varg, j\u00e4rv eller lo som angriper tamdjur eller om det finns sk\u00e4lig anledning att befara ett s\u00e5dant angrepp. S\u00e5dana rovdjur f\u00e5r ocks\u00e5 under vissa f\u00f6ruts\u00e4ttningar d\u00f6das av tamdjurets \u00e4gare eller v\u00e5rdare, n\u00e4mligen f\u00f6ljande:<\/p>\n<p>\u2022 N\u00e4r rovdjuret angriper och skadar tamdjuret eller om det \u00e4r uppenbart att ett s\u00e5dant angrepp \u00e4r omedelbart f\u00f6rest\u00e5ende.<\/p>\n<p>\u2022 Om det finns sk\u00e4lig anledning att befara ett angrepp p\u00e5 tamdjuret och d\u00f6dandet sker i omedelbar anslutning till att rovdjuret har angripit och skadat eller d\u00f6dat tamdjur.<\/p>\n<p>\u2022 Om rovdjuret befinner sig inom inh\u00e4gnat omr\u00e5de avsett f\u00f6r sk\u00f6tsel av tamdjuret och det finns sk\u00e4lig anledning att befara ett angrepp d\u00e4r.<\/p>\n<p><strong>Efter skr\u00e4msel\u00e5tg\u00e4rd<\/strong><br \/>\nRovdjuret f\u00e5r dock bara d\u00f6das n\u00e4r det inte g\u00e5r att skr\u00e4mma bort det eller n\u00e4r det inte g\u00e5r att avbryta eller avv\u00e4rja angreppet p\u00e5 n\u00e5got annat l\u00e4mpligt s\u00e4tt.<br \/>\nOm man till exempel f\u00f6rs\u00f6kt f\u00e5 rovdjuret att avbryta med ett skr\u00e4mselskott eller genom att ropa eller vifta med armarna f\u00f6r att p\u00e5 s\u00e5 s\u00e4tt avv\u00e4rja ett angrepp, s\u00e5 b\u00f6r man enligt min mening ha gjort vad som kr\u00e4vs.<br \/>\nVidare g\u00e4ller att det ska r\u00f6ra sig om ett p\u00e5g\u00e5ende angrepp eller att det \u00e4r uppenbart att ett s\u00e5dant angrepp \u00e4r omedelbart f\u00f6rest\u00e5ende.<br \/>\nGenom anv\u00e4ndningen av dessa begrepp sk\u00e4rps kraven s\u00e5 h\u00f6gt man kan utan att faktiskt kr\u00e4va ett angrepp. Om det inte r\u00f6r sig om ett p\u00e5g\u00e5ende angrepp, torde det d\u00e4rf\u00f6r i princip kr\u00e4vas att rovdjuret \u00e4r \u201di hasorna\u201d p\u00e5 tamdjuret.<\/p>\n<p><strong>L\u00e4gre efter angrepp<\/strong><br \/>\nHar rovdjuret redan skadat eller d\u00f6dat tamdjur \u00e4r d\u00e4remot kraven l\u00e4gre. D\u00e5 kr\u00e4vs endast att det finns sk\u00e4lig anledning att anta att ett angrepp kommer att ske, vilket inneb\u00e4r att rovdjuret kan vara l\u00e4ngre ifr\u00e5n tamdjuret.<br \/>\nI detta fall m\u00e5ste dock d\u00f6dandet ske inom kort tid efter och inte heller f\u00f6r l\u00e5ngt avst\u00e5ndsm\u00e4ssigt fr\u00e5n den senaste angreppsplatsen.<br \/>\nOm det r\u00f6r sig om tamdjur inom inh\u00e4gnad s\u00e5 s\u00e4nks ribban \u00e4nnu ett steg. Det r\u00e4cker d\u00e5 med att det finns sk\u00e4lig anledning att anta att ett angrepp kommer att ske. Det torde inneb\u00e4ra att rovdjuret f\u00f6rf\u00f6ljer eller annars befinner sig n\u00e4ra tamdjuren s\u00e5 risken f\u00f6r angrepp \u00e4r n\u00e4ra f\u00f6rest\u00e5ende.<\/p>\n<p><strong>Eget uppdrag<\/strong><br \/>\nOvanst\u00e5ende regler \u00e4r i princip vad som redan tidigare g\u00e4llde som allm\u00e4nna f\u00f6ruts\u00e4ttningar f\u00f6r att f\u00e5 d\u00f6da rovdjur. De konkreta detaljregler som numera inf\u00f6rts \u00e4r f\u00f6rst att man f\u00e5r skydda inte bara tamdjur utan \u00e4ven vilt inom vilth\u00e4gn, mot lodjur men inte mot andra rovdjur.<br \/>\nViktigaste nyheten \u00e4r dock att inte bara \u00e4garen eller v\u00e5rdaren av ett tamdjur under ovan angivna f\u00f6ruts\u00e4ttningar f\u00e5r d\u00f6da rovdjur, utan \u00e4ven den som handlar p\u00e5 deras uppdrag n\u00e4r det g\u00e4ller tamdjur inom inh\u00e4gnat omr\u00e5de, jakthundar som anv\u00e4nds i jaktlag och vilt inom vilth\u00e4gn (i det senare fallet endast lo).<br \/>\nDetsamma g\u00e4ller n\u00e4r uppdrag saknas men n\u00e4r den som vidtar \u00e5tg\u00e4rden har sk\u00e4lig anledning att anta att ett s\u00e5dant uppdrag skulle ha l\u00e4mnats om det funnits m\u00f6jlighet till det.<\/p>\n<p><em><strong>Ola W\u00e4limaa<\/strong><\/em><\/p>\n<\/div>\n","protected":false},"excerpt":{"rendered":"<p>Paragraf 28 i jaktf\u00f6rordningen inneb\u00e4r att ett tamdjurs \u00e4gare och andra har m\u00f6jlighet att skydda sina tamdjur vid rovdjursattacker. Svenska J\u00e4garef\u00f6rbundets jurist Ola W\u00e4limaa g\u00e5r igenom vad som g\u00e4ller. Alla f\u00e5r f\u00f6rs\u00f6ka skr\u00e4mma bj\u00f6rn, varg, j\u00e4rv eller lo som angriper tamdjur eller om det finns sk\u00e4lig anledning att befara ett s\u00e5dant angrepp. S\u00e5dana rovdjur f\u00e5r [&hellip;]<\/p>\n","protected":false},"author":78,"featured_media":0,"parent":0,"menu_order":5,"comment_status":"open","ping_status":"open","template":"","meta":{"footnotes":""},"class_list":["post-4886","page","type-page","status-publish","hentry"],"_links":{"self":[{"href":"https:\/\/krets.jagareforbundet.se\/folkarna\/wp-json\/wp\/v2\/pages\/4886","targetHints":{"allow":["GET"]}}],"collection":[{"href":"https:\/\/krets.jagareforbundet.se\/folkarna\/wp-json\/wp\/v2\/pages"}],"about":[{"href":"https:\/\/krets.jagareforbundet.se\/folkarna\/wp-json\/wp\/v2\/types\/page"}],"author":[{"embeddable":true,"href":"https:\/\/krets.jagareforbundet.se\/folkarna\/wp-json\/wp\/v2\/users\/78"}],"replies":[{"embeddable":true,"href":"https:\/\/krets.jagareforbundet.se\/folkarna\/wp-json\/wp\/v2\/comments?post=4886"}],"version-history":[{"count":0,"href":"https:\/\/krets.jagareforbundet.se\/folkarna\/wp-json\/wp\/v2\/pages\/4886\/revisions"}],"wp:attachment":[{"href":"https:\/\/krets.jagareforbundet.se\/folkarna\/wp-json\/wp\/v2\/media?parent=4886"}],"curies":[{"name":"wp","href":"https:\/\/api.w.org\/{rel}","templated":true}]}}