{"id":4913,"date":"2014-10-10T13:44:24","date_gmt":"2014-10-10T11:44:24","guid":{"rendered":"https:\/\/krets.jagareforbundet.se\/folkarna\/?page_id=4913"},"modified":"2019-05-30T18:07:31","modified_gmt":"2019-05-30T16:07:31","slug":"algpasset","status":"publish","type":"page","link":"https:\/\/krets.jagareforbundet.se\/folkarna\/jaktfragor\/algjakt\/algpasset\/","title":{"rendered":"\u00c4lgpasset"},"content":{"rendered":"<p><strong>Snart drar \u00e4lgjakten ig\u00e5ng i hela landet. F\u00f6r m\u00e5nga j\u00e4gare \u00e4r det \u00e5rets absoluta h\u00f6jdpunkt n\u00e4r den efterl\u00e4ngtade jakten \u00e4ntligen startar.<br \/>\nVi g\u00e5r h\u00e4r igenom hur du ska bete dig p\u00e5 passet f\u00f6r att ha st\u00f6rst chans att f\u00e5 se eller f\u00e4lla en eller annan \u00e4lg. <\/strong><\/p>\n<div>\n<p>Pl\u00f6tsligt st\u00e5r de d\u00e4r, \u00e4lgarna. Ibland har ljudet av kn\u00e4ckta grenar avsl\u00f6jat dem innan de kommer i pass, men ibland st\u00e5r de stora djuren bara d\u00e4r, som om de vuxit upp ur marken.<\/p>\n<p>Efter timmar av moltigande stillasittande ska passkytten p\u00e5 n\u00e5gra f\u00e5 sekunder best\u00e4mma om n\u00e5got djur \u00e4r skjutbart, bed\u00f6ma om kulf\u00e5nget \u00e4r bra och dessutom skjuta ett bra skott.<\/p>\n<p>Nu drar snart \u00f6ver 200.000 j\u00e4gare ut f\u00f6r att jaga \u00e4lg, och knappt 100.000 \u00e4lgar kommer f\u00e4llas under jakten. De flesta som jagar \u00e4lg sitter som passkyttar och ungef\u00e4r h\u00e4ften av \u00e4lgarna kommer att skjutas av dem som sitter p\u00e5 pass.<\/p>\n<p><strong>Sitt still och var tyst!<\/strong><br \/>\nSom passkytt \u00e4r du i viss m\u00e5n beroende av slumpen. Vill inte \u00e4lgarna g\u00e5 i ditt pass s\u00e5 kommer de heller inte att g\u00f6ra det. Men det \u00e4r heller ingen slump att en del passkyttar ser och f\u00e4ller fler \u00e4lgar \u00e4n andra, \u00e5r efter \u00e5r. D\u00e4rf\u00f6r f\u00e5r du h\u00e4r n\u00e5gra tumregler att h\u00e5lla dig till f\u00f6r att effektivisera din jakt.<\/p>\n<p>Sitt stilla och var tyst. Det \u00e4r de tv\u00e5 b\u00e4sta och mest grundl\u00e4ggande tipsen till samtliga passkyttar, oavsett jaktform. Om djuret vet var du \u00e4r kommer det inte till ditt pass. Exempelvis har knarrande stolryggs\u00e4ckar och passb\u00e4nkar f\u00e5tt fler \u00e4n en \u00e4lg att ta till flykten.<\/p>\n<p>Prata inte mer \u00e4n n\u00f6dv\u00e4ndigt i kommunikationsradion och anv\u00e4nd \u00f6ronmussla. \u00c4lgen har en v\u00e4l utvecklad h\u00f6rsel och g\u00e5r inte i pass om den h\u00f6rt j\u00e4garen. Sj\u00e4lvklart ska du ocks\u00e5 s\u00e4tta mobiltelefon i ljudl\u00f6st l\u00e4ge! Den k\u00e4cka melodin som mobilen till exempel spelar upp vid inkommande samtal \u00e4r garanterat inte n\u00e5got som drar \u00e4lgarna till ditt pass.<\/p>\n<p><strong>Undvik bl\u00e4nk<\/strong><br \/>\nSolbl\u00e4nk fr\u00e5n exempelvis jaktvapnet eller kikarsiktet uppfattas direkt av en \u00e4lg. St\u00e4ll dig om m\u00f6jligt i skuggan och problemet \u00e4r l\u00f6st.<\/p>\n<p>Att t\u00e4nda en brasa vid \u00e4lgpasset kan m\u00e5nga g\u00e5nger k\u00e4nnas som en befrielse. V\u00e4rmen kommer \u00e5ter i den stelfrusna kroppen och man kan ocks\u00e5 f\u00f6rsiktigt v\u00e4rma mat p\u00e5 elden.<\/p>\n<p>\u00c4lgarna skyggar vanligtvis inte av att man eldar p\u00e5 passet. Det finns de som menar att det tv\u00e4rtom \u00e4r bra f\u00f6r jaktlyckan att ha en eld brinnande eftersom \u00e4lgarna d\u00e5 har sv\u00e5rare att uppt\u00e4cka m\u00e4nniskovittringen.<\/p>\n<p>Om du best\u00e4mmer dig f\u00f6r att t\u00e4nda en eld vid passet \u00e4r det naturligtvis viktigt att ha st\u00e4llt i ordning b\u00e5de eldstad och ved innan jaktdagen. Att inleda jakten med att hugga ved p\u00e5 passet \u00e4r kanske den b\u00e4sta metoden om m\u00e5let \u00e4r att inte se n\u00e5gon \u00e4lg.<\/p>\n<p><strong>F\u00f6rbered jakten v\u00e4l<\/strong><br \/>\nSiktr\u00f6j skjutgatorna innan jakten. D\u00e5ligt r\u00f6jda skjutgator leder ofta till att skott inte kan avlossas eller i v\u00e4rsta fall till skadskjutningar eftersom studsarkulan l\u00e4tt kan toucha en kvist och \u00e4ndra riktning. Spar dock lite skydd kvar vid sj\u00e4lva passet och ta kontakt med mark\u00e4garen innan du g\u00f6r omfattande upprensningar kring passet.<\/p>\n<p><strong>Bra att ha<\/strong><br \/>\nHundkoppel eller ett sn\u00f6re \u00e4r bra att packa ned i ryggs\u00e4cken. Du kan d\u00e5 koppla l\u00f6shunden eller binda upp \u00e4lgen n\u00e4r du ska ta ur den.<\/p>\n<h3>S\u00e4kerheten fr\u00e4mst<\/h3>\n<div>\n<p>&nbsp;<\/p>\n<p>Jaktolyckor intr\u00e4ffar inte ofta, men de h\u00e4nder. F\u00f6r att minska olyckorna ytterligare ska alla j\u00e4gare b\u00e4ra signalf\u00e4rger. Ett hattband i orange \u00e4r \u00e5tminstone n\u00e5got som alla b\u00f6r vara utrustade med, g\u00e4rna kan de kompletteras med exempelvis en v\u00e4st i samma f\u00e4rg.<br \/>\nDessa enkla s\u00e4kerhets\u00e5tg\u00e4rder f\u00f6rs\u00e4mrar inte p\u00e5 n\u00e5got s\u00e4tt jaktlyckan, men kan d\u00e4remot hj\u00e4lpa till att skydda b\u00e5de dig och dina jaktkamrater fr\u00e5n en jaktolycka.<br \/>\nT\u00e4nk ocks\u00e5 alltid p\u00e5 skottriktingar och kulf\u00e5ng innan du avlossar skott!<\/p>\n<\/div>\n<\/div>\n","protected":false},"excerpt":{"rendered":"<p>Snart drar \u00e4lgjakten ig\u00e5ng i hela landet. F\u00f6r m\u00e5nga j\u00e4gare \u00e4r det \u00e5rets absoluta h\u00f6jdpunkt n\u00e4r den efterl\u00e4ngtade jakten \u00e4ntligen startar. Vi g\u00e5r h\u00e4r igenom hur du ska bete dig p\u00e5 passet f\u00f6r att ha st\u00f6rst chans att f\u00e5 se eller f\u00e4lla en eller annan \u00e4lg. Pl\u00f6tsligt st\u00e5r de d\u00e4r, \u00e4lgarna. Ibland har ljudet av [&hellip;]<\/p>\n","protected":false},"author":78,"featured_media":0,"parent":379,"menu_order":2,"comment_status":"open","ping_status":"open","template":"","meta":{"footnotes":""},"class_list":["post-4913","page","type-page","status-publish","hentry"],"_links":{"self":[{"href":"https:\/\/krets.jagareforbundet.se\/folkarna\/wp-json\/wp\/v2\/pages\/4913","targetHints":{"allow":["GET"]}}],"collection":[{"href":"https:\/\/krets.jagareforbundet.se\/folkarna\/wp-json\/wp\/v2\/pages"}],"about":[{"href":"https:\/\/krets.jagareforbundet.se\/folkarna\/wp-json\/wp\/v2\/types\/page"}],"author":[{"embeddable":true,"href":"https:\/\/krets.jagareforbundet.se\/folkarna\/wp-json\/wp\/v2\/users\/78"}],"replies":[{"embeddable":true,"href":"https:\/\/krets.jagareforbundet.se\/folkarna\/wp-json\/wp\/v2\/comments?post=4913"}],"version-history":[{"count":1,"href":"https:\/\/krets.jagareforbundet.se\/folkarna\/wp-json\/wp\/v2\/pages\/4913\/revisions"}],"predecessor-version":[{"id":6962,"href":"https:\/\/krets.jagareforbundet.se\/folkarna\/wp-json\/wp\/v2\/pages\/4913\/revisions\/6962"}],"up":[{"embeddable":true,"href":"https:\/\/krets.jagareforbundet.se\/folkarna\/wp-json\/wp\/v2\/pages\/379"}],"wp:attachment":[{"href":"https:\/\/krets.jagareforbundet.se\/folkarna\/wp-json\/wp\/v2\/media?parent=4913"}],"curies":[{"name":"wp","href":"https:\/\/api.w.org\/{rel}","templated":true}]}}