{"id":5122,"date":"2015-03-25T12:46:58","date_gmt":"2015-03-25T11:46:58","guid":{"rendered":"https:\/\/krets.jagareforbundet.se\/folkarna\/?page_id=5122"},"modified":"2015-03-25T13:02:05","modified_gmt":"2015-03-25T12:02:05","slug":"artiklar-om-jakthundar","status":"publish","type":"page","link":"https:\/\/krets.jagareforbundet.se\/folkarna\/artiklar-om-jakthundar\/","title":{"rendered":"Artiklar om jakthundar"},"content":{"rendered":"<h2><span style=\"color: #ff6600\">Artiklar om jakthundar &#8211; Svenska J\u00e4garef\u00f6rbundet.<\/span><\/h2>\n<form id=\"form2\" action=\"\" method=\"post\">\n<div id=\"pageWrap\">\n<div id=\"content\" class=\"clearfix\">\n<div id=\"fullCol\">\n<div id=\"mainCol\">\n<div class=\"content clearfix\">\n<div class=\"pageContent clearfix\">\n<h3><span style=\"color: #800000\"><strong><a style=\"color: #800000\" href=\"http:\/\/jagareforbundet.se\/jakten\/jakthund\/artiklar-om-jakthundar\/sa-forsvarar-jagareforbundet-loshundsjakten\/\">S\u00e5 f\u00f6rsvarar J\u00e4garef\u00f6rbundet l\u00f6shundsjakten<\/a><\/strong><\/span><\/h3>\n<p>Djurskyddet Sverige och Svenska Rovdjursf\u00f6reningens beg\u00e4r en konsekvensutredning av jakten med l\u00f6shund.<\/p>\n<h3><span style=\"color: #800000\"><a style=\"color: #800000\" href=\"http:\/\/jagareforbundet.se\/jakten\/jakthund\/artiklar-om-jakthundar\/hur-frisk-ar-din-hund\/\">Hur frisk \u00e4r din hund ?<\/a><\/span><\/h3>\n<\/div>\n<\/div>\n<\/div>\n<\/div>\n<\/div>\n<\/div>\n<\/form>\n","protected":false},"excerpt":{"rendered":"<p>Artiklar om jakthundar &#8211; Svenska J\u00e4garef\u00f6rbundet. S\u00e5 f\u00f6rsvarar J\u00e4garef\u00f6rbundet l\u00f6shundsjakten Djurskyddet Sverige och Svenska Rovdjursf\u00f6reningens beg\u00e4r en konsekvensutredning av jakten med l\u00f6shund. Hur frisk \u00e4r din hund ?<\/p>\n","protected":false},"author":78,"featured_media":0,"parent":0,"menu_order":5,"comment_status":"open","ping_status":"open","template":"","meta":{"footnotes":""},"class_list":["post-5122","page","type-page","status-publish","hentry"],"_links":{"self":[{"href":"https:\/\/krets.jagareforbundet.se\/folkarna\/wp-json\/wp\/v2\/pages\/5122","targetHints":{"allow":["GET"]}}],"collection":[{"href":"https:\/\/krets.jagareforbundet.se\/folkarna\/wp-json\/wp\/v2\/pages"}],"about":[{"href":"https:\/\/krets.jagareforbundet.se\/folkarna\/wp-json\/wp\/v2\/types\/page"}],"author":[{"embeddable":true,"href":"https:\/\/krets.jagareforbundet.se\/folkarna\/wp-json\/wp\/v2\/users\/78"}],"replies":[{"embeddable":true,"href":"https:\/\/krets.jagareforbundet.se\/folkarna\/wp-json\/wp\/v2\/comments?post=5122"}],"version-history":[{"count":0,"href":"https:\/\/krets.jagareforbundet.se\/folkarna\/wp-json\/wp\/v2\/pages\/5122\/revisions"}],"wp:attachment":[{"href":"https:\/\/krets.jagareforbundet.se\/folkarna\/wp-json\/wp\/v2\/media?parent=5122"}],"curies":[{"name":"wp","href":"https:\/\/api.w.org\/{rel}","templated":true}]}}