{"id":5305,"date":"2015-06-18T14:01:37","date_gmt":"2015-06-18T12:01:37","guid":{"rendered":"https:\/\/krets.jagareforbundet.se\/folkarna\/?page_id=5305"},"modified":"2021-07-10T09:53:44","modified_gmt":"2021-07-10T07:53:44","slug":"vildsvinsjakt","status":"publish","type":"page","link":"https:\/\/krets.jagareforbundet.se\/folkarna\/jaktfragor\/smavilt2\/vildsvin\/vildsvinsjakt\/","title":{"rendered":"Vildsvinsjakt"},"content":{"rendered":"<p>Webb-tv: Premi\u00e4r f\u00f6r Jaktkunskap &#8211; Svensk Jakt<\/p>\n<div class=\"equal\" id=\"pageWrap\">\n<div class=\"clearfix\" id=\"pageWrapInner\">\n<div id=\"pageContent\">\n<div class=\"clearfix\" id=\"innerContent\">\n<div class=\"mainCol\">\n<div class=\"article\">\n<p><strong>H\u00e4ng med p\u00e5 vildsvinsjakt. Nu har det f\u00f6rsta avsnittet av Jaktkunskap kommit.\u00a0 \u00a0<\/strong><img alt=\"\" \/>Klicka &gt;&gt; <strong><a href=\"https:\/\/www.youtube.com\/watch?v=QMUg-M03Xpc\" target=\"_blank\" rel=\"noopener\">H\u00e4r<\/a><\/strong><\/p>\n<div class=\"mobile\">Lite senare \u00e4n ber\u00e4knat, men mycket st\u00f6rre \u00e4n ber\u00e4knat. S\u00e5 beskriver Jaktkunskap sj\u00e4lva sin premi\u00e4r som nu lanserats p\u00e5 Youtube.<\/div>\n<div>\n<p>I \u00e5tta delar f\u00e5r vi f\u00f6lja med p\u00e5 olika jakter. I premi\u00e4rprogrammet \u00e4r det vildsvin som jagas och bland de medverkande i programmet \u00e5terfinns J\u00e4garef\u00f6rbundets jaktv\u00e5rdskonsulent Elias Turesson.<br \/>\nGuiden i programmen \u00e4r Marcus Nolfelt. Han \u00e4r nybliven j\u00e4gare och det \u00e4r han som kommer att st\u00e4lla de \u201ddumma fr\u00e5gorna\u201d till jaktv\u00e5rdskonsulenter och andra duktiga j\u00e4gare.<br \/>\n\u2013 Jag \u00e4r definitivt ingen kunnig j\u00e4gare, men jag \u00e4r vetgirig och vill l\u00e4ra mig s\u00e5 mycket som m\u00f6jligt om jakt. Och det \u00e4r den rollen jag tar i de h\u00e4r programmen, sa Marcus Nolfelt i en <a href=\"http:\/\/svenskjakt.se\/Start\/Nyheter\/2015\/05\/jaktkunskap--gratis-jagar-tv-pa-webben\/\"><strong>tidigare intervju<\/strong><\/a> med Svensk Jakt.<\/p>\n<p><a href=\"https:\/\/krets.jagareforbundet.se\/folkarna\/files\/2013\/04\/Vildsvin-2013-07-05.jpeg\"><img loading=\"lazy\" decoding=\"async\" class=\"wp-image-3612 aligncenter\" title=\"Vildsvin SVVO J Silvemark 2013-07-05\" src=\"https:\/\/krets.jagareforbundet.se\/folkarna\/files\/2013\/04\/Vildsvin-2013-07-05.jpeg\" alt=\"\" width=\"691\" height=\"518\" srcset=\"https:\/\/krets.jagareforbundet.se\/folkarna\/files\/2013\/04\/Vildsvin-2013-07-05.jpeg 1152w, https:\/\/krets.jagareforbundet.se\/folkarna\/files\/2013\/04\/Vildsvin-2013-07-05-300x225.jpeg 300w, https:\/\/krets.jagareforbundet.se\/folkarna\/files\/2013\/04\/Vildsvin-2013-07-05-1024x768.jpeg 1024w\" sizes=\"auto, (max-width: 691px) 100vw, 691px\" \/><\/a><\/p>\n<p>H\u00e4r kan du se det nya &#8221;Vildsvinspasset&#8221; \u00a0<a href=\"https:\/\/youtu.be\/PR0ufM-Sx7A\" class=\"woo-sc-button  silver large\" ><span class=\"woo-\">Titta H\u00e4r<\/span><\/a><\/p>\n<p style=\"text-align: center\"><a href=\"https:\/\/krets.jagareforbundet.se\/folkarna\/files\/2015\/06\/pak-boardvd_small_1463440465.png\"><img loading=\"lazy\" decoding=\"async\" class=\"aligncenter size-full wp-image-5734\" src=\"https:\/\/krets.jagareforbundet.se\/folkarna\/files\/2015\/06\/pak-boardvd_small_1463440465.png\" alt=\"pak-boardvd_small_1463440465\" width=\"450\" height=\"500\" srcset=\"https:\/\/krets.jagareforbundet.se\/folkarna\/files\/2015\/06\/pak-boardvd_small_1463440465.png 450w, https:\/\/krets.jagareforbundet.se\/folkarna\/files\/2015\/06\/pak-boardvd_small_1463440465-270x300.png 270w\" sizes=\"auto, (max-width: 450px) 100vw, 450px\" \/><br \/>\n<\/a><\/p>\n<p style=\"text-align: center\">H\u00e4r ser du en lockpipa f\u00f6r\u00a0vildsvins lock.<\/p>\n<p style=\"text-align: center\"><a href=\"https:\/\/krets.jagareforbundet.se\/folkarna\/files\/2018\/04\/vildsvin-2017-20180408_50.jpg\"><img loading=\"lazy\" decoding=\"async\" class=\"aligncenter size-large wp-image-6520\" src=\"https:\/\/krets.jagareforbundet.se\/folkarna\/files\/2018\/04\/vildsvin-2017-20180408_50-723x1024.jpg\" alt=\"\" width=\"723\" height=\"1024\" srcset=\"https:\/\/krets.jagareforbundet.se\/folkarna\/files\/2018\/04\/vildsvin-2017-20180408_50-723x1024.jpg 723w, https:\/\/krets.jagareforbundet.se\/folkarna\/files\/2018\/04\/vildsvin-2017-20180408_50-212x300.jpg 212w, https:\/\/krets.jagareforbundet.se\/folkarna\/files\/2018\/04\/vildsvin-2017-20180408_50-768x1088.jpg 768w\" sizes=\"auto, (max-width: 723px) 100vw, 723px\" \/><\/a><\/p>\n<p style=\"text-align: center\"><a href=\"https:\/\/jagareforbundet.se\/aktuellt\/forbundsnyheter\/2018\/03\/bra-att-veta-vid-vildsvinsjakt\/\" class=\"woo-sc-button  purple large\" ><span class=\"woo-\">Bra att veta vid Vildsvinsjakt<\/span><\/a><\/p>\n<p style=\"text-align: center\"><strong>Vildsvinsjakt i Mj\u00f6lkmogen vete.<\/strong><\/p>\n<div class=\"clearfix content__fluid\" id=\"content\">\n<div id=\"fullCol\">\n<div id=\"largeCol\">\n<div class=\"content clearfix\">\n<div class=\"leftCol leftColLarge newsList\">\n<div class=\"newsItem newsItemFull newsItemLargeLast\">\n<div>\n<p><strong>1. Reka innan jakten<br \/>\n<\/strong>G\u00e5 runt f\u00e4lten dagtid och spana var vildsvinen har sina g\u00e5ngar. Kanske en gr\u00e4sbevuxen \u00f6verg\u00e5ng mellan f\u00e4lt kan h\u00e5llas nere med gr\u00e4strimmer och du vet \u00e5tminstone ett bra st\u00e4lle att komma \u00e5t dem. Sitt i ett h\u00f6gt torn n\u00e5gon kv\u00e4ll innan och kika med handkikare, d\u00e5 f\u00e5r du en bra \u00f6verblick, ta ut avst\u00e5nd och g\u00f6r upp en plan f\u00f6r olika scenario \u2013 vilka grupper eller ensamma djur r\u00f6r sig i omr\u00e5det.<\/p>\n<p><strong>2. Smyg r\u00e4tt i vinden<br \/>\n<\/strong>I de mest vildsvinst\u00e4ta omr\u00e5den \u00e4r jakt ute p\u00e5 \u00e5krarna kv\u00e4llstid mycket vanligt. Jaktformen bygger p\u00e5 att man med r\u00e4tt och stadig vind kan smyga in p\u00e5 n\u00e4ra avst\u00e5nd. I skydd av vindens brus kan du rentav komma \u00e4nnu lite n\u00e4rmare.<\/p>\n<p><strong>3. Prasselfria kl\u00e4der<br \/>\n<\/strong>Kl\u00e4der med kamou\u00adflage fungerar bra, men \u00e4r l\u00e5ngt ifr\u00e5n n\u00f6dv\u00e4ndigt. Men en tyst yta p\u00e5 dina jaktkl\u00e4der underl\u00e4ttar s\u00e5klart smygandet i gr\u00f6dor, som kan n\u00e5 dig \u00e4nda upp till midjan. Som vanligt g\u00e4ller r\u00e4tt beteende vid r\u00e4tt tillf\u00e4lle. N\u00e4r vildsvinen \u00e4r upptagna med att \u00e4ta kan man sakta r\u00f6ra sig fram\u00e5t, men stanna upp s\u00e5 fort de slutar \u00e4ta f\u00f6r att lyssna.<\/p>\n<p><strong>4. Nyttja sprutsp\u00e5ren<br \/>\n<\/strong>F\u00f6r att inte f\u00f6rst\u00f6ra gr\u00f6dorna, och f\u00f6r att komma fram s\u00e5 tyst som m\u00f6jligt, nyttjar man de s\u00e5 kallade sprutsp\u00e5ren i \u00e5kern. Det sv\u00e5ra \u00e4r inte att komma inom skotth\u00e5ll, utan att faktiskt kunna se vilket djur man har framf\u00f6r sig. Ibland \u00e4r det en st\u00f6rre grupp, ibland ensamt vildsvin. Att skilja en galt eller st\u00f6rre gylta fr\u00e5n en f\u00f6rande sugga \u00e4r i det n\u00e4rmaste om\u00f6jligt. Ofta kommer och g\u00e5r skottchanserna snabbt n\u00e4r det g\u00e4ller jakt i s\u00e4d.<br \/>\n\u2013 F\u00f6r en dialog med lantbrukaren innan jakten om hur ni b\u00e4st f\u00f6rflyttar er i f\u00e4lt och likas\u00e5 undviker skador p\u00e5 gr\u00f6dorna n\u00e4r ni ska transportera ut skjutet vildsvin, s\u00e4ger Anders Nilsson, bitr jaktv\u00e5rdskonsulent.<\/p>\n<p><strong>5. Passa i liggs\u00e4den<br \/>\n<\/strong>M\u00e5nga g\u00e5nger \u00e4r det l\u00e4ttast att komma \u00e5t vildsvinen i liggs\u00e4d fr\u00e5n slagregn. Men \u00e4ven i utkanten av \u00e5krarna, eller de l\u00e4gre bevuxna omr\u00e5dena. D\u00e4r finns m\u00f6jligheten att hinna studera individerna f\u00f6r ett s\u00e4kert skott p\u00e5 r\u00e4tt avskjutningsdjur. I h\u00f6g s\u00e4d \u00e4r det inte s\u00e4kert att man kan avg\u00f6ra om vildsvinet \u00e4r skjutbart. D\u00e5 g\u00e4ller det att vara fr\u00e4ck och smyga in p\u00e5 mycket n\u00e4ra h\u00e5ll.<\/p>\n<p><strong>6. Fodra l\u00e5ngt ifr\u00e5n gr\u00f6dorna<br \/>\n<\/strong>Att st\u00f6ra och jaga vildsvinen i vetef\u00e4lten kan \u00e4ven kombineras med att fodra p\u00e5 annan plats<\/p>\n<p><strong>7. Anv\u00e4nd alla dina sinnen<br \/>\n<\/strong>Det kan vara nog s\u00e5 viktigt att stanna upp och lyssna och lukta, inte bara spana. Vildsvinen h\u00f6rs v\u00e4l genom sitt smaskande l\u00e4te n\u00e4r de \u00e4ter, men \u00e4ven n\u00e4r de grymtar och kivas med varandra. Var uppm\u00e4rksam p\u00e5 att flera grupper kan vara ute i f\u00e4ltet \u00f6ver ett st\u00f6rre omr\u00e5de.<\/p>\n<p><strong>8. Beg\u00e5 inget misstag<br \/>\n<\/strong>Man f\u00e5r absolut inte skjuta ledarsuggan, det kan bli \u00e4n v\u00e4rre skador p\u00e5 gr\u00f6dorna d\u00e5. J\u00e4garen b\u00f6r rikta in sig p\u00e5 i huvudsak ungdjur eller galtar. En av misstag bortskjuten ledarsugga st\u00e4ller till stora problem d\u00e5 det inte bara \u00e4r kultingarna som f\u00e5r lida, utan det bildas oord\u00adning i hierarkin i flocken. \u00a0N\u00e5got som p\u00e5verkar deras beteende i foders\u00f6k och ger \u00f6kade jordbruksskador som f\u00f6ljd.<br \/>\n\u2013 Smygjakt p\u00e5 vildsvin i s\u00e4d kan vara v\u00e4ldigt sp\u00e4nnande. Pl\u00f6tsligt kan j\u00e4garen vara omringad av b\u00e5de stora och sm\u00e5 vildsvin, d\u00e5 g\u00e4ller det att ta r\u00e4tt och snabbt beslut<\/p>\n<\/div>\n<\/div>\n<\/div>\n<\/div>\n<\/div>\n<\/div>\n<\/div>\n<\/div>\n<\/div>\n<\/div>\n<\/div>\n<\/div>\n<\/div>\n<\/div>\n","protected":false},"excerpt":{"rendered":"<p>Webb-tv: Premi\u00e4r f\u00f6r Jaktkunskap &#8211; Svensk Jakt H\u00e4ng med p\u00e5 vildsvinsjakt. Nu har det f\u00f6rsta avsnittet av Jaktkunskap kommit.\u00a0 \u00a0Klicka &gt;&gt; H\u00e4r Lite senare \u00e4n ber\u00e4knat, men mycket st\u00f6rre \u00e4n ber\u00e4knat. S\u00e5 beskriver Jaktkunskap sj\u00e4lva sin premi\u00e4r som nu lanserats p\u00e5 Youtube. I \u00e5tta delar f\u00e5r vi f\u00f6lja med p\u00e5 olika jakter. I premi\u00e4rprogrammet \u00e4r [&hellip;]<\/p>\n","protected":false},"author":78,"featured_media":0,"parent":1890,"menu_order":2,"comment_status":"open","ping_status":"open","template":"","meta":{"footnotes":""},"class_list":["post-5305","page","type-page","status-publish","hentry"],"_links":{"self":[{"href":"https:\/\/krets.jagareforbundet.se\/folkarna\/wp-json\/wp\/v2\/pages\/5305","targetHints":{"allow":["GET"]}}],"collection":[{"href":"https:\/\/krets.jagareforbundet.se\/folkarna\/wp-json\/wp\/v2\/pages"}],"about":[{"href":"https:\/\/krets.jagareforbundet.se\/folkarna\/wp-json\/wp\/v2\/types\/page"}],"author":[{"embeddable":true,"href":"https:\/\/krets.jagareforbundet.se\/folkarna\/wp-json\/wp\/v2\/users\/78"}],"replies":[{"embeddable":true,"href":"https:\/\/krets.jagareforbundet.se\/folkarna\/wp-json\/wp\/v2\/comments?post=5305"}],"version-history":[{"count":2,"href":"https:\/\/krets.jagareforbundet.se\/folkarna\/wp-json\/wp\/v2\/pages\/5305\/revisions"}],"predecessor-version":[{"id":5733,"href":"https:\/\/krets.jagareforbundet.se\/folkarna\/wp-json\/wp\/v2\/pages\/5305\/revisions\/5733"}],"up":[{"embeddable":true,"href":"https:\/\/krets.jagareforbundet.se\/folkarna\/wp-json\/wp\/v2\/pages\/1890"}],"wp:attachment":[{"href":"https:\/\/krets.jagareforbundet.se\/folkarna\/wp-json\/wp\/v2\/media?parent=5305"}],"curies":[{"name":"wp","href":"https:\/\/api.w.org\/{rel}","templated":true}]}}