{"id":5349,"date":"2015-09-07T09:07:57","date_gmt":"2015-09-07T07:07:57","guid":{"rendered":"https:\/\/krets.jagareforbundet.se\/folkarna\/?page_id=5349"},"modified":"2015-09-07T09:08:18","modified_gmt":"2015-09-07T07:08:18","slug":"checklista-infor-jakten","status":"publish","type":"page","link":"https:\/\/krets.jagareforbundet.se\/folkarna\/jaktfragor\/algjakt\/checklista-infor-jakten\/","title":{"rendered":"Checklista inf\u00f6r jakten"},"content":{"rendered":"<p>En checklista f\u00f6r s\u00e4ker jakt &#8211; Svenska J\u00e4garef\u00f6rbundet<\/p>\n<form id=\"form2\" action=\"\" method=\"post\">\n<div id=\"pageWrap\">\n<div id=\"content\" class=\"clearfix\">\n<div id=\"fullCol\">\n<div id=\"largeCol\">\n<div class=\"content clearfix\">\n<div class=\"leftCol leftColLarge newsList\">\n<div class=\"newsItem newsItemFull newsItemLargeLast\">\n<div>\n<ul>\n<li>Alla deltagare i jakten ska b\u00e4ra signalf\u00e4rger och ha m\u00f6jligheter till fullgod kommunikation (l\u00e4mpligen jaktradio).<\/li>\n<li>Alla pass ska g\u00f6ras s\u00e5 s\u00e4kra som m\u00f6jligt. Farliga skjutriktningar ska m\u00e4rkas upp \u2013 och pass d\u00e4r s\u00e4kerheten kan ifr\u00e5gas\u00e4ttas ska inte anv\u00e4ndas. Passkytt b\u00f6r g\u00e5 igenom vilka sektorer man kan avlossa s\u00e4kra skott med kulf\u00e5ng och memorera dessa.<\/li>\n<li>Anv\u00e4nd jakttorn i m\u00f6jligaste m\u00e5n. Kontrollera s\u00e5 att dessa st\u00e5r stadigt, tr\u00e4 inte har ruttnat eller att det finns andra risker med tornen.<\/li>\n<li>Alla j\u00e4gare b\u00f6r f\u00e5 tydliga instruktioner om hur jakten ska g\u00e5 till, hur de ska ta sig till sina pass och var passgrannarna \u00e4r placerade.<\/li>\n<li>Ladda och g\u00f6r patron ur p\u00e5 passet. Os\u00e4kra aldrig vapnet f\u00f6rr\u00e4n du best\u00e4mt dig f\u00f6r att skjuta.<\/li>\n<li>Innan skott avlossas ska man alltid kontrollera att det finns godk\u00e4nt kulf\u00e5ng \u2013 och att jakthundar finns i ofarlig position f\u00f6r splitter eller rikoschetter. Finns det n\u00e5gon som helst tveksamhet kring s\u00e4kerheten eller kulf\u00e5ng ska skott h\u00e5llas inne.<\/li>\n<li>Kulor kan \u00e4ndra riktning vid tr\u00e4ff i tr\u00e4d eller vid genomg\u00e5ngsskott av viltet, samt rikoschettera mot h\u00e5rd mark. Detta kan skapa farliga situationer. Jakthundar ska alltid vara p\u00e5 beh\u00f6rigt avst\u00e5nd och inte bakom viltet n\u00e4r skott avlossas.<\/li>\n<li>Hundf\u00f6rare ska ha k\u00e4nnedom om var passkyttarna \u00e4r placerade och ha tydlig kommunikation med passkyttarna ifall han n\u00e4rmar sig dessa. En bra kommunikation inom jaktlaget \u00e4r oerh\u00f6rt viktig f\u00f6r s\u00e4kerheten.<\/li>\n<li>Undvik v\u00e4gpass i m\u00f6jligaste m\u00e5n.<\/li>\n<li>Vid eventuella skadskjutningar ska alla passkyttar st\u00e5 kvar p\u00e5 passen (ingen ska b\u00f6rja leta p\u00e5 egen hand). Extra viktigt med tydlig kommunikation kring hur situationen ska l\u00f6sas och vem som g\u00f6r vad, samt att alla i jaktlaget vet vad som h\u00e4nder. TA DET LUGNT \u2013 stress kan skapa farliga situationer.<\/li>\n<li>Den som g\u00f6r efters\u00f6k ska veta var passkyttarna st\u00e5r placerade, f\u00f6r att kunna avlossa s\u00e4kra skott inne i s\u00e5ten.<\/li>\n<li>Jagar man i absolut n\u00e4rhet till grannjaktlaget \u00e4r det bra ur s\u00e4kerhetssynpunkt att underr\u00e4tta dem om detta.<\/li>\n<li>I planeringen av jakten b\u00f6r man ta med of\u00f6rutsedda h\u00e4ndelser som att b\u00e4rplockare eller andra m\u00e4nniskor kan dyka upp i skogen eller l\u00e4ngs v\u00e4gar.<\/li>\n<li>Alla ska ha tr\u00e4nat och skjutit kontrollskott med sitt vapen.<\/li>\n<li>Ha en regelbunden diskussion om s\u00e4kerhet i jaktlaget. Prata om farliga situationer och hur dessa kan undvikas. Alla i jaktlaget ska vara med i dessa diskussioner.<\/li>\n<\/ul>\n<\/div>\n<\/div>\n<\/div>\n<\/div>\n<\/div>\n<\/div>\n<\/div>\n<\/div>\n<\/form>\n","protected":false},"excerpt":{"rendered":"<p>En checklista f\u00f6r s\u00e4ker jakt &#8211; Svenska J\u00e4garef\u00f6rbundet Alla deltagare i jakten ska b\u00e4ra signalf\u00e4rger och ha m\u00f6jligheter till fullgod kommunikation (l\u00e4mpligen jaktradio). Alla pass ska g\u00f6ras s\u00e5 s\u00e4kra som m\u00f6jligt. Farliga skjutriktningar ska m\u00e4rkas upp \u2013 och pass d\u00e4r s\u00e4kerheten kan ifr\u00e5gas\u00e4ttas ska inte anv\u00e4ndas. Passkytt b\u00f6r g\u00e5 igenom vilka sektorer man kan avlossa [&hellip;]<\/p>\n","protected":false},"author":78,"featured_media":0,"parent":379,"menu_order":0,"comment_status":"closed","ping_status":"closed","template":"","meta":{"footnotes":""},"class_list":["post-5349","page","type-page","status-publish","hentry"],"_links":{"self":[{"href":"https:\/\/krets.jagareforbundet.se\/folkarna\/wp-json\/wp\/v2\/pages\/5349","targetHints":{"allow":["GET"]}}],"collection":[{"href":"https:\/\/krets.jagareforbundet.se\/folkarna\/wp-json\/wp\/v2\/pages"}],"about":[{"href":"https:\/\/krets.jagareforbundet.se\/folkarna\/wp-json\/wp\/v2\/types\/page"}],"author":[{"embeddable":true,"href":"https:\/\/krets.jagareforbundet.se\/folkarna\/wp-json\/wp\/v2\/users\/78"}],"replies":[{"embeddable":true,"href":"https:\/\/krets.jagareforbundet.se\/folkarna\/wp-json\/wp\/v2\/comments?post=5349"}],"version-history":[{"count":0,"href":"https:\/\/krets.jagareforbundet.se\/folkarna\/wp-json\/wp\/v2\/pages\/5349\/revisions"}],"up":[{"embeddable":true,"href":"https:\/\/krets.jagareforbundet.se\/folkarna\/wp-json\/wp\/v2\/pages\/379"}],"wp:attachment":[{"href":"https:\/\/krets.jagareforbundet.se\/folkarna\/wp-json\/wp\/v2\/media?parent=5349"}],"curies":[{"name":"wp","href":"https:\/\/api.w.org\/{rel}","templated":true}]}}