{"id":5408,"date":"2015-11-05T18:07:22","date_gmt":"2015-11-05T17:07:22","guid":{"rendered":"https:\/\/krets.jagareforbundet.se\/folkarna\/?page_id=5408"},"modified":"2015-11-05T18:07:22","modified_gmt":"2015-11-05T17:07:22","slug":"roligare-ovningsskytte","status":"publish","type":"page","link":"https:\/\/krets.jagareforbundet.se\/folkarna\/roligare-ovningsskytte\/","title":{"rendered":"Roligare \u00f6vningsskytte"},"content":{"rendered":"<p>Vi har h\u00e4r sammanst\u00e4llt n\u00e5gra \u00f6vningar ni kan anv\u00e4nda f\u00f6r ett roligare \u00f6vningsskytte.<\/p>\n<p><a href=\"https:\/\/krets.jagareforbundet.se\/folkarna\/skyttefragor\/skeet\/\">Skeet<\/a><\/p>\n<p><a href=\"https:\/\/krets.jagareforbundet.se\/folkarna\/skyttefragor\/viltmal\/\">Viltm\u00e5l\u00a0<\/a><\/p>\n<p><a href=\"https:\/\/krets.jagareforbundet.se\/folkarna\/skyttefragor\/trapp\/\">Trapp<\/a><\/p>\n","protected":false},"excerpt":{"rendered":"<p>Vi har h\u00e4r sammanst\u00e4llt n\u00e5gra \u00f6vningar ni kan anv\u00e4nda f\u00f6r ett roligare \u00f6vningsskytte. Skeet Viltm\u00e5l\u00a0 Trapp<\/p>\n","protected":false},"author":78,"featured_media":0,"parent":0,"menu_order":5,"comment_status":"closed","ping_status":"closed","template":"","meta":{"footnotes":""},"class_list":["post-5408","page","type-page","status-publish","hentry"],"_links":{"self":[{"href":"https:\/\/krets.jagareforbundet.se\/folkarna\/wp-json\/wp\/v2\/pages\/5408","targetHints":{"allow":["GET"]}}],"collection":[{"href":"https:\/\/krets.jagareforbundet.se\/folkarna\/wp-json\/wp\/v2\/pages"}],"about":[{"href":"https:\/\/krets.jagareforbundet.se\/folkarna\/wp-json\/wp\/v2\/types\/page"}],"author":[{"embeddable":true,"href":"https:\/\/krets.jagareforbundet.se\/folkarna\/wp-json\/wp\/v2\/users\/78"}],"replies":[{"embeddable":true,"href":"https:\/\/krets.jagareforbundet.se\/folkarna\/wp-json\/wp\/v2\/comments?post=5408"}],"version-history":[{"count":0,"href":"https:\/\/krets.jagareforbundet.se\/folkarna\/wp-json\/wp\/v2\/pages\/5408\/revisions"}],"wp:attachment":[{"href":"https:\/\/krets.jagareforbundet.se\/folkarna\/wp-json\/wp\/v2\/media?parent=5408"}],"curies":[{"name":"wp","href":"https:\/\/api.w.org\/{rel}","templated":true}]}}