{"id":5581,"date":"2016-03-31T13:02:48","date_gmt":"2016-03-31T11:02:48","guid":{"rendered":"https:\/\/krets.jagareforbundet.se\/folkarna\/?page_id=5581"},"modified":"2016-03-31T13:02:48","modified_gmt":"2016-03-31T11:02:48","slug":"testa-din-kunskap","status":"publish","type":"page","link":"https:\/\/krets.jagareforbundet.se\/folkarna\/medlemsfragor\/testa-din-kunskap\/","title":{"rendered":"Testa din kunskap"},"content":{"rendered":"<p>Testa Svensk Jakts quiz:<\/p>\n<div class=\"equal\" id=\"pageWrap\">\n<div class=\"clearfix\" id=\"pageWrapInner\">\n<div id=\"pageContent\">\n<div class=\"clearfix\" id=\"innerContent\">\n<form id=\"Form1\" action=\"\/Start\/Nyheter\/2016\/03\/kalv-attackerades-av-varg-inne-i-samhalle\/\" method=\"post\">\n<div class=\"sideCol\">\n<div class=\"tab-content follow\">\n<div class=\"tab-pane active\">\n<ul class=\"linkList\">\n<li><img decoding=\"async\" id=\"imgNews\" src=\"http:\/\/svenskjakt.se\/contentassets\/a2a7fc33aea84a24903c0bd2fba2ce35\/2597-9643-6.jpg?mode=crop&amp;w=62&amp;h=42\" alt=\"\" \/>\u00a0\u00a0<a href=\"http:\/\/svenskjakt.se\/Start\/quiz\/kanner-du-igen-flyttfaglarna\/\">K\u00e4nner du igen flyttf\u00e5glarna?<\/a>\u00a0V\u00e5ren knackar p\u00e5 d\u00f6rren och flyttf\u00e5glarna b\u00f6rjar s\u00e5 sm\u00e5tt flyga norrut&#8230;.<\/li>\n<li><img decoding=\"async\" id=\"imgNews\" src=\"http:\/\/svenskjakt.se\/contentassets\/7beaf0da4a9e4691aff4479bafb0fb07\/kammarratten_gbg.jpg?mode=crop&amp;w=62&amp;h=42\" alt=\"\" \/>\u00a0\u00a0<a href=\"http:\/\/svenskjakt.se\/Start\/quiz\/kanner-du-igen-jaktens-alla-myndigheter\/\">K\u00e4nner du igen jaktens alla myndigheter?<\/a>\u00a0Jakten ber\u00f6r m\u00e5nga \u2013 och jakten ber\u00f6rs av m\u00e5nga. Inte minst myndigheter och&#8230;<\/li>\n<li><img decoding=\"async\" id=\"imgNews\" src=\"http:\/\/svenskjakt.se\/globalassets\/global\/viltvard\/viltvardsquiz-jh\/fjaril-2-jh.jpg?mode=crop&amp;w=62&amp;h=42\" alt=\"\" \/>\u00a0\u00a0<a href=\"http:\/\/svenskjakt.se\/Start\/quiz\/vad-vet-du-om-viltvard\/\">Vad vet du om viltv\u00e5rd?<\/a>\u00a0\u00a0Att vara j\u00e4gare \u00e4r ocks\u00e5 att vara viltv\u00e5rdare. Det handlar om utfodring,&#8230;<\/li>\n<li><img decoding=\"async\" id=\"imgNews\" src=\"http:\/\/svenskjakt.se\/globalassets\/vad-kan-du-om-vara-predatorer\/rev_0908_3223.jpg?mode=crop&amp;w=62&amp;h=42\" alt=\"\" \/>\u00a0\u00a0<a href=\"http:\/\/svenskjakt.se\/Start\/quiz\/vad-kan-du-om-vara-predatorer\/\">Vad kan du om v\u00e5ra predatorer?<\/a>\u00a0\u00a0Predatorkontroll \u00e4r en given best\u00e5ndsdel i en seri\u00f6s viltv\u00e5rdssatsning. H\u00e5rd&#8230;<\/li>\n<li><img decoding=\"async\" id=\"imgNews\" src=\"http:\/\/svenskjakt.se\/globalassets\/global\/skogsfageljakt\/skogsfageljakt-kjell-erik-moseid-avtal-tom-151101\/skogsfugljakt-finskspets_0501_1129.jpg?mode=crop&amp;w=62&amp;h=42\" alt=\"\" \/>\u00a0\u00a0<a href=\"http:\/\/svenskjakt.se\/Start\/quiz\/kanner-du-igen-jakthundraserna\/\">K\u00e4nner du igen jakthundraserna?<\/a>\u00a0\u00a0K\u00e4nner du igen n\u00e5gra av v\u00e5ra vanligaste jakthundraser? Testa dig sj\u00e4lv i Sven&#8230;<\/li>\n<li><img decoding=\"async\" id=\"imgNews\" src=\"http:\/\/svenskjakt.se\/globalassets\/global\/fagel\/skogsfagel\/tjader-kjell-erik-moseid-avtal-151101\/storfugl_0904_7700.jpg?mode=crop&amp;w=62&amp;h=42\" alt=\"\" \/>\u00a0\u00a0<a href=\"http:\/\/svenskjakt.se\/Start\/quiz\/kannar-du-igen-faglarna\/\">K\u00e4nner du igen f\u00e5glarna?<\/a>\u00a0\u00a0K\u00e4nner du igen n\u00e5gra av v\u00e5ra vanligaste f\u00e5gelarter? Testa dina kunskaper i v\u00e5&#8230;<\/li>\n<li><img decoding=\"async\" id=\"imgNews\" src=\"http:\/\/svenskjakt.se\/globalassets\/global\/alg\/tobbe-lektell\/tobbe-lektell4.jpg?mode=crop&amp;w=62&amp;h=42\" alt=\"\" \/>\u00a0\u00a0<a href=\"http:\/\/svenskjakt.se\/Start\/quiz\/har-du-de-grundlaggande-jagarkunskaperna\/\">Har du de grundl\u00e4ggande j\u00e4garkunskaperna?<\/a>\u00a0\u00a0Testa dina kunskaper om vilt och jakt i Svensk Jakts fr\u00e5get\u00e4vling. G\u00f6r g\u00e4rna&#8230;<\/li>\n<li><img decoding=\"async\" id=\"imgNews\" src=\"http:\/\/svenskjakt.se\/globalassets\/global\/spar\/vargspar-breddare-oo.jpg?mode=crop&amp;w=62&amp;h=42\" alt=\"\" \/>\u00a0\u00a0<a href=\"http:\/\/svenskjakt.se\/Start\/quiz\/vad-kan-du-om-spar\/\">Vad kan du om sp\u00e5r?<\/a>\u00a0\u00a0H\u00e4r kan du testa dina kunskaper p\u00e5 sp\u00e5r. G\u00f6r g\u00e4rna t\u00e4vlingen flera g\u00e5nger&#8230;<\/li>\n<li><img decoding=\"async\" id=\"imgNews\" src=\"http:\/\/svenskjakt.se\/globalassets\/global\/eftersok\/alg-i-trafik-1-oo.jpg?mode=crop&amp;w=62&amp;h=42\" alt=\"\" \/>\u00a0\u00a0<a href=\"http:\/\/svenskjakt.se\/Start\/quiz\/hur-gor-du-nar-viltolyckan-ar-ett-faktum\/\">Hur g\u00f6r du n\u00e4r viltolyckan \u00e4r ett faktum?<\/a>\u00a0\u00a0Vet du hur du som trafikant ska agera n\u00e4r viltolyckan \u00e4r ett faktum? Testa di&#8230;<\/li>\n<li><img decoding=\"async\" id=\"imgNews\" src=\"http:\/\/svenskjakt.se\/globalassets\/global\/rav\/sovande-rav-oo.jpg?mode=crop&amp;w=62&amp;h=42\" alt=\"\" \/>\u00a0\u00a0<a href=\"http:\/\/svenskjakt.se\/Start\/quiz\/vad-kan-du-om-rav-och-ravjakt\/\">Vad kan du om r\u00e4v och r\u00e4vjakt?<\/a>\u00a0\u00a0Testa dina kunskaper om r\u00e4v och r\u00e4vjakt i Svensk Jakts fr\u00e5get\u00e4vling. De r\u00e4tta&#8230;<\/li>\n<li><img decoding=\"async\" id=\"imgNews\" src=\"http:\/\/svenskjakt.se\/globalassets\/global\/hare\/harjakt\/conny-med-stovare-oo.jpg?mode=crop&amp;w=62&amp;h=42\" alt=\"\" \/>\u00a0\u00a0<a href=\"http:\/\/svenskjakt.se\/Start\/quiz\/vad-vet-du-om-harar-och-harjakt\/\">Vad vet du om harar och harjakt?<\/a>\u00a0\u00a0Testa dina kunskaper om harar och harjakt i Svensk Jakts fr\u00e5get\u00e4vling. De r\u00e4t&#8230;<\/li>\n<li><img decoding=\"async\" id=\"imgNews\" src=\"http:\/\/svenskjakt.se\/globalassets\/global\/bjorn\/bjorn-1305-kj.jpeg?mode=crop&amp;w=62&amp;h=42\" alt=\"\" \/>\u00a0 \u00a0<a href=\"http:\/\/svenskjakt.se\/Start\/quiz\/vad-vet-du-om-bjornar-och-bjornjakt\/\">Vad vet du om bj\u00f6rnar och bj\u00f6rnjakt?<\/a>\u00a0\u00a0Testa dina kunskaper om bj\u00f6rnar och bj\u00f6rnjakt i Svensk Jakts fr\u00e5get\u00e4vling. De&#8230;<\/li>\n<li><img decoding=\"async\" id=\"imgNews\" src=\"http:\/\/svenskjakt.se\/globalassets\/global\/lodjur\/lojakt\/jagare-m-hund-o-fallt-lodjur-oo.jpg?mode=crop&amp;w=62&amp;h=42\" alt=\"\" \/>\u00a0\u00a0<a href=\"http:\/\/svenskjakt.se\/Start\/quiz\/vad-kan-du-om-lodjur-och-lodjursjakt\/\">Vad kan du om lodjur och lodjursjakt?<\/a>\u00a0\u00a0Hur \u00e4r dina kunskaper om lodjur och lodjursjakt? Testa dig sj\u00e4lv i Svensk Jak&#8230;<\/li>\n<li><img decoding=\"async\" id=\"imgNews\" src=\"http:\/\/svenskjakt.se\/globalassets\/global\/radjur\/radjursjakt\/tax-m-bock-oo.jpg?mode=crop&amp;w=62&amp;h=42\" alt=\"\" \/>\u00a0 \u00a0<a href=\"http:\/\/svenskjakt.se\/Start\/quiz\/vad-kan-du-om-jakt-pa-radjur-med-hund\/\">Vad kan du om jakt p\u00e5 r\u00e5djur med hund?<\/a>\u00a0\u00a0\u00c4r du rustad inf\u00f6r r\u00e5djursjakten med hund? Testa dina kunskaper i Svensk Jakt&#8230;<\/li>\n<li><img decoding=\"async\" id=\"imgNews\" src=\"http:\/\/svenskjakt.se\/globalassets\/global\/vargjakt\/vargjagare-i-sno-1011-oo.jpg?mode=crop&amp;w=62&amp;h=42\" alt=\"\" \/>\u00a0<a href=\"http:\/\/svenskjakt.se\/Start\/quiz\/vad-kan-du-om-vargar-och-jakt-pa-varg\/\">Vad kan du om vargar och jakt p\u00e5 varg?<\/a>\u00a0\u00a0Hur \u00e4r dina kunskaper om vargar och vargjakt? Testa dig sj\u00e4lv i Svensk Jakts&#8230;<\/li>\n<\/ul>\n<\/div>\n<\/div>\n<\/div>\n<\/form>\n<\/div>\n<\/div>\n<\/div>\n<\/div>\n","protected":false},"excerpt":{"rendered":"<p>Testa Svensk Jakts quiz: \u00a0\u00a0K\u00e4nner du igen flyttf\u00e5glarna?\u00a0V\u00e5ren knackar p\u00e5 d\u00f6rren och flyttf\u00e5glarna b\u00f6rjar s\u00e5 sm\u00e5tt flyga norrut&#8230;. \u00a0\u00a0K\u00e4nner du igen jaktens alla myndigheter?\u00a0Jakten ber\u00f6r m\u00e5nga \u2013 och jakten ber\u00f6rs av m\u00e5nga. Inte minst myndigheter och&#8230; \u00a0\u00a0Vad vet du om viltv\u00e5rd?\u00a0\u00a0Att vara j\u00e4gare \u00e4r ocks\u00e5 att vara viltv\u00e5rdare. Det handlar om utfodring,&#8230; \u00a0\u00a0Vad kan du [&hellip;]<\/p>\n","protected":false},"author":78,"featured_media":0,"parent":171,"menu_order":1,"comment_status":"closed","ping_status":"closed","template":"","meta":{"footnotes":""},"class_list":["post-5581","page","type-page","status-publish","hentry"],"_links":{"self":[{"href":"https:\/\/krets.jagareforbundet.se\/folkarna\/wp-json\/wp\/v2\/pages\/5581","targetHints":{"allow":["GET"]}}],"collection":[{"href":"https:\/\/krets.jagareforbundet.se\/folkarna\/wp-json\/wp\/v2\/pages"}],"about":[{"href":"https:\/\/krets.jagareforbundet.se\/folkarna\/wp-json\/wp\/v2\/types\/page"}],"author":[{"embeddable":true,"href":"https:\/\/krets.jagareforbundet.se\/folkarna\/wp-json\/wp\/v2\/users\/78"}],"replies":[{"embeddable":true,"href":"https:\/\/krets.jagareforbundet.se\/folkarna\/wp-json\/wp\/v2\/comments?post=5581"}],"version-history":[{"count":0,"href":"https:\/\/krets.jagareforbundet.se\/folkarna\/wp-json\/wp\/v2\/pages\/5581\/revisions"}],"up":[{"embeddable":true,"href":"https:\/\/krets.jagareforbundet.se\/folkarna\/wp-json\/wp\/v2\/pages\/171"}],"wp:attachment":[{"href":"https:\/\/krets.jagareforbundet.se\/folkarna\/wp-json\/wp\/v2\/media?parent=5581"}],"curies":[{"name":"wp","href":"https:\/\/api.w.org\/{rel}","templated":true}]}}