{"id":5652,"date":"2016-05-19T10:13:05","date_gmt":"2016-05-19T08:13:05","guid":{"rendered":"https:\/\/krets.jagareforbundet.se\/folkarna\/?page_id=5652"},"modified":"2016-05-19T10:14:12","modified_gmt":"2016-05-19T08:14:12","slug":"biten-av-huggorm","status":"publish","type":"page","link":"https:\/\/krets.jagareforbundet.se\/folkarna\/biten-av-huggorm\/","title":{"rendered":"Biten av Huggorm"},"content":{"rendered":"<p><a href=\"https:\/\/krets.jagareforbundet.se\/folkarna\/files\/2016\/05\/huggorm.jpg\"><img loading=\"lazy\" decoding=\"async\" class=\"aligncenter size-full wp-image-5653\" src=\"https:\/\/krets.jagareforbundet.se\/folkarna\/files\/2016\/05\/huggorm.jpg\" alt=\"Huggorm\" width=\"688\" height=\"330\" srcset=\"https:\/\/krets.jagareforbundet.se\/folkarna\/files\/2016\/05\/huggorm.jpg 688w, https:\/\/krets.jagareforbundet.se\/folkarna\/files\/2016\/05\/huggorm-300x144.jpg 300w\" sizes=\"auto, (max-width: 688px) 100vw, 688px\" \/><\/a><\/p>\n<p><!-- END Krux Controltag --><\/p>\n<div class=\"container\" id=\"main_container\">\n<div id=\"contents_container\">\n<div class=\"container\">\n<div class=\"main-content\">\n<div class=\"detail-article\">\n<div class=\"col-xs-12 col-sm-8 npd\">\n<div class=\"detailed\">\n<p>Redan fr\u00e5n tidigt p\u00e5 v\u00e5ren finns det en risk att din hund eller utekatt blir biten av en orm. I Sverige \u00e4r huggormen den enda giftiga ormen, men p\u00e5 m\u00e5nga h\u00e5ll i landet \u00e4r den vanlig \u2013 som i sk\u00e4rg\u00e5rden.<\/p>\n<p>\u2013 M\u00e4ngden ormbitna djur brukar f\u00f6lja temperaturen. Vid varm v\u00e4derlek brukar det intr\u00e4ffa fler fall, s\u00e4ger Lotta M\u00f6ller, legitimerad veterin\u00e4r hos Agria.<\/p>\n<p>Lotta uppskattar att cirka 1500-2000 hundar per \u00e5r blir huggormsbitna.<\/p>\n<p><strong>Vad ska man g\u00f6ra om ens hund eller katt blivit ormbiten?<\/strong><\/p>\n<p>\u2013 H\u00e5ll ditt husdjur stilla. Upps\u00f6k\/kontakta omg\u00e5ende veterin\u00e4r. Du ska inte f\u00f6rs\u00f6ka suga ut giftet, och inte heller stasa av benet. Ge inte djuret sm\u00e4rtstillande tabletter, det g\u00e4ller s\u00e4rskilt katter, som kan d\u00f6 av \u201dvanliga\u201d v\u00e4rktabletter avsedda f\u00f6r m\u00e4nniska.<\/p>\n<p><strong>St\u00e4mmer det att det \u00e4r farligast f\u00f6r djuren att bli bitna i tassen?<\/strong><\/p>\n<p>\u2013 Ja, teorin \u00e4r att benets muskelsammandragningar och den fysiska aktiviteten bidrar till att sprida ut ormgiftet i kroppen.<\/p>\n<p><strong>Vilka symptom \u00e4r vanliga?<\/strong><\/p>\n<p>\u2013 Akut kan man se en mycket kraftig svullnad p\u00e5 den bitna kroppsdelen, vilket ofta \u00e4r en tass eller huvudet. Huden \u00e4r ofta missf\u00e4rgad (bl\u00e5\/r\u00f6d) och omr\u00e5det sm\u00e4rtar. Eventuellt kan hunden eller katten salivera extra om bettet skett vid munnen eller huvudet. Vissa djur utvecklar hj\u00e4rtarytmier, vilket man d\u00e5 m\u00e5ste behandla. Lite senare kan man \u00e4ven ibland se en p\u00e5verkan p\u00e5 njurarna, eller blodbrist.<\/p>\n<p><strong>Hur farligt \u00e4r det f\u00f6r husdjuret?<\/strong><\/p>\n<p>\u2013 Det f\u00f6rekommer att djur d\u00f6r till f\u00f6ljd av ormbett, s\u00e5 om man misst\u00e4nker ett ormbett ska man ta det p\u00e5 allvar. Alla ormar injicerar dock inte gift vid bett, utan \u201dtorra\u201d bett f\u00f6rekommer. Djur som \u00e4r riktigt allm\u00e4np\u00e5verkade kan f\u00e5 motgift. De flesta djur \u00e5terh\u00e4mtar sig dock efter ett ormbett.<\/p>\n<p><strong>Hur kan tillfrisknandet se ut?<\/strong><\/p>\n<div class=\"article-banner adsClass hide-adv\" id=\"articlebanner\">\n<div class=\"ad-item\" id=\"adpos-articlebanner-635992476051821058\">\n<div class=\"hidden\" id=\"fusionadscriptarticlebanner635992476051821058-desktop\">\u00a0\u2013 Hur snabbt de blir \u00e5terst\u00e4llda beror bland annat p\u00e5 hur mycket gift ormen injicerat. Djuren brukar \u00e5terh\u00e4mta sig p\u00e5 ca 1-3 dygn, inskrivna p\u00e5 djursjukhus med vila och behandling. Man rekommenderar dock att f\u00f6lja upp med bes\u00f6k f\u00f6r att lyssna p\u00e5 hj\u00e4rtat och ta blodprover.<\/div>\n<\/div>\n<\/div>\n<p>&nbsp;<\/p>\n<h2>Om din hund eller katt blir ormbiten \u2013 g\u00f6r s\u00e5 h\u00e4r:<\/h2>\n<ul>\n<li>H\u00e5ll djuret i stillhet \u2013 b\u00e4r det om det \u00e4r praktiskt m\u00f6jligt, eller k\u00f6r bilen till djuret om det till exempel \u00e4r en tung hund.<\/li>\n<li>Upps\u00f6k eller kontakta omg\u00e5ende en veterin\u00e4r.<\/li>\n<li>Om det \u00e4r l\u00e5ngt till veterin\u00e4r, h\u00e5ll djuret stilla och ring veterin\u00e4r f\u00f6r att diskutera om det finns n\u00e5got du kan g\u00f6ra sj\u00e4lv.<\/li>\n<li>F\u00f6rs\u00f6k inte att suga ut giftet eller stasa av benet.<\/li>\n<li>Ge aldrig djuret sm\u00e4rtstillande tabletter.<\/li>\n<\/ul>\n<\/div>\n<\/div>\n<\/div>\n<\/div>\n<\/div>\n<\/div>\n<\/div>\n","protected":false},"excerpt":{"rendered":"<p>Redan fr\u00e5n tidigt p\u00e5 v\u00e5ren finns det en risk att din hund eller utekatt blir biten av en orm. I Sverige \u00e4r huggormen den enda giftiga ormen, men p\u00e5 m\u00e5nga h\u00e5ll i landet \u00e4r den vanlig \u2013 som i sk\u00e4rg\u00e5rden. \u2013 M\u00e4ngden ormbitna djur brukar f\u00f6lja temperaturen. Vid varm v\u00e4derlek brukar det intr\u00e4ffa fler fall, [&hellip;]<\/p>\n","protected":false},"author":78,"featured_media":0,"parent":0,"menu_order":7,"comment_status":"closed","ping_status":"closed","template":"","meta":{"footnotes":""},"class_list":["post-5652","page","type-page","status-publish","hentry"],"_links":{"self":[{"href":"https:\/\/krets.jagareforbundet.se\/folkarna\/wp-json\/wp\/v2\/pages\/5652","targetHints":{"allow":["GET"]}}],"collection":[{"href":"https:\/\/krets.jagareforbundet.se\/folkarna\/wp-json\/wp\/v2\/pages"}],"about":[{"href":"https:\/\/krets.jagareforbundet.se\/folkarna\/wp-json\/wp\/v2\/types\/page"}],"author":[{"embeddable":true,"href":"https:\/\/krets.jagareforbundet.se\/folkarna\/wp-json\/wp\/v2\/users\/78"}],"replies":[{"embeddable":true,"href":"https:\/\/krets.jagareforbundet.se\/folkarna\/wp-json\/wp\/v2\/comments?post=5652"}],"version-history":[{"count":0,"href":"https:\/\/krets.jagareforbundet.se\/folkarna\/wp-json\/wp\/v2\/pages\/5652\/revisions"}],"wp:attachment":[{"href":"https:\/\/krets.jagareforbundet.se\/folkarna\/wp-json\/wp\/v2\/media?parent=5652"}],"curies":[{"name":"wp","href":"https:\/\/api.w.org\/{rel}","templated":true}]}}