{"id":5735,"date":"2016-07-13T16:45:26","date_gmt":"2016-07-13T14:45:26","guid":{"rendered":"https:\/\/krets.jagareforbundet.se\/folkarna\/?page_id=5735"},"modified":"2016-07-13T16:45:26","modified_gmt":"2016-07-13T14:45:26","slug":"kamoflage","status":"publish","type":"page","link":"https:\/\/krets.jagareforbundet.se\/folkarna\/jaktfragor\/jaktsakerhet\/kamoflage\/","title":{"rendered":"Kamoflage"},"content":{"rendered":"<p style=\"text-align: center\">Det finns tre olika typer av n\u00e4t p\u00e5 marknaden gr\u00f6n\/brun, \u00a0beige och vita, beroende p\u00e5 bakgrund.<\/p>\n<p><a href=\"https:\/\/krets.jagareforbundet.se\/folkarna\/files\/2016\/07\/ka-cs001g_grande_1463440465.jpg\"><img loading=\"lazy\" decoding=\"async\" class=\"aligncenter size-full wp-image-5736\" src=\"https:\/\/krets.jagareforbundet.se\/folkarna\/files\/2016\/07\/ka-cs001g_grande_1463440465.jpg\" alt=\"ka-cs001g_grande_1463440465\" width=\"540\" height=\"600\" srcset=\"https:\/\/krets.jagareforbundet.se\/folkarna\/files\/2016\/07\/ka-cs001g_grande_1463440465.jpg 540w, https:\/\/krets.jagareforbundet.se\/folkarna\/files\/2016\/07\/ka-cs001g_grande_1463440465-270x300.jpg 270w\" sizes=\"auto, (max-width: 540px) 100vw, 540px\" \/><\/a><\/p>\n<p><a href=\"https:\/\/krets.jagareforbundet.se\/folkarna\/files\/2016\/07\/ka-cs001b_grande_1463440465.jpg\"><img loading=\"lazy\" decoding=\"async\" class=\"aligncenter size-full wp-image-5737\" src=\"https:\/\/krets.jagareforbundet.se\/folkarna\/files\/2016\/07\/ka-cs001b_grande_1463440465.jpg\" alt=\"ka-cs001b_grande_1463440465\" width=\"540\" height=\"600\" srcset=\"https:\/\/krets.jagareforbundet.se\/folkarna\/files\/2016\/07\/ka-cs001b_grande_1463440465.jpg 540w, https:\/\/krets.jagareforbundet.se\/folkarna\/files\/2016\/07\/ka-cs001b_grande_1463440465-270x300.jpg 270w\" sizes=\"auto, (max-width: 540px) 100vw, 540px\" \/><\/a><\/p>\n<p><a href=\"https:\/\/krets.jagareforbundet.se\/folkarna\/files\/2016\/07\/ka-cs001v_grande_1463440465.jpg\"><img loading=\"lazy\" decoding=\"async\" class=\"aligncenter size-full wp-image-5738\" src=\"https:\/\/krets.jagareforbundet.se\/folkarna\/files\/2016\/07\/ka-cs001v_grande_1463440465.jpg\" alt=\"ka-cs001v_grande_1463440465\" width=\"540\" height=\"600\" srcset=\"https:\/\/krets.jagareforbundet.se\/folkarna\/files\/2016\/07\/ka-cs001v_grande_1463440465.jpg 540w, https:\/\/krets.jagareforbundet.se\/folkarna\/files\/2016\/07\/ka-cs001v_grande_1463440465-270x300.jpg 270w\" sizes=\"auto, (max-width: 540px) 100vw, 540px\" \/><\/a><\/p>\n","protected":false},"excerpt":{"rendered":"<p>Det finns tre olika typer av n\u00e4t p\u00e5 marknaden gr\u00f6n\/brun, \u00a0beige och vita, beroende p\u00e5 bakgrund.<\/p>\n","protected":false},"author":78,"featured_media":0,"parent":2457,"menu_order":2,"comment_status":"closed","ping_status":"closed","template":"","meta":{"footnotes":""},"class_list":["post-5735","page","type-page","status-publish","hentry"],"_links":{"self":[{"href":"https:\/\/krets.jagareforbundet.se\/folkarna\/wp-json\/wp\/v2\/pages\/5735","targetHints":{"allow":["GET"]}}],"collection":[{"href":"https:\/\/krets.jagareforbundet.se\/folkarna\/wp-json\/wp\/v2\/pages"}],"about":[{"href":"https:\/\/krets.jagareforbundet.se\/folkarna\/wp-json\/wp\/v2\/types\/page"}],"author":[{"embeddable":true,"href":"https:\/\/krets.jagareforbundet.se\/folkarna\/wp-json\/wp\/v2\/users\/78"}],"replies":[{"embeddable":true,"href":"https:\/\/krets.jagareforbundet.se\/folkarna\/wp-json\/wp\/v2\/comments?post=5735"}],"version-history":[{"count":0,"href":"https:\/\/krets.jagareforbundet.se\/folkarna\/wp-json\/wp\/v2\/pages\/5735\/revisions"}],"up":[{"embeddable":true,"href":"https:\/\/krets.jagareforbundet.se\/folkarna\/wp-json\/wp\/v2\/pages\/2457"}],"wp:attachment":[{"href":"https:\/\/krets.jagareforbundet.se\/folkarna\/wp-json\/wp\/v2\/media?parent=5735"}],"curies":[{"name":"wp","href":"https:\/\/api.w.org\/{rel}","templated":true}]}}