{"id":6128,"date":"2017-05-09T19:11:28","date_gmt":"2017-05-09T17:11:28","guid":{"rendered":"https:\/\/krets.jagareforbundet.se\/folkarna\/?page_id=6128"},"modified":"2020-02-01T15:15:07","modified_gmt":"2020-02-01T14:15:07","slug":"km-folkarna-jvk","status":"publish","type":"page","link":"https:\/\/krets.jagareforbundet.se\/folkarna\/km-folkarna-jvk\/","title":{"rendered":"KM Folk\u00e4rna JVK"},"content":{"rendered":"<p>KRETSM\u00c4STERSKAP I \u00c4LGBANESKYTTE<\/p>\n<p><strong>\u00a0<\/strong>PM KRETSM\u00c4STERSKAP I \u00c4LGBANESKYTTE<\/p>\n<p>1) TILL\u00c5TNA VAPEN: ALLA KLASS 1-VAPEN, VALFRITT RIKTMEDEL<\/p>\n<p>2) AMMUNITIONS\u00c5TG\u00c5NG: 18 ST<\/p>\n<p>3) SKJUTPROGRAM:<\/p>\n<ol>\n<li>a) 2 provskott p\u00e5 stillast\u00e5ende \u00e4lgfigur, markering efter varje skott. (ej obligatoriskt)<\/li>\n<li>b) 4 skott mot stillast\u00e5ende kalvfigur, tid 45 sek fr\u00e5n f\u00f6rsta skott. Markering utan angivande av tr\u00e4ffbilden. Mark\u00f6ren anger endast med spade eller per telefon t.ex. 5&#8242; 5 4 3 tr\u00e4ff.<\/li>\n<li><strong><u>J\u00e4garm\u00e4ssigt st\u00f6d till\u00e5tet.<\/u><\/strong><\/li>\n<li>c) Skjutning mot stillast\u00e5ende och l\u00f6pande: Varje lopp b\u00f6rjar med ett skott mot stillast\u00e5ende \u00e4lgfigur som d\u00e4refter startas efter 2(<u>+<\/u>1) sek efter skottet och ger tillf\u00e4lle till ett l\u00f6pandeskott. Totalt 3 serier om fyra skott vilket ger sex skott mot st\u00e5ende och sex skott mot l\u00f6pande m\u00e5l.<\/li>\n<\/ol>\n<p>Markering efter fullgjord 4-skottsserie.<\/p>\n<p>Totala antal skott i en t\u00e4vlingsomg\u00e5ng:<\/p>\n<p>1 serie \u00e0 4 st skott stillast\u00e5ende kalv.<\/p>\n<p>3 serier \u00e0 4 skott stillast\u00e5ende och l\u00f6pande stor \u00e4lg.<\/p>\n<p>Totalt 16 skott.<\/p>\n<p>4 ) \u00a0 \u00a0\u00a0<strong><u>a) Inga provskott mot den l\u00f6pande \u00e4lgfiguren.<\/u><\/strong><\/p>\n<ol>\n<li><strong><u>b) Provskotten f\u00e5r ske med valfritt st\u00f6d. Vid skott mot kalvfigur \u00e4r j\u00e4garm\u00e4ssigt st\u00f6d till\u00e5tet. Vid l\u00f6pande m\u00e5l f\u00e5r anl\u00e4ggning ej ske f\u00f6rr\u00e4n figuren blivit synlig. <\/u><\/strong><\/li>\n<\/ol>\n<p>5) \u00a0 \u00a0 S\u00c4RSKILJNING:\u00a0I f\u00f6rsta hand avg\u00f6r po\u00e4ngsumman. Vid lika po\u00e4ng avg\u00f6r antalet 51, 5, 4 osv.<\/p>\n<p>7) \u00a0 \u00a0 \u00a0RESULTAT.<\/p>\n<p>Helst renskrivna \u00f6vers\u00e4nds senast <strong>10 dagar<\/strong> efter genomf\u00f6rd t\u00e4vling till J\u00e4garef\u00f6rbundet Dalarna f\u00f6r sammanst\u00e4llning.<\/p>\n<p>8) \u00a0 \u00a0STARTAVGIFT.<\/p>\n<p>15 kr per skytt beh\u00e5lls av arrang\u00f6ren f\u00f6r t\u00e4ckande av kostnader i samband med t\u00e4vlingen. Priser och resultatlistor s\u00e4ndes fr\u00e5n l\u00e4nsf\u00f6rbundet till jaktv\u00e5rdskretsen.<\/p>\n<p>9) \u00a0 \u00a0PLAKETTER. \u00a0 \u00a0\u00a0guld, silver och brons utdelas p\u00e5 krets\u00e5rsm\u00f6tet.<\/p>\n<p>10) DELTAGARE. \u00a0\u00a0 Samtliga inom l\u00e4net skrivna och boende j\u00e4gare \u00e4ger r\u00e4tt att delta\u00a0i kretsm\u00e4sterskapen. (medlem i J\u00e4garef\u00f6rbundet Dalarna boende utanf\u00f6r l\u00e4net f\u00e5r givetvis delta och t\u00e4vla f\u00f6r den krets d\u00e4r han eller hon jagar).<\/p>\n<p>Deltagare t\u00e4vlar i f\u00f6rsta hand f\u00f6r den krets d\u00e4r hon eller han \u00e4r bosatt <strong>men<\/strong> kan \u00e4ven efter s\u00e4rskilt meddelande till t\u00e4vlingsledningen skjuta p\u00e5 bana utanf\u00f6r \u201csin&#8221; egen krets. Om inget meddelande g\u00f6rs, diskvalificeras skytten. Denna h\u00e5rda best\u00e4mmelse har tillkommit p g a att skyttar i efterhand p\u00e5pekat att de placerats i fel krets.<\/p>\n<p><strong>OBS! T\u00e4vlingsledningen skall f\u00f6ra s\u00e4rskilda anteckningar om till vilken krets resultatet skall redovisas.<\/strong><\/p>\n<p>11) BANOR.<\/p>\n<p>Kretsm\u00e4sterskaps skjutningarna f\u00e5r genomf\u00f6ras p\u00e5 alla tillg\u00e4ngliga godk\u00e4nda \u00e4lgbanor inom resp. jaktv\u00e5rdskrets i Dalarna (ej utanf\u00f6r l\u00e4net).<\/p>\n<h6>J\u00c4GAREF\u00d6RBUNDET DALARNA<\/h6>\n<p>Jaktskyttekommitt\u00e9n<\/p>\n","protected":false},"excerpt":{"rendered":"<p>KRETSM\u00c4STERSKAP I \u00c4LGBANESKYTTE \u00a0PM KRETSM\u00c4STERSKAP I \u00c4LGBANESKYTTE 1) TILL\u00c5TNA VAPEN: ALLA KLASS 1-VAPEN, VALFRITT RIKTMEDEL 2) AMMUNITIONS\u00c5TG\u00c5NG: 18 ST 3) SKJUTPROGRAM: a) 2 provskott p\u00e5 stillast\u00e5ende \u00e4lgfigur, markering efter varje skott. (ej obligatoriskt) b) 4 skott mot stillast\u00e5ende kalvfigur, tid 45 sek fr\u00e5n f\u00f6rsta skott. Markering utan angivande av tr\u00e4ffbilden. Mark\u00f6ren anger endast med spade [&hellip;]<\/p>\n","protected":false},"author":78,"featured_media":0,"parent":0,"menu_order":2,"comment_status":"closed","ping_status":"closed","template":"","meta":{"footnotes":""},"class_list":["post-6128","page","type-page","status-publish","hentry"],"_links":{"self":[{"href":"https:\/\/krets.jagareforbundet.se\/folkarna\/wp-json\/wp\/v2\/pages\/6128","targetHints":{"allow":["GET"]}}],"collection":[{"href":"https:\/\/krets.jagareforbundet.se\/folkarna\/wp-json\/wp\/v2\/pages"}],"about":[{"href":"https:\/\/krets.jagareforbundet.se\/folkarna\/wp-json\/wp\/v2\/types\/page"}],"author":[{"embeddable":true,"href":"https:\/\/krets.jagareforbundet.se\/folkarna\/wp-json\/wp\/v2\/users\/78"}],"replies":[{"embeddable":true,"href":"https:\/\/krets.jagareforbundet.se\/folkarna\/wp-json\/wp\/v2\/comments?post=6128"}],"version-history":[{"count":3,"href":"https:\/\/krets.jagareforbundet.se\/folkarna\/wp-json\/wp\/v2\/pages\/6128\/revisions"}],"predecessor-version":[{"id":7347,"href":"https:\/\/krets.jagareforbundet.se\/folkarna\/wp-json\/wp\/v2\/pages\/6128\/revisions\/7347"}],"wp:attachment":[{"href":"https:\/\/krets.jagareforbundet.se\/folkarna\/wp-json\/wp\/v2\/media?parent=6128"}],"curies":[{"name":"wp","href":"https:\/\/api.w.org\/{rel}","templated":true}]}}