{"id":6169,"date":"2017-05-22T19:29:54","date_gmt":"2017-05-22T17:29:54","guid":{"rendered":"https:\/\/krets.jagareforbundet.se\/folkarna\/?page_id=6169"},"modified":"2017-05-22T19:29:54","modified_gmt":"2017-05-22T17:29:54","slug":"giftigt-for-hundar","status":"publish","type":"page","link":"https:\/\/krets.jagareforbundet.se\/folkarna\/giftigt-for-hundar\/","title":{"rendered":"Giftigt f\u00f6r hundar"},"content":{"rendered":"<p>18 saker som \u00e4r giftiga f\u00f6r hunden<\/p>\n<div class=\"equal\" id=\"pageWrap\">\n<div class=\"clearfix\" id=\"pageWrapInner\">\n<div id=\"pageContent\">\n<div class=\"clearfix single-view\" id=\"innerContent\">\n<div class=\"mainCol\">\n<div class=\"newsList\">\n<div class=\"ajax-load-more-wrap blue alm-0\" id=\"ajax-load-more\">\n<div class=\"alm-listing alm-ajax   \">\n<div class=\"alm-reveal alm-previous-post post-43720\">\n<p><strong>Vanliga livsmedel kan g\u00f6ra hunden sjuk. Det finns en m\u00e4ngd v\u00e4xter som \u00e4r giftiga om hunden f\u00e5r i sig dem, liksom andra saker i naturen. Kemiska medel som bland annat glykol \u00e4r oerh\u00f6rt farligt.<\/strong><\/p>\n<div class=\"article\">\n<p><strong>\u2022 Kakao.<\/strong> De flesta vet v\u00e4l vid det h\u00e4r laget att kakao \u00e4r giftigt f\u00f6r hundar. \u00c4mnet som hundar reagerar p\u00e5 heter teobromin. D\u00f6dlig dos \u00e4r 40\u2013100 gram kakao per kilo hund. Men det finns hundar som reagerar p\u00e5 betydligt l\u00e4gre doser. Symptom p\u00e5 f\u00f6rgiftning \u00e4r hj\u00e4rtklappning, muskelskakningar, diarr\u00e9 och att den kissar mycket.<\/p>\n<p><strong>\u2022 Russin och vindruvor.<\/strong> En enstaka druva eller tv\u00e5 \u00e4r inte farlig, d\u00e4remot st\u00f6rre m\u00e4ngd. Hunden kan drabbas av kr\u00e4kningar, diarr\u00e9 och i v\u00e4rsta fall njursvikt.<\/p>\n<p><a href=\"http:\/\/svenskjakt.se\/wp-content\/uploads\/2017\/05\/Tuggummi.jpg\"><img loading=\"lazy\" decoding=\"async\" class=\"size-full wp-image-43750\" src=\"http:\/\/svenskjakt.se\/wp-content\/uploads\/2017\/05\/Tuggummi.jpg\" alt=\"\" width=\"3264\" height=\"2260\" \/><\/a><\/p>\n<p class=\"wp-caption-text\">Tuggummi \u00e4r en av flera produkter som kan inneh\u00e5lla xylitol. Foto: Marie Gadolin<\/p>\n<p><strong>\u2022 Sockerfritt godis.<\/strong> Inneh\u00e5ller xylitol som \u00e4r farligt f\u00f6r hundar. \u00c4ven tandkr\u00e4m och tuggummi inneh\u00e5ller xylitol. Symptom: Kr\u00e4kningar, skakningar, sl\u00f6het, l\u00e5gt blodsocker, kramper, medvetsl\u00f6shet. Kan leda till d\u00f6dsfall.<\/p>\n<p><strong>\u2022 Bakdeg.<\/strong> J\u00e4ser i magen p\u00e5 hunden och det bildas alkohol. Tillst\u00e5ndet \u00e4r s\u00e4llan livsfarligt men kan skapa stort obehag, hunden blir berusad helt enkelt.<\/p>\n<p><a href=\"http:\/\/svenskjakt.se\/wp-content\/uploads\/2017\/05\/20170518_130602.jpg\"><img loading=\"lazy\" decoding=\"async\" class=\"size-full wp-image-43730\" src=\"http:\/\/svenskjakt.se\/wp-content\/uploads\/2017\/05\/20170518_130602.jpg\" alt=\"\" width=\"3157\" height=\"2296\" \/><\/a><\/p>\n<p class=\"wp-caption-text\">B\u00e5de r\u00e5 och tillagad l\u00f6k \u00e4r farlig f\u00f6r hunden, oklart i vilken m\u00e4ngd. Foto: Marie Gadolin<\/p>\n<p><strong>\u2022 L\u00f6k.<\/strong> Inneh\u00e5ller alicin som \u00e4r giftigt f\u00f6r hundar. Det finns i b\u00e5de r\u00e5 och tillagad l\u00f6k och kan orsaka blodbrist. Det \u00e4r sv\u00e5rt att veta hur mycket l\u00f6k som leder till f\u00f6rgiftning. Symtom: Diarr\u00e9, kr\u00e4kningar, kramper, minskad aptit, andningsbesv\u00e4r, bleka slemhinnor, buksm\u00e4rtor. Kan leda till d\u00f6dsfall.<\/p>\n<p><strong>\u2022 N\u00f6tter.<\/strong> Macadamian\u00f6tter anses vara extra giftiga f\u00f6r hund. Saltade n\u00f6tter kan leda till saltf\u00f6rgiftning. Symtom: Minskad aptit, kr\u00e4kningar, blodig avf\u00f6ring, nedsatt leverfunktion, diarr\u00e9, magproblem, vinglighet, sl\u00f6het, f\u00f6rlamning. Kan leda till d\u00f6dsfall.<\/p>\n<p><a href=\"http:\/\/svenskjakt.se\/wp-content\/uploads\/2017\/05\/Salt.jpg\"><img loading=\"lazy\" decoding=\"async\" class=\"size-full wp-image-43731\" src=\"http:\/\/svenskjakt.se\/wp-content\/uploads\/2017\/05\/Salt.jpg\" alt=\"\" width=\"2048\" height=\"1536\" \/><\/a><\/p>\n<p class=\"wp-caption-text\">Salt \u00e4r inte bra i f\u00f6r stor m\u00e4ngd. Foto: Marie Gadolin<\/p>\n<p><strong>\u2022 Salt.<\/strong> F\u00f6r mycket salt kan vara direkt livsfarligt, framf\u00f6r allt f\u00f6r sm\u00e5 hundar. Symtom: Diarr\u00e9, kr\u00e4kningar, seghet, stelhet, kramper.<\/p>\n<p><a href=\"http:\/\/svenskjakt.se\/wp-content\/uploads\/2017\/05\/0HFOTG9ZWP58XIN.jpg\"><img loading=\"lazy\" decoding=\"async\" class=\"size-full wp-image-43726\" src=\"http:\/\/svenskjakt.se\/wp-content\/uploads\/2017\/05\/0HFOTG9ZWP58XIN.jpg\" alt=\"\" width=\"2048\" height=\"1419\" \/><\/a><\/p>\n<p class=\"wp-caption-text\">M\u00e5nga hundar \u00e4lskar att bada! Men om vattnet inneh\u00e5ller blommande giftalger kan hunden bli sv\u00e5rt sjuk. Foto: Jan Henricson<\/p>\n<p><strong>\u2022 Alger.<\/strong> Blommande alger kan inneh\u00e5lla cyanobakterier som \u00e4r giftiga. Halten algtoxin i vattnet avg\u00f6r om hunden blir f\u00f6rgiftad, liksom hur l\u00e4nge hunden badat och om den druckit av vattnet. Sk\u00f6lj och schamponera hunden. Se till att den inte slickar sig i p\u00e4lsen. Symtom: Diarr\u00e9, kr\u00e4kningar, fradga, kl\u00e5da, irritation, kramp, f\u00f6rlamning, leverskador, njurskador, nervskador, lungp\u00e5verkan, inv\u00e4rtes bl\u00f6dningar. Kan \u00e4ven leda till d\u00f6dsfall.<\/p>\n<p><a href=\"http:\/\/svenskjakt.se\/wp-content\/uploads\/2017\/05\/9D0SVC2A7FKPW6L.jpg\"><img loading=\"lazy\" decoding=\"async\" class=\"size-full wp-image-43749\" src=\"http:\/\/svenskjakt.se\/wp-content\/uploads\/2017\/05\/9D0SVC2A7FKPW6L.jpg\" alt=\"\" width=\"2048\" height=\"1359\" \/><\/a><\/p>\n<p class=\"wp-caption-text\">Ekollon inneh\u00e5ller tannin som i h\u00f6g dos kan vara d\u00f6dligt f\u00f6r en hund. Foto: Jan Henricson<\/p>\n<p><strong>\u2022 Ekollon.<\/strong> Inneh\u00e5ller tannin som \u00e4r fr\u00e4tande. En h\u00f6g dos kan vara d\u00f6dlig.\u00a0Symtom: Tr\u00f6tthet, minskad eller ingen aptit, feber, f\u00f6rstoppning, tj\u00e4rliknande diarr\u00e9, njurskada, leverskada.<\/p>\n<p><a href=\"http:\/\/svenskjakt.se\/wp-content\/uploads\/2017\/05\/KYDBMJS9V0PNZQI.jpg\"><img loading=\"lazy\" decoding=\"async\" class=\"size-full wp-image-43727\" src=\"http:\/\/svenskjakt.se\/wp-content\/uploads\/2017\/05\/KYDBMJS9V0PNZQI.jpg\" alt=\"\" width=\"2048\" height=\"1434\" \/><\/a><\/p>\n<p class=\"wp-caption-text\">Vissa svampsorter \u00e4r direkt d\u00f6dliga och andra kan g\u00f6ra hunden mycket sjuk. Foto: Kenneth Johansson<\/p>\n<p><strong>\u2022 Svamp.<\/strong> Giftig svamp \u00e4r farlig \u00e4ven f\u00f6r hundar. Vissa svampsorter \u00e4r direkt d\u00f6dliga och andra kan g\u00f6ra hunden mycket sjuk. Symtom: Kr\u00e4kningar, diarr\u00e9, skakningar.<\/p>\n<p><strong>\u2022 V\u00e4xter.<\/strong> Det finns m\u00e5nga olika v\u00e4xter som kan vara giftiga f\u00f6r hundar. H\u00e4r finns en <a href=\"https:\/\/dognews.se\/2009\/08\/26\/vaxter-som-ar-giftiga-for-hundar-och-katter\/\" target=\"_blank\" rel=\"noopener noreferrer\">lista<\/a>.<\/p>\n<p><a href=\"http:\/\/svenskjakt.se\/wp-content\/uploads\/2017\/05\/J1GTHXA5YF3R042.jpg\"><img loading=\"lazy\" decoding=\"async\" class=\"size-full wp-image-43722\" src=\"http:\/\/svenskjakt.se\/wp-content\/uploads\/2017\/05\/J1GTHXA5YF3R042.jpg\" alt=\"\" width=\"2048\" height=\"1365\" \/><\/a><\/p>\n<p class=\"wp-caption-text\">Hundens nos har svullnat upp till f\u00f6ljd av ett ormbett. Foto: Olle Olsson<\/p>\n<p><strong>\u2022 Getingstick.<\/strong> Hundar kan precis som m\u00e4nniskor vara \u00f6verk\u00e4nsliga mot exempelvis getingstick och f\u00e5 en allergisk reaktion. En hund kan \u00e4ven drabbas av en allergisk reaktion om den blir stucken flera g\u00e5nger. Symtom: Lokal svullnad, \u00f6mhet, kr\u00e4kningar, andningsbesv\u00e4r.<\/p>\n<p><a href=\"http:\/\/svenskjakt.se\/wp-content\/uploads\/2017\/05\/MRWLXTO0G3865J1.jpg\"><img loading=\"lazy\" decoding=\"async\" class=\"size-full wp-image-43735\" src=\"http:\/\/svenskjakt.se\/wp-content\/uploads\/2017\/05\/MRWLXTO0G3865J1.jpg\" alt=\"\" width=\"2048\" height=\"1221\" \/><\/a><\/p>\n<p class=\"wp-caption-text\">En slingrande \u201dpinne\u201d kan vara oemotst\u00e5ndlig f\u00f6r hundar. Och mycket farlig. Foto: Johnny Olsson<\/p>\n<p><strong>\u2022 Ormbett.<\/strong> Huggormar sprutar in gift i sitt byte. Har den ormbitna hunden tur blir den bara svullen d\u00e4r bettet tagit. Men ormbett kan ocks\u00e5 ge lever- och njurskador samt blodbrist. \u00c4ven st\u00f6rningar p\u00e5 hj\u00e4rtat f\u00f6rekommer. I v\u00e4rsta fall d\u00f6r hunden. Om hunden blir ormbiten \u2013 h\u00e5ll den i stillhet och b\u00e4r den helst om den ska f\u00f6rflyttas.<\/p>\n<p><a href=\"http:\/\/svenskjakt.se\/wp-content\/uploads\/2017\/05\/CULW4HFNV08O1SE.jpg\"><img loading=\"lazy\" decoding=\"async\" class=\"size-full wp-image-43734\" src=\"http:\/\/svenskjakt.se\/wp-content\/uploads\/2017\/05\/CULW4HFNV08O1SE.jpg\" alt=\"\" width=\"2048\" height=\"1290\" \/><\/a><\/p>\n<p class=\"wp-caption-text\">Paddf\u00f6rgiftning \u00e4r oftast inte farlig utan mest besv\u00e4rande f\u00f6r hunden. Foto: Kenneth Johansson<\/p>\n<p><strong>\u2022 Paddor.<\/strong> Giftet \u00e4r inte s\u00e5 starkt p\u00e5 svenska paddor, men hundar kan \u00e4nd\u00e5 bli f\u00f6rgiftade genom att slicka eller tugga p\u00e5 en padda. Denna typ f\u00f6rgiftning \u00e4r oftast inte farlig utan mest besv\u00e4rande f\u00f6r hunden. Symtom: \u00d6kad salivuts\u00f6ndring, minskade pupiller.<\/p>\n<p><strong>\u2022 Glykol.<\/strong> Finns i bilens kylarv\u00e4tska. Glykol \u00e4r mycket giftigt, smakar s\u00f6tt och gott f\u00f6r hunden och kan ge sv\u00e5ra njurskador. Var allts\u00e5 observant p\u00e5 om kylarv\u00e4tska som l\u00e4ckt ut, den \u00e4r riktigt farlig f\u00f6r hunden att slicka i sig. Symtom: \u00d6kad t\u00f6rst, \u00f6kad urinering, vinglighet, nedsatt njurfunktion.<\/p>\n<p><strong>\u2022 R\u00e5ttgift.<\/strong> Inneh\u00e5ller \u00e4mnen som f\u00f6rs\u00e4mrar blodets f\u00f6rm\u00e5ga att koagulera och kan leda till inre bl\u00f6dningar. Detta tillst\u00e5nd kan vara livshotande. Olika substanser har olika effekt. Symtom: Bl\u00f6dningar ur nos, munh\u00e5la och svalg.<\/p>\n<p><strong>\u2022 Snigelmedel.<\/strong> Bek\u00e4mpningsmedel \u00e4r farliga f\u00f6r hundar. Symtom: \u00d6kad salivuts\u00f6ndring, kramp, feber, styvhet i kroppen, sm\u00e5 pupiller.<\/p>\n<p><a href=\"http:\/\/svenskjakt.se\/wp-content\/uploads\/2017\/05\/Piller.jpg\"><img loading=\"lazy\" decoding=\"async\" class=\"size-full wp-image-43728\" src=\"http:\/\/svenskjakt.se\/wp-content\/uploads\/2017\/05\/Piller.jpg\" alt=\"\" width=\"3264\" height=\"1594\" \/><\/a><\/p>\n<p class=\"wp-caption-text\">Vid \u00f6verdosering av paracetamol, som \u00e4r den aktiva substansen i till exempel Alvedon och Panodil, kan hundar f\u00e5 leverskador och f\u00f6rs\u00e4mrad syretransportering i blodet. Foto: Marie Gadolin<\/p>\n<p><strong>\u2022 V\u00e4rktabletter.<\/strong> \u00d6verdosering av v\u00e4rktabletter kan leda till f\u00f6rgiftning hos hund. V\u00e4rktabletter f\u00f6r m\u00e4nniskor ska aldrig ges till hund utom p\u00e5 rekommendation av veterin\u00e4r.<\/p>\n<p><strong>VID ALLA FALL AV MISST\u00c4NKT F\u00d6RGIFTNING \u2013 KONTAKTA VETERIN\u00c4R!<\/strong><\/p>\n<p>K\u00e4lla: <a href=\"http:\/\/www.agria.se\/hund\/artiklar\/sjukdomar-och-skador\/abc-lista-pa-amnen-som-ar-giftiga-for-hund\/\" target=\"_blank\" rel=\"noopener noreferrer\">Agria<\/a><\/p>\n<\/div>\n<\/div>\n<\/div>\n<\/div>\n<\/div>\n<\/div>\n<\/div>\n<\/div>\n<\/div>\n<\/div>\n","protected":false},"excerpt":{"rendered":"<p>18 saker som \u00e4r giftiga f\u00f6r hunden Vanliga livsmedel kan g\u00f6ra hunden sjuk. Det finns en m\u00e4ngd v\u00e4xter som \u00e4r giftiga om hunden f\u00e5r i sig dem, liksom andra saker i naturen. Kemiska medel som bland annat glykol \u00e4r oerh\u00f6rt farligt. \u2022 Kakao. De flesta vet v\u00e4l vid det h\u00e4r laget att kakao \u00e4r giftigt [&hellip;]<\/p>\n","protected":false},"author":78,"featured_media":0,"parent":0,"menu_order":2,"comment_status":"closed","ping_status":"closed","template":"","meta":{"footnotes":""},"class_list":["post-6169","page","type-page","status-publish","hentry"],"_links":{"self":[{"href":"https:\/\/krets.jagareforbundet.se\/folkarna\/wp-json\/wp\/v2\/pages\/6169","targetHints":{"allow":["GET"]}}],"collection":[{"href":"https:\/\/krets.jagareforbundet.se\/folkarna\/wp-json\/wp\/v2\/pages"}],"about":[{"href":"https:\/\/krets.jagareforbundet.se\/folkarna\/wp-json\/wp\/v2\/types\/page"}],"author":[{"embeddable":true,"href":"https:\/\/krets.jagareforbundet.se\/folkarna\/wp-json\/wp\/v2\/users\/78"}],"replies":[{"embeddable":true,"href":"https:\/\/krets.jagareforbundet.se\/folkarna\/wp-json\/wp\/v2\/comments?post=6169"}],"version-history":[{"count":0,"href":"https:\/\/krets.jagareforbundet.se\/folkarna\/wp-json\/wp\/v2\/pages\/6169\/revisions"}],"wp:attachment":[{"href":"https:\/\/krets.jagareforbundet.se\/folkarna\/wp-json\/wp\/v2\/media?parent=6169"}],"curies":[{"name":"wp","href":"https:\/\/api.w.org\/{rel}","templated":true}]}}