{"id":6262,"date":"2017-08-23T13:26:27","date_gmt":"2017-08-23T11:26:27","guid":{"rendered":"https:\/\/krets.jagareforbundet.se\/folkarna\/?page_id=6262"},"modified":"2017-08-23T13:26:27","modified_gmt":"2017-08-23T11:26:27","slug":"fora-in-vapen-i-sverige","status":"publish","type":"page","link":"https:\/\/krets.jagareforbundet.se\/folkarna\/lagar-forordningar\/fora-in-vapen-i-sverige\/","title":{"rendered":"F\u00f6ra in vapen i Sverige"},"content":{"rendered":"<div class=\"equal\" id=\"pageWrap\">\n<div class=\"clearfix\" id=\"pageWrapInner\">\n<div id=\"pageContent\">\n<div class=\"clearfix single-view\" id=\"innerContent\">\n<div class=\"mainCol\">\n<div class=\"newsList\">\n<div class=\"ajax-load-more-wrap blue alm-0\" id=\"ajax-load-more\">\n<div class=\"alm-listing alm-ajax   \">\n<div class=\"alm-reveal alm-previous-post post-48610\">\n<h1 class=\"post-title\">Detta g\u00e4ller f\u00f6r tillf\u00e4llig inf\u00f6rsel av jaktvapen till Sverige<\/h1>\n<p><strong>Jakts\u00e4songen har startat och m\u00e5nga ser fram emot att ta emot jaktg\u00e4ster. Om du som jaktledare ska bjuda in utl\u00e4ndska medborgare till jakt i Sverige kr\u00e4vs tillst\u00e5nd f\u00f6r att de ska f\u00e5 f\u00f6ra in sina vapen i landet.<\/strong><\/p>\n<div class=\"swp-content-locator\"><\/div>\n<div class=\"article\">\n<p>Det har blivit smidigare att s\u00f6ka tillst\u00e5nd men det finns n\u00e5gra saker att t\u00e4nka p\u00e5 f\u00f6r att tillst\u00e5nd ska beviljas och f\u00f6r att undvika f\u00f6rseningar.<\/p>\n<p>&nbsp;<\/p>\n<h2>F\u00f6r medborgare inom Norden<\/h2>\n<p>J\u00e4gare med vapenlicens bosatta i Norge, Finland eller Danmark beh\u00f6ver inte ans\u00f6ka om ett tillf\u00e4lligt inf\u00f6rseltillst\u00e5nd f\u00f6r att jaga i Sverige. Det r\u00e4cker med att g\u00f6ra en <a href=\"http:\/\/tullverket.se\/sv\/privat\/resa\/resamedskjutvapenforjaktellertavling.4.5c3d004415b89fa6ac7adf.html\" target=\"_blank\" rel=\"noopener\">skjutvapendeklaration hos Tullverket<\/a> vid in- och utresa till Sverige. Du m\u00e5ste dock alltid ha med vapenlicens eller europeiskt skjutvapenpass.<\/p>\n<p>&nbsp;<\/p>\n<h2>Medborgare Inom EU<\/h2>\n<p>Om du bjuder in jaktg\u00e4ster fr\u00e5n ett annat EU-land m\u00e5ste du ans\u00f6ka om ett inf\u00f6rseltillst\u00e5nd hos polisen.<\/p>\n<p>Blanketten ska vara fullst\u00e4ndigt ifylld med personnummer f\u00f6r b\u00e5de dig som bjuder in till jakt och g\u00e4sten.<\/p>\n<p>En inskannad kopia av din lagfart eller annat som styrker ditt \u00e4gande och jaktr\u00e4tt samt en kopia av jaktg\u00e4stens europeiska skjutvapenpass ska bifogas.<\/p>\n<p>&nbsp;<\/p>\n<h2>Medborgare ifr\u00e5n USA<\/h2>\n<p>F\u00f6r jaktg\u00e4ster fr\u00e5n ett annat land d\u00e4r man inte utf\u00e4rdar vapentillst\u00e5nd eller vapenlicenser kr\u00e4vs ytterligare tv\u00e5 dokument, i till\u00e4gg till de som kr\u00e4vs f\u00f6r EU-medborgare.<\/p>\n<p>Ett intyg fr\u00e5n landets lokala polis eller motsvarande, d\u00e4r det framg\u00e5r att jaktg\u00e4sten \u00e4r laglydig och kan hantera det vapen som tillst\u00e5ndet g\u00e4ller, samt ett intyg fr\u00e5n dig som jaktv\u00e4rd eller t\u00e4vlingsansvarig om din jaktg\u00e4sts vapenvana och skjutskicklighet.<\/p>\n<p>&nbsp;<\/p>\n<p><a href=\"https:\/\/polisen.se\/Global\/www%20och%20Intrapolis\/Blanketter\/Vapen\/PM-553-10-Ansokan-fora-in-vapen-till-Sverige-170106.pdf\" target=\"_blank\" rel=\"noopener\">Ans\u00f6kningsformul\u00e4ret<\/a> ska fyllas i elektroniskt, det finns risk att polisen inte godk\u00e4nner blanketter ifyllda f\u00f6r hand. Skicka in ans\u00f6kan och betala avgiften i s\u00e5 god tid som m\u00f6jligt, minst 6 veckor f\u00f6re planerad inresa till Sverige.<\/p>\n<p>Samtliga handlingar ska skickas via e-post till:<br \/>\n<a href=\"mailto:weapon-arlanda.stockholm@polisen.se\">weapon-arlanda.stockholm@polisen.se<br \/>\n<\/a>Skriv ditt f\u00f6r- och efternamn i \u00e4rendef\u00e4ltet.<\/p>\n<p>Jaktg\u00e4sten ska deklarera skjutvapen och ammunition i Sverige, ta med tillst\u00e5ndet och visa upp hos Tullverket vid inresan. Gl\u00f6m inte att vapnet m\u00e5ste vara godk\u00e4nt f\u00f6r jakt i Sverige.<\/p>\n<\/div>\n<\/div>\n<\/div>\n<\/div>\n<\/div>\n<\/div>\n<\/div>\n<\/div>\n<\/div>\n<\/div>\n","protected":false},"excerpt":{"rendered":"<p>Detta g\u00e4ller f\u00f6r tillf\u00e4llig inf\u00f6rsel av jaktvapen till Sverige Jakts\u00e4songen har startat och m\u00e5nga ser fram emot att ta emot jaktg\u00e4ster. Om du som jaktledare ska bjuda in utl\u00e4ndska medborgare till jakt i Sverige kr\u00e4vs tillst\u00e5nd f\u00f6r att de ska f\u00e5 f\u00f6ra in sina vapen i landet. Det har blivit smidigare att s\u00f6ka tillst\u00e5nd men [&hellip;]<\/p>\n","protected":false},"author":78,"featured_media":0,"parent":1043,"menu_order":0,"comment_status":"closed","ping_status":"closed","template":"","meta":{"footnotes":""},"class_list":["post-6262","page","type-page","status-publish","hentry"],"_links":{"self":[{"href":"https:\/\/krets.jagareforbundet.se\/folkarna\/wp-json\/wp\/v2\/pages\/6262","targetHints":{"allow":["GET"]}}],"collection":[{"href":"https:\/\/krets.jagareforbundet.se\/folkarna\/wp-json\/wp\/v2\/pages"}],"about":[{"href":"https:\/\/krets.jagareforbundet.se\/folkarna\/wp-json\/wp\/v2\/types\/page"}],"author":[{"embeddable":true,"href":"https:\/\/krets.jagareforbundet.se\/folkarna\/wp-json\/wp\/v2\/users\/78"}],"replies":[{"embeddable":true,"href":"https:\/\/krets.jagareforbundet.se\/folkarna\/wp-json\/wp\/v2\/comments?post=6262"}],"version-history":[{"count":0,"href":"https:\/\/krets.jagareforbundet.se\/folkarna\/wp-json\/wp\/v2\/pages\/6262\/revisions"}],"up":[{"embeddable":true,"href":"https:\/\/krets.jagareforbundet.se\/folkarna\/wp-json\/wp\/v2\/pages\/1043"}],"wp:attachment":[{"href":"https:\/\/krets.jagareforbundet.se\/folkarna\/wp-json\/wp\/v2\/media?parent=6262"}],"curies":[{"name":"wp","href":"https:\/\/api.w.org\/{rel}","templated":true}]}}