{"id":7330,"date":"2020-01-20T22:58:09","date_gmt":"2020-01-20T21:58:09","guid":{"rendered":"https:\/\/krets.jagareforbundet.se\/folkarna\/?page_id=7330"},"modified":"2022-02-18T08:12:39","modified_gmt":"2022-02-18T07:12:39","slug":"lodjursjakt-2020","status":"publish","type":"page","link":"https:\/\/krets.jagareforbundet.se\/folkarna\/lodjur\/lodjursjakt-2020\/","title":{"rendered":"Lodjursjakt"},"content":{"rendered":"<p>Princip f\u00f6r Lojakt.<\/p>\n<p>Lodjursjakt \u00e4r nog helt beroende av sp\u00e5rsn\u00f6.<\/p>\n<p>Principen \u00e4r att de jaktlag som \u00f6nskar delta, eller till\u00e5ter att jakt sker p\u00e5 jaktlagets mark genom sk samarbetesjakt anm\u00e4ler deltagande genom att registrerad jaktledare anm\u00e4ler till Supertext Lo jakt. (Janne Henriksson)<\/p>\n<p>Jaktomr\u00e5det fastst\u00e4lls vid m\u00f6te med jaktlagen i ett omr\u00e5de med rimlig storlek(Ex. Mellan Rv68 och Rv 70 begr\u00e4nsad<\/p>\n<p>i norr mot Hedemora kommun)\u00a0 Jaktlagen sp\u00e5rar av sitt omr. dygnen f\u00f6re jaktstart och p\u00e5 morgonen vid jaktstart och rapporterar<\/p>\n<p>via Supertext jaktlagsgrupp ( Lo Jakt ) till jaktlagets rovdjursjaktledare.<\/p>\n<p>Jaktlagens rovdjursjaktledare \u00e4r i sin tur ansluten till en Supertextgrupp (Lojakt) d\u00e4r endast rovdjursjaktledare \u00e4r anslutna och leds av en\u00a0huvudjaktledare. Huvudjaktledaren meddelar, l\u00e4mpligt objekt, ger rovdjursjaktledarna en samlingsplats, och rovdjursjaktledarna meddelar\u00a0i sin tur sitt jaktlag, normalt \u00e4r inst\u00e4llelsetiden under 1 timma.<\/p>\n<p>Rovdjursjaktledarna har tidigare meddelat huvudjaktledaren vilka som deltar fr\u00e5n sitt jaktlag.<\/p>\n<p>Huvudjaktledare svarar f\u00f6r vilka hundar som skall delta, och till honom anm\u00e4ls hundar som kan anv\u00e4ndas.<\/p>\n<p>Detta \u00e4r principen.<\/p>\n<p>Ytterligare information hittar du under <a href=\"https:\/\/krets.jagareforbundet.se\/folkarna\/rovdjur-fjvk\/lodjursjakt-2020\/\">Rovdjur\/Lodjursjakt 2022<\/a><\/p>\n","protected":false},"excerpt":{"rendered":"<p>Princip f\u00f6r Lojakt. Lodjursjakt \u00e4r nog helt beroende av sp\u00e5rsn\u00f6. Principen \u00e4r att de jaktlag som \u00f6nskar delta, eller till\u00e5ter att jakt sker p\u00e5 jaktlagets mark genom sk samarbetesjakt anm\u00e4ler deltagande genom att registrerad jaktledare anm\u00e4ler till Supertext Lo jakt. (Janne Henriksson) Jaktomr\u00e5det fastst\u00e4lls vid m\u00f6te med jaktlagen i ett omr\u00e5de med rimlig storlek(Ex. Mellan [&hellip;]<\/p>\n","protected":false},"author":78,"featured_media":0,"parent":1176,"menu_order":1,"comment_status":"closed","ping_status":"closed","template":"","meta":{"footnotes":""},"class_list":["post-7330","page","type-page","status-publish","hentry"],"_links":{"self":[{"href":"https:\/\/krets.jagareforbundet.se\/folkarna\/wp-json\/wp\/v2\/pages\/7330","targetHints":{"allow":["GET"]}}],"collection":[{"href":"https:\/\/krets.jagareforbundet.se\/folkarna\/wp-json\/wp\/v2\/pages"}],"about":[{"href":"https:\/\/krets.jagareforbundet.se\/folkarna\/wp-json\/wp\/v2\/types\/page"}],"author":[{"embeddable":true,"href":"https:\/\/krets.jagareforbundet.se\/folkarna\/wp-json\/wp\/v2\/users\/78"}],"replies":[{"embeddable":true,"href":"https:\/\/krets.jagareforbundet.se\/folkarna\/wp-json\/wp\/v2\/comments?post=7330"}],"version-history":[{"count":3,"href":"https:\/\/krets.jagareforbundet.se\/folkarna\/wp-json\/wp\/v2\/pages\/7330\/revisions"}],"predecessor-version":[{"id":7914,"href":"https:\/\/krets.jagareforbundet.se\/folkarna\/wp-json\/wp\/v2\/pages\/7330\/revisions\/7914"}],"up":[{"embeddable":true,"href":"https:\/\/krets.jagareforbundet.se\/folkarna\/wp-json\/wp\/v2\/pages\/1176"}],"wp:attachment":[{"href":"https:\/\/krets.jagareforbundet.se\/folkarna\/wp-json\/wp\/v2\/media?parent=7330"}],"curies":[{"name":"wp","href":"https:\/\/api.w.org\/{rel}","templated":true}]}}