{"id":914,"date":"2013-03-18T00:11:15","date_gmt":"2013-03-17T23:11:15","guid":{"rendered":"https:\/\/krets.jagareforbundet.se\/folkarna\/?page_id=914"},"modified":"2019-10-12T08:51:01","modified_gmt":"2019-10-12T06:51:01","slug":"rovdjurs-observationer","status":"publish","type":"page","link":"https:\/\/krets.jagareforbundet.se\/folkarna\/rovdjurs-observationer\/","title":{"rendered":"Rovdjurs obs"},"content":{"rendered":"<p>Uppdaterad[2018-04-03]<\/p>\n<p>Den allm\u00e4nna varginventeringen startade den 1 Oktober 2019 och p\u00e5g\u00e5r till den sista mars 2020. \u00c4r till f\u00f6r att best\u00e4mma antalet individer.<\/p>\n<p>Kretsens inventering \u00e4r till f\u00f6r att varna allm\u00e4nhet, tamboskap \u00e4gare samt l\u00f6shunds \u00e4gare och p\u00e5g\u00e5r hela \u00e5ret, kretsen ser till att observationer kommer till Skandobs, SMS och i vissa fall \u00e4ven till LST och mail.<\/p>\n<p>Spillning eller sp\u00e5r kontakta Kretsens Rovdjursansvarig <strong>070-5822592<\/strong> eller LST :s f\u00e4ltpersonal 010-2250326. S\u00e5 fort m\u00f6jligt, \u00e4r av yttersta vikt.<\/p>\n<p>F\u00e5r du observationen i andra hand tag\u00a0<strong>alltid<\/strong>\u00a0reda p\u00e5\u00a0<strong>k\u00e4llans tel Nr<\/strong>\u00a0innan du l\u00e4mnar observationen vidare.<\/p>\n<p>H\u00e4r kan\u00a0observationer av rovdjur i \u00a0Avesta med omgivning tas emot, i den nya databasen <strong><a href=\"http:\/\/www.skandobs.se\/\">SKANDOBS<\/a>\u00a0<\/strong>Du kan ocks\u00e5 skicka dina observation till<strong> <a href=\"mailto:ake.f.berglund@bredband.net?subject= Rovdjursrapport\">FJVK samordnare.\u00a0<\/a><\/strong><\/p>\n<p>Det g\u00e4ller arterna Varg, Bj\u00f6rn, J\u00e4rv, Lodjur. Spillning \u00e4r nu ocks\u00e5 intressanta, vidr\u00f6r den inte med h\u00e4nderna, anv\u00e4nd handskar f\u00f6r att l\u00e4gga den \u00e5t sidan p\u00e5 skogsv\u00e4g och ring 070-5822592.<\/p>\n<p>N\u00e4r du ska rapportera en observation i SKANDOBS, m\u00e5ste du d\u00e4r f\u00f6rst registrera dej, sedan fyndplatsen. D\u00e4refter registrerar du vad du har sett. F\u00f6r att starta rapporteringen, klicka p\u00e5 <strong>Rapportera<\/strong>!<\/p>\n<p>Logga in p\u00e5 den nya databasen &gt;&gt; <span style=\"color: #ff0000\"><a href=\"http:\/\/www.skandobs.se\/\"><span style=\"color: #ff0000\"><strong>H\u00e4r<\/strong><\/span><\/a><\/span><\/p>\n<p><a href=\"http:\/\/www.skandobs.se\/\"><img loading=\"lazy\" decoding=\"async\" class=\"size-full wp-image-4038 alignleft\" src=\"https:\/\/krets.jagareforbundet.se\/folkarna\/files\/2013\/03\/Scandobs.gif\" alt=\"Scandobs\" width=\"145\" height=\"86\" \/><\/a><\/p>\n<p>&nbsp;<\/p>\n<p><a href=\"https:\/\/krets.jagareforbundet.se\/folkarna\/files\/2018\/04\/rovdjur-avesta-kommun2018.pdf\" class=\"woo-sc-button  custom\" style=\"background:;border-color:\"><span class=\"woo-\">Inventerare<\/span><\/a> <a href=\"http:\/\/kartor.eniro.se\/m\/nzXDW\" class=\"woo-sc-button  silver\" ><span class=\"woo-\">Koordinater<\/span><\/a>\u00a0<a href=\"https:\/\/krets.jagareforbundet.se\/folkarna\/files\/2013\/10\/naturbevakare-w-lan-2017.jpg\" class=\"woo-sc-button  silver\" ><span class=\"woo-\">LST W-l\u00e4n Naturbevakare<\/span><\/a><\/p>\n<p><div class=\"woo-sc-box  info  rounded full\">Rapportering av Rovdjur i Avesta sker ocks\u00e5 till Rovdjursansvarig i FJVK <\/div> Varf\u00f6r skall alla observationer av Lodjur rapporteras n\u00e4r det \u00e4r det \u00e4r bara familjegrupper som r\u00e4knas? Jo sk\u00e4let \u00e4r att Lodjursfamiljer har en f\u00f6rm\u00e5ga att g\u00e5 i varandras sp\u00e5r, det kr\u00e4vs allts\u00e5 ganska l\u00e5ng sp\u00e5rning f\u00f6r att s\u00e4kerst\u00e4lla att det bara \u00e4r ett djur per sp\u00e5r, och hur m\u00e5nga ungar\u00a0det \u00e4r, d\u00e5 det \u00e4r ungarnas antal som kan s\u00e4rskilja familjegrupperna, n\u00e4r det \u00e4r t\u00e4tt mellan grupperna. Det visar ocks\u00e5 p\u00e5 den totala populationst\u00e4theten vilket \u00e4r avg\u00f6rande f\u00f6r avst\u00e5ndskriterier mm. Numera kan \u00e4ven spillning, f\u00f6rutsatt att det finns fr\u00e5n b\u00e5da grupperna, anv\u00e4ndas f\u00f6r s\u00e4rskiljning.<\/p>\n<p>Har du inte tillg\u00e5ng till GPS kan du klicka p\u00e5 <strong>Koordinater<\/strong> knappen ovan, klicka p\u00e5 GPS knappen\u00a0och drag h\u00e5lkorset till platsen och v\u00e4lj koordinater l\u00e4ngst ner p\u00e5 listan, SWEREF99 TM \u00a0bifoga koordinaterna till rovdjursanm\u00e4lan till samordnare. I SKANDOBS uppdateras koordinater automatiskt via karta i datorn, eller om du \u00e4r p\u00e5 platsen sker det direkt i mobilen, \u00e4r du hemma med mobil app kan observationen hamna\u00a0i ditt vardagsrum!<\/p>\n<p><strong>Alla<\/strong> observationer till FJVK skall \u00e5tf\u00f6ljas av <strong>tel nr<\/strong> till observat\u00f6ren(tel nr\u00a0publiceras ej), p\u00e5 listan, d\u00e4r markeras ocks\u00e5 om observationen skall kvalitetss\u00e4krats av L\u00e4nsstyrelsen. Rapporter utan tel nr till observat\u00f6ren kan ej hanteras i SJF l\u00f6pande rapportering men v\u00e4l i allm\u00e4nhetens rapportering, LST kan ocks\u00e5 rapportera i SKANDOBS men LST i Dalarna klarar ej detta.<\/p>\n<p>N\u00e4r det g\u00e4ller Bj\u00f6rnsp\u00e5r \u00e4r det bredden som \u00e4r viktig d\u00e5 l\u00e4ngden p\u00e5verkas mycket av g\u00e5nghastighet och underlag.<\/p>\n<p>Utter, Havs\u00f6rn, Kungs\u00f6rn rapporteras till JFJVK, \u00f6rnarna b\u00f6rjar i februari och avser h\u00e4ckande par vilket syns vid bobyggnad och i flykt d\u00e4r de \u00a0utf\u00f6r en speciell flyktdans<\/p>\n<p style=\"text-align: center\"><a href=\"https:\/\/krets.jagareforbundet.se\/folkarna\/files\/2013\/03\/affich-2017.jpg\"><img loading=\"lazy\" decoding=\"async\" class=\"aligncenter wp-image-6020\" src=\"https:\/\/krets.jagareforbundet.se\/folkarna\/files\/2013\/03\/affich-2017.jpg\" alt=\"Affich 2017\" width=\"617\" height=\"823\" srcset=\"https:\/\/krets.jagareforbundet.se\/folkarna\/files\/2013\/03\/affich-2017.jpg 360w, https:\/\/krets.jagareforbundet.se\/folkarna\/files\/2013\/03\/affich-2017-225x300.jpg 225w\" sizes=\"auto, (max-width: 617px) 100vw, 617px\" \/><\/a><\/p>\n<p>&nbsp;<\/p>\n<p>&nbsp;<\/p>\n<p>&nbsp;<\/p>\n<p style=\"text-align: center\"><strong>OBS summan som skall skivas i kontaktformul\u00e4r \u00e4r till f\u00f6r att f\u00f6rhindra robot skickning av kontaktsvar.<\/strong><\/p>\n<p style=\"text-align: center\">\n","protected":false},"excerpt":{"rendered":"<p>Uppdaterad[2018-04-03] Den allm\u00e4nna varginventeringen startade den 1 Oktober 2019 och p\u00e5g\u00e5r till den sista mars 2020. \u00c4r till f\u00f6r att best\u00e4mma antalet individer. Kretsens inventering \u00e4r till f\u00f6r att varna allm\u00e4nhet, tamboskap \u00e4gare samt l\u00f6shunds \u00e4gare och p\u00e5g\u00e5r hela \u00e5ret, kretsen ser till att observationer kommer till Skandobs, SMS och i vissa fall \u00e4ven till [&hellip;]<\/p>\n","protected":false},"author":78,"featured_media":0,"parent":0,"menu_order":5,"comment_status":"open","ping_status":"open","template":"template-contact.php","meta":{"footnotes":""},"class_list":["post-914","page","type-page","status-publish","hentry"],"_links":{"self":[{"href":"https:\/\/krets.jagareforbundet.se\/folkarna\/wp-json\/wp\/v2\/pages\/914","targetHints":{"allow":["GET"]}}],"collection":[{"href":"https:\/\/krets.jagareforbundet.se\/folkarna\/wp-json\/wp\/v2\/pages"}],"about":[{"href":"https:\/\/krets.jagareforbundet.se\/folkarna\/wp-json\/wp\/v2\/types\/page"}],"author":[{"embeddable":true,"href":"https:\/\/krets.jagareforbundet.se\/folkarna\/wp-json\/wp\/v2\/users\/78"}],"replies":[{"embeddable":true,"href":"https:\/\/krets.jagareforbundet.se\/folkarna\/wp-json\/wp\/v2\/comments?post=914"}],"version-history":[{"count":2,"href":"https:\/\/krets.jagareforbundet.se\/folkarna\/wp-json\/wp\/v2\/pages\/914\/revisions"}],"predecessor-version":[{"id":7150,"href":"https:\/\/krets.jagareforbundet.se\/folkarna\/wp-json\/wp\/v2\/pages\/914\/revisions\/7150"}],"wp:attachment":[{"href":"https:\/\/krets.jagareforbundet.se\/folkarna\/wp-json\/wp\/v2\/media?parent=914"}],"curies":[{"name":"wp","href":"https:\/\/api.w.org\/{rel}","templated":true}]}}