{"id":172,"date":"2013-04-05T12:37:36","date_gmt":"2013-04-05T10:37:36","guid":{"rendered":"https:\/\/krets.jagareforbundet.se\/gallivare\/?page_id=172"},"modified":"2019-05-17T11:23:37","modified_gmt":"2019-05-17T09:23:37","slug":"eftersoksorganisationer","status":"publish","type":"page","link":"https:\/\/krets.jagareforbundet.se\/gallivare\/eftersoksorganisationer\/","title":{"rendered":"Efters\u00f6ksorganisationer"},"content":{"rendered":"<h2><em>Information ang\u00e5ende viltolyckor:<\/em><\/h2>\n<p><a href=\"http:\/\/www.viltolycka.se\/hem.aspx\">http:\/\/www.viltolycka.se\/hem.aspx<\/a><\/p>\n<p>_______________________________________<\/p>\n<p><em><strong>Hakkas VVO<br \/>\n<\/strong><\/em>Kontaktpersoner:<br \/>\nBo Bergstr\u00f6m 0975-10000<br \/>\nB\u00f6rje Karlsson 0975-10143<\/p>\n<p><strong><em>Kilvo VVO<\/em><br \/>\n<\/strong>Kontaktpersoner:<br \/>\nJimmy Johansson, 070-637 18 76<br \/>\nEmil Eriksson, 070-552 06 16<\/p>\n<p><strong><em>Omr\u00e5de 635 Nietsak SCA<\/em><br \/>\n<\/strong>Kontaktpersoner:<br \/>\nTorgny Johansson-M 0970-13614, 070-347 42 15<br \/>\nLeif Johansson 0970-15194. 070-305 21 71<\/p>\n<p><strong><em>M\u00e4ntyvaara VVO<\/em><br \/>\n<\/strong>Kontaktpersoner:<br \/>\nJimmy N\u00e4ckstam, 070-684 78 81<br \/>\nIngvar Nordstr\u00f6m, 070-393 04 18<\/p>\n<p><em><strong>Nattavaaraby VVO<br \/>\n<\/strong>Kontaktpersoner:<br \/>\nLennart \u00d6lvebo 0970-10022, 070-205 82 04<br \/>\nH\u00e5kan Persson 0970-41079, 070-261 88 35<\/em><\/p>\n<p><strong>Dokkas\/Leipoj\u00e4rvi<br \/>\n<\/strong>Kontaktpersoner:<br \/>\nBarry Ljungfall 0975-23021, 070-225 01 85<\/p>\n<p><strong>P\u00e5lkems VVO<br \/>\n<\/strong>Kontaktpersoner:<br \/>\nSven Eriksson 070-641 15 18<br \/>\nStefan J\u00f6nsson 070-367 41 60<\/p>\n<p><strong>Kuolpa JK<br \/>\n<\/strong>Kontaktpersoner:<br \/>\nRoger Stenstr\u00f6m 070-585 70 32<br \/>\nNiklas \u00d6stman 070-392 33 71<\/p>\n<p><strong>Ripats VVO<br \/>\n<\/strong>Kontaktpersoner:<br \/>\nNiklas \u00d6stman\u00a0070-392 33 71<br \/>\nRoger Stenstr\u00f6m 070-585 70 32<\/p>\n<p><strong>Markitta<\/strong><br \/>\nKontaktperson:<br \/>\nJan-Ove J\u00e4nk\u00e4np\u00e4\u00e4 070-357 1440<\/p>\n<p><strong>Purnuvaara VVO<br \/>\n<\/strong>Kontaktpersoner:<br \/>\nJan-Olof Nilsson, 070-265 45 02<\/p>\n<p><strong>M\u00e5rdsel VVO<br \/>\n<\/strong>Kontaktpersoner:<br \/>\nLennart Bj\u00f6rk, 0925-31055, 070-279 94 55<\/p>\n<p><strong>Ladnivaara<br \/>\n<\/strong>Kontaktpersoner:<br \/>\nSune Knekta, 0970-50110<\/p>\n<p>&nbsp;<\/p>\n","protected":false},"excerpt":{"rendered":"<p>Information ang\u00e5ende viltolyckor: http:\/\/www.viltolycka.se\/hem.aspx _______________________________________ Hakkas VVO Kontaktpersoner: Bo Bergstr\u00f6m 0975-10000 B\u00f6rje Karlsson 0975-10143 Kilvo VVO Kontaktpersoner: Jimmy Johansson, 070-637 18 76 Emil Eriksson, 070-552 06 16 Omr\u00e5de 635 Nietsak SCA Kontaktpersoner: Torgny Johansson-M 0970-13614, 070-347 42 15 Leif Johansson 0970-15194. 070-305 21 71 M\u00e4ntyvaara VVO Kontaktpersoner: Jimmy N\u00e4ckstam, 070-684 78 81 Ingvar Nordstr\u00f6m, 070-393 [&hellip;]<\/p>\n","protected":false},"author":89,"featured_media":0,"parent":0,"menu_order":0,"comment_status":"open","ping_status":"open","template":"","meta":{"footnotes":""},"class_list":["post-172","page","type-page","status-publish","hentry"],"_links":{"self":[{"href":"https:\/\/krets.jagareforbundet.se\/gallivare\/wp-json\/wp\/v2\/pages\/172","targetHints":{"allow":["GET"]}}],"collection":[{"href":"https:\/\/krets.jagareforbundet.se\/gallivare\/wp-json\/wp\/v2\/pages"}],"about":[{"href":"https:\/\/krets.jagareforbundet.se\/gallivare\/wp-json\/wp\/v2\/types\/page"}],"author":[{"embeddable":true,"href":"https:\/\/krets.jagareforbundet.se\/gallivare\/wp-json\/wp\/v2\/users\/89"}],"replies":[{"embeddable":true,"href":"https:\/\/krets.jagareforbundet.se\/gallivare\/wp-json\/wp\/v2\/comments?post=172"}],"version-history":[{"count":1,"href":"https:\/\/krets.jagareforbundet.se\/gallivare\/wp-json\/wp\/v2\/pages\/172\/revisions"}],"predecessor-version":[{"id":1200,"href":"https:\/\/krets.jagareforbundet.se\/gallivare\/wp-json\/wp\/v2\/pages\/172\/revisions\/1200"}],"wp:attachment":[{"href":"https:\/\/krets.jagareforbundet.se\/gallivare\/wp-json\/wp\/v2\/media?parent=172"}],"curies":[{"name":"wp","href":"https:\/\/api.w.org\/{rel}","templated":true}]}}