{"id":196,"date":"2013-04-05T13:00:38","date_gmt":"2013-04-05T11:00:38","guid":{"rendered":"https:\/\/krets.jagareforbundet.se\/gallivare\/?page_id=196"},"modified":"2015-06-02T11:47:49","modified_gmt":"2015-06-02T09:47:49","slug":"medlemmar-anslutna-till-gallivare-jvk","status":"publish","type":"page","link":"https:\/\/krets.jagareforbundet.se\/gallivare\/medlemmar-anslutna-till-gallivare-jvk\/","title":{"rendered":"Medlemmar anslutna till G\u00e4llivare Jvk"},"content":{"rendered":"<p><em>Dokkas Jakt &amp; Fiske<\/em><br \/>\n<em> Hakkas Vvo<br \/>\nHundklubben Dundret<br \/>\nKillinge Jaktklubb<br \/>\nKilvoby Vvo<br \/>\nLeipoj\u00e4rvi Skyttef\u00f6rening<br \/>\nLiikavaara Vvo<br \/>\nMalmberget Kos Jakt &amp; Fiske<br \/>\nMoskoj\u00e4rvi Jaktklubb<br \/>\nM\u00e4ntyvaara Vvo<br \/>\nNattavaaraby Vvo<br \/>\nNilivaara-Markitta JSK<br \/>\nP\u00e5lkems Vvo<br \/>\nR\u00e5netr\u00e4sk Vvo<br \/>\nSatter Vvo<br \/>\nSkr\u00f6ven Vvo<br \/>\nSoutoj\u00e4rvi Vvo<br \/>\nTorrivaara Jaktklubb<br \/>\nUllatti S\u00f6dra Jaktv\u00e5rdsklubb<br \/>\nUllatti Vvo<br \/>\nYrtivaara Vvo<br \/>\n\u00c4ij\u00e4vaara Vvo<br \/>\n<\/em><\/p>\n","protected":false},"excerpt":{"rendered":"<p>Dokkas Jakt &amp; Fiske Hakkas Vvo Hundklubben Dundret Killinge Jaktklubb Kilvoby Vvo Leipoj\u00e4rvi Skyttef\u00f6rening Liikavaara Vvo Malmberget Kos Jakt &amp; Fiske Moskoj\u00e4rvi Jaktklubb M\u00e4ntyvaara Vvo Nattavaaraby Vvo Nilivaara-Markitta JSK P\u00e5lkems Vvo R\u00e5netr\u00e4sk Vvo Satter Vvo Skr\u00f6ven Vvo Soutoj\u00e4rvi Vvo Torrivaara Jaktklubb Ullatti S\u00f6dra Jaktv\u00e5rdsklubb Ullatti Vvo Yrtivaara Vvo \u00c4ij\u00e4vaara Vvo<\/p>\n","protected":false},"author":89,"featured_media":0,"parent":0,"menu_order":0,"comment_status":"open","ping_status":"open","template":"","meta":{"footnotes":""},"class_list":["post-196","page","type-page","status-publish","hentry"],"_links":{"self":[{"href":"https:\/\/krets.jagareforbundet.se\/gallivare\/wp-json\/wp\/v2\/pages\/196","targetHints":{"allow":["GET"]}}],"collection":[{"href":"https:\/\/krets.jagareforbundet.se\/gallivare\/wp-json\/wp\/v2\/pages"}],"about":[{"href":"https:\/\/krets.jagareforbundet.se\/gallivare\/wp-json\/wp\/v2\/types\/page"}],"author":[{"embeddable":true,"href":"https:\/\/krets.jagareforbundet.se\/gallivare\/wp-json\/wp\/v2\/users\/89"}],"replies":[{"embeddable":true,"href":"https:\/\/krets.jagareforbundet.se\/gallivare\/wp-json\/wp\/v2\/comments?post=196"}],"version-history":[{"count":0,"href":"https:\/\/krets.jagareforbundet.se\/gallivare\/wp-json\/wp\/v2\/pages\/196\/revisions"}],"wp:attachment":[{"href":"https:\/\/krets.jagareforbundet.se\/gallivare\/wp-json\/wp\/v2\/media?parent=196"}],"curies":[{"name":"wp","href":"https:\/\/api.w.org\/{rel}","templated":true}]}}