{"id":199,"date":"2013-04-05T13:02:13","date_gmt":"2013-04-05T11:02:13","guid":{"rendered":"https:\/\/krets.jagareforbundet.se\/gallivare\/?page_id=199"},"modified":"2018-08-22T16:53:00","modified_gmt":"2018-08-22T14:53:00","slug":"kavahedens-skytteanlaggning","status":"publish","type":"page","link":"https:\/\/krets.jagareforbundet.se\/gallivare\/kavahedens-skytteanlaggning\/","title":{"rendered":"Kavahedens skytteanl\u00e4ggning"},"content":{"rendered":"<h3><a style=\"font-size: 13px\" href=\"https:\/\/krets.jagareforbundet.se\/gallivare\/files\/2013\/04\/MKJF-2x90-\u00e4lgbana1.pdf\">MKJ&amp;F 2&#215;90 \u00e4lgbana<\/a><\/h3>\n<p><img loading=\"lazy\" decoding=\"async\" class=\"size-medium wp-image-638 alignleft\" title=\"skytte\" src=\"https:\/\/krets.jagareforbundet.se\/gallivare\/files\/2013\/04\/skytte-300x285.jpg\" alt=\"\" width=\"300\" height=\"285\" srcset=\"https:\/\/krets.jagareforbundet.se\/gallivare\/files\/2013\/04\/skytte-300x285.jpg 300w, https:\/\/krets.jagareforbundet.se\/gallivare\/files\/2013\/04\/skytte.jpg 470w\" sizes=\"auto, (max-width: 300px) 100vw, 300px\" \/><\/p>\n<p>&nbsp;<\/p>\n<p>&nbsp;<\/p>\n<p>&nbsp;<\/p>\n<p>&nbsp;<\/p>\n<p>&nbsp;<\/p>\n<p>&nbsp;<\/p>\n<p>&nbsp;<\/p>\n<p>&nbsp;<\/p>\n<p><strong>Inskjutning 80 m &amp; 100 m.<\/strong><\/p>\n<p>Bokning av\u00a0<strong>enbart\u00a0<\/strong>inskjutningsbana : 80 m &amp; 100 m<br \/>\nBokning och nycklar finns hos: Godis huset Koskullskulle 0970-30788.<br \/>\nPris: MKJ&amp;F Bankort 60kr\/\u00e5rsavgifter +20 kr\/g\u00e5ng .Max 2 timmars pass\/bokning.<\/p>\n<p><strong>Kontaktperson och telefonnummer:<\/strong><br \/>\nMalmbergets och Koskullskulles jakt-och fiskev\u00e5rdsf\u00f6rening.<br \/>\nF\u00f6reningens mail:\u00a0<a href=\"mailto:mkjf@hotmail.com\">mkjf@hotmail.com<br \/>\n<\/a>Provledare f\u00f6r J\u00e4garexamen:\u00a0Kent Nilsson\u00a0<a href=\"mailto:Kent.r.nilsson@lkab.com\">Kent.r.nilsson@lkab.com<\/a><\/p>\n<p><strong>Hagelbanorna<\/strong><br \/>\nMicke 070-567 35 91<br \/>\nHenrik 070-391 56 37<\/p>\n<p><strong>Tjejskytte<br \/>\n<\/strong>Lena Lassi 070-642 08 74<br \/>\nGabbi 070-690 58 88<\/p>\n<p><strong>\u00a0<\/strong><\/p>\n<p>&nbsp;<\/p>\n<p>&nbsp;<\/p>\n","protected":false},"excerpt":{"rendered":"<p>MKJ&amp;F 2&#215;90 \u00e4lgbana &nbsp; &nbsp; &nbsp; &nbsp; &nbsp; &nbsp; &nbsp; &nbsp; Inskjutning 80 m &amp; 100 m. Bokning av\u00a0enbart\u00a0inskjutningsbana : 80 m &amp; 100 m Bokning och nycklar finns hos: Godis huset Koskullskulle 0970-30788. Pris: MKJ&amp;F Bankort 60kr\/\u00e5rsavgifter +20 kr\/g\u00e5ng .Max 2 timmars pass\/bokning. Kontaktperson och telefonnummer: Malmbergets och Koskullskulles jakt-och fiskev\u00e5rdsf\u00f6rening. F\u00f6reningens mail:\u00a0mkjf@hotmail.com Provledare [&hellip;]<\/p>\n","protected":false},"author":89,"featured_media":0,"parent":0,"menu_order":0,"comment_status":"open","ping_status":"open","template":"","meta":{"footnotes":""},"class_list":["post-199","page","type-page","status-publish","hentry"],"_links":{"self":[{"href":"https:\/\/krets.jagareforbundet.se\/gallivare\/wp-json\/wp\/v2\/pages\/199","targetHints":{"allow":["GET"]}}],"collection":[{"href":"https:\/\/krets.jagareforbundet.se\/gallivare\/wp-json\/wp\/v2\/pages"}],"about":[{"href":"https:\/\/krets.jagareforbundet.se\/gallivare\/wp-json\/wp\/v2\/types\/page"}],"author":[{"embeddable":true,"href":"https:\/\/krets.jagareforbundet.se\/gallivare\/wp-json\/wp\/v2\/users\/89"}],"replies":[{"embeddable":true,"href":"https:\/\/krets.jagareforbundet.se\/gallivare\/wp-json\/wp\/v2\/comments?post=199"}],"version-history":[{"count":1,"href":"https:\/\/krets.jagareforbundet.se\/gallivare\/wp-json\/wp\/v2\/pages\/199\/revisions"}],"predecessor-version":[{"id":1162,"href":"https:\/\/krets.jagareforbundet.se\/gallivare\/wp-json\/wp\/v2\/pages\/199\/revisions\/1162"}],"wp:attachment":[{"href":"https:\/\/krets.jagareforbundet.se\/gallivare\/wp-json\/wp\/v2\/media?parent=199"}],"curies":[{"name":"wp","href":"https:\/\/api.w.org\/{rel}","templated":true}]}}