{"id":272,"date":"2013-04-10T10:34:45","date_gmt":"2013-04-10T08:34:45","guid":{"rendered":"https:\/\/krets.jagareforbundet.se\/gallivare\/?page_id=272"},"modified":"2020-08-19T13:24:57","modified_gmt":"2020-08-19T11:24:57","slug":"forsaljning-av-jakt-fiskekort","status":"publish","type":"page","link":"https:\/\/krets.jagareforbundet.se\/gallivare\/forsaljning-av-jakt-fiskekort\/","title":{"rendered":"F\u00f6rs\u00e4ljning av jakt &amp; fiskekort"},"content":{"rendered":"<p style=\"text-align: center\">\n<strong>Sm\u00e5viltsjakt p\u00e5 statens mark ovan odlingsgr\u00e4nsen, L\u00e4nsstyrelsen<br \/>\nwww.natureit.se<\/strong><\/p>\n<p style=\"text-align: center\"><strong><em>\u00c5terf\u00f6rs\u00e4ljare av fiskekort p\u00e5 statens vatten ovan odlingsgr\u00e4nsen G\u00e4llivare Kommun<\/em><\/strong><br \/>\n\u00c1vki\/G\u00e4llivare turistcenter G\u00e4llivare 0970-102 20<br \/>\nEriksson Center Team Sportia G\u00e4llivare 0970-669 66<br \/>\nFiskekort p\u00e5 internet: www.natureit.se<br \/>\nFiskekortspriser:<br \/>\n1 dygn 70:- \u2022 3 dygn 125:- \u2022 7 dygn 220:- \u2022 \u00c5rskort 440:- + 125:- per familjemedlem \u00f6ver 16 \u00e5r<\/p>\n<p>&nbsp;<\/p>\n<p style=\"text-align: center\"><em><strong>Jakt- &amp; fiskekort, Malmberget-Koskullskulle Jakt- &amp; Fiskev\u00e5rdsomr\u00e5de<br \/>\n<\/strong><\/em><a href=\"http:\/\/www.mkjf.se\/\">http:\/\/www.mkjf.se\/<\/a><\/p>\n<p style=\"text-align: center\">_______________________________________________________<br \/>\n<em><strong>\u00d6vriga Jaktkortf\u00f6rs\u00e4ljare:<\/strong><\/em><\/p>\n<p style=\"text-align: center\"><strong><em>G\u00e4llivare Allm\u00e4ningsskog<br \/>\n<\/em><\/strong>0970-14055<br \/>\nhttp:\/\/www.allm.se\/jakt-och-fiske\/<\/p>\n<p style=\"text-align: center\"><strong><em>Pajala Allm\u00e4ningsskog<br \/>\n<\/em><\/strong>0978-71030<br \/>\nhttp:\/\/www.pajala-allmanning.se\/jakt-fiske\/<\/p>\n<div>\n<p style=\"text-align: center\"><em><strong>Malmberget Kos Jakt Fiske<\/strong><br \/>\n<\/em>0970-22913<br \/>\nNils-Erik Wahlund<br \/>\n0970-15374 070-212 26 82<br \/>\n<a href=\"http:\/\/www.mkjf.se\/\">http:\/\/www.mkjf.se\/<\/a><\/p>\n<p style=\"text-align: center\"><strong><em>Nattavaara JVO<\/em><\/strong><br \/>\nPer-Erik J\u00f6nsson<br \/>\n0970-78180 0970-12127<\/p>\n<p style=\"text-align: center\">Hans \u00d6lvebo<br \/>\n070-290 35 73<\/p>\n<p style=\"text-align: center\">H\u00e5kan Persson<br \/>\n0970-41079<\/p>\n<p style=\"text-align: center\"><em><strong>Ripats<\/strong><br \/>\n<\/em>Niklas \u00d6stman, Drivhusv\u00e4gen, G\u00e4llivare<br \/>\n0970-17663 070-392 33 71<\/p>\n<p style=\"text-align: center\">Gullan Lycksell, Tidnokentt\u00e4<br \/>\n0970-35020 076-823 50 20<\/p>\n<p style=\"text-align: center\">Irma Eriksson, Tidnokentt\u00e4<br \/>\n0970-10468 0970-35001<\/p>\n<p style=\"text-align: center\"><em><strong>G\u00e4llivare Jaktv\u00e5rdsf\u00f6rening<\/strong><\/em><br \/>\n<a href=\"http:\/\/www.jaktforjagan.de\/marker.htm\">http:\/\/www.jaktforjagan.de\/marker.htm<\/a><\/p>\n<\/div>\n<div><\/div>\n<div id=\"comments\"><\/div>\n","protected":false},"excerpt":{"rendered":"<p>Sm\u00e5viltsjakt p\u00e5 statens mark ovan odlingsgr\u00e4nsen, L\u00e4nsstyrelsen www.natureit.se \u00c5terf\u00f6rs\u00e4ljare av fiskekort p\u00e5 statens vatten ovan odlingsgr\u00e4nsen G\u00e4llivare Kommun \u00c1vki\/G\u00e4llivare turistcenter G\u00e4llivare 0970-102 20 Eriksson Center Team Sportia G\u00e4llivare 0970-669 66 Fiskekort p\u00e5 internet: www.natureit.se Fiskekortspriser: 1 dygn 70:- \u2022 3 dygn 125:- \u2022 7 dygn 220:- \u2022 \u00c5rskort 440:- + 125:- per familjemedlem \u00f6ver 16 [&hellip;]<\/p>\n","protected":false},"author":89,"featured_media":0,"parent":0,"menu_order":0,"comment_status":"open","ping_status":"open","template":"","meta":{"footnotes":""},"class_list":["post-272","page","type-page","status-publish","hentry"],"_links":{"self":[{"href":"https:\/\/krets.jagareforbundet.se\/gallivare\/wp-json\/wp\/v2\/pages\/272","targetHints":{"allow":["GET"]}}],"collection":[{"href":"https:\/\/krets.jagareforbundet.se\/gallivare\/wp-json\/wp\/v2\/pages"}],"about":[{"href":"https:\/\/krets.jagareforbundet.se\/gallivare\/wp-json\/wp\/v2\/types\/page"}],"author":[{"embeddable":true,"href":"https:\/\/krets.jagareforbundet.se\/gallivare\/wp-json\/wp\/v2\/users\/89"}],"replies":[{"embeddable":true,"href":"https:\/\/krets.jagareforbundet.se\/gallivare\/wp-json\/wp\/v2\/comments?post=272"}],"version-history":[{"count":2,"href":"https:\/\/krets.jagareforbundet.se\/gallivare\/wp-json\/wp\/v2\/pages\/272\/revisions"}],"predecessor-version":[{"id":1308,"href":"https:\/\/krets.jagareforbundet.se\/gallivare\/wp-json\/wp\/v2\/pages\/272\/revisions\/1308"}],"wp:attachment":[{"href":"https:\/\/krets.jagareforbundet.se\/gallivare\/wp-json\/wp\/v2\/media?parent=272"}],"curies":[{"name":"wp","href":"https:\/\/api.w.org\/{rel}","templated":true}]}}