{"id":283,"date":"2013-04-10T12:04:02","date_gmt":"2013-04-10T10:04:02","guid":{"rendered":"https:\/\/krets.jagareforbundet.se\/gallivare\/?page_id=283"},"modified":"2020-08-19T13:16:51","modified_gmt":"2020-08-19T11:16:51","slug":"styrelsen-20013","status":"publish","type":"page","link":"https:\/\/krets.jagareforbundet.se\/gallivare\/styrelsen-20013\/","title":{"rendered":"Kontakt personer"},"content":{"rendered":"<p>&nbsp;<\/p>\n<p><b><\/b><strong>Ordf\u00f6rande<\/strong><br \/>\n&#8212;<br \/>\n<strong>Vice. ordf\u00f6rande<br \/>\n<\/strong>Anna-Chatrina \u00d6stlund, 070-333 73 15<br \/>\n<strong>Kass\u00f6r<br \/>\n<\/strong>Thomas Engstr\u00f6m, 070-319 64 38<br \/>\n<strong>Sekreterare<br \/>\n<\/strong>Titti Bergman, 070-375 39 83<strong><br \/>\n<\/strong><\/p>\n<p><strong>Ledamot\/Rovdjursansvarig &amp; F\u00e4llf\u00e5ngst<br \/>\n<\/strong>Jan Hedman, 070-<br \/>\n<strong>Ledamot\/Utbildningsansvarig<\/strong><br \/>\nAnna-Chatrina \u00d6stlund, 070-333 73 15<br \/>\n<strong>Ledamot\/Skyttesimulatorn<br \/>\n<\/strong>Christine Johansson 070-<strong><br \/>\n<\/strong><strong>Ledamot\/Ungdomsansvarig<br \/>\n<\/strong>Anna-Chatrina \u00d6stlund, 070-333 73 15<strong><br \/>\nLedamot\/ JAQT<\/strong><br \/>\nLena Lassi 070-642 08 74, Christine Johansson 070- , Lisette Singstr\u00f6m 070-<br \/>\n<strong>Ledamot\/\u00c4lgansvarig<br \/>\n<\/strong>Annelie Johansson. 072-201 44 60<br \/>\n<strong>Lotteri<\/strong><br \/>\nTage Nilsson 070-<br \/>\n<strong>\u00c4lg &amp; Efters\u00f6ksansvarig<\/strong><br \/>\nLennart \u00d6lvebo, 070-205 82 04<\/p>\n","protected":false},"excerpt":{"rendered":"<p>&nbsp; Ordf\u00f6rande &#8212; Vice. ordf\u00f6rande Anna-Chatrina \u00d6stlund, 070-333 73 15 Kass\u00f6r Thomas Engstr\u00f6m, 070-319 64 38 Sekreterare Titti Bergman, 070-375 39 83 Ledamot\/Rovdjursansvarig &amp; F\u00e4llf\u00e5ngst Jan Hedman, 070- Ledamot\/Utbildningsansvarig Anna-Chatrina \u00d6stlund, 070-333 73 15 Ledamot\/Skyttesimulatorn Christine Johansson 070- Ledamot\/Ungdomsansvarig Anna-Chatrina \u00d6stlund, 070-333 73 15 Ledamot\/ JAQT Lena Lassi 070-642 08 74, Christine Johansson 070- , [&hellip;]<\/p>\n","protected":false},"author":89,"featured_media":0,"parent":0,"menu_order":0,"comment_status":"open","ping_status":"open","template":"","meta":{"footnotes":""},"class_list":["post-283","page","type-page","status-publish","hentry"],"_links":{"self":[{"href":"https:\/\/krets.jagareforbundet.se\/gallivare\/wp-json\/wp\/v2\/pages\/283","targetHints":{"allow":["GET"]}}],"collection":[{"href":"https:\/\/krets.jagareforbundet.se\/gallivare\/wp-json\/wp\/v2\/pages"}],"about":[{"href":"https:\/\/krets.jagareforbundet.se\/gallivare\/wp-json\/wp\/v2\/types\/page"}],"author":[{"embeddable":true,"href":"https:\/\/krets.jagareforbundet.se\/gallivare\/wp-json\/wp\/v2\/users\/89"}],"replies":[{"embeddable":true,"href":"https:\/\/krets.jagareforbundet.se\/gallivare\/wp-json\/wp\/v2\/comments?post=283"}],"version-history":[{"count":3,"href":"https:\/\/krets.jagareforbundet.se\/gallivare\/wp-json\/wp\/v2\/pages\/283\/revisions"}],"predecessor-version":[{"id":1306,"href":"https:\/\/krets.jagareforbundet.se\/gallivare\/wp-json\/wp\/v2\/pages\/283\/revisions\/1306"}],"wp:attachment":[{"href":"https:\/\/krets.jagareforbundet.se\/gallivare\/wp-json\/wp\/v2\/media?parent=283"}],"curies":[{"name":"wp","href":"https:\/\/api.w.org\/{rel}","templated":true}]}}